{"id":34810,"date":"2022-11-28T17:10:09","date_gmt":"2022-11-28T16:10:09","guid":{"rendered":"https:\/\/estrellagalicia.com\/br\/?page_id=34810"},"modified":"2025-12-10T09:30:27","modified_gmt":"2025-12-10T08:30:27","slug":"politica-de-privacidade","status":"publish","type":"page","link":"https:\/\/estrellagalicia.com\/br\/politica-de-privacidade\/","title":{"rendered":"Pol\u00edtica de privacidade"},"content":{"rendered":"\n<p>&nbsp;<\/p>\n\n\n\n<h3 class=\"wp-block-heading\">Quem \u00e9 o Respons\u00e1vel pelo tratamento de seus dados?<\/h3>\n\n\n\n<p>O Respons\u00e1vel pelo Tratamento corresponde ao do titular do website, cujos dados identificativos completos s\u00e3o:<\/p>\n\n\n\n<ul class=\"wp-block-list\">\n<li>Designa\u00e7\u00e3o comercial: ESTRELLA DE GALICIA IMPORTA\u00c7\u00c3O E COMERCIALIZA\u00c7\u00c3O DE BEBIDAS E ALIMENTOS LTDA<\/li>\n\n\n\n<li>CNPJ: 13.492.669\/0001-90<\/li>\n\n\n\n<li>Dados de contato: Rua Teodoro Sampaio, n. 399, conjuntos 71 a 77, Bairro Pinheiros, S\u00e3o Paulo (SP) CEP 05405-000<\/li>\n<\/ul>\n\n\n\n<h3 class=\"wp-block-heading\">Qual a finalidade com que iremos tratar seus dados pessoais?<\/h3>\n\n\n\n<p>Processaremos seus dados pessoais para responder \u00e0s d\u00favidas que possam surgir em rela\u00e7\u00e3o aos nossos produtos ou servi\u00e7os, atrav\u00e9s do e-mail ou n\u00famero de telefone que nos fornecer.<\/p>\n\n\n\n<h3 class=\"wp-block-heading\">Durante quanto tempo \u00e9 que conservaremos seus dados?<\/h3>\n\n\n\n<p>Os dados enviados na sequ\u00eancia de um pedido de informa\u00e7\u00e3o ser\u00e3o conservados enquanto for necess\u00e1rio para responder \u00e0 sua consulta.<\/p>\n\n\n\n<h3 class=\"wp-block-heading\">Qual a legitima\u00e7\u00e3o para o tratamento de seus dados?<\/h3>\n\n\n\n<p>Se voc\u00ea nos enviar uma consulta, a base legal para o processamento \u00e9 o seu consentimento.<\/p>\n\n\n\n<h3 class=\"wp-block-heading\">A que destinat\u00e1rios seus dados ser\u00e3o comunicados?<\/h3>\n\n\n\n<p>Seus dados n\u00e3o ser\u00e3o comunicados a terceiros, exceto em casos legalmente exigidos, como For\u00e7as e Corpos de Seguran\u00e7a do Estado ou Ju\u00edzes e Tribunais, se necess\u00e1rio.<\/p>\n\n\n\n<h3 class=\"wp-block-heading\">Quais s\u00e3o seus direitos ao nos facilitar seus dados?<\/h3>\n\n\n\n<p>Tem direito a retirar o seu consentimento ao tratamento de dados, obter informa\u00e7\u00e3o adicional, obter informa\u00e7\u00f5es adicionais, aceder aos seus dados, retificar os seus dados inexatos ou solicitar a limita\u00e7\u00e3o do tratamento dos seus dados ou a sua elimina\u00e7\u00e3o.<\/p>\n\n\n\n<p>Para isso, voc\u00ea pode entrar em contato com os nossos Delegados de Prote\u00e7\u00e3o de Dados (Lucila Pedroso Cordeiro e Joana D\u2019Arc Catia de Aguiar) i) Atrav\u00e9s de correio eletr\u00f3nico no endere\u00e7o contato@estrellagalicia.com.br; ou (ii) Por meio de carta \u00e0 Cidade de S\u00e3o Paulo, Estado de S\u00e3o Paulo, Rua Teodoro Sampaio, n. 399, conjuntos 71 a 77, Bairro Pinheiros, S\u00e3o Paulo (SP) CEP 05405-000.<\/p>\n\n\n\n<p>&nbsp;<\/p>\n","protected":false},"excerpt":{"rendered":"<p>&nbsp; Quem \u00e9 o Respons\u00e1vel pelo tratamento de seus dados? O Respons\u00e1vel pelo Tratamento corresponde ao do titular do website, cujos dados identificativos completos s\u00e3o: Qual a finalidade com que iremos tratar seus dados pessoais? Processaremos seus dados pessoais para responder \u00e0s d\u00favidas que possam surgir em rela\u00e7\u00e3o aos nossos produtos ou servi\u00e7os, atrav\u00e9s do [&hellip;]<\/p>\n","protected":false},"author":11,"featured_media":0,"parent":0,"menu_order":0,"comment_status":"closed","ping_status":"closed","template":"","meta":{"_acf_changed":false,"footnotes":""},"class_list":["post-34810","page","type-page","status-publish","hentry"],"acf":[],"yoast_head":"<!-- This site is optimized with the Yoast SEO plugin v26.1.1 - https:\/\/yoast.com\/wordpress\/plugins\/seo\/ -->\n<title>Pol\u00edtica de privacidade - Estrella Galicia Brasil<\/title>\n<meta name=\"robots\" content=\"index, follow, max-snippet:-1, max-image-preview:large, max-video-preview:-1\" \/>\n<link rel=\"canonical\" href=\"https:\/\/estrellagalicia.com\/br\/politica-de-privacidade\/\" \/>\n<meta property=\"og:locale\" content=\"pt_BR\" \/>\n<meta property=\"og:type\" content=\"article\" \/>\n<meta property=\"og:title\" content=\"Pol\u00edtica de privacidade - Estrella Galicia Brasil\" \/>\n<meta property=\"og:description\" content=\"&nbsp; Quem \u00e9 o Respons\u00e1vel pelo tratamento de seus dados? O Respons\u00e1vel pelo Tratamento corresponde ao do titular do website, cujos dados identificativos completos s\u00e3o: Qual a finalidade com que iremos tratar seus dados pessoais? Processaremos seus dados pessoais para responder \u00e0s d\u00favidas que possam surgir em rela\u00e7\u00e3o aos nossos produtos ou servi\u00e7os, atrav\u00e9s do [&hellip;]\" \/>\n<meta property=\"og:url\" content=\"https:\/\/estrellagalicia.com\/br\/politica-de-privacidade\/\" \/>\n<meta property=\"og:site_name\" content=\"Estrella Galicia Brasil\" \/>\n<meta property=\"article:publisher\" content=\"https:\/\/www.facebook.com\/estrellagaliciabr\/\" \/>\n<meta property=\"article:modified_time\" content=\"2025-12-10T08:30:27+00:00\" \/>\n<meta name=\"twitter:label1\" content=\"Est. tempo de leitura\" \/>\n\t<meta name=\"twitter:data1\" content=\"2 minutos\" \/>\n<script type=\"application\/ld+json\" class=\"yoast-schema-graph\">{\"@context\":\"https:\/\/schema.org\",\"@graph\":[{\"@type\":\"WebPage\",\"@id\":\"https:\/\/estrellagalicia.com\/br\/politica-de-privacidade\/\",\"url\":\"https:\/\/estrellagalicia.com\/br\/politica-de-privacidade\/\",\"name\":\"Pol\u00edtica de privacidade - Estrella Galicia Brasil\",\"isPartOf\":{\"@id\":\"https:\/\/estrellagalicia.com\/br\/#website\"},\"datePublished\":\"2022-11-28T16:10:09+00:00\",\"dateModified\":\"2025-12-10T08:30:27+00:00\",\"breadcrumb\":{\"@id\":\"https:\/\/estrellagalicia.com\/br\/politica-de-privacidade\/#breadcrumb\"},\"inLanguage\":\"pt-BR\",\"potentialAction\":[{\"@type\":\"ReadAction\",\"target\":[\"https:\/\/estrellagalicia.com\/br\/politica-de-privacidade\/\"]}]},{\"@type\":\"BreadcrumbList\",\"@id\":\"https:\/\/estrellagalicia.com\/br\/politica-de-privacidade\/#breadcrumb\",\"itemListElement\":[{\"@type\":\"ListItem\",\"position\":1,\"name\":\"In\u00edcio\",\"item\":\"https:\/\/estrellagalicia.com\/br\/\"},{\"@type\":\"ListItem\",\"position\":2,\"name\":\"Pol\u00edtica de privacidade\"}]},{\"@type\":\"WebSite\",\"@id\":\"https:\/\/estrellagalicia.com\/br\/#website\",\"url\":\"https:\/\/estrellagalicia.com\/br\/\",\"name\":\"Estrella Galicia Brasil\",\"description\":\"Estrella Galicia Brasil - Cerveja importada\",\"publisher\":{\"@id\":\"https:\/\/estrellagalicia.com\/br\/#organization\"},\"potentialAction\":[{\"@type\":\"SearchAction\",\"target\":{\"@type\":\"EntryPoint\",\"urlTemplate\":\"https:\/\/estrellagalicia.com\/br\/?s={search_term_string}\"},\"query-input\":{\"@type\":\"PropertyValueSpecification\",\"valueRequired\":true,\"valueName\":\"search_term_string\"}}],\"inLanguage\":\"pt-BR\"},{\"@type\":\"Organization\",\"@id\":\"https:\/\/estrellagalicia.com\/br\/#organization\",\"name\":\"Estrella Galicia Brasil\",\"url\":\"https:\/\/estrellagalicia.com\/br\/\",\"logo\":{\"@type\":\"ImageObject\",\"inLanguage\":\"pt-BR\",\"@id\":\"https:\/\/estrellagalicia.com\/br\/#\/schema\/logo\/image\/\",\"url\":\"https:\/\/estrellagalicia.com\/br\/wp-content\/uploads\/2025\/09\/logo_eg_18.png\",\"contentUrl\":\"https:\/\/estrellagalicia.com\/br\/wp-content\/uploads\/2025\/09\/logo_eg_18.png\",\"width\":380,\"height\":294,\"caption\":\"Estrella Galicia Brasil\"},\"image\":{\"@id\":\"https:\/\/estrellagalicia.com\/br\/#\/schema\/logo\/image\/\"},\"sameAs\":[\"https:\/\/www.facebook.com\/estrellagaliciabr\/\",\"https:\/\/www.instagram.com\/estrellagaliciabr\/\",\"https:\/\/www.youtube.com\/@EstrellaGaliciaBr\/\"]}]}<\/script>\n<!-- \/ Yoast SEO plugin. -->","yoast_head_json":{"title":"Pol\u00edtica de privacidade - Estrella Galicia Brasil","robots":{"index":"index","follow":"follow","max-snippet":"max-snippet:-1","max-image-preview":"max-image-preview:large","max-video-preview":"max-video-preview:-1"},"canonical":"https:\/\/estrellagalicia.com\/br\/politica-de-privacidade\/","og_locale":"pt_BR","og_type":"article","og_title":"Pol\u00edtica de privacidade - Estrella Galicia Brasil","og_description":"&nbsp; Quem \u00e9 o Respons\u00e1vel pelo tratamento de seus dados? O Respons\u00e1vel pelo Tratamento corresponde ao do titular do website, cujos dados identificativos completos s\u00e3o: Qual a finalidade com que iremos tratar seus dados pessoais? Processaremos seus dados pessoais para responder \u00e0s d\u00favidas que possam surgir em rela\u00e7\u00e3o aos nossos produtos ou servi\u00e7os, atrav\u00e9s do [&hellip;]","og_url":"https:\/\/estrellagalicia.com\/br\/politica-de-privacidade\/","og_site_name":"Estrella Galicia Brasil","article_publisher":"https:\/\/www.facebook.com\/estrellagaliciabr\/","article_modified_time":"2025-12-10T08:30:27+00:00","twitter_misc":{"Est. tempo de leitura":"2 minutos"},"schema":{"@context":"https:\/\/schema.org","@graph":[{"@type":"WebPage","@id":"https:\/\/estrellagalicia.com\/br\/politica-de-privacidade\/","url":"https:\/\/estrellagalicia.com\/br\/politica-de-privacidade\/","name":"Pol\u00edtica de privacidade - Estrella Galicia Brasil","isPartOf":{"@id":"https:\/\/estrellagalicia.com\/br\/#website"},"datePublished":"2022-11-28T16:10:09+00:00","dateModified":"2025-12-10T08:30:27+00:00","breadcrumb":{"@id":"https:\/\/estrellagalicia.com\/br\/politica-de-privacidade\/#breadcrumb"},"inLanguage":"pt-BR","potentialAction":[{"@type":"ReadAction","target":["https:\/\/estrellagalicia.com\/br\/politica-de-privacidade\/"]}]},{"@type":"BreadcrumbList","@id":"https:\/\/estrellagalicia.com\/br\/politica-de-privacidade\/#breadcrumb","itemListElement":[{"@type":"ListItem","position":1,"name":"In\u00edcio","item":"https:\/\/estrellagalicia.com\/br\/"},{"@type":"ListItem","position":2,"name":"Pol\u00edtica de privacidade"}]},{"@type":"WebSite","@id":"https:\/\/estrellagalicia.com\/br\/#website","url":"https:\/\/estrellagalicia.com\/br\/","name":"Estrella Galicia Brasil","description":"Estrella Galicia Brasil - Cerveja importada","publisher":{"@id":"https:\/\/estrellagalicia.com\/br\/#organization"},"potentialAction":[{"@type":"SearchAction","target":{"@type":"EntryPoint","urlTemplate":"https:\/\/estrellagalicia.com\/br\/?s={search_term_string}"},"query-input":{"@type":"PropertyValueSpecification","valueRequired":true,"valueName":"search_term_string"}}],"inLanguage":"pt-BR"},{"@type":"Organization","@id":"https:\/\/estrellagalicia.com\/br\/#organization","name":"Estrella Galicia Brasil","url":"https:\/\/estrellagalicia.com\/br\/","logo":{"@type":"ImageObject","inLanguage":"pt-BR","@id":"https:\/\/estrellagalicia.com\/br\/#\/schema\/logo\/image\/","url":"https:\/\/estrellagalicia.com\/br\/wp-content\/uploads\/2025\/09\/logo_eg_18.png","contentUrl":"https:\/\/estrellagalicia.com\/br\/wp-content\/uploads\/2025\/09\/logo_eg_18.png","width":380,"height":294,"caption":"Estrella Galicia Brasil"},"image":{"@id":"https:\/\/estrellagalicia.com\/br\/#\/schema\/logo\/image\/"},"sameAs":["https:\/\/www.facebook.com\/estrellagaliciabr\/","https:\/\/www.instagram.com\/estrellagaliciabr\/","https:\/\/www.youtube.com\/@EstrellaGaliciaBr\/"]}]}},"_links":{"self":[{"href":"https:\/\/estrellagalicia.com\/br\/wp-json\/wp\/v2\/pages\/34810","targetHints":{"allow":["GET"]}}],"collection":[{"href":"https:\/\/estrellagalicia.com\/br\/wp-json\/wp\/v2\/pages"}],"about":[{"href":"https:\/\/estrellagalicia.com\/br\/wp-json\/wp\/v2\/types\/page"}],"author":[{"embeddable":true,"href":"https:\/\/estrellagalicia.com\/br\/wp-json\/wp\/v2\/users\/11"}],"replies":[{"embeddable":true,"href":"https:\/\/estrellagalicia.com\/br\/wp-json\/wp\/v2\/comments?post=34810"}],"version-history":[{"count":8,"href":"https:\/\/estrellagalicia.com\/br\/wp-json\/wp\/v2\/pages\/34810\/revisions"}],"predecessor-version":[{"id":35298,"href":"https:\/\/estrellagalicia.com\/br\/wp-json\/wp\/v2\/pages\/34810\/revisions\/35298"}],"wp:attachment":[{"href":"https:\/\/estrellagalicia.com\/br\/wp-json\/wp\/v2\/media?parent=34810"}],"curies":[{"name":"wp","href":"https:\/\/api.w.org\/{rel}","templated":true}]}}