{"id":34974,"date":"2025-08-27T11:01:30","date_gmt":"2025-08-27T10:01:30","guid":{"rendered":"https:\/\/estrellagalicia.com\/br\/?page_id=34974"},"modified":"2025-12-11T09:28:52","modified_gmt":"2025-12-11T08:28:52","slug":"big-craft","status":"publish","type":"page","link":"https:\/\/estrellagalicia.com\/br\/big-craft\/","title":{"rendered":"Big Craft"},"content":{"rendered":"\n<style>\n.main-content{\n    background-color: #000;\n}\n#container-grandeza{\n    position: relative;\n}\n#texto-grandeza{\n    position: absolute;\n    max-width: 475px;\n    top: 160px;\n    left: 80px;\n    text-align: right;\n}\n.card-big-craft{\n    border-radius: 24px;\n    overflow: hidden;\n    border: 2px solid #fff;\n    position: relative;\n}\n.chapa{\n    position: absolute;\n    bottom: -50px;\n    right: -50px;\n}\n@media(max-width:1439px){\n    #texto-grandeza{\n        max-width: 412px;\n    }\n}\n@media(max-width:1199px){\n    #texto-grandeza{\n        max-width: 370px;\n        top: 150px;\n        left: 0;\n    }\n}\n@media(max-width:991px){\n    #texto-grandeza{\n        max-width: unset;\n        top: 0;\n        position: relative;\n        text-align:center;\n    }\n}\n@media (min-width: 782px) and (max-width: 1439px) {\n    .wp-block-columns.columns-cards {\n        flex-wrap: wrap !important;\n    }\n    .wp-block-columns.columns-cards:not(.is-not-stacked-on-mobile)>.wp-block-column {\n        flex-basis: 47%;\n    }\n}\n<\/style>\n\n\n\n<div class=\"wp-block-cover\"><img loading=\"lazy\" decoding=\"async\" width=\"1920\" height=\"790\" class=\"wp-block-cover__image-background wp-image-35299 size-full\" alt=\"\" src=\"https:\/\/estrellagalicia.com\/br\/wp-content\/uploads\/2025\/12\/big-craft-bg-1.jpg\" style=\"object-position:50% 100%\" data-object-fit=\"cover\" data-object-position=\"50% 100%\" srcset=\"https:\/\/estrellagalicia.com\/br\/wp-content\/uploads\/2025\/12\/big-craft-bg-1.jpg 1920w, https:\/\/estrellagalicia.com\/br\/wp-content\/uploads\/2025\/12\/big-craft-bg-1-300x123.jpg 300w, https:\/\/estrellagalicia.com\/br\/wp-content\/uploads\/2025\/12\/big-craft-bg-1-1024x421.jpg 1024w, https:\/\/estrellagalicia.com\/br\/wp-content\/uploads\/2025\/12\/big-craft-bg-1-768x316.jpg 768w, https:\/\/estrellagalicia.com\/br\/wp-content\/uploads\/2025\/12\/big-craft-bg-1-1536x632.jpg 1536w\" sizes=\"auto, (max-width: 1920px) 100vw, 1920px\" \/><span aria-hidden=\"true\" class=\"wp-block-cover__background has-background-dim-0 has-background-dim\" style=\"background-color:#4d2825\"><\/span><div class=\"wp-block-cover__inner-container is-layout-constrained wp-block-cover-is-layout-constrained\">\n<div class=\"wp-block-group container\"><div class=\"wp-block-group__inner-container is-layout-constrained wp-block-group-is-layout-constrained\">\n<div class=\"wp-block-columns are-vertically-aligned-bottom form-control-static is-layout-flex wp-container-core-columns-is-layout-9d6595d7 wp-block-columns-is-layout-flex\">\n<div class=\"wp-block-column is-vertically-aligned-bottom is-layout-flow wp-block-column-is-layout-flow\">\n<div style=\"height:40px\" aria-hidden=\"true\" class=\"wp-block-spacer\"><\/div>\n\n\n\n<figure class=\"wp-block-image size-full\"><img loading=\"lazy\" decoding=\"async\" width=\"530\" height=\"179\" src=\"https:\/\/estrellagalicia.com\/br\/wp-content\/uploads\/2025\/12\/que-e-big-craft.png\" alt=\"\" class=\"wp-image-35300\" srcset=\"https:\/\/estrellagalicia.com\/br\/wp-content\/uploads\/2025\/12\/que-e-big-craft.png 530w, https:\/\/estrellagalicia.com\/br\/wp-content\/uploads\/2025\/12\/que-e-big-craft-300x101.png 300w\" sizes=\"auto, (max-width: 530px) 100vw, 530px\" \/><\/figure>\n\n\n\n<p>Big Craft \u00e9 um novo segmento de cervejas produzidas por empresas que valorizam sua origem, independ\u00eancia e artesanalidade, mas que t\u00eam grande distribui\u00e7\u00e3o de mercado.&nbsp;<\/p>\n\n\n\n<p>Nas cervejas Big Craft, cada ingrediente \u00e9 cuidadosamente selecionado para que voc\u00ea explore novos aromas e sabores aut\u00eanticos.<\/p>\n\n\n\n<div style=\"height:40px\" aria-hidden=\"true\" class=\"wp-block-spacer\"><\/div>\n\n\n\n<figure class=\"wp-block-image size-full\"><img loading=\"lazy\" decoding=\"async\" width=\"522\" height=\"294\" src=\"https:\/\/estrellagalicia.com\/br\/wp-content\/uploads\/2025\/12\/botellas2.png\" alt=\"\" class=\"wp-image-35301\" srcset=\"https:\/\/estrellagalicia.com\/br\/wp-content\/uploads\/2025\/12\/botellas2.png 522w, https:\/\/estrellagalicia.com\/br\/wp-content\/uploads\/2025\/12\/botellas2-300x169.png 300w\" sizes=\"auto, (max-width: 522px) 100vw, 522px\" \/><\/figure>\n<\/div>\n\n\n\n<div class=\"wp-block-column is-vertically-aligned-bottom is-layout-flow wp-block-column-is-layout-flow\"><\/div>\n<\/div>\n<\/div><\/div>\n<\/div><\/div>\n\n\n\n<div class=\"wp-block-cover\"><img loading=\"lazy\" decoding=\"async\" width=\"1920\" height=\"957\" class=\"wp-block-cover__image-background wp-image-35302 size-full\" alt=\"\" src=\"https:\/\/estrellagalicia.com\/br\/wp-content\/uploads\/2025\/12\/big-craft-bg-2.jpg\" data-object-fit=\"cover\" srcset=\"https:\/\/estrellagalicia.com\/br\/wp-content\/uploads\/2025\/12\/big-craft-bg-2.jpg 1920w, https:\/\/estrellagalicia.com\/br\/wp-content\/uploads\/2025\/12\/big-craft-bg-2-300x150.jpg 300w, https:\/\/estrellagalicia.com\/br\/wp-content\/uploads\/2025\/12\/big-craft-bg-2-1024x510.jpg 1024w, https:\/\/estrellagalicia.com\/br\/wp-content\/uploads\/2025\/12\/big-craft-bg-2-768x383.jpg 768w, https:\/\/estrellagalicia.com\/br\/wp-content\/uploads\/2025\/12\/big-craft-bg-2-1536x766.jpg 1536w\" sizes=\"auto, (max-width: 1920px) 100vw, 1920px\" \/><span aria-hidden=\"true\" class=\"wp-block-cover__background has-black-background-color has-background-dim-30 has-background-dim\"><\/span><div class=\"wp-block-cover__inner-container is-layout-constrained wp-block-cover-is-layout-constrained\">\n<div style=\"height:150px\" aria-hidden=\"true\" class=\"wp-block-spacer\"><\/div>\n\n\n\n<div id=\"container-grandeza\" class=\"wp-block-group container\"><div class=\"wp-block-group__inner-container is-layout-constrained wp-block-group-is-layout-constrained\"><div class=\"wp-block-image\">\n<figure class=\"aligncenter size-full\"><img loading=\"lazy\" decoding=\"async\" width=\"600\" height=\"399\" src=\"https:\/\/estrellagalicia.com\/br\/wp-content\/uploads\/2025\/12\/a-grandeza-2.png\" alt=\"\" class=\"wp-image-35303\" srcset=\"https:\/\/estrellagalicia.com\/br\/wp-content\/uploads\/2025\/12\/a-grandeza-2.png 600w, https:\/\/estrellagalicia.com\/br\/wp-content\/uploads\/2025\/12\/a-grandeza-2-300x200.png 300w\" sizes=\"auto, (max-width: 600px) 100vw, 600px\" \/><\/figure><\/div>\n\n\n<p id=\"texto-grandeza\">As cervejarias Big Craft t\u00eam conquistado mais espa\u00e7o no mercado, porque entregam ao p\u00fablico uma cerveja com caracter\u00edsticas artesanais em \u00e2mbito nacional. A grandeza de ser quem voc\u00ea \u00e9 valoriza a hist\u00f3ria e a qualidade da cerveja.<\/p>\n<\/div><\/div>\n\n\n\n<div style=\"height:150px\" aria-hidden=\"true\" class=\"wp-block-spacer\"><\/div>\n<\/div><\/div>\n\n\n\n<div class=\"wp-block-cover\"><img loading=\"lazy\" decoding=\"async\" width=\"1920\" height=\"1623\" class=\"wp-block-cover__image-background wp-image-35304 size-full\" alt=\"\" src=\"https:\/\/estrellagalicia.com\/br\/wp-content\/uploads\/2025\/12\/big-craft-bg-3.jpg\" data-object-fit=\"cover\" srcset=\"https:\/\/estrellagalicia.com\/br\/wp-content\/uploads\/2025\/12\/big-craft-bg-3.jpg 1920w, https:\/\/estrellagalicia.com\/br\/wp-content\/uploads\/2025\/12\/big-craft-bg-3-300x254.jpg 300w, https:\/\/estrellagalicia.com\/br\/wp-content\/uploads\/2025\/12\/big-craft-bg-3-1024x866.jpg 1024w, https:\/\/estrellagalicia.com\/br\/wp-content\/uploads\/2025\/12\/big-craft-bg-3-768x649.jpg 768w, https:\/\/estrellagalicia.com\/br\/wp-content\/uploads\/2025\/12\/big-craft-bg-3-1536x1298.jpg 1536w\" sizes=\"auto, (max-width: 1920px) 100vw, 1920px\" \/><span aria-hidden=\"true\" class=\"wp-block-cover__background has-background-dim-0 has-background-dim\" style=\"background-color:#141414\"><\/span><div class=\"wp-block-cover__inner-container is-layout-constrained wp-block-cover-is-layout-constrained\">\n<div style=\"height:100px\" aria-hidden=\"true\" class=\"wp-block-spacer\"><\/div>\n\n\n\n<div class=\"wp-block-group container\"><div class=\"wp-block-group__inner-container is-layout-constrained wp-block-group-is-layout-constrained\">\n<div class=\"wp-block-columns columns-cards is-layout-flex wp-container-core-columns-is-layout-9d6595d7 wp-block-columns-is-layout-flex\">\n<div class=\"wp-block-column is-layout-flow wp-block-column-is-layout-flow\">\n<div class=\"wp-block-group card-big-craft\"><div class=\"wp-block-group__inner-container is-layout-constrained wp-block-group-is-layout-constrained\">\n<div class=\"wp-block-cover\" style=\"min-height:555px;aspect-ratio:unset;\"><img loading=\"lazy\" decoding=\"async\" width=\"352\" height=\"554\" class=\"wp-block-cover__image-background wp-image-35305 size-full\" alt=\"\" src=\"https:\/\/estrellagalicia.com\/br\/wp-content\/uploads\/2025\/12\/artesana.jpg\" data-object-fit=\"cover\" srcset=\"https:\/\/estrellagalicia.com\/br\/wp-content\/uploads\/2025\/12\/artesana.jpg 352w, https:\/\/estrellagalicia.com\/br\/wp-content\/uploads\/2025\/12\/artesana-191x300.jpg 191w\" sizes=\"auto, (max-width: 352px) 100vw, 352px\" \/><span aria-hidden=\"true\" class=\"wp-block-cover__background has-background-dim-0 has-background-dim\" style=\"background-color:#6d5046\"><\/span><div class=\"wp-block-cover__inner-container is-layout-constrained wp-block-cover-is-layout-constrained\">\n<h3 class=\"wp-block-heading has-text-align-center\"><strong>ARTESANALIDADE<\/strong><\/h3>\n\n\n\n<p class=\"has-text-align-center\">O segredo do sucesso de uma Big Craft est\u00e1 na sua identidade artesanal e na aten\u00e7\u00e3o aos detalhes durante a fabrica\u00e7\u00e3o, sem pular nenhuma etapa.<\/p>\n\n\n\n<p class=\"has-text-align-center\">Come\u00e7a na sele\u00e7\u00e3o minuciosa do malte e do l\u00fapulo e termina no copo. Uma cerveja com personalidade e caracter\u00edsticas que despertam os sentidos de quem bebe pelo sabor, aroma, espuma e colora\u00e7\u00e3o.<\/p>\n\n\n\n<div style=\"height:225px\" aria-hidden=\"true\" class=\"wp-block-spacer\"><\/div>\n<\/div><\/div>\n<\/div><\/div>\n<\/div>\n\n\n\n<div class=\"wp-block-column is-layout-flow wp-block-column-is-layout-flow\">\n<div class=\"wp-block-group card-big-craft\"><div class=\"wp-block-group__inner-container is-layout-constrained wp-block-group-is-layout-constrained\">\n<div class=\"wp-block-cover\" style=\"min-height:555px;aspect-ratio:unset;\"><img loading=\"lazy\" decoding=\"async\" width=\"352\" height=\"554\" class=\"wp-block-cover__image-background wp-image-35306 size-full\" alt=\"\" src=\"https:\/\/estrellagalicia.com\/br\/wp-content\/uploads\/2025\/12\/origem.jpg\" data-object-fit=\"cover\" srcset=\"https:\/\/estrellagalicia.com\/br\/wp-content\/uploads\/2025\/12\/origem.jpg 352w, https:\/\/estrellagalicia.com\/br\/wp-content\/uploads\/2025\/12\/origem-191x300.jpg 191w\" sizes=\"auto, (max-width: 352px) 100vw, 352px\" \/><span aria-hidden=\"true\" class=\"wp-block-cover__background has-background-dim-0 has-background-dim\" style=\"background-color:#737373\"><\/span><div class=\"wp-block-cover__inner-container is-layout-constrained wp-block-cover-is-layout-constrained\">\n<div style=\"height:225px\" aria-hidden=\"true\" class=\"wp-block-spacer\"><\/div>\n\n\n\n<h3 class=\"wp-block-heading has-text-align-center\"><strong>ORIGEM INDEPENDENTE<\/strong><\/h3>\n\n\n\n<p class=\"has-text-align-center\">Ser independente n\u00e3o \u00e9 apenas um modelo de neg\u00f3cio, \u00e9 um movimento que valoriza a capacidade de inovar, sem perder as caracter\u00edsticas de um processo artesanal.<\/p>\n\n\n\n<p class=\"has-text-align-center\">A independ\u00eancia d\u00e1 liberdade criativa para as cervejarias explorarem sabores aut\u00eanticos, sem os obst\u00e1culos do grande mercado.<\/p>\n<\/div><\/div>\n<\/div><\/div>\n<\/div>\n\n\n\n<div class=\"wp-block-column is-layout-flow wp-block-column-is-layout-flow\">\n<div class=\"wp-block-group card-big-craft\"><div class=\"wp-block-group__inner-container is-layout-constrained wp-block-group-is-layout-constrained\">\n<div class=\"wp-block-cover\" style=\"min-height:555px;aspect-ratio:unset;\"><img loading=\"lazy\" decoding=\"async\" width=\"352\" height=\"554\" class=\"wp-block-cover__image-background wp-image-35307 size-full\" alt=\"\" src=\"https:\/\/estrellagalicia.com\/br\/wp-content\/uploads\/2025\/12\/preco.jpg\" data-object-fit=\"cover\" srcset=\"https:\/\/estrellagalicia.com\/br\/wp-content\/uploads\/2025\/12\/preco.jpg 352w, https:\/\/estrellagalicia.com\/br\/wp-content\/uploads\/2025\/12\/preco-191x300.jpg 191w\" sizes=\"auto, (max-width: 352px) 100vw, 352px\" \/><span aria-hidden=\"true\" class=\"wp-block-cover__background has-background-dim-0 has-background-dim\" style=\"background-color:#563e38\"><\/span><div class=\"wp-block-cover__inner-container is-layout-constrained wp-block-cover-is-layout-constrained\">\n<h3 class=\"wp-block-heading has-text-align-center\"><strong>PRE\u00c7O JUSTO<\/strong><\/h3>\n\n\n\n<p class=\"has-text-align-center\">A proposta de uma cerveja Big Craft \u00e9 servir excel\u00eancia a um pre\u00e7o justo para que mais pessoas possam desfrutar do sabor de uma boa cerveja com qualidade artesanal.<\/p>\n\n\n\n<div style=\"height:225px\" aria-hidden=\"true\" class=\"wp-block-spacer\"><\/div>\n<\/div><\/div>\n<\/div><\/div>\n<\/div>\n\n\n\n<div class=\"wp-block-column position-relative is-layout-flow wp-block-column-is-layout-flow\">\n<div class=\"wp-block-group card-big-craft\"><div class=\"wp-block-group__inner-container is-layout-constrained wp-block-group-is-layout-constrained\">\n<div class=\"wp-block-cover\" style=\"min-height:555px;aspect-ratio:unset;\"><img loading=\"lazy\" decoding=\"async\" width=\"352\" height=\"554\" class=\"wp-block-cover__image-background wp-image-35308 size-full\" alt=\"\" src=\"https:\/\/estrellagalicia.com\/br\/wp-content\/uploads\/2025\/12\/movimento.jpg\" data-object-fit=\"cover\" srcset=\"https:\/\/estrellagalicia.com\/br\/wp-content\/uploads\/2025\/12\/movimento.jpg 352w, https:\/\/estrellagalicia.com\/br\/wp-content\/uploads\/2025\/12\/movimento-191x300.jpg 191w\" sizes=\"auto, (max-width: 352px) 100vw, 352px\" \/><span aria-hidden=\"true\" class=\"wp-block-cover__background has-background-dim-0 has-background-dim\" style=\"background-color:#1c1c1c\"><\/span><div class=\"wp-block-cover__inner-container is-layout-constrained wp-block-cover-is-layout-constrained\">\n<div style=\"height:225px\" aria-hidden=\"true\" class=\"wp-block-spacer\"><\/div>\n\n\n\n<h3 class=\"wp-block-heading has-text-align-center\"><strong>MOVIMENTO<\/strong><br><strong>BIG CRAFT<\/strong><\/h3>\n\n\n\n<p class=\"has-text-align-center\">Experimente as cervejas Big Craft e conhe\u00e7a um segmento que tem orgulho de n\u00e3o se encaixar em nenhum outro existente no mercado.<\/p>\n\n\n\n<div style=\"height:100px\" aria-hidden=\"true\" class=\"wp-block-spacer\"><\/div>\n<\/div><\/div>\n<\/div><\/div>\n\n\n\n<figure class=\"wp-block-image size-full chapa\"><img loading=\"lazy\" decoding=\"async\" width=\"172\" height=\"150\" src=\"https:\/\/estrellagalicia.com\/br\/wp-content\/uploads\/2025\/12\/chapa.png\" alt=\"\" class=\"wp-image-35309\"\/><\/figure>\n<\/div>\n<\/div>\n<\/div><\/div>\n\n\n\n<div style=\"height:100px\" aria-hidden=\"true\" class=\"wp-block-spacer\"><\/div>\n<\/div><\/div>\n","protected":false},"excerpt":{"rendered":"","protected":false},"author":11,"featured_media":0,"parent":0,"menu_order":0,"comment_status":"closed","ping_status":"closed","template":"template-vacio.php","meta":{"_acf_changed":false,"footnotes":""},"class_list":["post-34974","page","type-page","status-publish","hentry"],"acf":[],"yoast_head":"<!-- This site is optimized with the Yoast SEO plugin v26.1.1 - https:\/\/yoast.com\/wordpress\/plugins\/seo\/ -->\n<title>Big Craft - Estrella Galicia Brasil<\/title>\n<meta name=\"robots\" content=\"index, follow, max-snippet:-1, max-image-preview:large, max-video-preview:-1\" \/>\n<link rel=\"canonical\" href=\"https:\/\/estrellagalicia.com\/br\/big-craft\/\" \/>\n<meta property=\"og:locale\" content=\"pt_BR\" \/>\n<meta property=\"og:type\" content=\"article\" \/>\n<meta property=\"og:title\" content=\"Big Craft - Estrella Galicia Brasil\" \/>\n<meta property=\"og:url\" content=\"https:\/\/estrellagalicia.com\/br\/big-craft\/\" \/>\n<meta property=\"og:site_name\" content=\"Estrella Galicia Brasil\" \/>\n<meta property=\"article:publisher\" content=\"https:\/\/www.facebook.com\/estrellagaliciabr\/\" \/>\n<meta property=\"article:modified_time\" content=\"2025-12-11T08:28:52+00:00\" \/>\n<meta property=\"og:image\" content=\"https:\/\/estrellagalicia.com\/br\/wp-content\/uploads\/2025\/12\/big-craft-bg-1.jpg\" \/>\n\t<meta property=\"og:image:width\" content=\"1920\" \/>\n\t<meta property=\"og:image:height\" content=\"790\" \/>\n\t<meta property=\"og:image:type\" content=\"image\/jpeg\" \/>\n<meta name=\"twitter:label1\" content=\"Est. tempo de leitura\" \/>\n\t<meta name=\"twitter:data1\" content=\"4 minutos\" \/>\n<script type=\"application\/ld+json\" class=\"yoast-schema-graph\">{\"@context\":\"https:\/\/schema.org\",\"@graph\":[{\"@type\":\"WebPage\",\"@id\":\"https:\/\/estrellagalicia.com\/br\/big-craft\/\",\"url\":\"https:\/\/estrellagalicia.com\/br\/big-craft\/\",\"name\":\"Big Craft - Estrella Galicia Brasil\",\"isPartOf\":{\"@id\":\"https:\/\/estrellagalicia.com\/br\/#website\"},\"primaryImageOfPage\":{\"@id\":\"https:\/\/estrellagalicia.com\/br\/big-craft\/#primaryimage\"},\"image\":{\"@id\":\"https:\/\/estrellagalicia.com\/br\/big-craft\/#primaryimage\"},\"thumbnailUrl\":\"https:\/\/estrellagalicia.com\/br\/wp-content\/uploads\/2025\/12\/big-craft-bg-1.jpg\",\"datePublished\":\"2025-08-27T10:01:30+00:00\",\"dateModified\":\"2025-12-11T08:28:52+00:00\",\"breadcrumb\":{\"@id\":\"https:\/\/estrellagalicia.com\/br\/big-craft\/#breadcrumb\"},\"inLanguage\":\"pt-BR\",\"potentialAction\":[{\"@type\":\"ReadAction\",\"target\":[\"https:\/\/estrellagalicia.com\/br\/big-craft\/\"]}]},{\"@type\":\"ImageObject\",\"inLanguage\":\"pt-BR\",\"@id\":\"https:\/\/estrellagalicia.com\/br\/big-craft\/#primaryimage\",\"url\":\"https:\/\/estrellagalicia.com\/br\/wp-content\/uploads\/2025\/12\/big-craft-bg-1.jpg\",\"contentUrl\":\"https:\/\/estrellagalicia.com\/br\/wp-content\/uploads\/2025\/12\/big-craft-bg-1.jpg\",\"width\":1920,\"height\":790},{\"@type\":\"BreadcrumbList\",\"@id\":\"https:\/\/estrellagalicia.com\/br\/big-craft\/#breadcrumb\",\"itemListElement\":[{\"@type\":\"ListItem\",\"position\":1,\"name\":\"In\u00edcio\",\"item\":\"https:\/\/estrellagalicia.com\/br\/\"},{\"@type\":\"ListItem\",\"position\":2,\"name\":\"Big Craft\"}]},{\"@type\":\"WebSite\",\"@id\":\"https:\/\/estrellagalicia.com\/br\/#website\",\"url\":\"https:\/\/estrellagalicia.com\/br\/\",\"name\":\"Estrella Galicia Brasil\",\"description\":\"Estrella Galicia Brasil - Cerveja importada\",\"publisher\":{\"@id\":\"https:\/\/estrellagalicia.com\/br\/#organization\"},\"potentialAction\":[{\"@type\":\"SearchAction\",\"target\":{\"@type\":\"EntryPoint\",\"urlTemplate\":\"https:\/\/estrellagalicia.com\/br\/?s={search_term_string}\"},\"query-input\":{\"@type\":\"PropertyValueSpecification\",\"valueRequired\":true,\"valueName\":\"search_term_string\"}}],\"inLanguage\":\"pt-BR\"},{\"@type\":\"Organization\",\"@id\":\"https:\/\/estrellagalicia.com\/br\/#organization\",\"name\":\"Estrella Galicia Brasil\",\"url\":\"https:\/\/estrellagalicia.com\/br\/\",\"logo\":{\"@type\":\"ImageObject\",\"inLanguage\":\"pt-BR\",\"@id\":\"https:\/\/estrellagalicia.com\/br\/#\/schema\/logo\/image\/\",\"url\":\"https:\/\/estrellagalicia.com\/br\/wp-content\/uploads\/2025\/09\/logo_eg_18.png\",\"contentUrl\":\"https:\/\/estrellagalicia.com\/br\/wp-content\/uploads\/2025\/09\/logo_eg_18.png\",\"width\":380,\"height\":294,\"caption\":\"Estrella Galicia Brasil\"},\"image\":{\"@id\":\"https:\/\/estrellagalicia.com\/br\/#\/schema\/logo\/image\/\"},\"sameAs\":[\"https:\/\/www.facebook.com\/estrellagaliciabr\/\",\"https:\/\/www.instagram.com\/estrellagaliciabr\/\",\"https:\/\/www.youtube.com\/@EstrellaGaliciaBr\/\"]}]}<\/script>\n<!-- \/ Yoast SEO plugin. -->","yoast_head_json":{"title":"Big Craft - Estrella Galicia Brasil","robots":{"index":"index","follow":"follow","max-snippet":"max-snippet:-1","max-image-preview":"max-image-preview:large","max-video-preview":"max-video-preview:-1"},"canonical":"https:\/\/estrellagalicia.com\/br\/big-craft\/","og_locale":"pt_BR","og_type":"article","og_title":"Big Craft - Estrella Galicia Brasil","og_url":"https:\/\/estrellagalicia.com\/br\/big-craft\/","og_site_name":"Estrella Galicia Brasil","article_publisher":"https:\/\/www.facebook.com\/estrellagaliciabr\/","article_modified_time":"2025-12-11T08:28:52+00:00","og_image":[{"width":1920,"height":790,"url":"https:\/\/estrellagalicia.com\/br\/wp-content\/uploads\/2025\/12\/big-craft-bg-1.jpg","type":"image\/jpeg"}],"twitter_misc":{"Est. tempo de leitura":"4 minutos"},"schema":{"@context":"https:\/\/schema.org","@graph":[{"@type":"WebPage","@id":"https:\/\/estrellagalicia.com\/br\/big-craft\/","url":"https:\/\/estrellagalicia.com\/br\/big-craft\/","name":"Big Craft - Estrella Galicia Brasil","isPartOf":{"@id":"https:\/\/estrellagalicia.com\/br\/#website"},"primaryImageOfPage":{"@id":"https:\/\/estrellagalicia.com\/br\/big-craft\/#primaryimage"},"image":{"@id":"https:\/\/estrellagalicia.com\/br\/big-craft\/#primaryimage"},"thumbnailUrl":"https:\/\/estrellagalicia.com\/br\/wp-content\/uploads\/2025\/12\/big-craft-bg-1.jpg","datePublished":"2025-08-27T10:01:30+00:00","dateModified":"2025-12-11T08:28:52+00:00","breadcrumb":{"@id":"https:\/\/estrellagalicia.com\/br\/big-craft\/#breadcrumb"},"inLanguage":"pt-BR","potentialAction":[{"@type":"ReadAction","target":["https:\/\/estrellagalicia.com\/br\/big-craft\/"]}]},{"@type":"ImageObject","inLanguage":"pt-BR","@id":"https:\/\/estrellagalicia.com\/br\/big-craft\/#primaryimage","url":"https:\/\/estrellagalicia.com\/br\/wp-content\/uploads\/2025\/12\/big-craft-bg-1.jpg","contentUrl":"https:\/\/estrellagalicia.com\/br\/wp-content\/uploads\/2025\/12\/big-craft-bg-1.jpg","width":1920,"height":790},{"@type":"BreadcrumbList","@id":"https:\/\/estrellagalicia.com\/br\/big-craft\/#breadcrumb","itemListElement":[{"@type":"ListItem","position":1,"name":"In\u00edcio","item":"https:\/\/estrellagalicia.com\/br\/"},{"@type":"ListItem","position":2,"name":"Big Craft"}]},{"@type":"WebSite","@id":"https:\/\/estrellagalicia.com\/br\/#website","url":"https:\/\/estrellagalicia.com\/br\/","name":"Estrella Galicia Brasil","description":"Estrella Galicia Brasil - Cerveja importada","publisher":{"@id":"https:\/\/estrellagalicia.com\/br\/#organization"},"potentialAction":[{"@type":"SearchAction","target":{"@type":"EntryPoint","urlTemplate":"https:\/\/estrellagalicia.com\/br\/?s={search_term_string}"},"query-input":{"@type":"PropertyValueSpecification","valueRequired":true,"valueName":"search_term_string"}}],"inLanguage":"pt-BR"},{"@type":"Organization","@id":"https:\/\/estrellagalicia.com\/br\/#organization","name":"Estrella Galicia Brasil","url":"https:\/\/estrellagalicia.com\/br\/","logo":{"@type":"ImageObject","inLanguage":"pt-BR","@id":"https:\/\/estrellagalicia.com\/br\/#\/schema\/logo\/image\/","url":"https:\/\/estrellagalicia.com\/br\/wp-content\/uploads\/2025\/09\/logo_eg_18.png","contentUrl":"https:\/\/estrellagalicia.com\/br\/wp-content\/uploads\/2025\/09\/logo_eg_18.png","width":380,"height":294,"caption":"Estrella Galicia Brasil"},"image":{"@id":"https:\/\/estrellagalicia.com\/br\/#\/schema\/logo\/image\/"},"sameAs":["https:\/\/www.facebook.com\/estrellagaliciabr\/","https:\/\/www.instagram.com\/estrellagaliciabr\/","https:\/\/www.youtube.com\/@EstrellaGaliciaBr\/"]}]}},"_links":{"self":[{"href":"https:\/\/estrellagalicia.com\/br\/wp-json\/wp\/v2\/pages\/34974","targetHints":{"allow":["GET"]}}],"collection":[{"href":"https:\/\/estrellagalicia.com\/br\/wp-json\/wp\/v2\/pages"}],"about":[{"href":"https:\/\/estrellagalicia.com\/br\/wp-json\/wp\/v2\/types\/page"}],"author":[{"embeddable":true,"href":"https:\/\/estrellagalicia.com\/br\/wp-json\/wp\/v2\/users\/11"}],"replies":[{"embeddable":true,"href":"https:\/\/estrellagalicia.com\/br\/wp-json\/wp\/v2\/comments?post=34974"}],"version-history":[{"count":3,"href":"https:\/\/estrellagalicia.com\/br\/wp-json\/wp\/v2\/pages\/34974\/revisions"}],"predecessor-version":[{"id":35310,"href":"https:\/\/estrellagalicia.com\/br\/wp-json\/wp\/v2\/pages\/34974\/revisions\/35310"}],"wp:attachment":[{"href":"https:\/\/estrellagalicia.com\/br\/wp-json\/wp\/v2\/media?parent=34974"}],"curies":[{"name":"wp","href":"https:\/\/api.w.org\/{rel}","templated":true}]}}