{"id":579,"date":"2015-02-02T13:13:51","date_gmt":"2015-02-02T12:13:51","guid":{"rendered":"https:\/\/estrellagalicia.com\/br\/?page_id=579"},"modified":"2025-09-29T09:32:07","modified_gmt":"2025-09-29T08:32:07","slug":"quem-somos","status":"publish","type":"page","link":"https:\/\/estrellagalicia.com\/br\/quem-somos\/","title":{"rendered":"Quem somos"},"content":{"rendered":"\n<div style=\"height:75px\" aria-hidden=\"true\" class=\"wp-block-spacer\"><\/div>\n\n\n<div class=\"wp-block-image\">\n<figure class=\"aligncenter size-full\"><a href=\"https:\/\/estrellagalicia.com\/br\/wp-content\/uploads\/2025\/08\/hdr-logo-1.png\"><img loading=\"lazy\" decoding=\"async\" width=\"248\" height=\"66\" src=\"https:\/\/estrellagalicia.com\/br\/wp-content\/uploads\/2025\/08\/hdr-logo-1.png\" alt=\"\" class=\"wp-image-35101\"\/><\/a><\/figure><\/div>\n\n\n<div style=\"height:40px\" aria-hidden=\"true\" class=\"wp-block-spacer\"><\/div>\n\n\n\n<div class=\"wp-block-columns is-layout-flex wp-container-core-columns-is-layout-9d6595d7 wp-block-columns-is-layout-flex\">\n<div class=\"wp-block-column is-layout-flow wp-block-column-is-layout-flow\"><\/div>\n\n\n\n<div class=\"wp-block-column is-layout-flow wp-block-column-is-layout-flow\" style=\"flex-basis:1050px\">\n<h1 class=\"wp-block-heading has-text-align-center font-anton\">ESTA \u00c9 A HIST\u00d3RIA DE UM SONHO. O SONHO DE UM EMPRES\u00c1RIO QUE, AO VOLTAR DA EMIGRA\u00c7\u00c3O PARA A AM\u00c9RICA, OPTOU PELA CERVEJA<\/h1>\n\n\n\n<div style=\"height:50px\" aria-hidden=\"true\" class=\"wp-block-spacer\"><\/div>\n\n\n\n<iframe src=\"https:\/\/www.youtube.com\/embed\/8az1fjEKjS4?si=57f6IxHz0dvQOgGS\" title=\"YouTube video player\" frameborder=\"0\" allow=\"accelerometer; autoplay; clipboard-write; encrypted-media; gyroscope; picture-in-picture; web-share\" referrerpolicy=\"strict-origin-when-cross-origin\" allowfullscreen id=\"iframe-historia\"><\/iframe>\n<style>#iframe-historia{aspect-ratio: 1.78;width: 100%;height: auto;}<\/style>\n<\/div>\n\n\n\n<div class=\"wp-block-column is-layout-flow wp-block-column-is-layout-flow\"><\/div>\n<\/div>\n\n\n\n<div style=\"height:75px\" aria-hidden=\"true\" class=\"wp-block-spacer\"><\/div>\n","protected":false},"excerpt":{"rendered":"<p>ESTA \u00c9 A HIST\u00d3RIA DE UM SONHO. O SONHO DE UM EMPRES\u00c1RIO QUE, AO VOLTAR DA EMIGRA\u00c7\u00c3O PARA A AM\u00c9RICA, OPTOU PELA CERVEJA<\/p>\n","protected":false},"author":11,"featured_media":0,"parent":0,"menu_order":0,"comment_status":"closed","ping_status":"closed","template":"template-historia.php","meta":{"_acf_changed":false,"footnotes":""},"class_list":["post-579","page","type-page","status-publish","hentry"],"acf":[],"yoast_head":"<!-- This site is optimized with the Yoast SEO plugin v26.1.1 - https:\/\/yoast.com\/wordpress\/plugins\/seo\/ -->\n<title>Hist\u00f3ria da estrella Galicia<\/title>\n<meta name=\"description\" content=\"A hist\u00f3ria come\u00e7a em 1906. Jos\u00e9 M\u00aa Rivera Corral, retornado da Am\u00e9rica, funda a \u201cEstrella de Galicia\u201d, dedicada a elabora\u00e7\u00e3o de gelo e cerveja.\" \/>\n<meta name=\"robots\" content=\"index, follow, max-snippet:-1, max-image-preview:large, max-video-preview:-1\" \/>\n<link rel=\"canonical\" href=\"https:\/\/estrellagalicia.com\/br\/quem-somos\/\" \/>\n<meta property=\"og:locale\" content=\"pt_BR\" \/>\n<meta property=\"og:type\" content=\"article\" \/>\n<meta property=\"og:title\" content=\"Hist\u00f3ria da estrella Galicia\" \/>\n<meta property=\"og:description\" content=\"A hist\u00f3ria come\u00e7a em 1906. Jos\u00e9 M\u00aa Rivera Corral, retornado da Am\u00e9rica, funda a \u201cEstrella de Galicia\u201d, dedicada a elabora\u00e7\u00e3o de gelo e cerveja.\" \/>\n<meta property=\"og:url\" content=\"https:\/\/estrellagalicia.com\/br\/quem-somos\/\" \/>\n<meta property=\"og:site_name\" content=\"Estrella Galicia Brasil\" \/>\n<meta property=\"article:publisher\" content=\"https:\/\/www.facebook.com\/estrellagaliciabr\/\" \/>\n<meta property=\"article:modified_time\" content=\"2025-09-29T08:32:07+00:00\" \/>\n<meta property=\"og:image\" content=\"https:\/\/estrellagalicia.com\/br\/wp-content\/uploads\/2025\/08\/hdr-logo-1.png\" \/>\n\t<meta property=\"og:image:width\" content=\"248\" \/>\n\t<meta property=\"og:image:height\" content=\"66\" \/>\n\t<meta property=\"og:image:type\" content=\"image\/png\" \/>\n<meta name=\"twitter:label1\" content=\"Est. tempo de leitura\" \/>\n\t<meta name=\"twitter:data1\" content=\"1 minuto\" \/>\n<script type=\"application\/ld+json\" class=\"yoast-schema-graph\">{\"@context\":\"https:\/\/schema.org\",\"@graph\":[{\"@type\":\"WebPage\",\"@id\":\"https:\/\/estrellagalicia.com\/br\/quem-somos\/\",\"url\":\"https:\/\/estrellagalicia.com\/br\/quem-somos\/\",\"name\":\"Hist\u00f3ria da estrella Galicia\",\"isPartOf\":{\"@id\":\"https:\/\/estrellagalicia.com\/br\/#website\"},\"primaryImageOfPage\":{\"@id\":\"https:\/\/estrellagalicia.com\/br\/quem-somos\/#primaryimage\"},\"image\":{\"@id\":\"https:\/\/estrellagalicia.com\/br\/quem-somos\/#primaryimage\"},\"thumbnailUrl\":\"https:\/\/estrellagalicia.com\/br\/wp-content\/uploads\/2025\/08\/hdr-logo-1.png\",\"datePublished\":\"2015-02-02T12:13:51+00:00\",\"dateModified\":\"2025-09-29T08:32:07+00:00\",\"description\":\"A hist\u00f3ria come\u00e7a em 1906. Jos\u00e9 M\u00aa Rivera Corral, retornado da Am\u00e9rica, funda a \u201cEstrella de Galicia\u201d, dedicada a elabora\u00e7\u00e3o de gelo e cerveja.\",\"breadcrumb\":{\"@id\":\"https:\/\/estrellagalicia.com\/br\/quem-somos\/#breadcrumb\"},\"inLanguage\":\"pt-BR\",\"potentialAction\":[{\"@type\":\"ReadAction\",\"target\":[\"https:\/\/estrellagalicia.com\/br\/quem-somos\/\"]}]},{\"@type\":\"ImageObject\",\"inLanguage\":\"pt-BR\",\"@id\":\"https:\/\/estrellagalicia.com\/br\/quem-somos\/#primaryimage\",\"url\":\"https:\/\/estrellagalicia.com\/br\/wp-content\/uploads\/2025\/08\/hdr-logo-1.png\",\"contentUrl\":\"https:\/\/estrellagalicia.com\/br\/wp-content\/uploads\/2025\/08\/hdr-logo-1.png\"},{\"@type\":\"BreadcrumbList\",\"@id\":\"https:\/\/estrellagalicia.com\/br\/quem-somos\/#breadcrumb\",\"itemListElement\":[{\"@type\":\"ListItem\",\"position\":1,\"name\":\"In\u00edcio\",\"item\":\"https:\/\/estrellagalicia.com\/br\/\"},{\"@type\":\"ListItem\",\"position\":2,\"name\":\"Quem somos\"}]},{\"@type\":\"WebSite\",\"@id\":\"https:\/\/estrellagalicia.com\/br\/#website\",\"url\":\"https:\/\/estrellagalicia.com\/br\/\",\"name\":\"Estrella Galicia Brasil\",\"description\":\"Estrella Galicia Brasil - Cerveja importada\",\"publisher\":{\"@id\":\"https:\/\/estrellagalicia.com\/br\/#organization\"},\"potentialAction\":[{\"@type\":\"SearchAction\",\"target\":{\"@type\":\"EntryPoint\",\"urlTemplate\":\"https:\/\/estrellagalicia.com\/br\/?s={search_term_string}\"},\"query-input\":{\"@type\":\"PropertyValueSpecification\",\"valueRequired\":true,\"valueName\":\"search_term_string\"}}],\"inLanguage\":\"pt-BR\"},{\"@type\":\"Organization\",\"@id\":\"https:\/\/estrellagalicia.com\/br\/#organization\",\"name\":\"Estrella Galicia Brasil\",\"url\":\"https:\/\/estrellagalicia.com\/br\/\",\"logo\":{\"@type\":\"ImageObject\",\"inLanguage\":\"pt-BR\",\"@id\":\"https:\/\/estrellagalicia.com\/br\/#\/schema\/logo\/image\/\",\"url\":\"https:\/\/estrellagalicia.com\/br\/wp-content\/uploads\/2025\/09\/logo_eg_18.png\",\"contentUrl\":\"https:\/\/estrellagalicia.com\/br\/wp-content\/uploads\/2025\/09\/logo_eg_18.png\",\"width\":380,\"height\":294,\"caption\":\"Estrella Galicia Brasil\"},\"image\":{\"@id\":\"https:\/\/estrellagalicia.com\/br\/#\/schema\/logo\/image\/\"},\"sameAs\":[\"https:\/\/www.facebook.com\/estrellagaliciabr\/\",\"https:\/\/www.instagram.com\/estrellagaliciabr\/\",\"https:\/\/www.youtube.com\/@EstrellaGaliciaBr\/\"]}]}<\/script>\n<!-- \/ Yoast SEO plugin. -->","yoast_head_json":{"title":"Hist\u00f3ria da estrella Galicia","description":"A hist\u00f3ria come\u00e7a em 1906. Jos\u00e9 M\u00aa Rivera Corral, retornado da Am\u00e9rica, funda a \u201cEstrella de Galicia\u201d, dedicada a elabora\u00e7\u00e3o de gelo e cerveja.","robots":{"index":"index","follow":"follow","max-snippet":"max-snippet:-1","max-image-preview":"max-image-preview:large","max-video-preview":"max-video-preview:-1"},"canonical":"https:\/\/estrellagalicia.com\/br\/quem-somos\/","og_locale":"pt_BR","og_type":"article","og_title":"Hist\u00f3ria da estrella Galicia","og_description":"A hist\u00f3ria come\u00e7a em 1906. Jos\u00e9 M\u00aa Rivera Corral, retornado da Am\u00e9rica, funda a \u201cEstrella de Galicia\u201d, dedicada a elabora\u00e7\u00e3o de gelo e cerveja.","og_url":"https:\/\/estrellagalicia.com\/br\/quem-somos\/","og_site_name":"Estrella Galicia Brasil","article_publisher":"https:\/\/www.facebook.com\/estrellagaliciabr\/","article_modified_time":"2025-09-29T08:32:07+00:00","og_image":[{"width":248,"height":66,"url":"https:\/\/estrellagalicia.com\/br\/wp-content\/uploads\/2025\/08\/hdr-logo-1.png","type":"image\/png"}],"twitter_misc":{"Est. tempo de leitura":"1 minuto"},"schema":{"@context":"https:\/\/schema.org","@graph":[{"@type":"WebPage","@id":"https:\/\/estrellagalicia.com\/br\/quem-somos\/","url":"https:\/\/estrellagalicia.com\/br\/quem-somos\/","name":"Hist\u00f3ria da estrella Galicia","isPartOf":{"@id":"https:\/\/estrellagalicia.com\/br\/#website"},"primaryImageOfPage":{"@id":"https:\/\/estrellagalicia.com\/br\/quem-somos\/#primaryimage"},"image":{"@id":"https:\/\/estrellagalicia.com\/br\/quem-somos\/#primaryimage"},"thumbnailUrl":"https:\/\/estrellagalicia.com\/br\/wp-content\/uploads\/2025\/08\/hdr-logo-1.png","datePublished":"2015-02-02T12:13:51+00:00","dateModified":"2025-09-29T08:32:07+00:00","description":"A hist\u00f3ria come\u00e7a em 1906. Jos\u00e9 M\u00aa Rivera Corral, retornado da Am\u00e9rica, funda a \u201cEstrella de Galicia\u201d, dedicada a elabora\u00e7\u00e3o de gelo e cerveja.","breadcrumb":{"@id":"https:\/\/estrellagalicia.com\/br\/quem-somos\/#breadcrumb"},"inLanguage":"pt-BR","potentialAction":[{"@type":"ReadAction","target":["https:\/\/estrellagalicia.com\/br\/quem-somos\/"]}]},{"@type":"ImageObject","inLanguage":"pt-BR","@id":"https:\/\/estrellagalicia.com\/br\/quem-somos\/#primaryimage","url":"https:\/\/estrellagalicia.com\/br\/wp-content\/uploads\/2025\/08\/hdr-logo-1.png","contentUrl":"https:\/\/estrellagalicia.com\/br\/wp-content\/uploads\/2025\/08\/hdr-logo-1.png"},{"@type":"BreadcrumbList","@id":"https:\/\/estrellagalicia.com\/br\/quem-somos\/#breadcrumb","itemListElement":[{"@type":"ListItem","position":1,"name":"In\u00edcio","item":"https:\/\/estrellagalicia.com\/br\/"},{"@type":"ListItem","position":2,"name":"Quem somos"}]},{"@type":"WebSite","@id":"https:\/\/estrellagalicia.com\/br\/#website","url":"https:\/\/estrellagalicia.com\/br\/","name":"Estrella Galicia Brasil","description":"Estrella Galicia Brasil - Cerveja importada","publisher":{"@id":"https:\/\/estrellagalicia.com\/br\/#organization"},"potentialAction":[{"@type":"SearchAction","target":{"@type":"EntryPoint","urlTemplate":"https:\/\/estrellagalicia.com\/br\/?s={search_term_string}"},"query-input":{"@type":"PropertyValueSpecification","valueRequired":true,"valueName":"search_term_string"}}],"inLanguage":"pt-BR"},{"@type":"Organization","@id":"https:\/\/estrellagalicia.com\/br\/#organization","name":"Estrella Galicia Brasil","url":"https:\/\/estrellagalicia.com\/br\/","logo":{"@type":"ImageObject","inLanguage":"pt-BR","@id":"https:\/\/estrellagalicia.com\/br\/#\/schema\/logo\/image\/","url":"https:\/\/estrellagalicia.com\/br\/wp-content\/uploads\/2025\/09\/logo_eg_18.png","contentUrl":"https:\/\/estrellagalicia.com\/br\/wp-content\/uploads\/2025\/09\/logo_eg_18.png","width":380,"height":294,"caption":"Estrella Galicia Brasil"},"image":{"@id":"https:\/\/estrellagalicia.com\/br\/#\/schema\/logo\/image\/"},"sameAs":["https:\/\/www.facebook.com\/estrellagaliciabr\/","https:\/\/www.instagram.com\/estrellagaliciabr\/","https:\/\/www.youtube.com\/@EstrellaGaliciaBr\/"]}]}},"_links":{"self":[{"href":"https:\/\/estrellagalicia.com\/br\/wp-json\/wp\/v2\/pages\/579","targetHints":{"allow":["GET"]}}],"collection":[{"href":"https:\/\/estrellagalicia.com\/br\/wp-json\/wp\/v2\/pages"}],"about":[{"href":"https:\/\/estrellagalicia.com\/br\/wp-json\/wp\/v2\/types\/page"}],"author":[{"embeddable":true,"href":"https:\/\/estrellagalicia.com\/br\/wp-json\/wp\/v2\/users\/11"}],"replies":[{"embeddable":true,"href":"https:\/\/estrellagalicia.com\/br\/wp-json\/wp\/v2\/comments?post=579"}],"version-history":[{"count":19,"href":"https:\/\/estrellagalicia.com\/br\/wp-json\/wp\/v2\/pages\/579\/revisions"}],"predecessor-version":[{"id":35287,"href":"https:\/\/estrellagalicia.com\/br\/wp-json\/wp\/v2\/pages\/579\/revisions\/35287"}],"wp:attachment":[{"href":"https:\/\/estrellagalicia.com\/br\/wp-json\/wp\/v2\/media?parent=579"}],"curies":[{"name":"wp","href":"https:\/\/api.w.org\/{rel}","templated":true}]}}