{"id":584,"date":"2015-02-02T13:03:54","date_gmt":"2015-02-02T12:03:54","guid":{"rendered":"https:\/\/estrellagalicia.com\/br\/?page_id=584"},"modified":"2025-10-01T12:28:20","modified_gmt":"2025-10-01T11:28:20","slug":"inicio-2","status":"publish","type":"page","link":"https:\/\/estrellagalicia.com\/br\/","title":{"rendered":"Inicio"},"content":{"rendered":"","protected":false},"excerpt":{"rendered":"","protected":false},"author":11,"featured_media":0,"parent":0,"menu_order":0,"comment_status":"closed","ping_status":"closed","template":"template-inicio.php","meta":{"_acf_changed":false,"footnotes":""},"class_list":["post-584","page","type-page","status-publish","hentry"],"acf":{"video_youtube":"https:\/\/www.youtube.com\/embed\/6ZYjdqb_38U?si=_R_LRH4IUgkRSaJm","slider_banners":[{"imagen_desktop":35052,"imagen_mobile":35056},{"imagen_desktop":35053,"imagen_mobile":35057},{"imagen_desktop":35054,"imagen_mobile":35058},{"imagen_desktop":35055,"imagen_mobile":35059}],"banner_fijo_desktop":34946,"banner_fijo_mobile":35262,"slider_productos":[{"imagen_desktop":35260,"imagen_mobile":35263,"enlace":"https:\/\/estrellagalicia.com\/br\/produtos\/estrella-galicia\/"},{"imagen_desktop":35255,"imagen_mobile":35264,"enlace":"https:\/\/estrellagalicia.com\/br\/produtos\/estrella-galicia-00\/"},{"imagen_desktop":35256,"imagen_mobile":35265,"enlace":"https:\/\/estrellagalicia.com\/br\/produtos\/estrella-galicia-00-tostada\/"},{"imagen_desktop":35257,"imagen_mobile":35266,"enlace":"https:\/\/estrellagalicia.com\/br\/produtos\/1906-la-milnueve\/"},{"imagen_desktop":35259,"imagen_mobile":35268,"enlace":"https:\/\/estrellagalicia.com\/br\/produtos\/1906-black-coupage\/"}],"id_formulario":"","titulo_newsletter":"INSCREVA-SE NAS NOSSAS NEWSLETTERS","texto_newsletter":"INSCREVA-SE PARA RECEBER AS NOVIDADES DA ESTRELLA GALICIA E RECEBA UM E-BOOK SOBRE RECEITAS GASTRON\u00d4MICAS E HARMONIZA\u00c7\u00d5ES COM CERVEJAS"},"yoast_head":"<!-- This site is optimized with the Yoast SEO plugin v26.1.1 - https:\/\/yoast.com\/wordpress\/plugins\/seo\/ -->\n<title>Estrella Galicia Brasil - Cerveja Lager Puro Malte<\/title>\n<meta name=\"description\" content=\"Estrella Galicia: Cervejaria familiar independente desde 1906.\" \/>\n<meta name=\"robots\" content=\"index, follow, max-snippet:-1, max-image-preview:large, max-video-preview:-1\" \/>\n<link rel=\"canonical\" href=\"https:\/\/estrellagalicia.com\/br\/\" \/>\n<meta property=\"og:locale\" content=\"pt_BR\" \/>\n<meta property=\"og:type\" content=\"article\" \/>\n<meta property=\"og:title\" content=\"Estrella Galicia Brasil - Cerveja Lager Puro Malte\" \/>\n<meta property=\"og:description\" content=\"Estrella Galicia: Cervejaria familiar independente desde 1906.\" \/>\n<meta property=\"og:url\" content=\"https:\/\/estrellagalicia.com\/br\/\" \/>\n<meta property=\"og:site_name\" content=\"Estrella Galicia Brasil\" \/>\n<meta property=\"article:publisher\" content=\"https:\/\/www.facebook.com\/estrellagaliciabr\/\" \/>\n<meta property=\"article:modified_time\" content=\"2025-10-01T11:28:20+00:00\" \/>\n<script type=\"application\/ld+json\" class=\"yoast-schema-graph\">{\"@context\":\"https:\/\/schema.org\",\"@graph\":[{\"@type\":\"WebPage\",\"@id\":\"https:\/\/estrellagalicia.com\/br\/\",\"url\":\"https:\/\/estrellagalicia.com\/br\/\",\"name\":\"Estrella Galicia Brasil - Cerveja Lager Puro Malte\",\"isPartOf\":{\"@id\":\"https:\/\/estrellagalicia.com\/br\/#website\"},\"datePublished\":\"2015-02-02T12:03:54+00:00\",\"dateModified\":\"2025-10-01T11:28:20+00:00\",\"description\":\"Estrella Galicia: Cervejaria familiar independente desde 1906.\",\"breadcrumb\":{\"@id\":\"https:\/\/estrellagalicia.com\/br\/#breadcrumb\"},\"inLanguage\":\"pt-BR\",\"potentialAction\":[{\"@type\":\"ReadAction\",\"target\":[\"https:\/\/estrellagalicia.com\/br\/\"]}]},{\"@type\":\"BreadcrumbList\",\"@id\":\"https:\/\/estrellagalicia.com\/br\/#breadcrumb\",\"itemListElement\":[{\"@type\":\"ListItem\",\"position\":1,\"name\":\"In\u00edcio\",\"item\":\"https:\/\/estrellagalicia.com\/br\/\"},{\"@type\":\"ListItem\",\"position\":2,\"name\":\"Inicio\"}]},{\"@type\":\"WebSite\",\"@id\":\"https:\/\/estrellagalicia.com\/br\/#website\",\"url\":\"https:\/\/estrellagalicia.com\/br\/\",\"name\":\"Estrella Galicia Brasil\",\"description\":\"Estrella Galicia Brasil - Cerveja importada\",\"publisher\":{\"@id\":\"https:\/\/estrellagalicia.com\/br\/#organization\"},\"potentialAction\":[{\"@type\":\"SearchAction\",\"target\":{\"@type\":\"EntryPoint\",\"urlTemplate\":\"https:\/\/estrellagalicia.com\/br\/?s={search_term_string}\"},\"query-input\":{\"@type\":\"PropertyValueSpecification\",\"valueRequired\":true,\"valueName\":\"search_term_string\"}}],\"inLanguage\":\"pt-BR\"},{\"@type\":\"Organization\",\"@id\":\"https:\/\/estrellagalicia.com\/br\/#organization\",\"name\":\"Estrella Galicia Brasil\",\"url\":\"https:\/\/estrellagalicia.com\/br\/\",\"logo\":{\"@type\":\"ImageObject\",\"inLanguage\":\"pt-BR\",\"@id\":\"https:\/\/estrellagalicia.com\/br\/#\/schema\/logo\/image\/\",\"url\":\"https:\/\/estrellagalicia.com\/br\/wp-content\/uploads\/2025\/09\/logo_eg_18.png\",\"contentUrl\":\"https:\/\/estrellagalicia.com\/br\/wp-content\/uploads\/2025\/09\/logo_eg_18.png\",\"width\":380,\"height\":294,\"caption\":\"Estrella Galicia Brasil\"},\"image\":{\"@id\":\"https:\/\/estrellagalicia.com\/br\/#\/schema\/logo\/image\/\"},\"sameAs\":[\"https:\/\/www.facebook.com\/estrellagaliciabr\/\",\"https:\/\/www.instagram.com\/estrellagaliciabr\/\",\"https:\/\/www.youtube.com\/@EstrellaGaliciaBr\/\"]}]}<\/script>\n<!-- \/ Yoast SEO plugin. -->","yoast_head_json":{"title":"Estrella Galicia Brasil - Cerveja Lager Puro Malte","description":"Estrella Galicia: Cervejaria familiar independente desde 1906.","robots":{"index":"index","follow":"follow","max-snippet":"max-snippet:-1","max-image-preview":"max-image-preview:large","max-video-preview":"max-video-preview:-1"},"canonical":"https:\/\/estrellagalicia.com\/br\/","og_locale":"pt_BR","og_type":"article","og_title":"Estrella Galicia Brasil - Cerveja Lager Puro Malte","og_description":"Estrella Galicia: Cervejaria familiar independente desde 1906.","og_url":"https:\/\/estrellagalicia.com\/br\/","og_site_name":"Estrella Galicia Brasil","article_publisher":"https:\/\/www.facebook.com\/estrellagaliciabr\/","article_modified_time":"2025-10-01T11:28:20+00:00","schema":{"@context":"https:\/\/schema.org","@graph":[{"@type":"WebPage","@id":"https:\/\/estrellagalicia.com\/br\/","url":"https:\/\/estrellagalicia.com\/br\/","name":"Estrella Galicia Brasil - Cerveja Lager Puro Malte","isPartOf":{"@id":"https:\/\/estrellagalicia.com\/br\/#website"},"datePublished":"2015-02-02T12:03:54+00:00","dateModified":"2025-10-01T11:28:20+00:00","description":"Estrella Galicia: Cervejaria familiar independente desde 1906.","breadcrumb":{"@id":"https:\/\/estrellagalicia.com\/br\/#breadcrumb"},"inLanguage":"pt-BR","potentialAction":[{"@type":"ReadAction","target":["https:\/\/estrellagalicia.com\/br\/"]}]},{"@type":"BreadcrumbList","@id":"https:\/\/estrellagalicia.com\/br\/#breadcrumb","itemListElement":[{"@type":"ListItem","position":1,"name":"In\u00edcio","item":"https:\/\/estrellagalicia.com\/br\/"},{"@type":"ListItem","position":2,"name":"Inicio"}]},{"@type":"WebSite","@id":"https:\/\/estrellagalicia.com\/br\/#website","url":"https:\/\/estrellagalicia.com\/br\/","name":"Estrella Galicia Brasil","description":"Estrella Galicia Brasil - Cerveja importada","publisher":{"@id":"https:\/\/estrellagalicia.com\/br\/#organization"},"potentialAction":[{"@type":"SearchAction","target":{"@type":"EntryPoint","urlTemplate":"https:\/\/estrellagalicia.com\/br\/?s={search_term_string}"},"query-input":{"@type":"PropertyValueSpecification","valueRequired":true,"valueName":"search_term_string"}}],"inLanguage":"pt-BR"},{"@type":"Organization","@id":"https:\/\/estrellagalicia.com\/br\/#organization","name":"Estrella Galicia Brasil","url":"https:\/\/estrellagalicia.com\/br\/","logo":{"@type":"ImageObject","inLanguage":"pt-BR","@id":"https:\/\/estrellagalicia.com\/br\/#\/schema\/logo\/image\/","url":"https:\/\/estrellagalicia.com\/br\/wp-content\/uploads\/2025\/09\/logo_eg_18.png","contentUrl":"https:\/\/estrellagalicia.com\/br\/wp-content\/uploads\/2025\/09\/logo_eg_18.png","width":380,"height":294,"caption":"Estrella Galicia Brasil"},"image":{"@id":"https:\/\/estrellagalicia.com\/br\/#\/schema\/logo\/image\/"},"sameAs":["https:\/\/www.facebook.com\/estrellagaliciabr\/","https:\/\/www.instagram.com\/estrellagaliciabr\/","https:\/\/www.youtube.com\/@EstrellaGaliciaBr\/"]}]}},"_links":{"self":[{"href":"https:\/\/estrellagalicia.com\/br\/wp-json\/wp\/v2\/pages\/584","targetHints":{"allow":["GET"]}}],"collection":[{"href":"https:\/\/estrellagalicia.com\/br\/wp-json\/wp\/v2\/pages"}],"about":[{"href":"https:\/\/estrellagalicia.com\/br\/wp-json\/wp\/v2\/types\/page"}],"author":[{"embeddable":true,"href":"https:\/\/estrellagalicia.com\/br\/wp-json\/wp\/v2\/users\/11"}],"replies":[{"embeddable":true,"href":"https:\/\/estrellagalicia.com\/br\/wp-json\/wp\/v2\/comments?post=584"}],"version-history":[{"count":71,"href":"https:\/\/estrellagalicia.com\/br\/wp-json\/wp\/v2\/pages\/584\/revisions"}],"predecessor-version":[{"id":35296,"href":"https:\/\/estrellagalicia.com\/br\/wp-json\/wp\/v2\/pages\/584\/revisions\/35296"}],"wp:attachment":[{"href":"https:\/\/estrellagalicia.com\/br\/wp-json\/wp\/v2\/media?parent=584"}],"curies":[{"name":"wp","href":"https:\/\/api.w.org\/{rel}","templated":true}]}}