{"id":1944,"date":"2026-02-09T08:12:27","date_gmt":"2026-02-09T07:12:27","guid":{"rendered":"https:\/\/estrellagalicia.com\/de\/?page_id=1944"},"modified":"2026-02-09T08:26:56","modified_gmt":"2026-02-09T07:26:56","slug":"gewinnspiel-2026","status":"publish","type":"page","link":"https:\/\/estrellagalicia.com\/de\/gewinnspiel-2026\/","title":{"rendered":"Promoci\u00f3n Copa del rey"},"content":{"rendered":"\n<style>\n#content{\n    padding-top: 80px;\n}\n.numero1{\n    bottom: -50px;\n    right: 100px;\n}\n<\/style>\n\n\n\n<figure class=\"wp-block-image size-full d-none d-sm-block mb-0 mt-0\"><a href=\"#formulario\"><img loading=\"lazy\" decoding=\"async\" width=\"1920\" height=\"700\" src=\"https:\/\/estrellagalicia.com\/de\/wp-content\/uploads\/2026\/02\/OK-LANDING-WEBSITE-1920x700px-PROMO-EGCopa_del_Rey-Alemania-29ene26.jpg\" alt=\"\" class=\"wp-image-1945\" srcset=\"https:\/\/estrellagalicia.com\/de\/wp-content\/uploads\/2026\/02\/OK-LANDING-WEBSITE-1920x700px-PROMO-EGCopa_del_Rey-Alemania-29ene26.jpg 1920w, https:\/\/estrellagalicia.com\/de\/wp-content\/uploads\/2026\/02\/OK-LANDING-WEBSITE-1920x700px-PROMO-EGCopa_del_Rey-Alemania-29ene26-300x109.jpg 300w, https:\/\/estrellagalicia.com\/de\/wp-content\/uploads\/2026\/02\/OK-LANDING-WEBSITE-1920x700px-PROMO-EGCopa_del_Rey-Alemania-29ene26-1024x373.jpg 1024w, https:\/\/estrellagalicia.com\/de\/wp-content\/uploads\/2026\/02\/OK-LANDING-WEBSITE-1920x700px-PROMO-EGCopa_del_Rey-Alemania-29ene26-768x280.jpg 768w, https:\/\/estrellagalicia.com\/de\/wp-content\/uploads\/2026\/02\/OK-LANDING-WEBSITE-1920x700px-PROMO-EGCopa_del_Rey-Alemania-29ene26-1536x560.jpg 1536w, https:\/\/estrellagalicia.com\/de\/wp-content\/uploads\/2026\/02\/OK-LANDING-WEBSITE-1920x700px-PROMO-EGCopa_del_Rey-Alemania-29ene26-1200x438.jpg 1200w\" sizes=\"(max-width: 1920px) 100vw, 1920px\" \/><\/a><\/figure>\n\n\n\n<figure class=\"wp-block-image size-full d-sm-none mb-0 mt-0\"><a href=\"#formulario\"><img loading=\"lazy\" decoding=\"async\" width=\"500\" height=\"1000\" src=\"https:\/\/estrellagalicia.com\/de\/wp-content\/uploads\/2026\/02\/OK-LANDING-WEBSITE-500x1000px-PROMO-EGCopa_del_Rey-Alemania-29ene26.jpg\" alt=\"\" class=\"wp-image-1946\" srcset=\"https:\/\/estrellagalicia.com\/de\/wp-content\/uploads\/2026\/02\/OK-LANDING-WEBSITE-500x1000px-PROMO-EGCopa_del_Rey-Alemania-29ene26.jpg 500w, https:\/\/estrellagalicia.com\/de\/wp-content\/uploads\/2026\/02\/OK-LANDING-WEBSITE-500x1000px-PROMO-EGCopa_del_Rey-Alemania-29ene26-150x300.jpg 150w\" sizes=\"(max-width: 500px) 100vw, 500px\" \/><\/a><\/figure>\n\n\n\n<div class=\"wp-block-hacce-wrapper has-white-color has-black-background-color\"><div class=\"container\"><div class=\"wp-block-image\">\n<figure class=\"aligncenter size-full mb-0 mt-0\"><img loading=\"lazy\" decoding=\"async\" width=\"900\" height=\"400\" src=\"https:\/\/estrellagalicia.com\/de\/wp-content\/uploads\/2026\/02\/iconos-1.jpg\" alt=\"\" class=\"wp-image-1947\" srcset=\"https:\/\/estrellagalicia.com\/de\/wp-content\/uploads\/2026\/02\/iconos-1.jpg 900w, https:\/\/estrellagalicia.com\/de\/wp-content\/uploads\/2026\/02\/iconos-1-300x133.jpg 300w, https:\/\/estrellagalicia.com\/de\/wp-content\/uploads\/2026\/02\/iconos-1-768x341.jpg 768w\" sizes=\"(max-width: 900px) 100vw, 900px\" \/><\/figure><\/div>\n\n\n<div style=\"height:100px\" aria-hidden=\"true\" id=\"formulario\" class=\"wp-block-spacer\"><\/div>\n<\/div><\/div>\n\n\n\n<div id=\"\" class=\"wp-block-hacce-wrapper position-relative has-white-color has-black-background-color\"><div class=\"container\">\n<div style=\"height:10px\" aria-hidden=\"true\" class=\"wp-block-spacer\"><\/div>\n\n\n<style id=\"wpforms-css-vars-root\">\n\t\t\t\t:root {\n\t\t\t\t\t--wpforms-field-border-radius: 3px;\n--wpforms-field-background-color: #ffffff;\n--wpforms-field-border-color: rgba( 0, 0, 0, 0.25 );\n--wpforms-field-text-color: rgba( 0, 0, 0, 0.7 );\n--wpforms-label-color: rgba( 0, 0, 0, 0.85 );\n--wpforms-label-sublabel-color: rgba( 0, 0, 0, 0.55 );\n--wpforms-label-error-color: #d63637;\n--wpforms-button-border-radius: 3px;\n--wpforms-button-background-color: #066aab;\n--wpforms-button-text-color: #ffffff;\n--wpforms-page-break-color: #066aab;\n--wpforms-field-size-input-height: 43px;\n--wpforms-field-size-input-spacing: 15px;\n--wpforms-field-size-font-size: 16px;\n--wpforms-field-size-line-height: 19px;\n--wpforms-field-size-padding-h: 14px;\n--wpforms-field-size-checkbox-size: 16px;\n--wpforms-field-size-sublabel-spacing: 5px;\n--wpforms-field-size-icon-size: 1;\n--wpforms-label-size-font-size: 16px;\n--wpforms-label-size-line-height: 19px;\n--wpforms-label-size-sublabel-font-size: 14px;\n--wpforms-label-size-sublabel-line-height: 17px;\n--wpforms-button-size-font-size: 17px;\n--wpforms-button-size-height: 41px;\n--wpforms-button-size-padding-h: 15px;\n--wpforms-button-size-margin-top: 10px;\n\n\t\t\t\t}\n\t\t\t<\/style><style id=\"wpforms-css-vars-1966-block-a08683ea-d20f-424c-b624-93bd824a2afb\">\n\t\t\t\t#wpforms-1966.wpforms-block-a08683ea-d20f-424c-b624-93bd824a2afb {\n\t\t\t\t\t--wpforms-label-color: #FFF;\n\n\t\t\t\t}\n\t\t\t<\/style><div class=\"wpforms-container wpforms-container-full wpforms-block wpforms-block-a08683ea-d20f-424c-b624-93bd824a2afb land_exp_form_single_column wpforms-render-modern\" id=\"wpforms-1966\"><form id=\"wpforms-form-1966\" class=\"wpforms-validate wpforms-form wpforms-ajax-form\" data-formid=\"1966\" method=\"post\" enctype=\"multipart\/form-data\" action=\"\/de\/wp-json\/wp\/v2\/pages\/1944?wpforms_form_id=1966\" data-token=\"b9969802569b46981f6faa4e7cd8d9a7\"><noscript class=\"wpforms-error-noscript\">Bitte aktiviere JavaScript in deinem Browser, um dieses Formular fertigzustellen.<\/noscript><div class=\"wpforms-hidden\" id=\"wpforms-error-noscript\">Bitte aktiviere JavaScript in deinem Browser, um dieses Formular fertigzustellen.<\/div><div class=\"wpforms-field-container\"><div id=\"wpforms-1966-field_42-container\" class=\"wpforms-field wpforms-field-layout\" data-field-id=\"42\"><label class=\"wpforms-field-label wpforms-label-hide\" for=\"wpforms-1966-field_42\" aria-hidden=\"false\">Grupo<\/label><div class=\"wpforms-field-layout-columns wpforms-field-layout-preset-50-50\"><div class=\"wpforms-layout-column wpforms-layout-column-50\"><div id=\"wpforms-1966-field_3-container\" class=\"wpforms-field wpforms-field-name\" data-field-id=\"3\"><label class=\"wpforms-field-label\" for=\"wpforms-1966-field_3\">Vorname <span class=\"wpforms-required-label\" aria-hidden=\"true\">*<\/span><\/label><input type=\"text\" id=\"wpforms-1966-field_3\" class=\"wpforms-field-large wpforms-field-required\" name=\"wpforms[fields][3]\" aria-errormessage=\"wpforms-1966-field_3-error\" required><\/div><\/div><div class=\"wpforms-layout-column wpforms-layout-column-50\"><div id=\"wpforms-1966-field_55-container\" class=\"wpforms-field wpforms-field-text\" data-field-id=\"55\"><label class=\"wpforms-field-label\" for=\"wpforms-1966-field_55\">Nachname <span class=\"wpforms-required-label\" aria-hidden=\"true\">*<\/span><\/label><input type=\"text\" id=\"wpforms-1966-field_55\" class=\"wpforms-field-medium wpforms-field-required\" name=\"wpforms[fields][55]\" aria-errormessage=\"wpforms-1966-field_55-error\" required><\/div><\/div><\/div><\/div><div id=\"wpforms-1966-field_49-container\" class=\"wpforms-field wpforms-field-layout\" data-field-id=\"49\"><label class=\"wpforms-field-label wpforms-label-hide\" for=\"wpforms-1966-field_49\" aria-hidden=\"false\">Grupo<\/label><div class=\"wpforms-field-layout-columns wpforms-field-layout-preset-50-50\"><div class=\"wpforms-layout-column wpforms-layout-column-50\"><div id=\"wpforms-1966-field_56-container\" class=\"wpforms-field wpforms-field-text\" data-field-id=\"56\"><label class=\"wpforms-field-label\" for=\"wpforms-1966-field_56\">PLZ <span class=\"wpforms-required-label\" aria-hidden=\"true\">*<\/span><\/label><input type=\"text\" id=\"wpforms-1966-field_56\" class=\"wpforms-field-medium wpforms-field-required\" name=\"wpforms[fields][56]\" aria-errormessage=\"wpforms-1966-field_56-error\" required><\/div><\/div><div class=\"wpforms-layout-column wpforms-layout-column-50\"><div id=\"wpforms-1966-field_57-container\" class=\"wpforms-field wpforms-field-text\" data-field-id=\"57\"><label class=\"wpforms-field-label\" for=\"wpforms-1966-field_57\">Ort <span class=\"wpforms-required-label\" aria-hidden=\"true\">*<\/span><\/label><input type=\"text\" id=\"wpforms-1966-field_57\" class=\"wpforms-field-medium wpforms-field-required\" name=\"wpforms[fields][57]\" aria-errormessage=\"wpforms-1966-field_57-error\" required><\/div><\/div><\/div><\/div><div id=\"wpforms-1966-field_58-container\" class=\"wpforms-field wpforms-field-layout\" data-field-id=\"58\"><label class=\"wpforms-field-label wpforms-label-hide\" for=\"wpforms-1966-field_58\" aria-hidden=\"false\">Grupo<\/label><div class=\"wpforms-field-layout-columns wpforms-field-layout-preset-50-50\"><div class=\"wpforms-layout-column wpforms-layout-column-50\"><div id=\"wpforms-1966-field_6-container\" class=\"wpforms-field wpforms-field-email\" data-field-id=\"6\"><label class=\"wpforms-field-label\" for=\"wpforms-1966-field_6\">E-Mail-Adresse <span class=\"wpforms-required-label\" aria-hidden=\"true\">*<\/span><\/label><input type=\"email\" id=\"wpforms-1966-field_6\" class=\"wpforms-field-large wpforms-field-required\" name=\"wpforms[fields][6]\" spellcheck=\"false\" aria-errormessage=\"wpforms-1966-field_6-error\" required><\/div><\/div><div class=\"wpforms-layout-column wpforms-layout-column-50\"><div id=\"wpforms-1966-field_65-container\" class=\"wpforms-field wpforms-field-text fecha-nacimiento\" data-field-id=\"65\"><label class=\"wpforms-field-label\" for=\"wpforms-1966-field_65\">Geburtsdatum <span class=\"wpforms-required-label\" aria-hidden=\"true\">*<\/span><\/label><input type=\"text\" id=\"wpforms-1966-field_65\" class=\"wpforms-field-medium wpforms-field-required\" name=\"wpforms[fields][65]\" aria-errormessage=\"wpforms-1966-field_65-error\" required><\/div><\/div><\/div><\/div><div id=\"wpforms-1966-field_63-container\" class=\"wpforms-field wpforms-field-file-upload\" data-field-id=\"63\"><label class=\"wpforms-field-label\" for=\"wpforms-1966-field_63\">Kassenbon hier hochladen <span class=\"wpforms-required-label\" aria-hidden=\"true\">*<\/span><\/label><div\n\t\tclass=\"wpforms-uploader\"\n\t\tdata-field-id=\"63\"\n\t\tdata-form-id=\"1966\"\n\t\tdata-input-name=\"wpforms_1966_63\"\n\t\tdata-extensions=\"pdf,jpg,jpeg,png\"\n\t\tdata-max-size=\"15728640\"\n\t\tdata-max-file-number=\"1\"\n\t\tdata-post-max-size=\"20971520\"\n\t\tdata-max-parallel-uploads=\"4\"\n\t\tdata-parallel-uploads=\"true\"\n\t\tdata-file-chunk-size=\"2097152\">\n\t<div class=\"dz-message\">\n\t\t<svg viewBox=\"0 0 1024 1024\" focusable=\"false\" data-icon=\"inbox\" width=\"50px\" height=\"50px\" fill=\"currentColor\" aria-hidden=\"true\">\n\t\t\t<path d=\"M885.2 446.3l-.2-.8-112.2-285.1c-5-16.1-19.9-27.2-36.8-27.2H281.2c-17 0-32.1 11.3-36.9 27.6L139.4 443l-.3.7-.2.8c-1.3 4.9-1.7 9.9-1 14.8-.1 1.6-.2 3.2-.2 4.8V830a60.9 60.9 0 0 0 60.8 60.8h627.2c33.5 0 60.8-27.3 60.9-60.8V464.1c0-1.3 0-2.6-.1-3.7.4-4.9 0-9.6-1.3-14.1zm-295.8-43l-.3 15.7c-.8 44.9-31.8 75.1-77.1 75.1-22.1 0-41.1-7.1-54.8-20.6S436 441.2 435.6 419l-.3-15.7H229.5L309 210h399.2l81.7 193.3H589.4zm-375 76.8h157.3c24.3 57.1 76 90.8 140.4 90.8 33.7 0 65-9.4 90.3-27.2 22.2-15.6 39.5-37.4 50.7-63.6h156.5V814H214.4V480.1z\"><\/path>\n\t\t<\/svg>\n\t\t<span class=\"modern-title\">Klicke oder ziehe eine Datei in diesen Bereich zum Hochladen.<\/span>\n\n\t\t\t<\/div>\n<\/div>\n<input\n\t\ttype=\"text\"\n\t\tautocomplete=\"off\"\n\t\tclass=\"dropzone-input\"\n\t\tstyle=\"position:absolute!important;clip:rect(0,0,0,0)!important;height:1px!important;width:1px!important;border:0!important;overflow:hidden!important;padding:0!important;margin:0!important;\"\n\t\tid=\"wpforms-1966-field_63\"\n\t\tname=\"wpforms_1966_63\" required\t\tvalue=\"\">\n<div id=\"wpforms-1966-field_63-description\" class=\"wpforms-field-description\"><small style=\"color:#fff;\">Akzeptierte Dateiformate: PDF, JPG oder PNG | Maximale Dateigr\u00f6\u00dfe: 5 MB | Der Kassenbon muss vollst\u00e4ndig und lesbar abgebildet sein | Teilnahmeberechtigt sind nur Kassenbons mit mindestens einem Estrella Galicia Produkt | 6 x 0,33l MW Sixpack, 24 x 0,33l MW Kasten oder 30 x 0,2l MW Kasten.<\/small><\/div><\/div><div id=\"wpforms-1966-field_64-container\" class=\"wpforms-field wpforms-field-html\" data-field-id=\"64\"><div id=\"wpforms-1966-field_64\" aria-errormessage=\"wpforms-1966-field_64-error\"><small><strong>Grundlegende Informationen zum Datenschutz:<\/strong><\/small>\r\n<br \/>\r\n<small>Estrella Galicia Internacional, S.L. verwendet die von dir bereitgestellten Informationen, um deine Teilnahme an der Initiative \u201eCopa del Rey Finale 2026\u201c zu verwalten. Du kannst auf deine Daten zugreifen, sie berichtigen oder l\u00f6schen sowie weitere Rechte aus\u00fcben, wie in den zus\u00e4tzlichen Informationen in unserer Datenschutzerkl\u00e4rung erl\u00e4utert.<\/small><\/div><\/div><div id=\"wpforms-1966-field_41-container\" class=\"wpforms-field wpforms-field-gdpr-checkbox\" data-field-id=\"41\"><label class=\"wpforms-field-label wpforms-label-hide\" for=\"wpforms-1966-field_41\" aria-hidden=\"false\">Privacy Policy <span class=\"wpforms-required-label\" aria-hidden=\"true\">*<\/span><\/label><ul id=\"wpforms-1966-field_41\" class=\"wpforms-field-required\"><li class=\"choice-1\"><input type=\"checkbox\" id=\"wpforms-1966-field_41_1\" name=\"wpforms[fields][41][]\" value=\"Ich habe die &lt;a target=&quot;_blank&quot; href=&quot;\/de\/gewinnspiel-2026-rechtlichen-bestimmungen\/&quot;&gt;rechtlichen Bestimmungen&lt;\/a&gt; gelesen und akzeptiere sie.\" aria-errormessage=\"wpforms-1966-field_41_1-error\" required ><label class=\"wpforms-field-label-inline\" for=\"wpforms-1966-field_41_1\">Ich habe die <a target=\"_blank\" href=\"\/de\/gewinnspiel-2026-rechtlichen-bestimmungen\/\">rechtlichen Bestimmungen<\/a> gelesen und akzeptiere sie. <span class=\"wpforms-required-label\" aria-hidden=\"true\">*<\/span><\/label><\/li><\/ul><\/div><div id=\"wpforms-1966-field_62-container\" class=\"wpforms-field wpforms-field-hidden\" data-field-id=\"62\"><input type=\"hidden\" id=\"wpforms-1966-field_62\" name=\"wpforms[fields][62]\" aria-errormessage=\"wpforms-1966-field_62-error\"><\/div><\/div><!-- .wpforms-field-container --><div class=\"wpforms-submit-container\" ><input type=\"hidden\" name=\"wpforms[id]\" value=\"1966\"><input type=\"hidden\" name=\"wpforms[author]\" value=\"6\"><button type=\"submit\" name=\"wpforms[submit]\" id=\"wpforms-submit-1966\" class=\"wpforms-submit land_exp_form_submit btn btn-primary\" data-alt-text=\"SENDEN...\" data-submit-text=\"ABSCHICKEN\" aria-live=\"assertive\" value=\"wpforms-submit\">ABSCHICKEN<\/button><img loading=\"lazy\" decoding=\"async\" src=\"https:\/\/estrellagalicia.com\/de\/wp-content\/plugins\/wpforms\/assets\/images\/submit-spin.svg\" class=\"wpforms-submit-spinner\" style=\"display: none;\" width=\"26\" height=\"26\" alt=\"Wird geladen\"><\/div><\/form><\/div>  <!-- .wpforms-container -->\n\n\n<div style=\"height:200px\" aria-hidden=\"true\" class=\"wp-block-spacer\"><\/div>\n\n\n\n<figure class=\"wp-block-image size-full is-resized numero1 position-absolute\"><img loading=\"lazy\" decoding=\"async\" width=\"368\" height=\"266\" src=\"https:\/\/estrellagalicia.com\/de\/wp-content\/uploads\/2026\/02\/number1.png\" alt=\"\" class=\"wp-image-1948\" style=\"width:184px\" srcset=\"https:\/\/estrellagalicia.com\/de\/wp-content\/uploads\/2026\/02\/number1.png 368w, https:\/\/estrellagalicia.com\/de\/wp-content\/uploads\/2026\/02\/number1-300x217.png 300w\" sizes=\"(max-width: 368px) 100vw, 368px\" \/><\/figure>\n<\/div><\/div>\n\n\n\n<div class=\"wp-block-hacce-wrapper has-main-background-color\">\n<div style=\"height:100px\" aria-hidden=\"true\" class=\"wp-block-spacer\"><\/div>\n<\/div>\n","protected":false},"excerpt":{"rendered":"","protected":false},"author":6,"featured_media":0,"parent":0,"menu_order":0,"comment_status":"closed","ping_status":"closed","template":"templates\/template-vacia.php","meta":{"_acf_changed":false,"_coblocks_attr":"","_coblocks_dimensions":"","_coblocks_responsive_height":"","_coblocks_accordion_ie_support":"","footnotes":""},"acf":[],"yoast_head":"<!-- This site is optimized with the Yoast SEO plugin v22.8 - https:\/\/yoast.com\/wordpress\/plugins\/seo\/ -->\n<title>Gewinne eine reise zum Copa del rey in Spanien<\/title>\n<meta name=\"description\" content=\"Gewinne eine reise zum Copa del rey in Spanien\" \/>\n<meta name=\"robots\" content=\"index, follow, max-snippet:-1, max-image-preview:large, max-video-preview:-1\" \/>\n<link rel=\"canonical\" href=\"https:\/\/estrellagalicia.com\/de\/gewinnspiel-2026\/\" \/>\n<meta property=\"og:locale\" content=\"de_DE\" \/>\n<meta property=\"og:type\" content=\"article\" \/>\n<meta property=\"og:title\" content=\"Gewinne eine reise zum Copa del rey in Spanien\" \/>\n<meta property=\"og:description\" content=\"Gewinne eine reise zum Copa del rey in Spanien\" \/>\n<meta property=\"og:url\" content=\"https:\/\/estrellagalicia.com\/de\/gewinnspiel-2026\/\" \/>\n<meta property=\"og:site_name\" content=\"Estrella Galicia Alemania\" \/>\n<meta property=\"article:modified_time\" content=\"2026-02-09T07:26:56+00:00\" \/>\n<meta property=\"og:image\" content=\"https:\/\/estrellagalicia.com\/de\/wp-content\/uploads\/2026\/02\/OK-LANDING-WEBSITE-1920x700px-PROMO-EGCopa_del_Rey-Alemania-29ene26.jpg\" \/>\n<meta name=\"twitter:card\" content=\"summary_large_image\" \/>\n<meta name=\"twitter:label1\" content=\"Gesch\u00e4tzte Lesezeit\" \/>\n\t<meta name=\"twitter:data1\" content=\"1\u00a0Minute\" \/>\n<script type=\"application\/ld+json\" class=\"yoast-schema-graph\">{\"@context\":\"https:\/\/schema.org\",\"@graph\":[{\"@type\":\"WebPage\",\"@id\":\"https:\/\/estrellagalicia.com\/de\/gewinnspiel-2026\/\",\"url\":\"https:\/\/estrellagalicia.com\/de\/gewinnspiel-2026\/\",\"name\":\"Gewinne eine reise zum Copa del rey in Spanien\",\"isPartOf\":{\"@id\":\"https:\/\/estrellagalicia.com\/de\/#website\"},\"primaryImageOfPage\":{\"@id\":\"https:\/\/estrellagalicia.com\/de\/gewinnspiel-2026\/#primaryimage\"},\"image\":{\"@id\":\"https:\/\/estrellagalicia.com\/de\/gewinnspiel-2026\/#primaryimage\"},\"thumbnailUrl\":\"https:\/\/estrellagalicia.com\/de\/wp-content\/uploads\/2026\/02\/OK-LANDING-WEBSITE-1920x700px-PROMO-EGCopa_del_Rey-Alemania-29ene26.jpg\",\"datePublished\":\"2026-02-09T07:12:27+00:00\",\"dateModified\":\"2026-02-09T07:26:56+00:00\",\"description\":\"Gewinne eine reise zum Copa del rey in Spanien\",\"breadcrumb\":{\"@id\":\"https:\/\/estrellagalicia.com\/de\/gewinnspiel-2026\/#breadcrumb\"},\"inLanguage\":\"de\",\"potentialAction\":[{\"@type\":\"ReadAction\",\"target\":[\"https:\/\/estrellagalicia.com\/de\/gewinnspiel-2026\/\"]}]},{\"@type\":\"ImageObject\",\"inLanguage\":\"de\",\"@id\":\"https:\/\/estrellagalicia.com\/de\/gewinnspiel-2026\/#primaryimage\",\"url\":\"https:\/\/estrellagalicia.com\/de\/wp-content\/uploads\/2026\/02\/OK-LANDING-WEBSITE-1920x700px-PROMO-EGCopa_del_Rey-Alemania-29ene26.jpg\",\"contentUrl\":\"https:\/\/estrellagalicia.com\/de\/wp-content\/uploads\/2026\/02\/OK-LANDING-WEBSITE-1920x700px-PROMO-EGCopa_del_Rey-Alemania-29ene26.jpg\",\"width\":1920,\"height\":700},{\"@type\":\"BreadcrumbList\",\"@id\":\"https:\/\/estrellagalicia.com\/de\/gewinnspiel-2026\/#breadcrumb\",\"itemListElement\":[{\"@type\":\"ListItem\",\"position\":1,\"name\":\"Home\",\"item\":\"https:\/\/estrellagalicia.com\/de\/\"},{\"@type\":\"ListItem\",\"position\":2,\"name\":\"Promoci\u00f3n Copa del rey\"}]},{\"@type\":\"WebSite\",\"@id\":\"https:\/\/estrellagalicia.com\/de\/#website\",\"url\":\"https:\/\/estrellagalicia.com\/de\/\",\"name\":\"Estrella Galicia Alemania\",\"description\":\"\",\"potentialAction\":[{\"@type\":\"SearchAction\",\"target\":{\"@type\":\"EntryPoint\",\"urlTemplate\":\"https:\/\/estrellagalicia.com\/de\/?s={search_term_string}\"},\"query-input\":\"required name=search_term_string\"}],\"inLanguage\":\"de\"}]}<\/script>\n<!-- \/ Yoast SEO plugin. -->","yoast_head_json":{"title":"Gewinne eine reise zum Copa del rey in Spanien","description":"Gewinne eine reise zum Copa del rey in Spanien","robots":{"index":"index","follow":"follow","max-snippet":"max-snippet:-1","max-image-preview":"max-image-preview:large","max-video-preview":"max-video-preview:-1"},"canonical":"https:\/\/estrellagalicia.com\/de\/gewinnspiel-2026\/","og_locale":"de_DE","og_type":"article","og_title":"Gewinne eine reise zum Copa del rey in Spanien","og_description":"Gewinne eine reise zum Copa del rey in Spanien","og_url":"https:\/\/estrellagalicia.com\/de\/gewinnspiel-2026\/","og_site_name":"Estrella Galicia Alemania","article_modified_time":"2026-02-09T07:26:56+00:00","og_image":[{"url":"https:\/\/estrellagalicia.com\/de\/wp-content\/uploads\/2026\/02\/OK-LANDING-WEBSITE-1920x700px-PROMO-EGCopa_del_Rey-Alemania-29ene26.jpg"}],"twitter_card":"summary_large_image","twitter_misc":{"Gesch\u00e4tzte Lesezeit":"1\u00a0Minute"},"schema":{"@context":"https:\/\/schema.org","@graph":[{"@type":"WebPage","@id":"https:\/\/estrellagalicia.com\/de\/gewinnspiel-2026\/","url":"https:\/\/estrellagalicia.com\/de\/gewinnspiel-2026\/","name":"Gewinne eine reise zum Copa del rey in Spanien","isPartOf":{"@id":"https:\/\/estrellagalicia.com\/de\/#website"},"primaryImageOfPage":{"@id":"https:\/\/estrellagalicia.com\/de\/gewinnspiel-2026\/#primaryimage"},"image":{"@id":"https:\/\/estrellagalicia.com\/de\/gewinnspiel-2026\/#primaryimage"},"thumbnailUrl":"https:\/\/estrellagalicia.com\/de\/wp-content\/uploads\/2026\/02\/OK-LANDING-WEBSITE-1920x700px-PROMO-EGCopa_del_Rey-Alemania-29ene26.jpg","datePublished":"2026-02-09T07:12:27+00:00","dateModified":"2026-02-09T07:26:56+00:00","description":"Gewinne eine reise zum Copa del rey in Spanien","breadcrumb":{"@id":"https:\/\/estrellagalicia.com\/de\/gewinnspiel-2026\/#breadcrumb"},"inLanguage":"de","potentialAction":[{"@type":"ReadAction","target":["https:\/\/estrellagalicia.com\/de\/gewinnspiel-2026\/"]}]},{"@type":"ImageObject","inLanguage":"de","@id":"https:\/\/estrellagalicia.com\/de\/gewinnspiel-2026\/#primaryimage","url":"https:\/\/estrellagalicia.com\/de\/wp-content\/uploads\/2026\/02\/OK-LANDING-WEBSITE-1920x700px-PROMO-EGCopa_del_Rey-Alemania-29ene26.jpg","contentUrl":"https:\/\/estrellagalicia.com\/de\/wp-content\/uploads\/2026\/02\/OK-LANDING-WEBSITE-1920x700px-PROMO-EGCopa_del_Rey-Alemania-29ene26.jpg","width":1920,"height":700},{"@type":"BreadcrumbList","@id":"https:\/\/estrellagalicia.com\/de\/gewinnspiel-2026\/#breadcrumb","itemListElement":[{"@type":"ListItem","position":1,"name":"Home","item":"https:\/\/estrellagalicia.com\/de\/"},{"@type":"ListItem","position":2,"name":"Promoci\u00f3n Copa del rey"}]},{"@type":"WebSite","@id":"https:\/\/estrellagalicia.com\/de\/#website","url":"https:\/\/estrellagalicia.com\/de\/","name":"Estrella Galicia Alemania","description":"","potentialAction":[{"@type":"SearchAction","target":{"@type":"EntryPoint","urlTemplate":"https:\/\/estrellagalicia.com\/de\/?s={search_term_string}"},"query-input":"required name=search_term_string"}],"inLanguage":"de"}]}},"_links":{"self":[{"href":"https:\/\/estrellagalicia.com\/de\/wp-json\/wp\/v2\/pages\/1944"}],"collection":[{"href":"https:\/\/estrellagalicia.com\/de\/wp-json\/wp\/v2\/pages"}],"about":[{"href":"https:\/\/estrellagalicia.com\/de\/wp-json\/wp\/v2\/types\/page"}],"author":[{"embeddable":true,"href":"https:\/\/estrellagalicia.com\/de\/wp-json\/wp\/v2\/users\/6"}],"replies":[{"embeddable":true,"href":"https:\/\/estrellagalicia.com\/de\/wp-json\/wp\/v2\/comments?post=1944"}],"version-history":[{"count":3,"href":"https:\/\/estrellagalicia.com\/de\/wp-json\/wp\/v2\/pages\/1944\/revisions"}],"predecessor-version":[{"id":1969,"href":"https:\/\/estrellagalicia.com\/de\/wp-json\/wp\/v2\/pages\/1944\/revisions\/1969"}],"wp:attachment":[{"href":"https:\/\/estrellagalicia.com\/de\/wp-json\/wp\/v2\/media?parent=1944"}],"curies":[{"name":"wp","href":"https:\/\/api.w.org\/{rel}","templated":true}]}}