{"id":1955,"date":"2026-02-09T08:15:13","date_gmt":"2026-02-09T07:15:13","guid":{"rendered":"https:\/\/estrellagalicia.com\/de\/?page_id=1955"},"modified":"2026-02-09T08:15:33","modified_gmt":"2026-02-09T07:15:33","slug":"gewinnspiel-2026-rechtlichen-bestimmungen","status":"publish","type":"page","link":"https:\/\/estrellagalicia.com\/de\/gewinnspiel-2026-rechtlichen-bestimmungen\/","title":{"rendered":"TEILNAHMEBEDINGUNGEN GEWINNSPIEL &#8222;Estrella Galicia \u2013 Copa del Rey Finale 2026\u201c"},"content":{"rendered":"\n<div class=\"wp-block-hacce-wrapper\"><div class=\"container\">\n<p>Geltende Teilnahmebedingungen abrufbar unter: <a href=\"https:\/\/estrellagalicia.com\/de\/gewinnspiel-2026\">https:\/\/estrellagalicia.com\/de\/gewinnspiel-2026<\/a><\/p>\n\n\n\n<p><strong>1. Veranstalter, Veranstaltungszeitraum<\/strong><\/p>\n\n\n\n<p>Die Estrella Galicia Internacional S.L., Calle Jose Maria Rivera Corral, Num. 6<br>15008 Coru\u00f1a (A) \u2013 Spain (nachfolgend \u201eEstrella Galicia Internacional S.L\u201c) veranstaltet im Aktionszeitraum vom 01.02.2026 bis 07.04.2026 bis 23:59 das Gewinnspiel \u201eEstrella Galicia \u2013 Copa del Rey Finale 2026\u201c (nachfolgend \u201eGewinnspiel\u201c).<\/p>\n\n\n\n<p><strong>2. Teilnehmer<\/strong><\/p>\n\n\n\n<p><strong>2.1<\/strong> Die Teilnahme an dem Gewinnspiel ist Personen erst ab dem vollendeten 18. Lebensjahr gestattet. Jede Person kann nur einmal an dem Gewinnspiel teilnehmen.<\/p>\n\n\n\n<p><strong>2.2<\/strong> Voraussetzung der Teilnahme ist, dass der Teilnehmer einen Wohnsitz in der Bundesrepublik Deutschland hat.<\/p>\n\n\n\n<p><strong>2.3<\/strong> Die Mitarbeiter von Estrella Galicia Internacional S.L., deren Tochtergesellschaften und anderen am Wettbewerb beteiligten Unternehmen sowie die Mitglieder der genannten Gruppen sind von der Teilnahme ausgeschlossen.<\/p>\n\n\n\n<p><strong>3. Teilnahme<\/strong><\/p>\n\n\n\n<p><strong>3.1<\/strong> Die Teilnahme an dem Gewinnspiel ist kostenlos; Voraussetzung ist jedoch der Erwerb eines Estrella-Galicia-Aktionsproduktes im Aktionszeitraum. Eine Teilnahme ohne Kauf ist nicht m\u00f6glich.<\/p>\n\n\n\n<p><strong>3.2<\/strong> Um an dem Gewinnspiel teilzunehmen, muss der Teilnehmer:<\/p>\n\n\n\n<ul>\n<li>ein Estrella-Galicia-Aktionsprodukt (6\u00d70,33l, 24\u00d70,33l oder 30\u00d70,20l) im Aktionszeitraum erwerben,<\/li>\n\n\n\n<li>den auf den POS-Materialien abgedruckten QR-Code scannen, oder die URL: <a href=\"https:\/\/estrellagalicia.com\/de\/gewinnspiel-2026\">https:\/\/estrellagalicia.com\/de\/gewinnspiel-2026<\/a> besuchen<\/li>\n\n\n\n<li>das Teilnahmeformular auf der Landingpage vollst\u00e4ndig ausf\u00fcllen und<\/li>\n\n\n\n<li>einen gut lesbaren Kassenbon als Kaufnachweis hochladen.<\/li>\n<\/ul>\n\n\n\n<p>Nur vollst\u00e4ndig eingereichte und technisch lesbare Kassenbons berechtigen zur Teilnahme. Bei Nichterf\u00fcllung werden die Teilnehmer von der Verlosung ausgeschlossen.<\/p>\n\n\n\n<p><strong>3.3<\/strong> Die Gewinner werden nach Ablauf des Teilnahmezeitraums im Zeitraum bis sp\u00e4testens 10.04.2026 im Wege einer Zufallsziehung unter allen g\u00fcltigen Einsendungen ermittelt.<\/p>\n\n\n\n<p>Die Gewinner werden per E-Mail benachrichtigt und m\u00fcssen innerhalb von 72 Stunden auf die Gewinnbenachrichtigung reagieren und den Gewinn sp\u00e4testens bis zum 13.04.2026 verbindlich best\u00e4tigen und einl\u00f6sen. Erfolgt keine fristgerechte R\u00fcckmeldung oder Einl\u00f6sung, beh\u00e4lt sich die Estrella Galicia Internacional S.L. das Recht vor, einen Ersatzgewinner zu ziehen.<\/p>\n\n\n\n<p>Die Reise zum Finale der Copa del Rey findet zwischen dem 17. April 2026 und dem 20. April 2026 oder zwischen dem 01. Mai und dem 04. Mai 2026 statt. Diese Reisedaten sind fest vorgegeben; Umbuchungen, Verschiebungen oder Barauszahlungen sind nicht m\u00f6glich.<\/p>\n\n\n\n<p><strong>3.4<\/strong> Durch die Teilnahme an dem Gewinnspiel best\u00e4tigt der Teilnehmer sein Einverst\u00e4ndnis mit der Geltung dieser Teilnahmebedingungen.<\/p>\n\n\n\n<p><strong>3.5<\/strong> \u2013 Gewinne<\/p>\n\n\n\n<p>Unter allen g\u00fcltigen Teilnahmen werden insgesamt 4 Reisen f\u00fcr 2 Personen zum Finale der Copa del Rey 2026 in Spanien verlost. Der Preis hat einen Wert, der f\u00fcr Estrella Galicia Internacional S.L. Gesamtkosten von maximal 2500 \u20ac ohne MwSt. pro Person verursacht und Folgendes umfasst:<\/p>\n\n\n\n<ul>\n<li>2 Eintrittskarten f\u00fcr das Copa-del-Rey-Finale 2026,<\/li>\n\n\n\n<li>Hin- und R\u00fcckflug f\u00fcr 2 Personen ab einem deutschen Flughafen,<\/li>\n\n\n\n<li>Hotel\u00fcbernachtung(en) gem\u00e4\u00df Vorgabe des Spieltermins.<\/li>\n<\/ul>\n\n\n\n<p>Der Gewinn ist nicht \u00fcbertragbar, nicht auszahlbar und kann nicht umgetauscht werden. Jegliche Transport- oder Unterhaltskosten, die in diesen Teilnahmebedingungen nicht angegeben sind, gehen zu Lasten des Gewinners und werden nicht vom Veranstalter \u00fcbernommen.<\/p>\n\n\n\n<p><strong>4. Ausschluss von dem Gewinnspiel<\/strong><\/p>\n\n\n\n<p><strong>4.1<\/strong> Die Estrella Galicia Internacional S.L.beh\u00e4lt sich das Recht vor, Personen oder organisierte Gemeinschaften von der Teilnahme auszuschlie\u00dfen, bei denen der begr\u00fcndete Verdacht besteht, dass sie sich unerlaubter Hilfsmittel bedienen oder versucht haben, sich oder Dritten durch Manipulation oder falsche Angaben Vorteile zu verschaffen. Gleiches gilt f\u00fcr Personen, die Gewinnspielmechaniken, Codes oder vergleichbare Inhalte ver\u00f6ffentlichen oder kommerziell \u2013 z. B. \u00fcber Online-Plattformen \u2013 vertreiben.<\/p>\n\n\n\n<p><strong>4.2<\/strong> Im Falle eines berechtigten Ausschlusses verfallen etwaige Anspr\u00fcche, auch wenn ein Gewinn bereits zugesagt wurde. Die Estrella Galicia Internacional S.L.ist berechtigt, bereits \u00fcbergebene Gewinne zur\u00fcckzufordern.<\/p>\n\n\n\n<p><strong>5. Datenschutz<\/strong><\/p>\n\n\n\n<p><strong>5.1<\/strong> In \u00dcbereinstimmung mit den Bestimmungen der Europ\u00e4ischen Datenschutz-Grundverordnung wird hiermit erkl\u00e4rt, dass die personenbezogenen Daten von Estrella Galicia Internacional, S.L. verarbeitet werden, deren vollst\u00e4ndige Identifikationsdaten in der \u00dcberschrift dieser Bedingungen angegeben sind.<\/p>\n\n\n\n<p><strong>5.2<\/strong> Die \u00fcber das Formular erhobenen personenbezogenen Daten des Nutzers werden zur Verwaltung seiner Registrierung f\u00fcr diese Initiative gem\u00e4\u00df den Bedingungen verwendet. Die Verarbeitung seiner Daten ist f\u00fcr die Entwicklung und Durchf\u00fchrung der Aktion erforderlich, was die Rechtsgrundlage f\u00fcr die Verarbeitung darstellt. Die Daten werden f\u00fcr die Dauer der Initiative und danach f\u00fcr den Zeitraum gespeichert, der erforderlich ist, um auf m\u00f6gliche Anspr\u00fcche von Teilnehmern zu reagieren.<\/p>\n\n\n\n<p><strong>5.3<\/strong> Von den Gewinnern werden zus\u00e4tzliche Informationen angefordert, und die Informationen k\u00f6nnen an kooperierende Unternehmen weitergegeben werden, um die Auslieferung des Preises zu verwalten. Estrella Galicia Internacional, S.L. kann die Identit\u00e4t der Gewinner \u00fcber seine Web-Assets und\/oder Social-Media-Konten ver\u00f6ffentlichen, um die Transparenz der Initiative zu gew\u00e4hrleisten.<\/p>\n\n\n\n<p><strong>5.4<\/strong> Dar\u00fcber hinaus wird Estrella Galicia Internacional, S.L. die angegebenen Kontaktdaten verwenden, um Mitteilungen \u00fcber Veranstaltungen und Aktionen von Estrella Galicia Especial und anderen verwandten Marken zu versenden, wobei das berechtigte Interesse des Datenverantwortlichen als Rechtsgrundlage f\u00fcr die Verarbeitung dient. Diese Mitteilungen werden so lange versandt, bis der Empf\u00e4nger Widerspruch einlegt.<\/p>\n\n\n\n<p><strong>5.5<\/strong> Die Teilnehmer haben das Recht, eine Best\u00e4tigung dar\u00fcber zu erhalten, ob personenbezogene Daten \u00fcber sie verarbeitet werden, auf ihre personenbezogenen Daten zuzugreifen und die Berichtigung unrichtiger Daten oder gegebenenfalls deren L\u00f6schung zu verlangen, wenn unter anderem die Daten f\u00fcr die Zwecke, f\u00fcr die sie erhoben wurden, nicht mehr erforderlich sind. Unter bestimmten Umst\u00e4nden k\u00f6nnen die betroffenen Personen die Einschr\u00e4nkung der Verarbeitung ihrer Daten beantragen oder der Verarbeitung widersprechen. In diesem Fall werden die Daten nur f\u00fcr die Aus\u00fcbung von Rechten oder die Verteidigung gegen Anspr\u00fcche aufbewahrt.<\/p>\n\n\n\n<p><strong>5.6<\/strong> Zu diesem Zweck k\u00f6nnen die Nutzer eine schriftliche Mitteilung an den Datenschutzausschuss, Jos\u00e9 Mar\u00eda Rivera Corral 6, 15008 A Coru\u00f1a, oder an die E-Mail-Adresse protecciondedatos@hdriv.es senden, wobei in beiden F\u00e4llen eine Kopie ihres Personalausweises oder eines gleichwertigen Nachweises beizuf\u00fcgen ist. Wenn die Nutzer mit der erhaltenen Antwort nicht zufrieden sind, k\u00f6nnen sie eine Beschwerde bei der spanischen Datenschutzbeh\u00f6rde einreichen, die unter https:\/\/sedeagpd.gob.es erreichbar ist.<\/p>\n\n\n\n<p><strong>6. Haftung und Gew\u00e4hrleistung<\/strong><\/p>\n\n\n\n<p><strong>6.1<\/strong> Die Estrella Galicia Internacional S.L. \u00fcbernimmt keine Gew\u00e4hr f\u00fcr die permanente Verf\u00fcgbarkeit und fehlerfreie Funktion des Gewinnspiels. Sie beh\u00e4lt sich das Recht vor, das Gewinnspiel jederzeit zu \u00e4ndern, zu unterbrechen oder zu beenden.<\/p>\n\n\n\n<p><strong>6.2<\/strong> Die Estrella Galicia Internacional S.L. haftet nicht f\u00fcr Sach- oder Rechtsm\u00e4ngel der ausgelobten Gewinne oder f\u00fcr die Abwicklung durch Kooperationspartner.<\/p>\n\n\n\n<p><strong>6.3<\/strong> Im \u00dcbrigen gilt die gesetzliche Haftung nach den im Originaltext beschriebenen Ma\u00dfgaben.<\/p>\n\n\n\n<p><strong>7. Beendigung des Gewinnspiels<\/strong><\/p>\n\n\n\n<p>Die Estrella Galicia Internacional S.L. beh\u00e4lt sich das Recht vor, das Gewinnspiel jederzeit aus wichtigem Grund ohne Vorank\u00fcndigung zu beenden oder zu unterbrechen. Bei schuldhaftem Verhalten eines Teilnehmers kann Schadenersatz verlangt werden.<\/p>\n\n\n\n<p><strong>8. Rechtsweg<\/strong><\/p>\n\n\n\n<p><strong>8.1<\/strong> Es gilt das Recht der Bundesrepublik Deutschland.<\/p>\n\n\n\n<p><strong>8.2<\/strong> Sollten einzelne Bestimmungen dieser Teilnahmebedingungen unwirksam sein, bleibt die Wirksamkeit der \u00fcbrigen Bestimmungen unber\u00fchrt.<\/p>\n\n\n\n<p><strong>Kontaktdaten:<\/strong><\/p>\n\n\n\n<p>Estrella Galicia Internacional S.L.<br>Calle Jose Maria Rivera Corral, Num. 6<br>15008 Coru\u00f1a (A) \u2013 Spain<br><a href=\"https:\/\/estrellagalicia.com\/de\">https:\/\/estrellagalicia.com\/de<\/a><\/p>\n<\/div><\/div>\n","protected":false},"excerpt":{"rendered":"","protected":false},"author":6,"featured_media":0,"parent":0,"menu_order":0,"comment_status":"closed","ping_status":"closed","template":"","meta":{"_acf_changed":false,"_coblocks_attr":"","_coblocks_dimensions":"","_coblocks_responsive_height":"","_coblocks_accordion_ie_support":"","footnotes":""},"acf":[],"yoast_head":"<!-- This site is optimized with the Yoast SEO plugin v22.8 - https:\/\/yoast.com\/wordpress\/plugins\/seo\/ -->\n<title>TEILNAHMEBEDINGUNGEN GEWINNSPIEL &quot;Estrella Galicia \u2013 Copa del Rey Finale 2026\u201c - Estrella Galicia Alemania<\/title>\n<meta name=\"robots\" content=\"index, follow, max-snippet:-1, max-image-preview:large, max-video-preview:-1\" \/>\n<link rel=\"canonical\" href=\"https:\/\/estrellagalicia.com\/de\/gewinnspiel-2026-rechtlichen-bestimmungen\/\" \/>\n<meta property=\"og:locale\" content=\"de_DE\" \/>\n<meta property=\"og:type\" content=\"article\" \/>\n<meta property=\"og:title\" content=\"TEILNAHMEBEDINGUNGEN GEWINNSPIEL &quot;Estrella Galicia \u2013 Copa del Rey Finale 2026\u201c - Estrella Galicia Alemania\" \/>\n<meta property=\"og:url\" content=\"https:\/\/estrellagalicia.com\/de\/gewinnspiel-2026-rechtlichen-bestimmungen\/\" \/>\n<meta property=\"og:site_name\" content=\"Estrella Galicia Alemania\" \/>\n<meta property=\"article:modified_time\" content=\"2026-02-09T07:15:33+00:00\" \/>\n<meta name=\"twitter:card\" content=\"summary_large_image\" \/>\n<meta name=\"twitter:label1\" content=\"Gesch\u00e4tzte Lesezeit\" \/>\n\t<meta name=\"twitter:data1\" content=\"6\u00a0Minuten\" \/>\n<script type=\"application\/ld+json\" class=\"yoast-schema-graph\">{\"@context\":\"https:\/\/schema.org\",\"@graph\":[{\"@type\":\"WebPage\",\"@id\":\"https:\/\/estrellagalicia.com\/de\/gewinnspiel-2026-rechtlichen-bestimmungen\/\",\"url\":\"https:\/\/estrellagalicia.com\/de\/gewinnspiel-2026-rechtlichen-bestimmungen\/\",\"name\":\"TEILNAHMEBEDINGUNGEN GEWINNSPIEL \\\"Estrella Galicia \u2013 Copa del Rey Finale 2026\u201c - Estrella Galicia Alemania\",\"isPartOf\":{\"@id\":\"https:\/\/estrellagalicia.com\/de\/#website\"},\"datePublished\":\"2026-02-09T07:15:13+00:00\",\"dateModified\":\"2026-02-09T07:15:33+00:00\",\"breadcrumb\":{\"@id\":\"https:\/\/estrellagalicia.com\/de\/gewinnspiel-2026-rechtlichen-bestimmungen\/#breadcrumb\"},\"inLanguage\":\"de\",\"potentialAction\":[{\"@type\":\"ReadAction\",\"target\":[\"https:\/\/estrellagalicia.com\/de\/gewinnspiel-2026-rechtlichen-bestimmungen\/\"]}]},{\"@type\":\"BreadcrumbList\",\"@id\":\"https:\/\/estrellagalicia.com\/de\/gewinnspiel-2026-rechtlichen-bestimmungen\/#breadcrumb\",\"itemListElement\":[{\"@type\":\"ListItem\",\"position\":1,\"name\":\"Home\",\"item\":\"https:\/\/estrellagalicia.com\/de\/\"},{\"@type\":\"ListItem\",\"position\":2,\"name\":\"TEILNAHMEBEDINGUNGEN GEWINNSPIEL \u00abEstrella Galicia \u2013 Copa del Rey Finale 2026\u201c\"}]},{\"@type\":\"WebSite\",\"@id\":\"https:\/\/estrellagalicia.com\/de\/#website\",\"url\":\"https:\/\/estrellagalicia.com\/de\/\",\"name\":\"Estrella Galicia Alemania\",\"description\":\"\",\"potentialAction\":[{\"@type\":\"SearchAction\",\"target\":{\"@type\":\"EntryPoint\",\"urlTemplate\":\"https:\/\/estrellagalicia.com\/de\/?s={search_term_string}\"},\"query-input\":\"required name=search_term_string\"}],\"inLanguage\":\"de\"}]}<\/script>\n<!-- \/ Yoast SEO plugin. -->","yoast_head_json":{"title":"TEILNAHMEBEDINGUNGEN GEWINNSPIEL \"Estrella Galicia \u2013 Copa del Rey Finale 2026\u201c - Estrella Galicia Alemania","robots":{"index":"index","follow":"follow","max-snippet":"max-snippet:-1","max-image-preview":"max-image-preview:large","max-video-preview":"max-video-preview:-1"},"canonical":"https:\/\/estrellagalicia.com\/de\/gewinnspiel-2026-rechtlichen-bestimmungen\/","og_locale":"de_DE","og_type":"article","og_title":"TEILNAHMEBEDINGUNGEN GEWINNSPIEL \"Estrella Galicia \u2013 Copa del Rey Finale 2026\u201c - Estrella Galicia Alemania","og_url":"https:\/\/estrellagalicia.com\/de\/gewinnspiel-2026-rechtlichen-bestimmungen\/","og_site_name":"Estrella Galicia Alemania","article_modified_time":"2026-02-09T07:15:33+00:00","twitter_card":"summary_large_image","twitter_misc":{"Gesch\u00e4tzte Lesezeit":"6\u00a0Minuten"},"schema":{"@context":"https:\/\/schema.org","@graph":[{"@type":"WebPage","@id":"https:\/\/estrellagalicia.com\/de\/gewinnspiel-2026-rechtlichen-bestimmungen\/","url":"https:\/\/estrellagalicia.com\/de\/gewinnspiel-2026-rechtlichen-bestimmungen\/","name":"TEILNAHMEBEDINGUNGEN GEWINNSPIEL \"Estrella Galicia \u2013 Copa del Rey Finale 2026\u201c - Estrella Galicia Alemania","isPartOf":{"@id":"https:\/\/estrellagalicia.com\/de\/#website"},"datePublished":"2026-02-09T07:15:13+00:00","dateModified":"2026-02-09T07:15:33+00:00","breadcrumb":{"@id":"https:\/\/estrellagalicia.com\/de\/gewinnspiel-2026-rechtlichen-bestimmungen\/#breadcrumb"},"inLanguage":"de","potentialAction":[{"@type":"ReadAction","target":["https:\/\/estrellagalicia.com\/de\/gewinnspiel-2026-rechtlichen-bestimmungen\/"]}]},{"@type":"BreadcrumbList","@id":"https:\/\/estrellagalicia.com\/de\/gewinnspiel-2026-rechtlichen-bestimmungen\/#breadcrumb","itemListElement":[{"@type":"ListItem","position":1,"name":"Home","item":"https:\/\/estrellagalicia.com\/de\/"},{"@type":"ListItem","position":2,"name":"TEILNAHMEBEDINGUNGEN GEWINNSPIEL \u00abEstrella Galicia \u2013 Copa del Rey Finale 2026\u201c"}]},{"@type":"WebSite","@id":"https:\/\/estrellagalicia.com\/de\/#website","url":"https:\/\/estrellagalicia.com\/de\/","name":"Estrella Galicia Alemania","description":"","potentialAction":[{"@type":"SearchAction","target":{"@type":"EntryPoint","urlTemplate":"https:\/\/estrellagalicia.com\/de\/?s={search_term_string}"},"query-input":"required name=search_term_string"}],"inLanguage":"de"}]}},"_links":{"self":[{"href":"https:\/\/estrellagalicia.com\/de\/wp-json\/wp\/v2\/pages\/1955"}],"collection":[{"href":"https:\/\/estrellagalicia.com\/de\/wp-json\/wp\/v2\/pages"}],"about":[{"href":"https:\/\/estrellagalicia.com\/de\/wp-json\/wp\/v2\/types\/page"}],"author":[{"embeddable":true,"href":"https:\/\/estrellagalicia.com\/de\/wp-json\/wp\/v2\/users\/6"}],"replies":[{"embeddable":true,"href":"https:\/\/estrellagalicia.com\/de\/wp-json\/wp\/v2\/comments?post=1955"}],"version-history":[{"count":2,"href":"https:\/\/estrellagalicia.com\/de\/wp-json\/wp\/v2\/pages\/1955\/revisions"}],"predecessor-version":[{"id":1957,"href":"https:\/\/estrellagalicia.com\/de\/wp-json\/wp\/v2\/pages\/1955\/revisions\/1957"}],"wp:attachment":[{"href":"https:\/\/estrellagalicia.com\/de\/wp-json\/wp\/v2\/media?parent=1955"}],"curies":[{"name":"wp","href":"https:\/\/api.w.org\/{rel}","templated":true}]}}