{"id":465,"date":"2019-07-18T08:09:54","date_gmt":"2019-07-18T06:09:54","guid":{"rendered":"https:\/\/estrellagalicia.com\/de\/?page_id=465"},"modified":"2020-01-14T11:39:16","modified_gmt":"2020-01-14T10:39:16","slug":"geschichte","status":"publish","type":"page","link":"https:\/\/estrellagalicia.com\/de\/geschichte\/","title":{"rendered":"Geschichte"},"content":{"rendered":"\n<div class=\"wp-block-hacce-wrapper py-5\" style=\"background-image:url(https:\/\/estrellagalicia.com\/de\/wp-content\/uploads\/2019\/07\/historia_bg-2.jpg)\">\n<h1 class=\"has-white-color has-text-color has-text-align-center wp-block-heading\">Geschichte<\/h1>\n\n\n\n<div class=\"wp-block-hacce-wrapper\"><div class=\"container\">\n<p class=\"has-text-color has-text-align-center has-white-color\"> Nach seiner R\u00fcckkehr aus Mexiko Ende des 19. Jahrhunderts gr\u00fcndet Jos\u00e9 Mar\u00eda Rivera Corral 1906 in La Coru\u00f1a die Fabrik \u201eLa Estrella de Galicia\u201c. Die Fabrik, deren Name an sein Unternehmen in Veracruz,&#8220;La Estrella de Oro&#8220;, erinnert, stellt K\u00fchl-Eis und Bier her, ein Produkt, das damals noch wenig konsumiert wird.  <\/p>\n<\/div><\/div>\n\n\n\n<div class=\"historia-bloque\">\n    <script type=\"text\/javascript\">\n    jQuery(document).ready(function($){\n        $('.decada-item').click(function(e){\n            e.preventDefault();\n            var slide = $(this).data('slide');\n            $('#slide-seleccionado').val(slide);\n            $('#form-decada').submit();\n        });\n    });\n<\/script>\n<form id=\"form-decada\" method=\"post\" action=\"https:\/\/estrellagalicia.com\/de\/geschichte\/\">\n    <input type=\"hidden\" value=\"\" name=\"slide-seleccionado\" id=\"slide-seleccionado\">\n<\/form>\n<div class=\"container historia-previa\">\n    <div class=\"row\">\n                    <div class=\"col-6 col-sm-6 col-md-4 col-lg-2 historia-item-wrap\">\n                <div class=\"historia-item decada-item\" data-slide=\"0\">\n                    <div class=\"data-decada\">\n                        <div class=\"anho\">1906<\/div>\n                        <div class=\"separador\"><\/div>\n                        <div class=\"anho\">1920<\/div>\n                    <\/div>\n                                        <div class=\"foto-historia\"><img loading=\"lazy\" decoding=\"async\" width=\"177\" height=\"240\" src=\"https:\/\/estrellagalicia.com\/de\/wp-content\/uploads\/2020\/01\/historia-1906-1920.png\" class=\"attachment-large size-large wp-post-image\" alt=\"\" \/><\/div>\n                <\/div>\n            <\/div>\n                    <div class=\"col-6 col-sm-6 col-md-4 col-lg-2 historia-item-wrap\">\n                <div class=\"historia-item decada-item\" data-slide=\"3\">\n                    <div class=\"data-decada\">\n                        <div class=\"anho\">1920<\/div>\n                        <div class=\"separador\"><\/div>\n                        <div class=\"anho\">1940<\/div>\n                    <\/div>\n                                        <div class=\"foto-historia\"><img loading=\"lazy\" decoding=\"async\" width=\"386\" height=\"298\" src=\"https:\/\/estrellagalicia.com\/de\/wp-content\/uploads\/2020\/01\/1920-40-1.png\" class=\"attachment-large size-large wp-post-image\" alt=\"\" srcset=\"https:\/\/estrellagalicia.com\/de\/wp-content\/uploads\/2020\/01\/1920-40-1.png 386w, https:\/\/estrellagalicia.com\/de\/wp-content\/uploads\/2020\/01\/1920-40-1-300x232.png 300w\" sizes=\"(max-width: 386px) 100vw, 386px\" \/><\/div>\n                <\/div>\n            <\/div>\n                    <div class=\"col-6 col-sm-6 col-md-4 col-lg-2 historia-item-wrap\">\n                <div class=\"historia-item decada-item\" data-slide=\"7\">\n                    <div class=\"data-decada\">\n                        <div class=\"anho\">1940<\/div>\n                        <div class=\"separador\"><\/div>\n                        <div class=\"anho\">1960<\/div>\n                    <\/div>\n                                        <div class=\"foto-historia\"><img loading=\"lazy\" decoding=\"async\" width=\"386\" height=\"298\" src=\"https:\/\/estrellagalicia.com\/de\/wp-content\/uploads\/2020\/01\/1940-60-1.png\" class=\"attachment-large size-large wp-post-image\" alt=\"\" srcset=\"https:\/\/estrellagalicia.com\/de\/wp-content\/uploads\/2020\/01\/1940-60-1.png 386w, https:\/\/estrellagalicia.com\/de\/wp-content\/uploads\/2020\/01\/1940-60-1-300x232.png 300w\" sizes=\"(max-width: 386px) 100vw, 386px\" \/><\/div>\n                <\/div>\n            <\/div>\n                    <div class=\"col-6 col-sm-6 col-md-4 col-lg-2 historia-item-wrap\">\n                <div class=\"historia-item decada-item\" data-slide=\"10\">\n                    <div class=\"data-decada\">\n                        <div class=\"anho\">1960<\/div>\n                        <div class=\"separador\"><\/div>\n                        <div class=\"anho\">1980<\/div>\n                    <\/div>\n                                        <div class=\"foto-historia\"><img loading=\"lazy\" decoding=\"async\" width=\"179\" height=\"233\" src=\"https:\/\/estrellagalicia.com\/de\/wp-content\/uploads\/2020\/01\/historia-1960-1980.png\" class=\"attachment-large size-large wp-post-image\" alt=\"\" \/><\/div>\n                <\/div>\n            <\/div>\n                    <div class=\"col-6 col-sm-6 col-md-4 col-lg-2 historia-item-wrap\">\n                <div class=\"historia-item decada-item\" data-slide=\"16\">\n                    <div class=\"data-decada\">\n                        <div class=\"anho\">1980<\/div>\n                        <div class=\"separador\"><\/div>\n                        <div class=\"anho\">2000<\/div>\n                    <\/div>\n                                        <div class=\"foto-historia\"><img loading=\"lazy\" decoding=\"async\" width=\"153\" height=\"239\" src=\"https:\/\/estrellagalicia.com\/de\/wp-content\/uploads\/2020\/01\/historia-1980-2000.png\" class=\"attachment-large size-large wp-post-image\" alt=\"\" \/><\/div>\n                <\/div>\n            <\/div>\n                    <div class=\"col-6 col-sm-6 col-md-4 col-lg-2 historia-item-wrap\">\n                <div class=\"historia-item decada-item\" data-slide=\"24\">\n                    <div class=\"data-decada\">\n                        <div class=\"anho\">2000<\/div>\n                        <div class=\"separador\"><\/div>\n                        <div class=\"anho\">2022<\/div>\n                    <\/div>\n                                        <div class=\"foto-historia\"><img loading=\"lazy\" decoding=\"async\" width=\"177\" height=\"248\" src=\"https:\/\/estrellagalicia.com\/de\/wp-content\/uploads\/2020\/01\/historia-2000-2016-1-1.png\" class=\"attachment-large size-large wp-post-image\" alt=\"\" \/><\/div>\n                <\/div>\n            <\/div>\n            <\/div>\n<\/div>\n<\/div>\n<\/div>\n","protected":false},"excerpt":{"rendered":"","protected":false},"author":6,"featured_media":0,"parent":0,"menu_order":0,"comment_status":"closed","ping_status":"closed","template":"templates\/template-fullwidth.php","meta":{"_acf_changed":false,"_coblocks_attr":"","_coblocks_dimensions":"","_coblocks_responsive_height":"","_coblocks_accordion_ie_support":"","footnotes":""},"acf":[],"yoast_head":"<!-- This site is optimized with the Yoast SEO plugin v22.8 - https:\/\/yoast.com\/wordpress\/plugins\/seo\/ -->\n<title>Cervezas Estrella Galicia | Firmengeschichte<\/title>\n<meta name=\"description\" content=\"Seit 1906 hat sich Estrella Galicia zu dem gro\u00dfen Unternehmen entwickelt, das es heute ist \u2013 ohne dabei die Leidenschaft f\u00fcr Bier aus den Augen zu verlieren. Lern uns kennen!\" \/>\n<meta name=\"robots\" content=\"index, follow, max-snippet:-1, max-image-preview:large, max-video-preview:-1\" \/>\n<link rel=\"canonical\" href=\"https:\/\/estrellagalicia.com\/de\/geschichte\/\" \/>\n<meta property=\"og:locale\" content=\"de_DE\" \/>\n<meta property=\"og:type\" content=\"article\" \/>\n<meta property=\"og:title\" content=\"Cervezas Estrella Galicia | Firmengeschichte\" \/>\n<meta property=\"og:description\" content=\"Seit 1906 hat sich Estrella Galicia zu dem gro\u00dfen Unternehmen entwickelt, das es heute ist \u2013 ohne dabei die Leidenschaft f\u00fcr Bier aus den Augen zu verlieren. Lern uns kennen!\" \/>\n<meta property=\"og:url\" content=\"https:\/\/estrellagalicia.com\/de\/geschichte\/\" \/>\n<meta property=\"og:site_name\" content=\"Estrella Galicia Alemania\" \/>\n<meta property=\"article:modified_time\" content=\"2020-01-14T10:39:16+00:00\" \/>\n<meta name=\"twitter:card\" content=\"summary_large_image\" \/>\n<script type=\"application\/ld+json\" class=\"yoast-schema-graph\">{\"@context\":\"https:\/\/schema.org\",\"@graph\":[{\"@type\":\"WebPage\",\"@id\":\"https:\/\/estrellagalicia.com\/de\/geschichte\/\",\"url\":\"https:\/\/estrellagalicia.com\/de\/geschichte\/\",\"name\":\"Cervezas Estrella Galicia | Firmengeschichte\",\"isPartOf\":{\"@id\":\"https:\/\/estrellagalicia.com\/de\/#website\"},\"datePublished\":\"2019-07-18T06:09:54+00:00\",\"dateModified\":\"2020-01-14T10:39:16+00:00\",\"description\":\"Seit 1906 hat sich Estrella Galicia zu dem gro\u00dfen Unternehmen entwickelt, das es heute ist \u2013 ohne dabei die Leidenschaft f\u00fcr Bier aus den Augen zu verlieren. Lern uns kennen!\",\"breadcrumb\":{\"@id\":\"https:\/\/estrellagalicia.com\/de\/geschichte\/#breadcrumb\"},\"inLanguage\":\"de\",\"potentialAction\":[{\"@type\":\"ReadAction\",\"target\":[\"https:\/\/estrellagalicia.com\/de\/geschichte\/\"]}]},{\"@type\":\"BreadcrumbList\",\"@id\":\"https:\/\/estrellagalicia.com\/de\/geschichte\/#breadcrumb\",\"itemListElement\":[{\"@type\":\"ListItem\",\"position\":1,\"name\":\"Home\",\"item\":\"https:\/\/estrellagalicia.com\/de\/\"},{\"@type\":\"ListItem\",\"position\":2,\"name\":\"Geschichte\"}]},{\"@type\":\"WebSite\",\"@id\":\"https:\/\/estrellagalicia.com\/de\/#website\",\"url\":\"https:\/\/estrellagalicia.com\/de\/\",\"name\":\"Estrella Galicia Alemania\",\"description\":\"\",\"potentialAction\":[{\"@type\":\"SearchAction\",\"target\":{\"@type\":\"EntryPoint\",\"urlTemplate\":\"https:\/\/estrellagalicia.com\/de\/?s={search_term_string}\"},\"query-input\":\"required name=search_term_string\"}],\"inLanguage\":\"de\"}]}<\/script>\n<!-- \/ Yoast SEO plugin. -->","yoast_head_json":{"title":"Cervezas Estrella Galicia | Firmengeschichte","description":"Seit 1906 hat sich Estrella Galicia zu dem gro\u00dfen Unternehmen entwickelt, das es heute ist \u2013 ohne dabei die Leidenschaft f\u00fcr Bier aus den Augen zu verlieren. Lern uns kennen!","robots":{"index":"index","follow":"follow","max-snippet":"max-snippet:-1","max-image-preview":"max-image-preview:large","max-video-preview":"max-video-preview:-1"},"canonical":"https:\/\/estrellagalicia.com\/de\/geschichte\/","og_locale":"de_DE","og_type":"article","og_title":"Cervezas Estrella Galicia | Firmengeschichte","og_description":"Seit 1906 hat sich Estrella Galicia zu dem gro\u00dfen Unternehmen entwickelt, das es heute ist \u2013 ohne dabei die Leidenschaft f\u00fcr Bier aus den Augen zu verlieren. Lern uns kennen!","og_url":"https:\/\/estrellagalicia.com\/de\/geschichte\/","og_site_name":"Estrella Galicia Alemania","article_modified_time":"2020-01-14T10:39:16+00:00","twitter_card":"summary_large_image","schema":{"@context":"https:\/\/schema.org","@graph":[{"@type":"WebPage","@id":"https:\/\/estrellagalicia.com\/de\/geschichte\/","url":"https:\/\/estrellagalicia.com\/de\/geschichte\/","name":"Cervezas Estrella Galicia | Firmengeschichte","isPartOf":{"@id":"https:\/\/estrellagalicia.com\/de\/#website"},"datePublished":"2019-07-18T06:09:54+00:00","dateModified":"2020-01-14T10:39:16+00:00","description":"Seit 1906 hat sich Estrella Galicia zu dem gro\u00dfen Unternehmen entwickelt, das es heute ist \u2013 ohne dabei die Leidenschaft f\u00fcr Bier aus den Augen zu verlieren. Lern uns kennen!","breadcrumb":{"@id":"https:\/\/estrellagalicia.com\/de\/geschichte\/#breadcrumb"},"inLanguage":"de","potentialAction":[{"@type":"ReadAction","target":["https:\/\/estrellagalicia.com\/de\/geschichte\/"]}]},{"@type":"BreadcrumbList","@id":"https:\/\/estrellagalicia.com\/de\/geschichte\/#breadcrumb","itemListElement":[{"@type":"ListItem","position":1,"name":"Home","item":"https:\/\/estrellagalicia.com\/de\/"},{"@type":"ListItem","position":2,"name":"Geschichte"}]},{"@type":"WebSite","@id":"https:\/\/estrellagalicia.com\/de\/#website","url":"https:\/\/estrellagalicia.com\/de\/","name":"Estrella Galicia Alemania","description":"","potentialAction":[{"@type":"SearchAction","target":{"@type":"EntryPoint","urlTemplate":"https:\/\/estrellagalicia.com\/de\/?s={search_term_string}"},"query-input":"required name=search_term_string"}],"inLanguage":"de"}]}},"_links":{"self":[{"href":"https:\/\/estrellagalicia.com\/de\/wp-json\/wp\/v2\/pages\/465"}],"collection":[{"href":"https:\/\/estrellagalicia.com\/de\/wp-json\/wp\/v2\/pages"}],"about":[{"href":"https:\/\/estrellagalicia.com\/de\/wp-json\/wp\/v2\/types\/page"}],"author":[{"embeddable":true,"href":"https:\/\/estrellagalicia.com\/de\/wp-json\/wp\/v2\/users\/6"}],"replies":[{"embeddable":true,"href":"https:\/\/estrellagalicia.com\/de\/wp-json\/wp\/v2\/comments?post=465"}],"version-history":[{"count":15,"href":"https:\/\/estrellagalicia.com\/de\/wp-json\/wp\/v2\/pages\/465\/revisions"}],"predecessor-version":[{"id":1615,"href":"https:\/\/estrellagalicia.com\/de\/wp-json\/wp\/v2\/pages\/465\/revisions\/1615"}],"wp:attachment":[{"href":"https:\/\/estrellagalicia.com\/de\/wp-json\/wp\/v2\/media?parent=465"}],"curies":[{"name":"wp","href":"https:\/\/api.w.org\/{rel}","templated":true}]}}