{"id":83,"date":"2019-06-24T16:05:41","date_gmt":"2019-06-24T14:05:41","guid":{"rendered":"https:\/\/estrellagalicia.com\/de\/?page_id=83"},"modified":"2026-02-09T08:21:36","modified_gmt":"2026-02-09T07:21:36","slug":"datenschutzerklarung-und-cookie-richtlinie","status":"publish","type":"page","link":"https:\/\/estrellagalicia.com\/de\/datenschutzerklarung-und-cookie-richtlinie\/","title":{"rendered":"Datenschutzerkl\u00e4rung"},"content":{"rendered":"\n<p><strong>Wer ist f\u00fcr die Verarbeitung Ihrer Daten verantwortlich?<\/strong><\/p>\n\n\n\n<p>Verantwortlich f\u00fcr die Verarbeitung ist der Webseitenbetreiber, dessen vollst\u00e4ndige Identifikationsdaten wie folgt lauten: Estrella Galicia Internacional, S.L.U., mit spanischer Steuernummer (CIF) B01606789 und Sitz in c\/Jos\u00e9 Mar\u00eda Rivera Corral 6, 15008 A Coru\u00f1a, Spanien.<\/p>\n\n\n\n<p><strong>Zu welchem Zweck verarbeiten wir Ihre personenbezogenen Daten?<\/strong><\/p>\n\n\n\n<p>Die Zwecke sind folgende:<\/p>\n\n\n\n<ol>\n<li>Kontakt: Der Nutzer kann die ihm zur Verf\u00fcgung gestellten Telefonnummern und Formulare nutzen, um Anfragen, Beschwerden oder Vorschl\u00e4ge zu \u00fcbermitteln und mit den Verantwortlichen in Kontakt zu bleiben.<\/li>\n\n\n\n<li>Versand von Mitteilungen und Newslettern: Der Nutzer kann den Versand von Mitteilungen \u00fcber das von ihm gew\u00e4hlte Medium beantragen, sei es per E-Mail, Messaging-Systeme, Benachrichtigungssysteme oder andere.<\/li>\n\n\n\n<li>Erstellung eines Profils: Um die Vorlieben und Pr\u00e4ferenzen unserer Nutzer zu ermitteln, verwenden wir die bereitgestellten Daten, damit wir unsere Produkte und Dienstleistungen sowie unsere Vertriebs- und Marketingma\u00dfnahmen personalisieren k\u00f6nnen, auch auf den Plattformen oder sozialen Netzwerken, auf denen der Nutzer pr\u00e4sent ist. Die Erstellung eines Profils f\u00fchrt in keinem Fall zu automatisierten Entscheidungen, die rechtliche Auswirkungen haben oder den Nutzer in \u00e4hnlicher Weise erheblich beeintr\u00e4chtigen.<\/li>\n\n\n\n<li>Werbeaktionen und Wettbewerbe: Wenn Sie an einer unserer Aktivit\u00e4ten oder Wettbewerbe teilnehmen, verarbeiten wir die von Ihnen bereitgestellten Daten entsprechend den Anforderungen der jeweiligen Werbeaktion. F\u00fcr jede Aktion werden die entsprechenden Rechtsgrundlagen ver\u00f6ffentlicht, in denen detaillierte Informationen zur Verarbeitung personenbezogener Daten bereitgestellt werden.<\/li>\n<\/ol>\n\n\n\n<p><strong>Wie lange bewahren wir Ihre Daten auf?<\/strong><\/p>\n\n\n\n<p>Die Speicherdauer ist folgende:<\/p>\n\n\n\n<ol>\n<li>Kontakt: Die Daten werden so lange gespeichert, wie es zur Erf\u00fcllung des verfolgten Zwecks erforderlich ist. Sie werden gel\u00f6scht, wenn der Nutzer eine bestimmte Zeit lang inaktiv war.&nbsp;<\/li>\n\n\n\n<li>Versand von Mitteilungen und Newslettern: Die Daten werden ab dem Zeitpunkt der Einwilligung des Nutzers bis zum Widerruf dieser Einwilligung verarbeitet, wobei der Nutzer seine Einwilligung beliebig oft erteilen und widerrufen kann.<\/li>\n\n\n\n<li>Erstellung eines Profils: Die Daten werden ab dem Zeitpunkt der Einwilligung des Nutzers bis zum Widerruf dieser Einwilligung \u00fcber die daf\u00fcr vorgesehenen Medien verarbeitet.<\/li>\n\n\n\n<li>Werbeaktionen und Wettbewerbe: Wir speichern die Daten f\u00fcr die Dauer der Aktion und bewahren sie so lange auf, wie es f\u00fcr die Bearbeitung m\u00f6glicher Reklamationen erforderlich ist, oder f\u00fcr den gesetzlich festgelegten Zeitraum.<\/li>\n<\/ol>\n\n\n\n<p><strong>Auf welcher Rechtsgrundlage verarbeiten wir Ihre Daten?<\/strong><\/p>\n\n\n\n<p>Wenn Sie uns eine Anfrage senden oder den Versand von Mitteilungen und Newslettern oder die Erstellung eines Profils beantragen, ist die Rechtsgrundlage f\u00fcr die Verarbeitung Ihre Einwilligung. Wenn Sie sich f\u00fcr die Teilnahme an einer Werbeaktion oder einem Gewinnspiel entscheiden, ist die Rechtsgrundlage f\u00fcr die Verarbeitung die Erf\u00fcllung des Vertragsverh\u00e4ltnisses durch die Annahme der entsprechenden Rechtsgrundlagen. Gegebenenfalls st\u00fctzt sich der Versand von Mitteilungen und Newslettern auch auf das berechtigte Interesse des Webseitenbetreibers.<\/p>\n\n\n\n<p><strong>An wen geben wir Ihre Daten weiter?<\/strong><\/p>\n\n\n\n<p>Ihre Daten werden nicht an Dritte weitergegeben, mit Ausnahme von F\u00e4llen, in denen wir rechtlich dazu verpflichtet sind, wie etwa auf Anfrage von staatlichen Sicherheitsbeh\u00f6rden oder der Justiz.<\/p>\n\n\n\n<p><strong>Welche Rechte haben Sie, wenn Sie uns Ihre Daten zur Verf\u00fcgung stellen?<\/strong><\/p>\n\n\n\n<p>Sie haben das Recht, Ihre Einwilligung zur Datenverarbeitung zu widerrufen, zus\u00e4tzliche Informationen zu erhalten, auf Ihre Daten zuzugreifen, unrichtige Daten zu berichtigen oder die Einschr\u00e4nkung der Verarbeitung Ihrer Daten oder deren L\u00f6schung zu verlangen.<\/p>\n\n\n\n<p>Um die genannten Rechte auszu\u00fcben, k\u00f6nnen Sie sich an den Datenschutz-Ausschuss wenden. Dieser ist per E-Mail unter protecciondedatos@hdriv.es oder postalisch unter Comit\u00e9 de Protecci\u00f3n de Datos, c\/Jos\u00e9 Mar\u00eda Rivera Corral 6, 15008 A Coru\u00f1a, Spanien erreichbar. In beiden F\u00e4llen ist eine Fotokopie Ihres Personalausweises oder eines gleichwertigen Ausweisdokuments beizuf\u00fcgen.<\/p>\n\n\n\n<p>Nutzer, die dies w\u00fcnschen, k\u00f6nnen eine Beschwerde bei der spanischen Datenschutzbeh\u00f6rde (Agencia Espa\u00f1ola de Protecci\u00f3n de Datos) einreichen, die unter https:\/\/sedeagpd.gob.es erreichbar ist.<\/p>\n\n\n\n<div style=\"height:100px\" aria-hidden=\"true\" class=\"wp-block-spacer\"><\/div>\n","protected":false},"excerpt":{"rendered":"<p>Wer ist f\u00fcr die Verarbeitung Ihrer Daten verantwortlich? Verantwortlich f\u00fcr die Verarbeitung ist der Webseitenbetreiber, dessen vollst\u00e4ndige Identifikationsdaten wie folgt lauten: Estrella Galicia Internacional, S.L.U., mit spanischer Steuernummer (CIF) B01606789 und Sitz in c\/Jos\u00e9 Mar\u00eda Rivera Corral 6, 15008 A Coru\u00f1a, Spanien. Zu welchem Zweck verarbeiten wir Ihre personenbezogenen Daten? Die Zwecke sind folgende: Wie [&hellip;]<\/p>\n","protected":false},"author":1,"featured_media":0,"parent":0,"menu_order":0,"comment_status":"closed","ping_status":"closed","template":"","meta":{"_acf_changed":false,"_coblocks_attr":"","_coblocks_dimensions":"","_coblocks_responsive_height":"","_coblocks_accordion_ie_support":"","footnotes":""},"acf":[],"yoast_head":"<!-- This site is optimized with the Yoast SEO plugin v22.8 - https:\/\/yoast.com\/wordpress\/plugins\/seo\/ -->\n<title>Datenschutzerkl\u00e4rung - Estrella Galicia Alemania<\/title>\n<meta name=\"robots\" content=\"index, follow, max-snippet:-1, max-image-preview:large, max-video-preview:-1\" \/>\n<link rel=\"canonical\" href=\"https:\/\/estrellagalicia.com\/de\/datenschutzerklarung-und-cookie-richtlinie\/\" \/>\n<meta property=\"og:locale\" content=\"de_DE\" \/>\n<meta property=\"og:type\" content=\"article\" \/>\n<meta property=\"og:title\" content=\"Datenschutzerkl\u00e4rung - Estrella Galicia Alemania\" \/>\n<meta property=\"og:description\" content=\"Wer ist f\u00fcr die Verarbeitung Ihrer Daten verantwortlich? Verantwortlich f\u00fcr die Verarbeitung ist der Webseitenbetreiber, dessen vollst\u00e4ndige Identifikationsdaten wie folgt lauten: Estrella Galicia Internacional, S.L.U., mit spanischer Steuernummer (CIF) B01606789 und Sitz in c\/Jos\u00e9 Mar\u00eda Rivera Corral 6, 15008 A Coru\u00f1a, Spanien. Zu welchem Zweck verarbeiten wir Ihre personenbezogenen Daten? Die Zwecke sind folgende: Wie [&hellip;]\" \/>\n<meta property=\"og:url\" content=\"https:\/\/estrellagalicia.com\/de\/datenschutzerklarung-und-cookie-richtlinie\/\" \/>\n<meta property=\"og:site_name\" content=\"Estrella Galicia Alemania\" \/>\n<meta property=\"article:modified_time\" content=\"2026-02-09T07:21:36+00:00\" \/>\n<meta name=\"twitter:card\" content=\"summary_large_image\" \/>\n<meta name=\"twitter:label1\" content=\"Gesch\u00e4tzte Lesezeit\" \/>\n\t<meta name=\"twitter:data1\" content=\"4\u00a0Minuten\" \/>\n<script type=\"application\/ld+json\" class=\"yoast-schema-graph\">{\"@context\":\"https:\/\/schema.org\",\"@graph\":[{\"@type\":\"WebPage\",\"@id\":\"https:\/\/estrellagalicia.com\/de\/datenschutzerklarung-und-cookie-richtlinie\/\",\"url\":\"https:\/\/estrellagalicia.com\/de\/datenschutzerklarung-und-cookie-richtlinie\/\",\"name\":\"Datenschutzerkl\u00e4rung - Estrella Galicia Alemania\",\"isPartOf\":{\"@id\":\"https:\/\/estrellagalicia.com\/de\/#website\"},\"datePublished\":\"2019-06-24T14:05:41+00:00\",\"dateModified\":\"2026-02-09T07:21:36+00:00\",\"breadcrumb\":{\"@id\":\"https:\/\/estrellagalicia.com\/de\/datenschutzerklarung-und-cookie-richtlinie\/#breadcrumb\"},\"inLanguage\":\"de\",\"potentialAction\":[{\"@type\":\"ReadAction\",\"target\":[\"https:\/\/estrellagalicia.com\/de\/datenschutzerklarung-und-cookie-richtlinie\/\"]}]},{\"@type\":\"BreadcrumbList\",\"@id\":\"https:\/\/estrellagalicia.com\/de\/datenschutzerklarung-und-cookie-richtlinie\/#breadcrumb\",\"itemListElement\":[{\"@type\":\"ListItem\",\"position\":1,\"name\":\"Home\",\"item\":\"https:\/\/estrellagalicia.com\/de\/\"},{\"@type\":\"ListItem\",\"position\":2,\"name\":\"Datenschutzerkl\u00e4rung\"}]},{\"@type\":\"WebSite\",\"@id\":\"https:\/\/estrellagalicia.com\/de\/#website\",\"url\":\"https:\/\/estrellagalicia.com\/de\/\",\"name\":\"Estrella Galicia Alemania\",\"description\":\"\",\"potentialAction\":[{\"@type\":\"SearchAction\",\"target\":{\"@type\":\"EntryPoint\",\"urlTemplate\":\"https:\/\/estrellagalicia.com\/de\/?s={search_term_string}\"},\"query-input\":\"required name=search_term_string\"}],\"inLanguage\":\"de\"}]}<\/script>\n<!-- \/ Yoast SEO plugin. -->","yoast_head_json":{"title":"Datenschutzerkl\u00e4rung - Estrella Galicia Alemania","robots":{"index":"index","follow":"follow","max-snippet":"max-snippet:-1","max-image-preview":"max-image-preview:large","max-video-preview":"max-video-preview:-1"},"canonical":"https:\/\/estrellagalicia.com\/de\/datenschutzerklarung-und-cookie-richtlinie\/","og_locale":"de_DE","og_type":"article","og_title":"Datenschutzerkl\u00e4rung - Estrella Galicia Alemania","og_description":"Wer ist f\u00fcr die Verarbeitung Ihrer Daten verantwortlich? Verantwortlich f\u00fcr die Verarbeitung ist der Webseitenbetreiber, dessen vollst\u00e4ndige Identifikationsdaten wie folgt lauten: Estrella Galicia Internacional, S.L.U., mit spanischer Steuernummer (CIF) B01606789 und Sitz in c\/Jos\u00e9 Mar\u00eda Rivera Corral 6, 15008 A Coru\u00f1a, Spanien. Zu welchem Zweck verarbeiten wir Ihre personenbezogenen Daten? Die Zwecke sind folgende: Wie [&hellip;]","og_url":"https:\/\/estrellagalicia.com\/de\/datenschutzerklarung-und-cookie-richtlinie\/","og_site_name":"Estrella Galicia Alemania","article_modified_time":"2026-02-09T07:21:36+00:00","twitter_card":"summary_large_image","twitter_misc":{"Gesch\u00e4tzte Lesezeit":"4\u00a0Minuten"},"schema":{"@context":"https:\/\/schema.org","@graph":[{"@type":"WebPage","@id":"https:\/\/estrellagalicia.com\/de\/datenschutzerklarung-und-cookie-richtlinie\/","url":"https:\/\/estrellagalicia.com\/de\/datenschutzerklarung-und-cookie-richtlinie\/","name":"Datenschutzerkl\u00e4rung - Estrella Galicia Alemania","isPartOf":{"@id":"https:\/\/estrellagalicia.com\/de\/#website"},"datePublished":"2019-06-24T14:05:41+00:00","dateModified":"2026-02-09T07:21:36+00:00","breadcrumb":{"@id":"https:\/\/estrellagalicia.com\/de\/datenschutzerklarung-und-cookie-richtlinie\/#breadcrumb"},"inLanguage":"de","potentialAction":[{"@type":"ReadAction","target":["https:\/\/estrellagalicia.com\/de\/datenschutzerklarung-und-cookie-richtlinie\/"]}]},{"@type":"BreadcrumbList","@id":"https:\/\/estrellagalicia.com\/de\/datenschutzerklarung-und-cookie-richtlinie\/#breadcrumb","itemListElement":[{"@type":"ListItem","position":1,"name":"Home","item":"https:\/\/estrellagalicia.com\/de\/"},{"@type":"ListItem","position":2,"name":"Datenschutzerkl\u00e4rung"}]},{"@type":"WebSite","@id":"https:\/\/estrellagalicia.com\/de\/#website","url":"https:\/\/estrellagalicia.com\/de\/","name":"Estrella Galicia Alemania","description":"","potentialAction":[{"@type":"SearchAction","target":{"@type":"EntryPoint","urlTemplate":"https:\/\/estrellagalicia.com\/de\/?s={search_term_string}"},"query-input":"required name=search_term_string"}],"inLanguage":"de"}]}},"_links":{"self":[{"href":"https:\/\/estrellagalicia.com\/de\/wp-json\/wp\/v2\/pages\/83"}],"collection":[{"href":"https:\/\/estrellagalicia.com\/de\/wp-json\/wp\/v2\/pages"}],"about":[{"href":"https:\/\/estrellagalicia.com\/de\/wp-json\/wp\/v2\/types\/page"}],"author":[{"embeddable":true,"href":"https:\/\/estrellagalicia.com\/de\/wp-json\/wp\/v2\/users\/1"}],"replies":[{"embeddable":true,"href":"https:\/\/estrellagalicia.com\/de\/wp-json\/wp\/v2\/comments?post=83"}],"version-history":[{"count":16,"href":"https:\/\/estrellagalicia.com\/de\/wp-json\/wp\/v2\/pages\/83\/revisions"}],"predecessor-version":[{"id":1965,"href":"https:\/\/estrellagalicia.com\/de\/wp-json\/wp\/v2\/pages\/83\/revisions\/1965"}],"wp:attachment":[{"href":"https:\/\/estrellagalicia.com\/de\/wp-json\/wp\/v2\/media?parent=83"}],"curies":[{"name":"wp","href":"https:\/\/api.w.org\/{rel}","templated":true}]}}