{"id":85,"date":"2019-06-24T16:05:58","date_gmt":"2019-06-24T14:05:58","guid":{"rendered":"https:\/\/estrellagalicia.com\/de\/?page_id=85"},"modified":"2026-02-09T08:20:55","modified_gmt":"2026-02-09T07:20:55","slug":"impressum","status":"publish","type":"page","link":"https:\/\/estrellagalicia.com\/de\/impressum\/","title":{"rendered":"Impressum"},"content":{"rendered":"\n<p><strong>1. Unternehmens- und Kontaktdaten&nbsp;<\/strong><\/p>\n\n\n\n<p><strong>Informationen zum Webseitenbetreiber<\/strong><\/p>\n\n\n\n<ul>\n<li>Name des Unternehmens: Estrella Galicia Internacional, S.L.U.<\/li>\n\n\n\n<li>Steuernummer (CIF\/NIF): B01606789<\/li>\n\n\n\n<li>Sitz des Unternehmens: c\/ Jos\u00e9 Mar\u00eda Rivera Corral, 6 15008 A Coru\u00f1a<\/li>\n\n\n\n<li>Telefon: 981901906<\/li>\n\n\n\n<li>E-Mail: <a href=\"mailto:comunicaci%C3%B3n@estrellagalicia.es\">comunicaci\u00f3n@estrellagalicia.es<\/a><\/li>\n\n\n\n<li>Angaben zur Eintragung im Handelsregister: A Coru\u00f1a, Band (Tomo) 3720, Blatt (folio) 190 y Seite (hoja) C-59633<\/li>\n<\/ul>\n\n\n\n<p><strong>2. Gegenstand<\/strong><\/p>\n\n\n\n<p>Die vorliegenden Bedingungen regeln die Nutzung der Webseite, die der Webseitenbetreiber den Nutzern gestattet. Diese Bedingungen k\u00f6nnen ohne Vorank\u00fcndigung ge\u00e4ndert werden. Daher wird empfohlen, die Bedingungen regelm\u00e4\u00dfig zu pr\u00fcfen, insbesondere wenn Sie beabsichtigen, die Produkte und\/oder Dienstleistungen tats\u00e4chlich zu nutzen.<\/p>\n\n\n\n<p><strong>3. Zugangs- und Nutzungsbedingungen<\/strong><\/p>\n\n\n\n<p>Der Zugang zur Webseite ist kostenlos. Personen, die die Webseite aufrufen, werden als \u201eNutzer\u201c bezeichnet. Nutzer k\u00f6nnen auf die auf der Webseite bereitgestellten Inhalte zugreifen oder auch Kontakt mit den Administratoren aufnehmen.<\/p>\n\n\n\n<p>Der Nutzer muss daher die vorliegenden Nutzungsbedingungen lesen, verstehen und akzeptieren, bevor er mit der Navigation und\/oder der Nutzung der Dienste fortfahren kann. Dies impliziert die ausdr\u00fcckliche Annahme und Einhaltung der im Folgenden aufgef\u00fchrten Allgemeinen Gesch\u00e4ftsbedingungen: i) Verpflichtung zum achtsamen Umgang mit den Ressourcen unter strikter Einhaltung der geltenden Rechtsvorschriften und Beachtung der guten Umgangsformen sowie der \u201eNetiquette\u201c, d. h. der allgemeinen Verhaltensregeln im Internet; ii) Der Nutzer stimmt den Allgemeinen Gesch\u00e4ftsbedingungen oder Teilnahmebedingungen eines bestimmten Dienstes oder einer bestimmten Ressource &#8211; sofern erforderlich &#8211; zu, was gegebenenfalls ausdr\u00fccklich verlangt wird; und iii) Der Nutzer darf die Webseite nicht f\u00fcr andere als die im Rahmen dieser Nutzungsbedingungen festgelegten Zwecke, insbesondere nicht f\u00fcr illegale, anst\u00f6\u00dfige, auf irgendeine Art der \u00f6ffentlichen Ordnung zuwiderlaufende Zwecke oder f\u00fcr Straftaten verwenden.<\/p>\n\n\n\n<p>Ebenso \u00fcbernimmt der Webseitenbetreiber, wenn Kommentare oder Meinungsbeitr\u00e4ge zugelassen sind, keinerlei Haftung f\u00fcr die von Dritten ge\u00e4u\u00dferten Meinungen, beh\u00e4lt sich jedoch das Recht vor, beleidigende oder unangemessene Beitr\u00e4ge zu entfernen oder gar nicht erst zu ver\u00f6ffentlichen oder auch, wenn das Vorstehende nicht zutrifft, sobald er \u00fcber den Inhalt eines ver\u00f6ffentlichten Beitrags tats\u00e4chlich Kenntnis erlangt hat, den entsprechenden Beitrag zu entfernen.<\/p>\n\n\n\n<p><strong>4. Geistiges und gewerbliches Eigentum.<\/strong><\/p>\n\n\n\n<p>Der Webseitenbetreiber besitzt alle Rechte an der Webseite, den dazugeh\u00f6rigen Logos, der Struktur, den Bildern und den Bestandteilen des Objektcodes sowie an der Programmierung und der technischen Erstellung des Quellcodes. Alle diese Elemente sowie die enthaltenen Ver\u00f6ffentlichungen sind durch die spanischen und europ\u00e4ischen Vorschriften zum geistigen und gewerblichen Eigentum gesch\u00fctzt.<\/p>\n\n\n\n<p>Jede Vervielf\u00e4ltigung, Anpassung, Ver\u00e4nderung oder \u00f6ffentliche Wiedergabe des Inhalts der Webseite im Ganzen oder in Teilen in jeglicher Form und mit jeglichen Mitteln, sei es mechanisch, manuell oder anderweitig, ist ohne die ausdr\u00fcckliche Zustimmung des Webseitenbetreibers untersagt.<\/p>\n\n\n\n<p>Jeder erstellte Link zu dieser Webseite muss auf die Homepage oder Startseite f\u00fchren. Die Erstellung von Deeplinks oder von Links, die zu anderen als den genannten Inhalten f\u00fchren, ist untersagt. Ebenso ist die Verwendung von Frames oder Framing-Techniken untersagt.&nbsp;<\/p>\n\n\n\n<p><strong>5.<\/strong> <strong>Schutz personenbezogener Daten.<\/strong><\/p>\n\n\n\n<p>Der Webseitenbetreiber hat alle technischen und organisatorischen Sicherheitsma\u00dfnahmen getroffen, die in den Datenschutzbestimmungen, insbesondere im Rahmen des spanischen Gesetzes (Ley Org\u00e1nica) 3\/2018 zum Schutz personenbezogener Daten und zur Gew\u00e4hrleistung digitaler Rechte sowie der europ\u00e4ischen Datenschutz-Grundverordnung (DSGVO) 2016\/679, vorgesehen sind.&nbsp;<\/p>\n\n\n\n<p>Alle Informationen zu diesem Thema finden Sie im Abschnitt zur \u201eDatenschutzerkl\u00e4rung\u201c.&nbsp;<\/p>\n\n\n\n<p><strong>6.<\/strong> <strong>Anwendbares Recht und Gerichtsstand.<\/strong><\/p>\n\n\n\n<p>Die vorliegenden Allgemeinen Bedingungen unterliegen spanischem Recht; s\u00e4mtliche Streitigkeiten werden ausschlie\u00dflich vor den Gerichten der Stadt A Coru\u00f1a ausgetragen, mit Verzicht auf jeden anderen allgemeinen oder besonderen Gerichtsstand, der zust\u00e4ndig sein k\u00f6nnte.<\/p>\n\n\n\n<div style=\"height:100px\" aria-hidden=\"true\" class=\"wp-block-spacer\"><\/div>\n","protected":false},"excerpt":{"rendered":"<p>1. Unternehmens- und Kontaktdaten&nbsp; Informationen zum Webseitenbetreiber 2. Gegenstand Die vorliegenden Bedingungen regeln die Nutzung der Webseite, die der Webseitenbetreiber den Nutzern gestattet. Diese Bedingungen k\u00f6nnen ohne Vorank\u00fcndigung ge\u00e4ndert werden. Daher wird empfohlen, die Bedingungen regelm\u00e4\u00dfig zu pr\u00fcfen, insbesondere wenn Sie beabsichtigen, die Produkte und\/oder Dienstleistungen tats\u00e4chlich zu nutzen. 3. Zugangs- und Nutzungsbedingungen Der Zugang [&hellip;]<\/p>\n","protected":false},"author":1,"featured_media":0,"parent":0,"menu_order":0,"comment_status":"closed","ping_status":"closed","template":"","meta":{"_acf_changed":false,"_coblocks_attr":"","_coblocks_dimensions":"","_coblocks_responsive_height":"","_coblocks_accordion_ie_support":"","footnotes":""},"acf":[],"yoast_head":"<!-- This site is optimized with the Yoast SEO plugin v22.8 - https:\/\/yoast.com\/wordpress\/plugins\/seo\/ -->\n<title>Impressum - Estrella Galicia Alemania<\/title>\n<meta name=\"robots\" content=\"index, follow, max-snippet:-1, max-image-preview:large, max-video-preview:-1\" \/>\n<link rel=\"canonical\" href=\"https:\/\/estrellagalicia.com\/de\/impressum\/\" \/>\n<meta property=\"og:locale\" content=\"de_DE\" \/>\n<meta property=\"og:type\" content=\"article\" \/>\n<meta property=\"og:title\" content=\"Impressum - Estrella Galicia Alemania\" \/>\n<meta property=\"og:description\" content=\"1. Unternehmens- und Kontaktdaten&nbsp; Informationen zum Webseitenbetreiber 2. Gegenstand Die vorliegenden Bedingungen regeln die Nutzung der Webseite, die der Webseitenbetreiber den Nutzern gestattet. Diese Bedingungen k\u00f6nnen ohne Vorank\u00fcndigung ge\u00e4ndert werden. Daher wird empfohlen, die Bedingungen regelm\u00e4\u00dfig zu pr\u00fcfen, insbesondere wenn Sie beabsichtigen, die Produkte und\/oder Dienstleistungen tats\u00e4chlich zu nutzen. 3. Zugangs- und Nutzungsbedingungen Der Zugang [&hellip;]\" \/>\n<meta property=\"og:url\" content=\"https:\/\/estrellagalicia.com\/de\/impressum\/\" \/>\n<meta property=\"og:site_name\" content=\"Estrella Galicia Alemania\" \/>\n<meta property=\"article:modified_time\" content=\"2026-02-09T07:20:55+00:00\" \/>\n<meta name=\"twitter:card\" content=\"summary_large_image\" \/>\n<meta name=\"twitter:label1\" content=\"Gesch\u00e4tzte Lesezeit\" \/>\n\t<meta name=\"twitter:data1\" content=\"3\u00a0Minuten\" \/>\n<script type=\"application\/ld+json\" class=\"yoast-schema-graph\">{\"@context\":\"https:\/\/schema.org\",\"@graph\":[{\"@type\":\"WebPage\",\"@id\":\"https:\/\/estrellagalicia.com\/de\/impressum\/\",\"url\":\"https:\/\/estrellagalicia.com\/de\/impressum\/\",\"name\":\"Impressum - Estrella Galicia Alemania\",\"isPartOf\":{\"@id\":\"https:\/\/estrellagalicia.com\/de\/#website\"},\"datePublished\":\"2019-06-24T14:05:58+00:00\",\"dateModified\":\"2026-02-09T07:20:55+00:00\",\"breadcrumb\":{\"@id\":\"https:\/\/estrellagalicia.com\/de\/impressum\/#breadcrumb\"},\"inLanguage\":\"de\",\"potentialAction\":[{\"@type\":\"ReadAction\",\"target\":[\"https:\/\/estrellagalicia.com\/de\/impressum\/\"]}]},{\"@type\":\"BreadcrumbList\",\"@id\":\"https:\/\/estrellagalicia.com\/de\/impressum\/#breadcrumb\",\"itemListElement\":[{\"@type\":\"ListItem\",\"position\":1,\"name\":\"Home\",\"item\":\"https:\/\/estrellagalicia.com\/de\/\"},{\"@type\":\"ListItem\",\"position\":2,\"name\":\"Impressum\"}]},{\"@type\":\"WebSite\",\"@id\":\"https:\/\/estrellagalicia.com\/de\/#website\",\"url\":\"https:\/\/estrellagalicia.com\/de\/\",\"name\":\"Estrella Galicia Alemania\",\"description\":\"\",\"potentialAction\":[{\"@type\":\"SearchAction\",\"target\":{\"@type\":\"EntryPoint\",\"urlTemplate\":\"https:\/\/estrellagalicia.com\/de\/?s={search_term_string}\"},\"query-input\":\"required name=search_term_string\"}],\"inLanguage\":\"de\"}]}<\/script>\n<!-- \/ Yoast SEO plugin. -->","yoast_head_json":{"title":"Impressum - Estrella Galicia Alemania","robots":{"index":"index","follow":"follow","max-snippet":"max-snippet:-1","max-image-preview":"max-image-preview:large","max-video-preview":"max-video-preview:-1"},"canonical":"https:\/\/estrellagalicia.com\/de\/impressum\/","og_locale":"de_DE","og_type":"article","og_title":"Impressum - Estrella Galicia Alemania","og_description":"1. Unternehmens- und Kontaktdaten&nbsp; Informationen zum Webseitenbetreiber 2. Gegenstand Die vorliegenden Bedingungen regeln die Nutzung der Webseite, die der Webseitenbetreiber den Nutzern gestattet. Diese Bedingungen k\u00f6nnen ohne Vorank\u00fcndigung ge\u00e4ndert werden. Daher wird empfohlen, die Bedingungen regelm\u00e4\u00dfig zu pr\u00fcfen, insbesondere wenn Sie beabsichtigen, die Produkte und\/oder Dienstleistungen tats\u00e4chlich zu nutzen. 3. Zugangs- und Nutzungsbedingungen Der Zugang [&hellip;]","og_url":"https:\/\/estrellagalicia.com\/de\/impressum\/","og_site_name":"Estrella Galicia Alemania","article_modified_time":"2026-02-09T07:20:55+00:00","twitter_card":"summary_large_image","twitter_misc":{"Gesch\u00e4tzte Lesezeit":"3\u00a0Minuten"},"schema":{"@context":"https:\/\/schema.org","@graph":[{"@type":"WebPage","@id":"https:\/\/estrellagalicia.com\/de\/impressum\/","url":"https:\/\/estrellagalicia.com\/de\/impressum\/","name":"Impressum - Estrella Galicia Alemania","isPartOf":{"@id":"https:\/\/estrellagalicia.com\/de\/#website"},"datePublished":"2019-06-24T14:05:58+00:00","dateModified":"2026-02-09T07:20:55+00:00","breadcrumb":{"@id":"https:\/\/estrellagalicia.com\/de\/impressum\/#breadcrumb"},"inLanguage":"de","potentialAction":[{"@type":"ReadAction","target":["https:\/\/estrellagalicia.com\/de\/impressum\/"]}]},{"@type":"BreadcrumbList","@id":"https:\/\/estrellagalicia.com\/de\/impressum\/#breadcrumb","itemListElement":[{"@type":"ListItem","position":1,"name":"Home","item":"https:\/\/estrellagalicia.com\/de\/"},{"@type":"ListItem","position":2,"name":"Impressum"}]},{"@type":"WebSite","@id":"https:\/\/estrellagalicia.com\/de\/#website","url":"https:\/\/estrellagalicia.com\/de\/","name":"Estrella Galicia Alemania","description":"","potentialAction":[{"@type":"SearchAction","target":{"@type":"EntryPoint","urlTemplate":"https:\/\/estrellagalicia.com\/de\/?s={search_term_string}"},"query-input":"required name=search_term_string"}],"inLanguage":"de"}]}},"_links":{"self":[{"href":"https:\/\/estrellagalicia.com\/de\/wp-json\/wp\/v2\/pages\/85"}],"collection":[{"href":"https:\/\/estrellagalicia.com\/de\/wp-json\/wp\/v2\/pages"}],"about":[{"href":"https:\/\/estrellagalicia.com\/de\/wp-json\/wp\/v2\/types\/page"}],"author":[{"embeddable":true,"href":"https:\/\/estrellagalicia.com\/de\/wp-json\/wp\/v2\/users\/1"}],"replies":[{"embeddable":true,"href":"https:\/\/estrellagalicia.com\/de\/wp-json\/wp\/v2\/comments?post=85"}],"version-history":[{"count":9,"href":"https:\/\/estrellagalicia.com\/de\/wp-json\/wp\/v2\/pages\/85\/revisions"}],"predecessor-version":[{"id":1963,"href":"https:\/\/estrellagalicia.com\/de\/wp-json\/wp\/v2\/pages\/85\/revisions\/1963"}],"wp:attachment":[{"href":"https:\/\/estrellagalicia.com\/de\/wp-json\/wp\/v2\/media?parent=85"}],"curies":[{"name":"wp","href":"https:\/\/api.w.org\/{rel}","templated":true}]}}