{"id":465,"date":"2019-07-18T08:09:54","date_gmt":"2019-07-18T06:09:54","guid":{"rendered":"https:\/\/estrellagalicia.com\/it\/?page_id=465"},"modified":"2020-03-30T13:58:04","modified_gmt":"2020-03-30T11:58:04","slug":"storia","status":"publish","type":"page","link":"https:\/\/estrellagalicia.com\/it\/storia\/","title":{"rendered":"Storia"},"content":{"rendered":"\n<div class=\"wp-block-hacce-wrapper\"><div class=\"container\">\n<p class=\"has-text-align-center\"> Di ritorno dal Messico, alla fine dell\u2019ottocento, Jose M\u00aa Rivera Corral fonda nel 1906 la fabbrica \u201cLa Estrella de Galicia\u201d nella citt\u00e0 di A Coru\u00f1a, dedita alla produzione di birra e ghiaccio e il cui nome ricorda la sua attivit\u00e0 di Veracruz \u201cLa Estrella de Oro\u201d; la fabbrica punta sulla produzione di un tipo di prodotto il cui consumo, per l\u2019epoca, <strong>era molto ridotto<\/strong>. <\/p>\n<\/div><\/div>\n\n\n\n<div class=\"historia-bloque\">\n    <script type=\"text\/javascript\">\n    jQuery(document).ready(function($){\n        $('.decada-item').click(function(e){\n            e.preventDefault();\n            var slide = $(this).data('slide');\n            $('#slide-seleccionado').val(slide);\n            $('#form-decada').submit();\n        });\n    });\n<\/script>\n<form id=\"form-decada\" method=\"post\" action=\"https:\/\/estrellagalicia.com\/it\/storia\/\">\n    <input type=\"hidden\" value=\"\" name=\"slide-seleccionado\" id=\"slide-seleccionado\">\n<\/form>\n<div class=\"container historia-previa\">\n    <div class=\"row\">\n                    <div class=\"col-6 col-sm-6 col-md-4 col-lg-2 historia-item-wrap\">\n                <div class=\"historia-item decada-item\" data-slide=\"0\">\n                    <div class=\"data-decada\">\n                        <div class=\"anho\">1906<\/div>\n                        <div class=\"separador\"><\/div>\n                        <div class=\"anho\">1920<\/div>\n                    <\/div>\n                                        <div class=\"foto-historia\"><img loading=\"lazy\" decoding=\"async\" width=\"177\" height=\"240\" src=\"https:\/\/estrellagalicia.com\/it\/wp-content\/uploads\/2020\/01\/historia-1906-1920.png\" class=\"attachment-large size-large wp-post-image\" alt=\"\" \/><\/div>\n                <\/div>\n            <\/div>\n                    <div class=\"col-6 col-sm-6 col-md-4 col-lg-2 historia-item-wrap\">\n                <div class=\"historia-item decada-item\" data-slide=\"3\">\n                    <div class=\"data-decada\">\n                        <div class=\"anho\">1920<\/div>\n                        <div class=\"separador\"><\/div>\n                        <div class=\"anho\">1940<\/div>\n                    <\/div>\n                                        <div class=\"foto-historia\"><img loading=\"lazy\" decoding=\"async\" width=\"386\" height=\"298\" src=\"https:\/\/estrellagalicia.com\/it\/wp-content\/uploads\/2020\/01\/1920-40.png\" class=\"attachment-large size-large wp-post-image\" alt=\"\" srcset=\"https:\/\/estrellagalicia.com\/it\/wp-content\/uploads\/2020\/01\/1920-40.png 386w, https:\/\/estrellagalicia.com\/it\/wp-content\/uploads\/2020\/01\/1920-40-300x232.png 300w\" sizes=\"(max-width: 386px) 100vw, 386px\" \/><\/div>\n                <\/div>\n            <\/div>\n                    <div class=\"col-6 col-sm-6 col-md-4 col-lg-2 historia-item-wrap\">\n                <div class=\"historia-item decada-item\" data-slide=\"7\">\n                    <div class=\"data-decada\">\n                        <div class=\"anho\">1940<\/div>\n                        <div class=\"separador\"><\/div>\n                        <div class=\"anho\">1960<\/div>\n                    <\/div>\n                                        <div class=\"foto-historia\"><img loading=\"lazy\" decoding=\"async\" width=\"386\" height=\"298\" src=\"https:\/\/estrellagalicia.com\/it\/wp-content\/uploads\/2020\/01\/1940-60.png\" class=\"attachment-large size-large wp-post-image\" alt=\"\" srcset=\"https:\/\/estrellagalicia.com\/it\/wp-content\/uploads\/2020\/01\/1940-60.png 386w, https:\/\/estrellagalicia.com\/it\/wp-content\/uploads\/2020\/01\/1940-60-300x232.png 300w\" sizes=\"(max-width: 386px) 100vw, 386px\" \/><\/div>\n                <\/div>\n            <\/div>\n                    <div class=\"col-6 col-sm-6 col-md-4 col-lg-2 historia-item-wrap\">\n                <div class=\"historia-item decada-item\" data-slide=\"10\">\n                    <div class=\"data-decada\">\n                        <div class=\"anho\">1960<\/div>\n                        <div class=\"separador\"><\/div>\n                        <div class=\"anho\">1980<\/div>\n                    <\/div>\n                                        <div class=\"foto-historia\"><img loading=\"lazy\" decoding=\"async\" width=\"179\" height=\"233\" src=\"https:\/\/estrellagalicia.com\/it\/wp-content\/uploads\/2020\/01\/historia-1960-1980-1.png\" class=\"attachment-large size-large wp-post-image\" alt=\"\" \/><\/div>\n                <\/div>\n            <\/div>\n                    <div class=\"col-6 col-sm-6 col-md-4 col-lg-2 historia-item-wrap\">\n                <div class=\"historia-item decada-item\" data-slide=\"16\">\n                    <div class=\"data-decada\">\n                        <div class=\"anho\">1980<\/div>\n                        <div class=\"separador\"><\/div>\n                        <div class=\"anho\">2000<\/div>\n                    <\/div>\n                                        <div class=\"foto-historia\"><img loading=\"lazy\" decoding=\"async\" width=\"153\" height=\"239\" src=\"https:\/\/estrellagalicia.com\/it\/wp-content\/uploads\/2020\/01\/historia-1980-2000-1.png\" class=\"attachment-large size-large wp-post-image\" alt=\"\" \/><\/div>\n                <\/div>\n            <\/div>\n                    <div class=\"col-6 col-sm-6 col-md-4 col-lg-2 historia-item-wrap\">\n                <div class=\"historia-item decada-item\" data-slide=\"24\">\n                    <div class=\"data-decada\">\n                        <div class=\"anho\">2000<\/div>\n                        <div class=\"separador\"><\/div>\n                        <div class=\"anho\">2022<\/div>\n                    <\/div>\n                                        <div class=\"foto-historia\"><img loading=\"lazy\" decoding=\"async\" width=\"177\" height=\"248\" src=\"https:\/\/estrellagalicia.com\/it\/wp-content\/uploads\/2020\/01\/historia-2000-2016-1.png\" class=\"attachment-large size-large wp-post-image\" alt=\"\" \/><\/div>\n                <\/div>\n            <\/div>\n            <\/div>\n<\/div>\n<\/div>\n","protected":false},"excerpt":{"rendered":"","protected":false},"author":6,"featured_media":0,"parent":0,"menu_order":0,"comment_status":"closed","ping_status":"closed","template":"templates\/template-historia.php","meta":{"_acf_changed":false,"_coblocks_attr":"","_coblocks_dimensions":"","_coblocks_responsive_height":"","_coblocks_accordion_ie_support":"","footnotes":""},"acf":[],"yoast_head":"<!-- This site is optimized with the Yoast SEO plugin v22.8 - https:\/\/yoast.com\/wordpress\/plugins\/seo\/ -->\n<title>Storia - Estrella Galicia Italia<\/title>\n<meta name=\"robots\" content=\"index, follow, max-snippet:-1, max-image-preview:large, max-video-preview:-1\" \/>\n<link rel=\"canonical\" href=\"https:\/\/estrellagalicia.com\/it\/storia\/\" \/>\n<meta property=\"og:locale\" content=\"es_ES\" \/>\n<meta property=\"og:type\" content=\"article\" \/>\n<meta property=\"og:title\" content=\"Storia - Estrella Galicia Italia\" \/>\n<meta property=\"og:url\" content=\"https:\/\/estrellagalicia.com\/it\/storia\/\" \/>\n<meta property=\"og:site_name\" content=\"Estrella Galicia Italia\" \/>\n<meta property=\"article:modified_time\" content=\"2020-03-30T11:58:04+00:00\" \/>\n<meta property=\"og:image\" content=\"https:\/\/estrellagalicia.com\/it\/wp-content\/uploads\/2019\/08\/logotipo_estrella_galicia.png\" \/>\n\t<meta property=\"og:image:width\" content=\"192\" \/>\n\t<meta property=\"og:image:height\" content=\"149\" \/>\n\t<meta property=\"og:image:type\" content=\"image\/png\" \/>\n<meta name=\"twitter:card\" content=\"summary_large_image\" \/>\n<script type=\"application\/ld+json\" class=\"yoast-schema-graph\">{\"@context\":\"https:\/\/schema.org\",\"@graph\":[{\"@type\":\"WebPage\",\"@id\":\"https:\/\/estrellagalicia.com\/it\/storia\/\",\"url\":\"https:\/\/estrellagalicia.com\/it\/storia\/\",\"name\":\"Storia - Estrella Galicia Italia\",\"isPartOf\":{\"@id\":\"https:\/\/estrellagalicia.com\/it\/#website\"},\"datePublished\":\"2019-07-18T06:09:54+00:00\",\"dateModified\":\"2020-03-30T11:58:04+00:00\",\"breadcrumb\":{\"@id\":\"https:\/\/estrellagalicia.com\/it\/storia\/#breadcrumb\"},\"inLanguage\":\"es\",\"potentialAction\":[{\"@type\":\"ReadAction\",\"target\":[\"https:\/\/estrellagalicia.com\/it\/storia\/\"]}]},{\"@type\":\"BreadcrumbList\",\"@id\":\"https:\/\/estrellagalicia.com\/it\/storia\/#breadcrumb\",\"itemListElement\":[{\"@type\":\"ListItem\",\"position\":1,\"name\":\"Home\",\"item\":\"https:\/\/estrellagalicia.com\/it\/\"},{\"@type\":\"ListItem\",\"position\":2,\"name\":\"Storia\"}]},{\"@type\":\"WebSite\",\"@id\":\"https:\/\/estrellagalicia.com\/it\/#website\",\"url\":\"https:\/\/estrellagalicia.com\/it\/\",\"name\":\"Estrella Galicia Italia\",\"description\":\"\",\"publisher\":{\"@id\":\"https:\/\/estrellagalicia.com\/it\/#organization\"},\"potentialAction\":[{\"@type\":\"SearchAction\",\"target\":{\"@type\":\"EntryPoint\",\"urlTemplate\":\"https:\/\/estrellagalicia.com\/it\/?s={search_term_string}\"},\"query-input\":\"required name=search_term_string\"}],\"inLanguage\":\"es\"},{\"@type\":\"Organization\",\"@id\":\"https:\/\/estrellagalicia.com\/it\/#organization\",\"name\":\"Estrella Galicia\",\"url\":\"https:\/\/estrellagalicia.com\/it\/\",\"logo\":{\"@type\":\"ImageObject\",\"inLanguage\":\"es\",\"@id\":\"https:\/\/estrellagalicia.com\/it\/#\/schema\/logo\/image\/\",\"url\":\"https:\/\/estrellagalicia.com\/it\/wp-content\/uploads\/2019\/08\/logotipo_estrella_galicia.png\",\"contentUrl\":\"https:\/\/estrellagalicia.com\/it\/wp-content\/uploads\/2019\/08\/logotipo_estrella_galicia.png\",\"width\":192,\"height\":149,\"caption\":\"Estrella Galicia\"},\"image\":{\"@id\":\"https:\/\/estrellagalicia.com\/it\/#\/schema\/logo\/image\/\"}}]}<\/script>\n<!-- \/ Yoast SEO plugin. -->","yoast_head_json":{"title":"Storia - Estrella Galicia Italia","robots":{"index":"index","follow":"follow","max-snippet":"max-snippet:-1","max-image-preview":"max-image-preview:large","max-video-preview":"max-video-preview:-1"},"canonical":"https:\/\/estrellagalicia.com\/it\/storia\/","og_locale":"es_ES","og_type":"article","og_title":"Storia - Estrella Galicia Italia","og_url":"https:\/\/estrellagalicia.com\/it\/storia\/","og_site_name":"Estrella Galicia Italia","article_modified_time":"2020-03-30T11:58:04+00:00","og_image":[{"width":192,"height":149,"url":"https:\/\/estrellagalicia.com\/it\/wp-content\/uploads\/2019\/08\/logotipo_estrella_galicia.png","type":"image\/png"}],"twitter_card":"summary_large_image","schema":{"@context":"https:\/\/schema.org","@graph":[{"@type":"WebPage","@id":"https:\/\/estrellagalicia.com\/it\/storia\/","url":"https:\/\/estrellagalicia.com\/it\/storia\/","name":"Storia - Estrella Galicia Italia","isPartOf":{"@id":"https:\/\/estrellagalicia.com\/it\/#website"},"datePublished":"2019-07-18T06:09:54+00:00","dateModified":"2020-03-30T11:58:04+00:00","breadcrumb":{"@id":"https:\/\/estrellagalicia.com\/it\/storia\/#breadcrumb"},"inLanguage":"es","potentialAction":[{"@type":"ReadAction","target":["https:\/\/estrellagalicia.com\/it\/storia\/"]}]},{"@type":"BreadcrumbList","@id":"https:\/\/estrellagalicia.com\/it\/storia\/#breadcrumb","itemListElement":[{"@type":"ListItem","position":1,"name":"Home","item":"https:\/\/estrellagalicia.com\/it\/"},{"@type":"ListItem","position":2,"name":"Storia"}]},{"@type":"WebSite","@id":"https:\/\/estrellagalicia.com\/it\/#website","url":"https:\/\/estrellagalicia.com\/it\/","name":"Estrella Galicia Italia","description":"","publisher":{"@id":"https:\/\/estrellagalicia.com\/it\/#organization"},"potentialAction":[{"@type":"SearchAction","target":{"@type":"EntryPoint","urlTemplate":"https:\/\/estrellagalicia.com\/it\/?s={search_term_string}"},"query-input":"required name=search_term_string"}],"inLanguage":"es"},{"@type":"Organization","@id":"https:\/\/estrellagalicia.com\/it\/#organization","name":"Estrella Galicia","url":"https:\/\/estrellagalicia.com\/it\/","logo":{"@type":"ImageObject","inLanguage":"es","@id":"https:\/\/estrellagalicia.com\/it\/#\/schema\/logo\/image\/","url":"https:\/\/estrellagalicia.com\/it\/wp-content\/uploads\/2019\/08\/logotipo_estrella_galicia.png","contentUrl":"https:\/\/estrellagalicia.com\/it\/wp-content\/uploads\/2019\/08\/logotipo_estrella_galicia.png","width":192,"height":149,"caption":"Estrella Galicia"},"image":{"@id":"https:\/\/estrellagalicia.com\/it\/#\/schema\/logo\/image\/"}}]}},"_links":{"self":[{"href":"https:\/\/estrellagalicia.com\/it\/wp-json\/wp\/v2\/pages\/465"}],"collection":[{"href":"https:\/\/estrellagalicia.com\/it\/wp-json\/wp\/v2\/pages"}],"about":[{"href":"https:\/\/estrellagalicia.com\/it\/wp-json\/wp\/v2\/types\/page"}],"author":[{"embeddable":true,"href":"https:\/\/estrellagalicia.com\/it\/wp-json\/wp\/v2\/users\/6"}],"replies":[{"embeddable":true,"href":"https:\/\/estrellagalicia.com\/it\/wp-json\/wp\/v2\/comments?post=465"}],"version-history":[{"count":15,"href":"https:\/\/estrellagalicia.com\/it\/wp-json\/wp\/v2\/pages\/465\/revisions"}],"predecessor-version":[{"id":2279,"href":"https:\/\/estrellagalicia.com\/it\/wp-json\/wp\/v2\/pages\/465\/revisions\/2279"}],"wp:attachment":[{"href":"https:\/\/estrellagalicia.com\/it\/wp-json\/wp\/v2\/media?parent=465"}],"curies":[{"name":"wp","href":"https:\/\/api.w.org\/{rel}","templated":true}]}}