{"id":83,"date":"2019-06-24T16:05:41","date_gmt":"2019-06-24T14:05:41","guid":{"rendered":"https:\/\/estrellagalicia.com\/it\/?page_id=83"},"modified":"2022-11-16T12:02:57","modified_gmt":"2022-11-16T11:02:57","slug":"informativa-su-privacy-e-cookie","status":"publish","type":"page","link":"https:\/\/estrellagalicia.com\/it\/informativa-su-privacy-e-cookie\/","title":{"rendered":"Informativa su privacy e cookie"},"content":{"rendered":"\n<h2 class=\"wp-block-heading\">PRIVACY<\/h2>\n\n\n\n<div style=\"height:30px\" aria-hidden=\"true\" class=\"wp-block-spacer\"><\/div>\n\n\n\n<p><strong>Chi \u00e8 il Responsabile del Trattamento dei tuoi dati?<\/strong><\/p>\n\n\n\n<p>Il Responsabile del Trattamento \u00e8 anche il Titolare del sito web, i cuoi dati identificativi completi sono: Estrella Galicia Internacional, S.L.U., Codice Fiscale B01606789 domiciliata presso c\/ Jos\u00e9 Mar\u00eda Rivera Corral, 6 15008 A Coru\u00f1a.<\/p>\n\n\n\n<div style=\"height:20px\" aria-hidden=\"true\" class=\"wp-block-spacer\"><\/div>\n\n\n\n<p><strong>Per quali scopi tratteremo i tuoi dati personali?<\/strong><\/p>\n\n\n\n<p>Tratteremo i tuoi dati personali allo scopo di rispondere ad eventuali domande sui nostri prodotti o servizi, mediante email o al numero di telefono da te fornito.<\/p>\n\n\n\n<div style=\"height:20px\" aria-hidden=\"true\" class=\"wp-block-spacer\"><\/div>\n\n\n\n<p><strong>Per quanto tempo conserveremo i tuoi dati?<\/strong><\/p>\n\n\n\n<p>I dati inviati in risposta a una richiesta d\u2019informazione saranno conservati per il tempo necessario per rispondere a detta richiesta.<\/p>\n\n\n\n<div style=\"height:20px\" aria-hidden=\"true\" class=\"wp-block-spacer\"><\/div>\n\n\n\n<p><strong>Qual \u00e8 la legittimit\u00e0 del trattamento dei tuoi dati?<\/strong><\/p>\n\n\n\n<p>Se ci fai pervenire una richiesta, la base giuridica del trattamento sar\u00e1 il tuo consenso.<\/p>\n\n\n\n<div style=\"height:20px\" aria-hidden=\"true\" class=\"wp-block-spacer\"><\/div>\n\n\n\n<p><strong>A quali destinatari saranno comunicati i tuoi dati?<\/strong><\/p>\n\n\n\n<p>I tuoi dati non saranno comunicati a terzi eccetto nei casi previsti dalla legge, come per esempio alle Forze dell\u2019Ordine e Pubblica Sicurezza, oppure a Giudici e Tribunali, se del caso.<\/p>\n\n\n\n<div style=\"height:20px\" aria-hidden=\"true\" class=\"wp-block-spacer\"><\/div>\n\n\n\n<p><strong>Quali sono i tuoi diritti nel momento in cui ci fornisci i tuoi dati?<\/strong><\/p>\n\n\n\n<p>Hai il diritto di revocare il consenso al trattamento dei tuoi dati, di ottenere ulteriori informazioni, di accedere ai tuoi dati, di rettificare i dati inesatti o di richiederne la limitazione o la cancellazione.<\/p>\n\n\n\n<p>A tal fine, potrai inviare un&#8217;email all&#8217;indirizzo protecciondedatos@hriv.es o spedire una lettera all&#8217;indirizzo c\/ Jos\u00e9 Mar\u00eda Rivera Corral, 6 15008, A Coru\u00f1a, all&#8217;attenzione del Comit\u00e9 de Protecci\u00f3n de Datos (Comitato per la protezione dei dati), includendo in entrambi i casi la documentazione o le informazioni che ci consentono di provare la tua identit\u00e0.<\/p>\n\n\n\n<p>Gli utenti che cos\u00ec lo desiderano potranno presentare un reclamo presso l\u2019Agenzia Spagnola per la Protezione dei Dati, accessibile dal sito https:\/\/sedeagpd.gob.es.<\/p>\n\n\n\n<div style=\"height:40px\" aria-hidden=\"true\" class=\"wp-block-spacer\"><\/div>\n\n\n\n<h2 class=\"wp-block-heading\">POLITICA DEI COOKIE<\/h2>\n\n\n\n<div style=\"height:30px\" aria-hidden=\"true\" class=\"wp-block-spacer\"><\/div>\n\n\n\n<p>Un cookie \u00e8 un file che si scarica sul dispositivo dell\u2019utente nel momento in cui entra in un determinato sito web e che conserva e recupera le informazioni di&nbsp; navigazione fatte dal dispositivo in questione.<\/p>\n\n\n\n<p>Questo sito utilizza i cookie di seguito descritti:<\/p>\n\n\n\n<figure class=\"wp-block-table is-style-stripes\"><table class=\"has-fixed-layout\"><tbody><tr><td>&nbsp;<\/td><td>Nome<\/td><td>Scopo<\/td><td>Provider<\/td><\/tr><tr><td>COOKIE PROPRI<\/td><td>catAccCookies<\/td><td>Accetta cookie<\/td><td>Hijos de Rivera<\/td><\/tr><tr><td>mas18cokie<\/td><td>Maggiorenne<\/td><td>Hijos de Rivera<\/td><\/tr><tr><td>PHPSESSID<\/td><td>Sessione Utente<\/td><td>Hijos de Rivera<\/td><\/tr><tr><td>COOKIE DI TERZI<\/td><td>&nbsp;<\/td><td>Analitici<\/td><td>Google<\/td><\/tr><tr><td>&nbsp;<\/td><\/tr><\/tbody><\/table><\/figure>\n\n\n\n<p><\/p>\n\n\n\n<p>Per disattivare o gestire l\u2019uso dei cookie bisogna accedere alle impostazioni del proprio browser. Di seguito mettiamo a titolo informativo i link che rimandano alla documentazione dei browser pi\u00f9 frequenti utilizzati. I dati di navigazione di Google Analytics saranno conservati mantenendo la cronologia.<\/p>\n\n\n\n<p>Internet Explorer: Clicca <a href=\"https:\/\/support.microsoft.com\/es-es\/hub\/4338813\/windows-help?os=windows-10\" target=\"_blank\" rel=\"noreferrer noopener\" aria-label=\"qui (opens in a new tab)\">qui<\/a><\/p>\n\n\n\n<p>Chrome: Clicca <a href=\"https:\/\/support.microsoft.com\/es-es\/hub\/4338813\/windows-help\" target=\"_blank\" rel=\"noreferrer noopener\" aria-label=\"qui (opens in a new tab)\">qui<\/a><\/p>\n\n\n\n<p>Mozilla Firefox: Clicca <a href=\"https:\/\/support.mozilla.org\/es\/kb\/habilitar-y-deshabilitar-cookies-sitios-web-rastrear-preferencias?e=es&amp;redirectlocale=es&amp;as=s7&amp;s=cookie&amp;r=1&amp;redirectslug=habilitar-y-deshabilitar-cookies-que-los-sitios-we\" target=\"_blank\" rel=\"noreferrer noopener\" aria-label=\"qui (opens in a new tab)\">qui<\/a><\/p>\n\n\n\n<p>Apple Safari: Clicca <a href=\"https:\/\/support.apple.com\/kb\/ph5042?locale=es_ES\" target=\"_blank\" rel=\"noreferrer noopener\" aria-label=\" (opens in a new tab)\">qui<\/a><\/p>\n\n\n\n<div style=\"height:60px\" aria-hidden=\"true\" class=\"wp-block-spacer\"><\/div>\n","protected":false},"excerpt":{"rendered":"<p>PRIVACY Chi \u00e8 il Responsabile del Trattamento dei tuoi dati? Il Responsabile del Trattamento \u00e8 anche il Titolare del sito web, i cuoi dati identificativi completi sono: Estrella Galicia Internacional, S.L.U., Codice Fiscale B01606789 domiciliata presso c\/ Jos\u00e9 Mar\u00eda Rivera Corral, 6 15008 A Coru\u00f1a. Per quali scopi tratteremo i tuoi dati personali? Tratteremo i [&hellip;]<\/p>\n","protected":false},"author":6,"featured_media":0,"parent":0,"menu_order":0,"comment_status":"closed","ping_status":"closed","template":"","meta":{"_acf_changed":false,"_coblocks_attr":"","_coblocks_dimensions":"","_coblocks_responsive_height":"","_coblocks_accordion_ie_support":"","footnotes":""},"acf":[],"yoast_head":"<!-- This site is optimized with the Yoast SEO plugin v22.8 - https:\/\/yoast.com\/wordpress\/plugins\/seo\/ -->\n<title>Informativa su privacy e cookie - Estrella Galicia Italia<\/title>\n<meta name=\"robots\" content=\"index, follow, max-snippet:-1, max-image-preview:large, max-video-preview:-1\" \/>\n<link rel=\"canonical\" href=\"https:\/\/estrellagalicia.com\/it\/informativa-su-privacy-e-cookie\/\" \/>\n<meta property=\"og:locale\" content=\"es_ES\" \/>\n<meta property=\"og:type\" content=\"article\" \/>\n<meta property=\"og:title\" content=\"Informativa su privacy e cookie - Estrella Galicia Italia\" \/>\n<meta property=\"og:description\" content=\"PRIVACY Chi \u00e8 il Responsabile del Trattamento dei tuoi dati? Il Responsabile del Trattamento \u00e8 anche il Titolare del sito web, i cuoi dati identificativi completi sono: Estrella Galicia Internacional, S.L.U., Codice Fiscale B01606789 domiciliata presso c\/ Jos\u00e9 Mar\u00eda Rivera Corral, 6 15008 A Coru\u00f1a. Per quali scopi tratteremo i tuoi dati personali? Tratteremo i [&hellip;]\" \/>\n<meta property=\"og:url\" content=\"https:\/\/estrellagalicia.com\/it\/informativa-su-privacy-e-cookie\/\" \/>\n<meta property=\"og:site_name\" content=\"Estrella Galicia Italia\" \/>\n<meta property=\"article:modified_time\" content=\"2022-11-16T11:02:57+00:00\" \/>\n<meta property=\"og:image\" content=\"https:\/\/estrellagalicia.com\/it\/wp-content\/uploads\/2019\/08\/logotipo_estrella_galicia.png\" \/>\n\t<meta property=\"og:image:width\" content=\"192\" \/>\n\t<meta property=\"og:image:height\" content=\"149\" \/>\n\t<meta property=\"og:image:type\" content=\"image\/png\" \/>\n<meta name=\"twitter:card\" content=\"summary_large_image\" \/>\n<meta name=\"twitter:label1\" content=\"Tiempo de lectura\" \/>\n\t<meta name=\"twitter:data1\" content=\"2 minutos\" \/>\n<script type=\"application\/ld+json\" class=\"yoast-schema-graph\">{\"@context\":\"https:\/\/schema.org\",\"@graph\":[{\"@type\":\"WebPage\",\"@id\":\"https:\/\/estrellagalicia.com\/it\/informativa-su-privacy-e-cookie\/\",\"url\":\"https:\/\/estrellagalicia.com\/it\/informativa-su-privacy-e-cookie\/\",\"name\":\"Informativa su privacy e cookie - Estrella Galicia Italia\",\"isPartOf\":{\"@id\":\"https:\/\/estrellagalicia.com\/it\/#website\"},\"datePublished\":\"2019-06-24T14:05:41+00:00\",\"dateModified\":\"2022-11-16T11:02:57+00:00\",\"breadcrumb\":{\"@id\":\"https:\/\/estrellagalicia.com\/it\/informativa-su-privacy-e-cookie\/#breadcrumb\"},\"inLanguage\":\"es\",\"potentialAction\":[{\"@type\":\"ReadAction\",\"target\":[\"https:\/\/estrellagalicia.com\/it\/informativa-su-privacy-e-cookie\/\"]}]},{\"@type\":\"BreadcrumbList\",\"@id\":\"https:\/\/estrellagalicia.com\/it\/informativa-su-privacy-e-cookie\/#breadcrumb\",\"itemListElement\":[{\"@type\":\"ListItem\",\"position\":1,\"name\":\"Home\",\"item\":\"https:\/\/estrellagalicia.com\/it\/\"},{\"@type\":\"ListItem\",\"position\":2,\"name\":\"Informativa su privacy e cookie\"}]},{\"@type\":\"WebSite\",\"@id\":\"https:\/\/estrellagalicia.com\/it\/#website\",\"url\":\"https:\/\/estrellagalicia.com\/it\/\",\"name\":\"Estrella Galicia Italia\",\"description\":\"\",\"publisher\":{\"@id\":\"https:\/\/estrellagalicia.com\/it\/#organization\"},\"potentialAction\":[{\"@type\":\"SearchAction\",\"target\":{\"@type\":\"EntryPoint\",\"urlTemplate\":\"https:\/\/estrellagalicia.com\/it\/?s={search_term_string}\"},\"query-input\":\"required name=search_term_string\"}],\"inLanguage\":\"es\"},{\"@type\":\"Organization\",\"@id\":\"https:\/\/estrellagalicia.com\/it\/#organization\",\"name\":\"Estrella Galicia\",\"url\":\"https:\/\/estrellagalicia.com\/it\/\",\"logo\":{\"@type\":\"ImageObject\",\"inLanguage\":\"es\",\"@id\":\"https:\/\/estrellagalicia.com\/it\/#\/schema\/logo\/image\/\",\"url\":\"https:\/\/estrellagalicia.com\/it\/wp-content\/uploads\/2019\/08\/logotipo_estrella_galicia.png\",\"contentUrl\":\"https:\/\/estrellagalicia.com\/it\/wp-content\/uploads\/2019\/08\/logotipo_estrella_galicia.png\",\"width\":192,\"height\":149,\"caption\":\"Estrella Galicia\"},\"image\":{\"@id\":\"https:\/\/estrellagalicia.com\/it\/#\/schema\/logo\/image\/\"}}]}<\/script>\n<!-- \/ Yoast SEO plugin. -->","yoast_head_json":{"title":"Informativa su privacy e cookie - Estrella Galicia Italia","robots":{"index":"index","follow":"follow","max-snippet":"max-snippet:-1","max-image-preview":"max-image-preview:large","max-video-preview":"max-video-preview:-1"},"canonical":"https:\/\/estrellagalicia.com\/it\/informativa-su-privacy-e-cookie\/","og_locale":"es_ES","og_type":"article","og_title":"Informativa su privacy e cookie - Estrella Galicia Italia","og_description":"PRIVACY Chi \u00e8 il Responsabile del Trattamento dei tuoi dati? Il Responsabile del Trattamento \u00e8 anche il Titolare del sito web, i cuoi dati identificativi completi sono: Estrella Galicia Internacional, S.L.U., Codice Fiscale B01606789 domiciliata presso c\/ Jos\u00e9 Mar\u00eda Rivera Corral, 6 15008 A Coru\u00f1a. Per quali scopi tratteremo i tuoi dati personali? Tratteremo i [&hellip;]","og_url":"https:\/\/estrellagalicia.com\/it\/informativa-su-privacy-e-cookie\/","og_site_name":"Estrella Galicia Italia","article_modified_time":"2022-11-16T11:02:57+00:00","og_image":[{"width":192,"height":149,"url":"https:\/\/estrellagalicia.com\/it\/wp-content\/uploads\/2019\/08\/logotipo_estrella_galicia.png","type":"image\/png"}],"twitter_card":"summary_large_image","twitter_misc":{"Tiempo de lectura":"2 minutos"},"schema":{"@context":"https:\/\/schema.org","@graph":[{"@type":"WebPage","@id":"https:\/\/estrellagalicia.com\/it\/informativa-su-privacy-e-cookie\/","url":"https:\/\/estrellagalicia.com\/it\/informativa-su-privacy-e-cookie\/","name":"Informativa su privacy e cookie - Estrella Galicia Italia","isPartOf":{"@id":"https:\/\/estrellagalicia.com\/it\/#website"},"datePublished":"2019-06-24T14:05:41+00:00","dateModified":"2022-11-16T11:02:57+00:00","breadcrumb":{"@id":"https:\/\/estrellagalicia.com\/it\/informativa-su-privacy-e-cookie\/#breadcrumb"},"inLanguage":"es","potentialAction":[{"@type":"ReadAction","target":["https:\/\/estrellagalicia.com\/it\/informativa-su-privacy-e-cookie\/"]}]},{"@type":"BreadcrumbList","@id":"https:\/\/estrellagalicia.com\/it\/informativa-su-privacy-e-cookie\/#breadcrumb","itemListElement":[{"@type":"ListItem","position":1,"name":"Home","item":"https:\/\/estrellagalicia.com\/it\/"},{"@type":"ListItem","position":2,"name":"Informativa su privacy e cookie"}]},{"@type":"WebSite","@id":"https:\/\/estrellagalicia.com\/it\/#website","url":"https:\/\/estrellagalicia.com\/it\/","name":"Estrella Galicia Italia","description":"","publisher":{"@id":"https:\/\/estrellagalicia.com\/it\/#organization"},"potentialAction":[{"@type":"SearchAction","target":{"@type":"EntryPoint","urlTemplate":"https:\/\/estrellagalicia.com\/it\/?s={search_term_string}"},"query-input":"required name=search_term_string"}],"inLanguage":"es"},{"@type":"Organization","@id":"https:\/\/estrellagalicia.com\/it\/#organization","name":"Estrella Galicia","url":"https:\/\/estrellagalicia.com\/it\/","logo":{"@type":"ImageObject","inLanguage":"es","@id":"https:\/\/estrellagalicia.com\/it\/#\/schema\/logo\/image\/","url":"https:\/\/estrellagalicia.com\/it\/wp-content\/uploads\/2019\/08\/logotipo_estrella_galicia.png","contentUrl":"https:\/\/estrellagalicia.com\/it\/wp-content\/uploads\/2019\/08\/logotipo_estrella_galicia.png","width":192,"height":149,"caption":"Estrella Galicia"},"image":{"@id":"https:\/\/estrellagalicia.com\/it\/#\/schema\/logo\/image\/"}}]}},"_links":{"self":[{"href":"https:\/\/estrellagalicia.com\/it\/wp-json\/wp\/v2\/pages\/83"}],"collection":[{"href":"https:\/\/estrellagalicia.com\/it\/wp-json\/wp\/v2\/pages"}],"about":[{"href":"https:\/\/estrellagalicia.com\/it\/wp-json\/wp\/v2\/types\/page"}],"author":[{"embeddable":true,"href":"https:\/\/estrellagalicia.com\/it\/wp-json\/wp\/v2\/users\/6"}],"replies":[{"embeddable":true,"href":"https:\/\/estrellagalicia.com\/it\/wp-json\/wp\/v2\/comments?post=83"}],"version-history":[{"count":10,"href":"https:\/\/estrellagalicia.com\/it\/wp-json\/wp\/v2\/pages\/83\/revisions"}],"predecessor-version":[{"id":2827,"href":"https:\/\/estrellagalicia.com\/it\/wp-json\/wp\/v2\/pages\/83\/revisions\/2827"}],"wp:attachment":[{"href":"https:\/\/estrellagalicia.com\/it\/wp-json\/wp\/v2\/media?parent=83"}],"curies":[{"name":"wp","href":"https:\/\/api.w.org\/{rel}","templated":true}]}}