{"id":85,"date":"2019-06-24T16:05:58","date_gmt":"2019-06-24T14:05:58","guid":{"rendered":"https:\/\/estrellagalicia.com\/it\/?page_id=85"},"modified":"2022-11-16T12:06:38","modified_gmt":"2022-11-16T11:06:38","slug":"avviso-legale","status":"publish","type":"page","link":"https:\/\/estrellagalicia.com\/it\/avviso-legale\/","title":{"rendered":"Avviso Legale"},"content":{"rendered":"<p><b>1. Dati tecnici dell\u2019azienda e di contatto<\/b><\/p>\n<p>Informazione sul titolare del sito web<\/p>\n<p>\u2022 Ragione Sociale Estrella Galicia Internacional, S.L.U<br \/>\n\u2022 CODICE FISCALE\/PARTITA IVA: B70313507<br \/>\n\u2022 Sede legale: C\/ Jos\u00e9 Mar\u00eda Rivera Corral, 6 15008 A Coru\u00f1a<br \/>\n\u2022 Telefono 981901906 \u2022 E-mail: comunicaci\u00f3n@estrellagalicia.es<br \/>\n\u2022 Dati d\u2019iscrizione al Registro delle Imprese: Coru\u00f1a, Tomo 3720, foglio 190 e pagina C-59633<\/p>\n<p><b>2. Oggetto<\/b><\/p>\n<p>Le condizioni di seguito riportate regolano l&#8217;uso che il Titolare mette a disposizione degli utenti del Web; dette condizioni potranno essere modificate senza preavviso e, dunque, si consiglia di consultarle periodicamente, soprattutto quando ci si appresta a utilizzare prodotti e\/o servizi.<\/p>\n<p><b>3. Condizioni di accesso e uso<\/b><\/p>\n<p>L\u2019accesso al Web \u00e8 libero e a chiunque vi acceda, verr\u00e0 attribuita la condizione di Utente, il quale potr\u00e0 accedere ai contenuti del sito, nonch\u00e9 mettersi in contatto con i rispettivi amministratori.<\/p>\n<p>L\u2019utente \u00e8 pertanto tenuto a leggere, capire e accettare le presenti condizioni d\u2019uso prima di iniziare a navigare sul sito e\/o prima di utilizzarne i servizi, accettandole nei termini e nelle condizioni di seguito riportate:<\/p>\n<p>i) L\u2019utente s\u2019impegna a fare un uso diligente delle risorse, attenendosi alle leggi vigenti e rispettando le buoni abitudini e la \u00abNetiquette\u00bb vale a dire l\u2019insieme delle regole che disciplinano il buon comportamento su Internet;<br \/>\nii) L\u2019Utente accetter\u00e0 i termini e le condizioni o i requisiti di partecipazione a un determinato servizio o a una risorsa in concreto, se cos\u00ec fosse necessario, che saranno esplicitamente richiesti all\u2019occorrenza e inoltre;<br \/>\niii) Non potr\u00e0 utilizzare il Web per scopi diversi da quelli accettati dalle presenti condizioni d\u2019uso, e in particolare per scopi illeciti, che contravvengano alla morale o all\u2019ordine pubblico in una qualsiasi delle sue espressioni o che possano costituire un reato.<\/p>\n<p>Inoltre, qualora ci sia la possibilit\u00e0 di esprimere commenti o opinioni, il Titolare non si assume alcuna responsabilit\u00e0 in merito ai giudizi riportati da terzi, sebbene si riservi il diritto di ritirare o addirittura di non pubblicare quei contenuti ritenuti offensivi o inappropriati o, eventualmente, qualora fosse al corrente del contenuto della pubblicazione.<\/p>\n<p><b>4. Propriet\u00e0 Intellettuale e Industriale<\/b><\/p>\n<p>Il Titolare \u00e8 proprietario di tutti i diritti del Web, dei logo, della struttura, delle immagini e degli elementi che conformano il codice oggetto, nonch\u00e9 della programmazione e ingegneria del codice sorgente. Tutti i suddetti elementi, oltre alle pubblicazioni riportate sul sito sono protetti e garantiti dalla normativa spagnola ed europea in materia di propriet\u00e0 Intellettuale e Industriale.<\/p>\n<p>\u00c8 severamente vietata qualsiasi riproduzione, adattamento, modifica o comunicazione pubblica intera o parziale del contenuto del Web, effettuata in qualsiasi forma o con qualsiasi mezzo, meccanico, manuale o altro, senza l&#8217;espressa autorizzazione del Titolare.<\/p>\n<p>Qualsiasi link al Web dovr\u00e0 indirizzare alla \u00abHome\u00bb oppure alla Home Page ed \u00e8 severamente vietato creare link diretti profondi che rimandino a contenuti diversi da quello suddetto. \u00c9 altres\u00ec vietata la navigazione sui \u00abframe\u00bb.<\/p>\n<p><b>5. Protezione dei dati personali<\/b><\/p>\n<p>Il Titolare ha adottato le misure di sicurezza tecniche e organizzative stabilite dalla normativa generale per la protezione dei dati, d\u2019accordo con la Legge Organica 3\/2018 sulla Protezione dei Dati Personali e la garanzia dei diritti digitali e il Regolamento 2016\/679 Europeo per la Protezione dei Dati. Per maggiori informazioni si prega di consultare la sezione denominata Privacy.<\/p>\n<p><b>6. Competenza giurisdizionale e legge applicabile.<\/b><\/p>\n<p>Le presenti Condizioni Generali sono regolate e interpretate in conformit\u00e0 con il diritto spagnolo; pertanto, per ogni controversia saranno competenti i tribunali della citt\u00e0 di A Coru\u00f1a, rinunciando cos\u00ec a qualsiasi altro foro generale o speciale che potesse eventualmente corrispondergli.<\/p>\n<p>&nbsp;<\/p>\n<p>&nbsp;<\/p>\n","protected":false},"excerpt":{"rendered":"<p>1. Dati tecnici dell\u2019azienda e di contatto Informazione sul titolare del sito web \u2022 Ragione Sociale Estrella Galicia Internacional, S.L.U \u2022 CODICE FISCALE\/PARTITA IVA: B70313507 \u2022 Sede legale: C\/ Jos\u00e9 Mar\u00eda Rivera Corral, 6 15008 A Coru\u00f1a \u2022 Telefono 981901906 \u2022 E-mail: comunicaci\u00f3n@estrellagalicia.es \u2022 Dati d\u2019iscrizione al Registro delle Imprese: Coru\u00f1a, Tomo 3720, foglio 190 [&hellip;]<\/p>\n","protected":false},"author":6,"featured_media":0,"parent":0,"menu_order":0,"comment_status":"closed","ping_status":"closed","template":"","meta":{"_acf_changed":false,"_coblocks_attr":"","_coblocks_dimensions":"","_coblocks_responsive_height":"","_coblocks_accordion_ie_support":"","footnotes":""},"acf":[],"yoast_head":"<!-- This site is optimized with the Yoast SEO plugin v22.8 - https:\/\/yoast.com\/wordpress\/plugins\/seo\/ -->\n<title>Avviso Legale - Estrella Galicia Italia<\/title>\n<meta name=\"robots\" content=\"index, follow, max-snippet:-1, max-image-preview:large, max-video-preview:-1\" \/>\n<link rel=\"canonical\" href=\"https:\/\/estrellagalicia.com\/it\/avviso-legale\/\" \/>\n<meta property=\"og:locale\" content=\"es_ES\" \/>\n<meta property=\"og:type\" content=\"article\" \/>\n<meta property=\"og:title\" content=\"Avviso Legale - Estrella Galicia Italia\" \/>\n<meta property=\"og:description\" content=\"1. Dati tecnici dell\u2019azienda e di contatto Informazione sul titolare del sito web \u2022 Ragione Sociale Estrella Galicia Internacional, S.L.U \u2022 CODICE FISCALE\/PARTITA IVA: B70313507 \u2022 Sede legale: C\/ Jos\u00e9 Mar\u00eda Rivera Corral, 6 15008 A Coru\u00f1a \u2022 Telefono 981901906 \u2022 E-mail: comunicaci\u00f3n@estrellagalicia.es \u2022 Dati d\u2019iscrizione al Registro delle Imprese: Coru\u00f1a, Tomo 3720, foglio 190 [&hellip;]\" \/>\n<meta property=\"og:url\" content=\"https:\/\/estrellagalicia.com\/it\/avviso-legale\/\" \/>\n<meta property=\"og:site_name\" content=\"Estrella Galicia Italia\" \/>\n<meta property=\"article:modified_time\" content=\"2022-11-16T11:06:38+00:00\" \/>\n<meta property=\"og:image\" content=\"https:\/\/estrellagalicia.com\/it\/wp-content\/uploads\/2019\/08\/logotipo_estrella_galicia.png\" \/>\n\t<meta property=\"og:image:width\" content=\"192\" \/>\n\t<meta property=\"og:image:height\" content=\"149\" \/>\n\t<meta property=\"og:image:type\" content=\"image\/png\" \/>\n<meta name=\"twitter:card\" content=\"summary_large_image\" \/>\n<meta name=\"twitter:label1\" content=\"Tiempo de lectura\" \/>\n\t<meta name=\"twitter:data1\" content=\"3 minutos\" \/>\n<script type=\"application\/ld+json\" class=\"yoast-schema-graph\">{\"@context\":\"https:\/\/schema.org\",\"@graph\":[{\"@type\":\"WebPage\",\"@id\":\"https:\/\/estrellagalicia.com\/it\/avviso-legale\/\",\"url\":\"https:\/\/estrellagalicia.com\/it\/avviso-legale\/\",\"name\":\"Avviso Legale - Estrella Galicia Italia\",\"isPartOf\":{\"@id\":\"https:\/\/estrellagalicia.com\/it\/#website\"},\"datePublished\":\"2019-06-24T14:05:58+00:00\",\"dateModified\":\"2022-11-16T11:06:38+00:00\",\"breadcrumb\":{\"@id\":\"https:\/\/estrellagalicia.com\/it\/avviso-legale\/#breadcrumb\"},\"inLanguage\":\"es\",\"potentialAction\":[{\"@type\":\"ReadAction\",\"target\":[\"https:\/\/estrellagalicia.com\/it\/avviso-legale\/\"]}]},{\"@type\":\"BreadcrumbList\",\"@id\":\"https:\/\/estrellagalicia.com\/it\/avviso-legale\/#breadcrumb\",\"itemListElement\":[{\"@type\":\"ListItem\",\"position\":1,\"name\":\"Home\",\"item\":\"https:\/\/estrellagalicia.com\/it\/\"},{\"@type\":\"ListItem\",\"position\":2,\"name\":\"Avviso Legale\"}]},{\"@type\":\"WebSite\",\"@id\":\"https:\/\/estrellagalicia.com\/it\/#website\",\"url\":\"https:\/\/estrellagalicia.com\/it\/\",\"name\":\"Estrella Galicia Italia\",\"description\":\"\",\"publisher\":{\"@id\":\"https:\/\/estrellagalicia.com\/it\/#organization\"},\"potentialAction\":[{\"@type\":\"SearchAction\",\"target\":{\"@type\":\"EntryPoint\",\"urlTemplate\":\"https:\/\/estrellagalicia.com\/it\/?s={search_term_string}\"},\"query-input\":\"required name=search_term_string\"}],\"inLanguage\":\"es\"},{\"@type\":\"Organization\",\"@id\":\"https:\/\/estrellagalicia.com\/it\/#organization\",\"name\":\"Estrella Galicia\",\"url\":\"https:\/\/estrellagalicia.com\/it\/\",\"logo\":{\"@type\":\"ImageObject\",\"inLanguage\":\"es\",\"@id\":\"https:\/\/estrellagalicia.com\/it\/#\/schema\/logo\/image\/\",\"url\":\"https:\/\/estrellagalicia.com\/it\/wp-content\/uploads\/2019\/08\/logotipo_estrella_galicia.png\",\"contentUrl\":\"https:\/\/estrellagalicia.com\/it\/wp-content\/uploads\/2019\/08\/logotipo_estrella_galicia.png\",\"width\":192,\"height\":149,\"caption\":\"Estrella Galicia\"},\"image\":{\"@id\":\"https:\/\/estrellagalicia.com\/it\/#\/schema\/logo\/image\/\"}}]}<\/script>\n<!-- \/ Yoast SEO plugin. -->","yoast_head_json":{"title":"Avviso Legale - Estrella Galicia Italia","robots":{"index":"index","follow":"follow","max-snippet":"max-snippet:-1","max-image-preview":"max-image-preview:large","max-video-preview":"max-video-preview:-1"},"canonical":"https:\/\/estrellagalicia.com\/it\/avviso-legale\/","og_locale":"es_ES","og_type":"article","og_title":"Avviso Legale - Estrella Galicia Italia","og_description":"1. Dati tecnici dell\u2019azienda e di contatto Informazione sul titolare del sito web \u2022 Ragione Sociale Estrella Galicia Internacional, S.L.U \u2022 CODICE FISCALE\/PARTITA IVA: B70313507 \u2022 Sede legale: C\/ Jos\u00e9 Mar\u00eda Rivera Corral, 6 15008 A Coru\u00f1a \u2022 Telefono 981901906 \u2022 E-mail: comunicaci\u00f3n@estrellagalicia.es \u2022 Dati d\u2019iscrizione al Registro delle Imprese: Coru\u00f1a, Tomo 3720, foglio 190 [&hellip;]","og_url":"https:\/\/estrellagalicia.com\/it\/avviso-legale\/","og_site_name":"Estrella Galicia Italia","article_modified_time":"2022-11-16T11:06:38+00:00","og_image":[{"width":192,"height":149,"url":"https:\/\/estrellagalicia.com\/it\/wp-content\/uploads\/2019\/08\/logotipo_estrella_galicia.png","type":"image\/png"}],"twitter_card":"summary_large_image","twitter_misc":{"Tiempo de lectura":"3 minutos"},"schema":{"@context":"https:\/\/schema.org","@graph":[{"@type":"WebPage","@id":"https:\/\/estrellagalicia.com\/it\/avviso-legale\/","url":"https:\/\/estrellagalicia.com\/it\/avviso-legale\/","name":"Avviso Legale - Estrella Galicia Italia","isPartOf":{"@id":"https:\/\/estrellagalicia.com\/it\/#website"},"datePublished":"2019-06-24T14:05:58+00:00","dateModified":"2022-11-16T11:06:38+00:00","breadcrumb":{"@id":"https:\/\/estrellagalicia.com\/it\/avviso-legale\/#breadcrumb"},"inLanguage":"es","potentialAction":[{"@type":"ReadAction","target":["https:\/\/estrellagalicia.com\/it\/avviso-legale\/"]}]},{"@type":"BreadcrumbList","@id":"https:\/\/estrellagalicia.com\/it\/avviso-legale\/#breadcrumb","itemListElement":[{"@type":"ListItem","position":1,"name":"Home","item":"https:\/\/estrellagalicia.com\/it\/"},{"@type":"ListItem","position":2,"name":"Avviso Legale"}]},{"@type":"WebSite","@id":"https:\/\/estrellagalicia.com\/it\/#website","url":"https:\/\/estrellagalicia.com\/it\/","name":"Estrella Galicia Italia","description":"","publisher":{"@id":"https:\/\/estrellagalicia.com\/it\/#organization"},"potentialAction":[{"@type":"SearchAction","target":{"@type":"EntryPoint","urlTemplate":"https:\/\/estrellagalicia.com\/it\/?s={search_term_string}"},"query-input":"required name=search_term_string"}],"inLanguage":"es"},{"@type":"Organization","@id":"https:\/\/estrellagalicia.com\/it\/#organization","name":"Estrella Galicia","url":"https:\/\/estrellagalicia.com\/it\/","logo":{"@type":"ImageObject","inLanguage":"es","@id":"https:\/\/estrellagalicia.com\/it\/#\/schema\/logo\/image\/","url":"https:\/\/estrellagalicia.com\/it\/wp-content\/uploads\/2019\/08\/logotipo_estrella_galicia.png","contentUrl":"https:\/\/estrellagalicia.com\/it\/wp-content\/uploads\/2019\/08\/logotipo_estrella_galicia.png","width":192,"height":149,"caption":"Estrella Galicia"},"image":{"@id":"https:\/\/estrellagalicia.com\/it\/#\/schema\/logo\/image\/"}}]}},"_links":{"self":[{"href":"https:\/\/estrellagalicia.com\/it\/wp-json\/wp\/v2\/pages\/85"}],"collection":[{"href":"https:\/\/estrellagalicia.com\/it\/wp-json\/wp\/v2\/pages"}],"about":[{"href":"https:\/\/estrellagalicia.com\/it\/wp-json\/wp\/v2\/types\/page"}],"author":[{"embeddable":true,"href":"https:\/\/estrellagalicia.com\/it\/wp-json\/wp\/v2\/users\/6"}],"replies":[{"embeddable":true,"href":"https:\/\/estrellagalicia.com\/it\/wp-json\/wp\/v2\/comments?post=85"}],"version-history":[{"count":6,"href":"https:\/\/estrellagalicia.com\/it\/wp-json\/wp\/v2\/pages\/85\/revisions"}],"predecessor-version":[{"id":2829,"href":"https:\/\/estrellagalicia.com\/it\/wp-json\/wp\/v2\/pages\/85\/revisions\/2829"}],"wp:attachment":[{"href":"https:\/\/estrellagalicia.com\/it\/wp-json\/wp\/v2\/media?parent=85"}],"curies":[{"name":"wp","href":"https:\/\/api.w.org\/{rel}","templated":true}]}}