{"id":74,"date":"2019-06-24T15:38:36","date_gmt":"2019-06-24T13:38:36","guid":{"rendered":"http:\/\/estrellagalicia.com\/mx\/?page_id=74"},"modified":"2024-02-21T10:20:58","modified_gmt":"2024-02-21T09:20:58","slug":"home","status":"publish","type":"page","link":"https:\/\/estrellagalicia.com\/mx\/","title":{"rendered":"Home"},"content":{"rendered":"\n<div class=\"wp-block-hacce-wrapper video_eginternacional position-relative\"><div  class=\"bloque-video video-local\">\n    <video poster=\"https:\/\/estrellagalicia.com\/mx\/wp-content\/uploads\/2021\/04\/bg_interncional_video.jpg\" id=\"video-69e1c539b8b14\" class=\"plyr\" playsinline>\n        <source src=\"https:\/\/estrellagalicia.com\/mx\/wp-content\/uploads\/2021\/08\/videomx.mp4\" type=\"video\/mp4\" \/>\n    <\/video>\n        <\/div>\n\n\n\n<div class=\"wp-block-group titulo_principal_wrap has-white-color has-text-color\"><div class=\"wp-block-group__inner-container is-layout-flow wp-block-group-is-layout-flow\">\n<h1 class=\"h1-con-img\"><img loading=\"lazy\" decoding=\"async\" width=\"789\" height=\"418\" src=\"https:\/\/estrellagalicia.com\/mx\/wp-content\/uploads\/2021\/07\/Grupo-1931.png\" alt=\"Estrella Galicia M\u00e9xico\" class=\"wp-image-7367\" srcset=\"https:\/\/estrellagalicia.com\/mx\/wp-content\/uploads\/2021\/07\/Grupo-1931.png 789w, https:\/\/estrellagalicia.com\/mx\/wp-content\/uploads\/2021\/07\/Grupo-1931-300x159.png 300w, https:\/\/estrellagalicia.com\/mx\/wp-content\/uploads\/2021\/07\/Grupo-1931-768x407.png 768w\" sizes=\"(max-width: 789px) 100vw, 789px\"><\/h1>\n\n\n\n<p class=\"has-text-align-center flex-column has-medium-font-size\">Pasi\u00f3n Espa\u00f1ola, inspirada en M\u00e9xico por nuestro fundador <br>hace mas de 100 a\u00f1os.<mark style=\"background-color:rgba(0, 0, 0, 0)\" class=\"has-inline-color has-white-color\"> <\/mark><\/p>\n\n\n\n<div class=\"wp-block-buttons is-horizontal is-content-justification-center is-layout-flex wp-container-core-buttons-is-layout-1 wp-block-buttons-is-layout-flex\">\n<div class=\"wp-block-button\"><a class=\"wp-block-button__link has-main-background-color has-background wp-element-button\" href=\"https:\/\/estrellagalicia.com\/mx\/historia\/\">SABER M\u00c1S<\/a><\/div>\n<\/div>\n<\/div><\/div>\n<\/div>\n\n\n<div class=\"wp-block-image d-none d-sm-block\">\n<figure class=\"aligncenter size-full\"><img loading=\"lazy\" decoding=\"async\" width=\"1920\" height=\"820\" src=\"https:\/\/estrellagalicia.com\/mx\/wp-content\/uploads\/2024\/02\/Somos-BCorp-MX.jpg\" alt=\"\" class=\"wp-image-10267\" srcset=\"https:\/\/estrellagalicia.com\/mx\/wp-content\/uploads\/2024\/02\/Somos-BCorp-MX.jpg 1920w, https:\/\/estrellagalicia.com\/mx\/wp-content\/uploads\/2024\/02\/Somos-BCorp-MX-300x128.jpg 300w, https:\/\/estrellagalicia.com\/mx\/wp-content\/uploads\/2024\/02\/Somos-BCorp-MX-1024x437.jpg 1024w, https:\/\/estrellagalicia.com\/mx\/wp-content\/uploads\/2024\/02\/Somos-BCorp-MX-768x328.jpg 768w, https:\/\/estrellagalicia.com\/mx\/wp-content\/uploads\/2024\/02\/Somos-BCorp-MX-1536x656.jpg 1536w, https:\/\/estrellagalicia.com\/mx\/wp-content\/uploads\/2024\/02\/Somos-BCorp-MX-1200x513.jpg 1200w\" sizes=\"(max-width: 1920px) 100vw, 1920px\" \/><\/figure><\/div>\n\n<div class=\"wp-block-image d-sm-none\">\n<figure class=\"aligncenter size-full\"><img loading=\"lazy\" decoding=\"async\" width=\"720\" height=\"620\" src=\"https:\/\/estrellagalicia.com\/mx\/wp-content\/uploads\/2024\/02\/Somos-BCorp-MX-XS.jpg\" alt=\"\" class=\"wp-image-10268\" srcset=\"https:\/\/estrellagalicia.com\/mx\/wp-content\/uploads\/2024\/02\/Somos-BCorp-MX-XS.jpg 720w, https:\/\/estrellagalicia.com\/mx\/wp-content\/uploads\/2024\/02\/Somos-BCorp-MX-XS-300x258.jpg 300w\" sizes=\"(max-width: 720px) 100vw, 720px\" \/><\/figure><\/div>\n\n\n<div class=\"wp-block-hacce-wrapper py-lg-5 fullheight presentacion_home m-4 m-lg-5\" style=\"background-color:#1b1e20;background-image:url(https:\/\/estrellagalicia.com\/mx\/wp-content\/uploads\/2021\/11\/banner-eg.jpg)\"><div class=\"container\">\n<div class=\"wp-block-columns are-vertically-aligned-center m-0 is-layout-flex wp-container-core-columns-is-layout-1 wp-block-columns-is-layout-flex\">\n<div class=\"wp-block-column is-vertically-aligned-center is-layout-flow wp-block-column-is-layout-flow\">\n<h2 class=\"has-text-color has-large-font-size wp-block-heading\" style=\"color:#ded7c3\">ESTRELLA GALICIA ES EL RESULTADO DE LA PASI\u00d3N DE LA FAMILIA RIVERA POR LA CERVEZA <span class=\"has-inline-color has-white-color\">DESDE 1906<\/span>.<\/h2>\n\n\n\n<div class=\"wp-block-buttons is-horizontal is-content-justification-left is-layout-flex wp-container-core-buttons-is-layout-2 wp-block-buttons-is-layout-flex\">\n<div class=\"wp-block-button\"><a class=\"wp-block-button__link has-main-background-color has-background wp-element-button\" href=\"https:\/\/estrellagalicia.com\/mx\/producto\/estrella-galicia-especial\/\">VER FICHA<\/a><\/div>\n<\/div>\n<\/div>\n\n\n\n<div class=\"wp-block-column is-vertically-aligned-center is-layout-flow wp-block-column-is-layout-flow\"><\/div>\n<\/div>\n\n\n\n<figure class=\"wp-block-image size-large img_movil\"><img loading=\"lazy\" decoding=\"async\" width=\"375\" height=\"812\" src=\"https:\/\/estrellagalicia.com\/mx\/wp-content\/uploads\/2021\/11\/banner-eg-movil.jpg\" alt=\"\" class=\"wp-image-7431\" srcset=\"https:\/\/estrellagalicia.com\/mx\/wp-content\/uploads\/2021\/11\/banner-eg-movil.jpg 375w, https:\/\/estrellagalicia.com\/mx\/wp-content\/uploads\/2021\/11\/banner-eg-movil-139x300.jpg 139w\" sizes=\"(max-width: 375px) 100vw, 375px\" \/><\/figure>\n<\/div><\/div>\n\n\n\n\n\n<div class=\"wp-block-hacce-wrapper\">\n<div class=\"wp-block-columns px-4 px-lg-5 is-layout-flex wp-container-core-columns-is-layout-2 wp-block-columns-is-layout-flex\">\n<div class=\"wp-block-column is-layout-flow wp-block-column-is-layout-flow\">\n<figure class=\"wp-block-image alignfull size-full\"><img loading=\"lazy\" decoding=\"async\" width=\"1820\" height=\"789\" src=\"https:\/\/estrellagalicia.com\/mx\/wp-content\/uploads\/2021\/10\/banner-mega.jpg\" alt=\"\" class=\"wp-image-7428\" srcset=\"https:\/\/estrellagalicia.com\/mx\/wp-content\/uploads\/2021\/10\/banner-mega.jpg 1820w, https:\/\/estrellagalicia.com\/mx\/wp-content\/uploads\/2021\/10\/banner-mega-300x130.jpg 300w, https:\/\/estrellagalicia.com\/mx\/wp-content\/uploads\/2021\/10\/banner-mega-1024x444.jpg 1024w, https:\/\/estrellagalicia.com\/mx\/wp-content\/uploads\/2021\/10\/banner-mega-768x333.jpg 768w, https:\/\/estrellagalicia.com\/mx\/wp-content\/uploads\/2021\/10\/banner-mega-1536x666.jpg 1536w, https:\/\/estrellagalicia.com\/mx\/wp-content\/uploads\/2021\/10\/banner-mega-1200x520.jpg 1200w\" sizes=\"(max-width: 1820px) 100vw, 1820px\" \/><\/figure>\n<\/div>\n<\/div>\n<\/div>\n\n\n\n<div class=\"wp-block-hacce-wrapper historia_home py-5 mx-4 x-lg-5 mt-4\"><div class=\"container\">\n<div class=\"wp-block-hacce-wrapper historia_home_bg has-white-color has-dark-gray-background-color\" style=\"background-image:url(https:\/\/estrellagalicia.com\/mx\/wp-content\/uploads\/2021\/04\/bg_historia.jpg)\">\n<figure class=\"wp-block-image size-large sello_wrap\"><img loading=\"lazy\" decoding=\"async\" width=\"385\" height=\"385\" src=\"https:\/\/estrellagalicia.com\/mx\/wp-content\/uploads\/2021\/04\/1906_sello.png\" alt=\"\" class=\"wp-image-5835\" srcset=\"https:\/\/estrellagalicia.com\/mx\/wp-content\/uploads\/2021\/04\/1906_sello.png 385w, https:\/\/estrellagalicia.com\/mx\/wp-content\/uploads\/2021\/04\/1906_sello-300x300.png 300w, https:\/\/estrellagalicia.com\/mx\/wp-content\/uploads\/2021\/04\/1906_sello-150x150.png 150w\" sizes=\"(max-width: 385px) 100vw, 385px\" \/><\/figure>\n\n\n\n<h2 class=\"wp-block-heading\">1906 UNA HISTORIA<br>QUE MERECE <br>SER<br>CONTADA<\/h2>\n\n\n\n<div style=\"height:30px\" aria-hidden=\"true\" class=\"wp-block-spacer\"><\/div>\n\n\n\n<div class=\"wp-block-buttons is-layout-flex wp-block-buttons-is-layout-flex\">\n<div class=\"wp-block-button is-style-outline\"><a class=\"wp-block-button__link has-white-color has-text-color wp-element-button\" href=\"https:\/\/estrellagalicia.com\/mx\/historia\/\">Ver m\u00e1s<\/a><\/div>\n<\/div>\n<\/div>\n<\/div><\/div>\n","protected":false},"excerpt":{"rendered":"","protected":false},"author":5,"featured_media":0,"parent":0,"menu_order":0,"comment_status":"closed","ping_status":"closed","template":"","meta":{"_acf_changed":false,"_coblocks_attr":"","_coblocks_dimensions":"{\"coblocks-column-52591629144\":{\"padding\":{}},\"coblocks-column-6184059286\":{\"padding\":{}}}","_coblocks_responsive_height":"","_coblocks_accordion_ie_support":"","footnotes":""},"acf":[],"yoast_head":"<!-- This site is optimized with the Yoast SEO plugin v22.8 - https:\/\/yoast.com\/wordpress\/plugins\/seo\/ -->\n<title>Cervezas Estrella Galicia M\u00e9xico<\/title>\n<meta name=\"description\" content=\"Disfruta las cervezas Estrella Galicia. Un sue\u00f1o que naci\u00f3 en M\u00e9xico \ud83c\uddf2\ud83c\uddfd y que se fabrica en Galicia desde 1906.\" \/>\n<meta name=\"robots\" content=\"index, follow, max-snippet:-1, max-image-preview:large, max-video-preview:-1\" \/>\n<link rel=\"canonical\" href=\"https:\/\/estrellagalicia.com\/mx\/\" \/>\n<meta property=\"og:locale\" content=\"es_ES\" \/>\n<meta property=\"og:type\" content=\"article\" \/>\n<meta property=\"og:title\" content=\"Cervezas Estrella Galicia M\u00e9xico\" \/>\n<meta property=\"og:description\" content=\"Disfruta las cervezas Estrella Galicia. Un sue\u00f1o que naci\u00f3 en M\u00e9xico \ud83c\uddf2\ud83c\uddfd y que se fabrica en Galicia desde 1906.\" \/>\n<meta property=\"og:url\" content=\"https:\/\/estrellagalicia.com\/mx\/\" \/>\n<meta property=\"og:site_name\" content=\"Estrella Galicia Mexico\" \/>\n<meta property=\"article:modified_time\" content=\"2024-02-21T09:20:58+00:00\" \/>\n<meta property=\"og:image\" content=\"https:\/\/estrellagalicia.com\/mx\/wp-content\/uploads\/2021\/07\/Grupo-1931.png\" \/>\n<meta name=\"twitter:card\" content=\"summary_large_image\" \/>\n<meta name=\"twitter:label1\" content=\"Tiempo de lectura\" \/>\n\t<meta name=\"twitter:data1\" content=\"2 minutos\" \/>\n<script type=\"application\/ld+json\" class=\"yoast-schema-graph\">{\"@context\":\"https:\/\/schema.org\",\"@graph\":[{\"@type\":\"WebPage\",\"@id\":\"https:\/\/estrellagalicia.com\/mx\/\",\"url\":\"https:\/\/estrellagalicia.com\/mx\/\",\"name\":\"Cervezas Estrella Galicia M\u00e9xico\",\"isPartOf\":{\"@id\":\"https:\/\/estrellagalicia.com\/mx\/#website\"},\"primaryImageOfPage\":{\"@id\":\"https:\/\/estrellagalicia.com\/mx\/#primaryimage\"},\"image\":{\"@id\":\"https:\/\/estrellagalicia.com\/mx\/#primaryimage\"},\"thumbnailUrl\":\"https:\/\/estrellagalicia.com\/mx\/wp-content\/uploads\/2021\/07\/Grupo-1931.png\",\"datePublished\":\"2019-06-24T13:38:36+00:00\",\"dateModified\":\"2024-02-21T09:20:58+00:00\",\"description\":\"Disfruta las cervezas Estrella Galicia. Un sue\u00f1o que naci\u00f3 en M\u00e9xico \ud83c\uddf2\ud83c\uddfd y que se fabrica en Galicia desde 1906.\",\"breadcrumb\":{\"@id\":\"https:\/\/estrellagalicia.com\/mx\/#breadcrumb\"},\"inLanguage\":\"es\",\"potentialAction\":[{\"@type\":\"ReadAction\",\"target\":[\"https:\/\/estrellagalicia.com\/mx\/\"]}]},{\"@type\":\"ImageObject\",\"inLanguage\":\"es\",\"@id\":\"https:\/\/estrellagalicia.com\/mx\/#primaryimage\",\"url\":\"https:\/\/estrellagalicia.com\/mx\/wp-content\/uploads\/2021\/07\/Grupo-1931.png\",\"contentUrl\":\"https:\/\/estrellagalicia.com\/mx\/wp-content\/uploads\/2021\/07\/Grupo-1931.png\",\"width\":789,\"height\":418},{\"@type\":\"BreadcrumbList\",\"@id\":\"https:\/\/estrellagalicia.com\/mx\/#breadcrumb\",\"itemListElement\":[{\"@type\":\"ListItem\",\"position\":1,\"name\":\"Home\",\"item\":\"https:\/\/estrellagalicia.com\/mx\/\"},{\"@type\":\"ListItem\",\"position\":2,\"name\":\"Home\"}]},{\"@type\":\"WebSite\",\"@id\":\"https:\/\/estrellagalicia.com\/mx\/#website\",\"url\":\"https:\/\/estrellagalicia.com\/mx\/\",\"name\":\"Estrella Galicia Mexico\",\"description\":\"\",\"potentialAction\":[{\"@type\":\"SearchAction\",\"target\":{\"@type\":\"EntryPoint\",\"urlTemplate\":\"https:\/\/estrellagalicia.com\/mx\/?s={search_term_string}\"},\"query-input\":\"required name=search_term_string\"}],\"inLanguage\":\"es\"}]}<\/script>\n<!-- \/ Yoast SEO plugin. -->","yoast_head_json":{"title":"Cervezas Estrella Galicia M\u00e9xico","description":"Disfruta las cervezas Estrella Galicia. Un sue\u00f1o que naci\u00f3 en M\u00e9xico \ud83c\uddf2\ud83c\uddfd y que se fabrica en Galicia desde 1906.","robots":{"index":"index","follow":"follow","max-snippet":"max-snippet:-1","max-image-preview":"max-image-preview:large","max-video-preview":"max-video-preview:-1"},"canonical":"https:\/\/estrellagalicia.com\/mx\/","og_locale":"es_ES","og_type":"article","og_title":"Cervezas Estrella Galicia M\u00e9xico","og_description":"Disfruta las cervezas Estrella Galicia. Un sue\u00f1o que naci\u00f3 en M\u00e9xico \ud83c\uddf2\ud83c\uddfd y que se fabrica en Galicia desde 1906.","og_url":"https:\/\/estrellagalicia.com\/mx\/","og_site_name":"Estrella Galicia Mexico","article_modified_time":"2024-02-21T09:20:58+00:00","og_image":[{"url":"https:\/\/estrellagalicia.com\/mx\/wp-content\/uploads\/2021\/07\/Grupo-1931.png"}],"twitter_card":"summary_large_image","twitter_misc":{"Tiempo de lectura":"2 minutos"},"schema":{"@context":"https:\/\/schema.org","@graph":[{"@type":"WebPage","@id":"https:\/\/estrellagalicia.com\/mx\/","url":"https:\/\/estrellagalicia.com\/mx\/","name":"Cervezas Estrella Galicia M\u00e9xico","isPartOf":{"@id":"https:\/\/estrellagalicia.com\/mx\/#website"},"primaryImageOfPage":{"@id":"https:\/\/estrellagalicia.com\/mx\/#primaryimage"},"image":{"@id":"https:\/\/estrellagalicia.com\/mx\/#primaryimage"},"thumbnailUrl":"https:\/\/estrellagalicia.com\/mx\/wp-content\/uploads\/2021\/07\/Grupo-1931.png","datePublished":"2019-06-24T13:38:36+00:00","dateModified":"2024-02-21T09:20:58+00:00","description":"Disfruta las cervezas Estrella Galicia. Un sue\u00f1o que naci\u00f3 en M\u00e9xico \ud83c\uddf2\ud83c\uddfd y que se fabrica en Galicia desde 1906.","breadcrumb":{"@id":"https:\/\/estrellagalicia.com\/mx\/#breadcrumb"},"inLanguage":"es","potentialAction":[{"@type":"ReadAction","target":["https:\/\/estrellagalicia.com\/mx\/"]}]},{"@type":"ImageObject","inLanguage":"es","@id":"https:\/\/estrellagalicia.com\/mx\/#primaryimage","url":"https:\/\/estrellagalicia.com\/mx\/wp-content\/uploads\/2021\/07\/Grupo-1931.png","contentUrl":"https:\/\/estrellagalicia.com\/mx\/wp-content\/uploads\/2021\/07\/Grupo-1931.png","width":789,"height":418},{"@type":"BreadcrumbList","@id":"https:\/\/estrellagalicia.com\/mx\/#breadcrumb","itemListElement":[{"@type":"ListItem","position":1,"name":"Home","item":"https:\/\/estrellagalicia.com\/mx\/"},{"@type":"ListItem","position":2,"name":"Home"}]},{"@type":"WebSite","@id":"https:\/\/estrellagalicia.com\/mx\/#website","url":"https:\/\/estrellagalicia.com\/mx\/","name":"Estrella Galicia Mexico","description":"","potentialAction":[{"@type":"SearchAction","target":{"@type":"EntryPoint","urlTemplate":"https:\/\/estrellagalicia.com\/mx\/?s={search_term_string}"},"query-input":"required name=search_term_string"}],"inLanguage":"es"}]}},"_links":{"self":[{"href":"https:\/\/estrellagalicia.com\/mx\/wp-json\/wp\/v2\/pages\/74"}],"collection":[{"href":"https:\/\/estrellagalicia.com\/mx\/wp-json\/wp\/v2\/pages"}],"about":[{"href":"https:\/\/estrellagalicia.com\/mx\/wp-json\/wp\/v2\/types\/page"}],"author":[{"embeddable":true,"href":"https:\/\/estrellagalicia.com\/mx\/wp-json\/wp\/v2\/users\/5"}],"replies":[{"embeddable":true,"href":"https:\/\/estrellagalicia.com\/mx\/wp-json\/wp\/v2\/comments?post=74"}],"version-history":[{"count":337,"href":"https:\/\/estrellagalicia.com\/mx\/wp-json\/wp\/v2\/pages\/74\/revisions"}],"predecessor-version":[{"id":10270,"href":"https:\/\/estrellagalicia.com\/mx\/wp-json\/wp\/v2\/pages\/74\/revisions\/10270"}],"wp:attachment":[{"href":"https:\/\/estrellagalicia.com\/mx\/wp-json\/wp\/v2\/media?parent=74"}],"curies":[{"name":"wp","href":"https:\/\/api.w.org\/{rel}","templated":true}]}}