{"id":83,"date":"2019-06-24T16:05:41","date_gmt":"2019-06-24T14:05:41","guid":{"rendered":"http:\/\/estrellagalicia.com\/mx\/?page_id=83"},"modified":"2022-06-13T09:21:52","modified_gmt":"2022-06-13T07:21:52","slug":"aviso-de-privacidad-y-cookies","status":"publish","type":"page","link":"https:\/\/estrellagalicia.com\/mx\/aviso-de-privacidad-y-cookies\/","title":{"rendered":"Aviso de privacidad y cookies"},"content":{"rendered":"\n<h2 class=\"wp-block-heading\">POL\u00cdTICA DE PRIVACIDAD<\/h2>\n\n\n\n<div style=\"height:30px\" aria-hidden=\"true\" class=\"wp-block-spacer\"><\/div>\n\n\n\n<p><strong>\u00bfQui\u00e9n es el Responsable del tratamiento de tus datos?<\/strong><\/p>\n\n\n\n<p>El Responsable del Tratamiento es Cervezas Estrella Galicia Mexico, S. de R.L. de C.V., con n\u00famero de identificaci\u00f3n CEG1912048X8 y domicilio en Guanajuato 202, interior 105, Roma norte, 6700, Cuauhtemoc, Ciudad de M\u00e9xico.<\/p>\n\n\n\n<div style=\"height:20px\" aria-hidden=\"true\" class=\"wp-block-spacer\"><\/div>\n\n\n\n<p><strong>\u00bfCon qu\u00e9 finalidad trataremos tus datos personales?<\/strong><\/p>\n\n\n\n<p>Trataremos tu informaci\u00f3n personal con las siguientes finalidades:<\/p>\n\n\n\n<ol><li>Responder a las consultas que pudiesen surgir en relaci\u00f3n con nuestros productos o servicios.<\/li><\/ol>\n\n\n\n<div style=\"height:20px\" aria-hidden=\"true\" class=\"wp-block-spacer\"><\/div>\n\n\n\n<p><strong>\u00bfDurante cu\u00e1nto tiempo conservaremos tus datos?<\/strong><\/p>\n\n\n\n<p>En caso de que nos remitas una solicitud de informaci\u00f3n, se mantendr\u00e1n mientras sean necesarios para dar respuesta a tu consulta.<\/p>\n\n\n\n<div style=\"height:20px\" aria-hidden=\"true\" class=\"wp-block-spacer\"><\/div>\n\n\n\n<p><strong>\u00bfCu\u00e1l es la legitimaci\u00f3n para el tratamiento de tus datos?<\/strong><\/p>\n\n\n\n<p>Si nos haces llegar una consulta, la base legal del tratamiento es tu consentimiento.<\/p>\n\n\n\n<div style=\"height:20px\" aria-hidden=\"true\" class=\"wp-block-spacer\"><\/div>\n\n\n\n<p><strong>\u00bfA qu\u00e9 destinatarios se comunicar\u00e1n tus datos?<\/strong><\/p>\n\n\n\n<p>Tus datos no se comunicar\u00e1n a otros terceros excepto en los supuestos legalmente establecidos, como Cuerpos y Fuerzas de Seguridad del Estado o Jueces y Tribunales si fuesen requeridos.<\/p>\n\n\n\n<div style=\"height:20px\" aria-hidden=\"true\" class=\"wp-block-spacer\"><\/div>\n\n\n\n<p><strong>\u00bfCu\u00e1les son tus derechos al facilitarnos tus datos?<\/strong><\/p>\n\n\n\n<p>Tienes derecho a retirar tu consentimiento, obtener informaci\u00f3n adicional, acceder a tus datos, rectificar tus datos inexactos o solicitar la limitaci\u00f3n del tratamiento de tus datos o su eliminaci\u00f3n.<\/p>\n\n\n\n<p>Para ello, podr\u00e1s enviarnos un correo electr\u00f3nico a la direcci\u00f3n protecciondedatos@hriv.es o una carta a c\/ Jos\u00e9 Mar\u00eda Rivera Corral, 6 15008, A Coru\u00f1a, a la atenci\u00f3n del Comit\u00e9 de Protecci\u00f3n de Datos, incluyendo en ambos casos documentaci\u00f3n o informaci\u00f3n que permita acreditar tu identidad.<\/p>\n\n\n\n<div style=\"height:50px\" aria-hidden=\"true\" class=\"wp-block-spacer\"><\/div>\n","protected":false},"excerpt":{"rendered":"<p>POL\u00cdTICA DE PRIVACIDAD \u00bfQui\u00e9n es el Responsable del tratamiento de tus datos? El Responsable del Tratamiento es Cervezas Estrella Galicia Mexico, S. de R.L. de C.V., con n\u00famero de identificaci\u00f3n CEG1912048X8 y domicilio en Guanajuato 202, interior 105, Roma norte, 6700, Cuauhtemoc, Ciudad de M\u00e9xico. \u00bfCon qu\u00e9 finalidad trataremos tus datos personales? Trataremos tu informaci\u00f3n [&hellip;]<\/p>\n","protected":false},"author":5,"featured_media":0,"parent":0,"menu_order":0,"comment_status":"closed","ping_status":"closed","template":"","meta":{"_acf_changed":false,"_coblocks_attr":"","_coblocks_dimensions":"","_coblocks_responsive_height":"","_coblocks_accordion_ie_support":"","footnotes":""},"acf":[],"yoast_head":"<!-- This site is optimized with the Yoast SEO plugin v22.8 - https:\/\/yoast.com\/wordpress\/plugins\/seo\/ -->\n<title>Aviso de Privacidad y Cookies - Estrella Galicia Mexico<\/title>\n<meta name=\"robots\" content=\"index, follow, max-snippet:-1, max-image-preview:large, max-video-preview:-1\" \/>\n<link rel=\"canonical\" href=\"https:\/\/estrellagalicia.com\/mx\/aviso-de-privacidad-y-cookies\/\" \/>\n<meta property=\"og:locale\" content=\"es_ES\" \/>\n<meta property=\"og:type\" content=\"article\" \/>\n<meta property=\"og:title\" content=\"Aviso de Privacidad y Cookies - Estrella Galicia Mexico\" \/>\n<meta property=\"og:description\" content=\"POL\u00cdTICA DE PRIVACIDAD \u00bfQui\u00e9n es el Responsable del tratamiento de tus datos? El Responsable del Tratamiento es Cervezas Estrella Galicia Mexico, S. de R.L. de C.V., con n\u00famero de identificaci\u00f3n CEG1912048X8 y domicilio en Guanajuato 202, interior 105, Roma norte, 6700, Cuauhtemoc, Ciudad de M\u00e9xico. \u00bfCon qu\u00e9 finalidad trataremos tus datos personales? Trataremos tu informaci\u00f3n [&hellip;]\" \/>\n<meta property=\"og:url\" content=\"https:\/\/estrellagalicia.com\/mx\/aviso-de-privacidad-y-cookies\/\" \/>\n<meta property=\"og:site_name\" content=\"Estrella Galicia Mexico\" \/>\n<meta property=\"article:modified_time\" content=\"2022-06-13T07:21:52+00:00\" \/>\n<meta name=\"twitter:card\" content=\"summary_large_image\" \/>\n<meta name=\"twitter:label1\" content=\"Tiempo de lectura\" \/>\n\t<meta name=\"twitter:data1\" content=\"2 minutos\" \/>\n<script type=\"application\/ld+json\" class=\"yoast-schema-graph\">{\"@context\":\"https:\/\/schema.org\",\"@graph\":[{\"@type\":\"WebPage\",\"@id\":\"https:\/\/estrellagalicia.com\/mx\/aviso-de-privacidad-y-cookies\/\",\"url\":\"https:\/\/estrellagalicia.com\/mx\/aviso-de-privacidad-y-cookies\/\",\"name\":\"Aviso de Privacidad y Cookies - Estrella Galicia Mexico\",\"isPartOf\":{\"@id\":\"https:\/\/estrellagalicia.com\/mx\/#website\"},\"datePublished\":\"2019-06-24T14:05:41+00:00\",\"dateModified\":\"2022-06-13T07:21:52+00:00\",\"breadcrumb\":{\"@id\":\"https:\/\/estrellagalicia.com\/mx\/aviso-de-privacidad-y-cookies\/#breadcrumb\"},\"inLanguage\":\"es\",\"potentialAction\":[{\"@type\":\"ReadAction\",\"target\":[\"https:\/\/estrellagalicia.com\/mx\/aviso-de-privacidad-y-cookies\/\"]}]},{\"@type\":\"BreadcrumbList\",\"@id\":\"https:\/\/estrellagalicia.com\/mx\/aviso-de-privacidad-y-cookies\/#breadcrumb\",\"itemListElement\":[{\"@type\":\"ListItem\",\"position\":1,\"name\":\"Home\",\"item\":\"https:\/\/estrellagalicia.com\/mx\/\"},{\"@type\":\"ListItem\",\"position\":2,\"name\":\"Aviso de privacidad y cookies\"}]},{\"@type\":\"WebSite\",\"@id\":\"https:\/\/estrellagalicia.com\/mx\/#website\",\"url\":\"https:\/\/estrellagalicia.com\/mx\/\",\"name\":\"Estrella Galicia Mexico\",\"description\":\"\",\"potentialAction\":[{\"@type\":\"SearchAction\",\"target\":{\"@type\":\"EntryPoint\",\"urlTemplate\":\"https:\/\/estrellagalicia.com\/mx\/?s={search_term_string}\"},\"query-input\":\"required name=search_term_string\"}],\"inLanguage\":\"es\"}]}<\/script>\n<!-- \/ Yoast SEO plugin. -->","yoast_head_json":{"title":"Aviso de Privacidad y Cookies - Estrella Galicia Mexico","robots":{"index":"index","follow":"follow","max-snippet":"max-snippet:-1","max-image-preview":"max-image-preview:large","max-video-preview":"max-video-preview:-1"},"canonical":"https:\/\/estrellagalicia.com\/mx\/aviso-de-privacidad-y-cookies\/","og_locale":"es_ES","og_type":"article","og_title":"Aviso de Privacidad y Cookies - Estrella Galicia Mexico","og_description":"POL\u00cdTICA DE PRIVACIDAD \u00bfQui\u00e9n es el Responsable del tratamiento de tus datos? El Responsable del Tratamiento es Cervezas Estrella Galicia Mexico, S. de R.L. de C.V., con n\u00famero de identificaci\u00f3n CEG1912048X8 y domicilio en Guanajuato 202, interior 105, Roma norte, 6700, Cuauhtemoc, Ciudad de M\u00e9xico. \u00bfCon qu\u00e9 finalidad trataremos tus datos personales? Trataremos tu informaci\u00f3n [&hellip;]","og_url":"https:\/\/estrellagalicia.com\/mx\/aviso-de-privacidad-y-cookies\/","og_site_name":"Estrella Galicia Mexico","article_modified_time":"2022-06-13T07:21:52+00:00","twitter_card":"summary_large_image","twitter_misc":{"Tiempo de lectura":"2 minutos"},"schema":{"@context":"https:\/\/schema.org","@graph":[{"@type":"WebPage","@id":"https:\/\/estrellagalicia.com\/mx\/aviso-de-privacidad-y-cookies\/","url":"https:\/\/estrellagalicia.com\/mx\/aviso-de-privacidad-y-cookies\/","name":"Aviso de Privacidad y Cookies - Estrella Galicia Mexico","isPartOf":{"@id":"https:\/\/estrellagalicia.com\/mx\/#website"},"datePublished":"2019-06-24T14:05:41+00:00","dateModified":"2022-06-13T07:21:52+00:00","breadcrumb":{"@id":"https:\/\/estrellagalicia.com\/mx\/aviso-de-privacidad-y-cookies\/#breadcrumb"},"inLanguage":"es","potentialAction":[{"@type":"ReadAction","target":["https:\/\/estrellagalicia.com\/mx\/aviso-de-privacidad-y-cookies\/"]}]},{"@type":"BreadcrumbList","@id":"https:\/\/estrellagalicia.com\/mx\/aviso-de-privacidad-y-cookies\/#breadcrumb","itemListElement":[{"@type":"ListItem","position":1,"name":"Home","item":"https:\/\/estrellagalicia.com\/mx\/"},{"@type":"ListItem","position":2,"name":"Aviso de privacidad y cookies"}]},{"@type":"WebSite","@id":"https:\/\/estrellagalicia.com\/mx\/#website","url":"https:\/\/estrellagalicia.com\/mx\/","name":"Estrella Galicia Mexico","description":"","potentialAction":[{"@type":"SearchAction","target":{"@type":"EntryPoint","urlTemplate":"https:\/\/estrellagalicia.com\/mx\/?s={search_term_string}"},"query-input":"required name=search_term_string"}],"inLanguage":"es"}]}},"_links":{"self":[{"href":"https:\/\/estrellagalicia.com\/mx\/wp-json\/wp\/v2\/pages\/83"}],"collection":[{"href":"https:\/\/estrellagalicia.com\/mx\/wp-json\/wp\/v2\/pages"}],"about":[{"href":"https:\/\/estrellagalicia.com\/mx\/wp-json\/wp\/v2\/types\/page"}],"author":[{"embeddable":true,"href":"https:\/\/estrellagalicia.com\/mx\/wp-json\/wp\/v2\/users\/5"}],"replies":[{"embeddable":true,"href":"https:\/\/estrellagalicia.com\/mx\/wp-json\/wp\/v2\/comments?post=83"}],"version-history":[{"count":16,"href":"https:\/\/estrellagalicia.com\/mx\/wp-json\/wp\/v2\/pages\/83\/revisions"}],"predecessor-version":[{"id":8695,"href":"https:\/\/estrellagalicia.com\/mx\/wp-json\/wp\/v2\/pages\/83\/revisions\/8695"}],"wp:attachment":[{"href":"https:\/\/estrellagalicia.com\/mx\/wp-json\/wp\/v2\/media?parent=83"}],"curies":[{"name":"wp","href":"https:\/\/api.w.org\/{rel}","templated":true}]}}