{"id":85,"date":"2019-06-24T16:05:58","date_gmt":"2019-06-24T14:05:58","guid":{"rendered":"http:\/\/estrellagalicia.com\/mx\/?page_id=85"},"modified":"2022-06-13T09:21:22","modified_gmt":"2022-06-13T07:21:22","slug":"aviso-legal","status":"publish","type":"page","link":"https:\/\/estrellagalicia.com\/mx\/aviso-legal\/","title":{"rendered":"Aviso legal"},"content":{"rendered":"\n<div style=\"height:30px\" aria-hidden=\"true\" class=\"wp-block-spacer\"><\/div>\n\n\n\n<p><strong>1. Datos t\u00e9cnicos de la empresa y de contacto<\/strong><\/p>\n\n\n\n<p>Informaci\u00f3n sobre el titular del sitio web<br>\u2022 Raz\u00f3n social: Cervezas Estrella Galicia Mexico, S. de R.L. de C.V.<br>\u2022 N\u00ba de identificaci\u00f3n: CEG1912048X8<br>\u2022 Domicilio social: Guanajuato 202, interior 105, Roma norte, 6700, Cuauhtemoc, Ciudad de<br>M\u00e9xico<br>\u2022 Tel\u00e9fono:<br>\u2022 E-mail: protecciondedatos@hdriv.es<\/p>\n\n\n\n<div style=\"height:20px\" aria-hidden=\"true\" class=\"wp-block-spacer\"><\/div>\n\n\n\n<p><strong>2. Objeto<\/strong><\/p>\n\n\n\n<p>Las presentes condiciones regular\u00e1n el uso que el Titular pone a disposici\u00f3n de los usuarios de la Web, las cuales podr\u00e1n ser modificadas sin previo aviso, de manera que se recomienda su consulta peri\u00f3dica, m\u00e1s a\u00fan cuando se disponga a hacer un uso efectivo de productos y\/o servicios<\/p>\n\n\n\n<div style=\"height:20px\" aria-hidden=\"true\" class=\"wp-block-spacer\"><\/div>\n\n\n\n<p><strong>3. Condiciones de acceso y uso<\/strong><\/p>\n\n\n\n<p>El acceso a la web es libre y atribuye a quien lo realiza la condici\u00f3n de Usuario, quien podr\u00e1 acceder a los contenidos o incluso ponerse en contacto con sus administradores.<\/p>\n\n\n\n<p>El Usuario debe pues, leer, entender y aceptar las presentes condiciones de uso antes de proceder a la navegaci\u00f3n y\/o uso de los servicios, lo que supondr\u00e1 su expresa aceptaci\u00f3n y adhesi\u00f3n a las mismas en los t\u00e9rminos y condiciones que se expresan a continuaci\u00f3n: i) Compromiso de uso diligente de los recursos, con estricto cumplimiento de la legislaci\u00f3n vigente, con respeto a las buenas costumbres y a la \u00abnetiqueta\u00bb, es decir, al conjunto de normas de comportamiento general en Internet; ii) El Usuario aceptar\u00e1 los t\u00e9rminos y condiciones o bases de participaci\u00f3n de un servicio o recurso concreto cuando estas fueran necesarias, lo que ser\u00e1 expl\u00edcitamente requerido en su caso y; iii) No podr\u00e1 hacer uso de la Web fuera de los t\u00e9rminos aceptados por las presentes condiciones de uso, concretamente para fines il\u00edcitos, contrarios a la moral o al orden p\u00fablico en cualquiera de sus expresiones, o constitutivas de delito.<\/p>\n\n\n\n<p>De igual manera, en caso de permitirse comentarios o entradas de opiniones, el Titular no se responsabilizar\u00e1 en ning\u00fan caso de las opiniones vertidas por terceros, si bien se reserva el derecho a retirar o incluso no publicar aquellos que resulten ofensivos o inapropiados o, en su defecto, cuando tuviese conocimiento efectivo del contenido de lo publicado.<\/p>\n\n\n\n<div style=\"height:20px\" aria-hidden=\"true\" class=\"wp-block-spacer\"><\/div>\n\n\n\n<p><strong>4. Propiedad Intelectual e Industrial.<\/strong><\/p>\n\n\n\n<p>El Titular posee todos los derechos sobre la Web, sus logos, estructura, im\u00e1genes y elementos constitutivos del c\u00f3digo objeto, as\u00ed como la programaci\u00f3n e ingenier\u00eda del c\u00f3digo fuente. Todos estos elementos, adem\u00e1s de las publicaciones incluidas est\u00e1n protegidos por la normativa espa\u00f1ola y europea sobre propiedad intelectual e industrial.<\/p>\n\n\n\n<p>Queda prohibida cualquier reproducci\u00f3n, adaptaci\u00f3n, modificaci\u00f3n o comunicaci\u00f3n p\u00fablica de la totalidad o parte de los contenidos de la Web, efectuada de cualquier forma o por cualquier medio, mec\u00e1nico, manual u otro, sin la autorizaci\u00f3n expresa del Titular.<\/p>\n\n\n\n<p>Cualquier enlace realizado a la Web habr\u00e1 de dirigirse a la \u00abhome\u00bb o p\u00e1gina de inicio, prohibi\u00e9ndose la realizaci\u00f3n de enlaces profundos o dirigidos a otros contenidos distintos del mencionado. De igual manera queda prohibida la pr\u00e1ctica de navegaci\u00f3n sobre marcos o \u00abframes\u00bb.<\/p>\n\n\n\n<div style=\"height:20px\" aria-hidden=\"true\" class=\"wp-block-spacer\"><\/div>\n\n\n\n<p><strong>5. Protecci\u00f3n de datos de car\u00e1cter personal.<\/strong><\/p>\n\n\n\n<p>El Titular ha adoptado todas las medidas de seguridad, tanto t\u00e9cnicas como organizativas, exigidas por la normativa en protecci\u00f3n de datos, m\u00e1s concretamente seg\u00fan Ley Org\u00e1nica 3\/2018 de Protecci\u00f3n de Datos Personales y garant\u00eda de los derechos digitales y el Reglamento 2016\/679 Europeo de Protecci\u00f3n de Datos.<\/p>\n\n\n\n<p>Podr\u00e1 encontrarse toda la informaci\u00f3n a este respecto en el apartado denominado Pol\u00edtica de Privacidad.<\/p>\n\n\n\n<div style=\"height:20px\" aria-hidden=\"true\" class=\"wp-block-spacer\"><\/div>\n\n\n\n<p><strong>6. Legislaci\u00f3n y jurisdicci\u00f3n aplicable.<\/strong><\/p>\n\n\n\n<p>Las presentes Condiciones Generales quedan sujetas al ordenamiento jur\u00eddico espa\u00f1ol, sometiendo cualquier controversia a los juzgados y tribunales de la ciudad de M\u00e1laga, con renuncia a cualquier otro fuero general o especial que les pudiera corresponder.<\/p>\n\n\n\n<div style=\"height:50px\" aria-hidden=\"true\" class=\"wp-block-spacer\"><\/div>\n","protected":false},"excerpt":{"rendered":"<p>1. Datos t\u00e9cnicos de la empresa y de contacto Informaci\u00f3n sobre el titular del sitio web\u2022 Raz\u00f3n social: Cervezas Estrella Galicia Mexico, S. de R.L. de C.V.\u2022 N\u00ba de identificaci\u00f3n: CEG1912048X8\u2022 Domicilio social: Guanajuato 202, interior 105, Roma norte, 6700, Cuauhtemoc, Ciudad deM\u00e9xico\u2022 Tel\u00e9fono:\u2022 E-mail: protecciondedatos@hdriv.es 2. Objeto Las presentes condiciones regular\u00e1n el uso que [&hellip;]<\/p>\n","protected":false},"author":5,"featured_media":0,"parent":0,"menu_order":0,"comment_status":"closed","ping_status":"closed","template":"","meta":{"_acf_changed":false,"_coblocks_attr":"","_coblocks_dimensions":"","_coblocks_responsive_height":"","_coblocks_accordion_ie_support":"","footnotes":""},"acf":[],"yoast_head":"<!-- This site is optimized with the Yoast SEO plugin v22.8 - https:\/\/yoast.com\/wordpress\/plugins\/seo\/ -->\n<title>Aviso legal - Estrella Galicia Mexico<\/title>\n<meta name=\"robots\" content=\"index, follow, max-snippet:-1, max-image-preview:large, max-video-preview:-1\" \/>\n<link rel=\"canonical\" href=\"https:\/\/estrellagalicia.com\/mx\/aviso-legal\/\" \/>\n<meta property=\"og:locale\" content=\"es_ES\" \/>\n<meta property=\"og:type\" content=\"article\" \/>\n<meta property=\"og:title\" content=\"Aviso legal - Estrella Galicia Mexico\" \/>\n<meta property=\"og:description\" content=\"1. Datos t\u00e9cnicos de la empresa y de contacto Informaci\u00f3n sobre el titular del sitio web\u2022 Raz\u00f3n social: Cervezas Estrella Galicia Mexico, S. de R.L. de C.V.\u2022 N\u00ba de identificaci\u00f3n: CEG1912048X8\u2022 Domicilio social: Guanajuato 202, interior 105, Roma norte, 6700, Cuauhtemoc, Ciudad deM\u00e9xico\u2022 Tel\u00e9fono:\u2022 E-mail: protecciondedatos@hdriv.es 2. Objeto Las presentes condiciones regular\u00e1n el uso que [&hellip;]\" \/>\n<meta property=\"og:url\" content=\"https:\/\/estrellagalicia.com\/mx\/aviso-legal\/\" \/>\n<meta property=\"og:site_name\" content=\"Estrella Galicia Mexico\" \/>\n<meta property=\"article:modified_time\" content=\"2022-06-13T07:21:22+00:00\" \/>\n<meta name=\"twitter:card\" content=\"summary_large_image\" \/>\n<meta name=\"twitter:label1\" content=\"Tiempo de lectura\" \/>\n\t<meta name=\"twitter:data1\" content=\"3 minutos\" \/>\n<script type=\"application\/ld+json\" class=\"yoast-schema-graph\">{\"@context\":\"https:\/\/schema.org\",\"@graph\":[{\"@type\":\"WebPage\",\"@id\":\"https:\/\/estrellagalicia.com\/mx\/aviso-legal\/\",\"url\":\"https:\/\/estrellagalicia.com\/mx\/aviso-legal\/\",\"name\":\"Aviso legal - Estrella Galicia Mexico\",\"isPartOf\":{\"@id\":\"https:\/\/estrellagalicia.com\/mx\/#website\"},\"datePublished\":\"2019-06-24T14:05:58+00:00\",\"dateModified\":\"2022-06-13T07:21:22+00:00\",\"breadcrumb\":{\"@id\":\"https:\/\/estrellagalicia.com\/mx\/aviso-legal\/#breadcrumb\"},\"inLanguage\":\"es\",\"potentialAction\":[{\"@type\":\"ReadAction\",\"target\":[\"https:\/\/estrellagalicia.com\/mx\/aviso-legal\/\"]}]},{\"@type\":\"BreadcrumbList\",\"@id\":\"https:\/\/estrellagalicia.com\/mx\/aviso-legal\/#breadcrumb\",\"itemListElement\":[{\"@type\":\"ListItem\",\"position\":1,\"name\":\"Home\",\"item\":\"https:\/\/estrellagalicia.com\/mx\/\"},{\"@type\":\"ListItem\",\"position\":2,\"name\":\"Aviso legal\"}]},{\"@type\":\"WebSite\",\"@id\":\"https:\/\/estrellagalicia.com\/mx\/#website\",\"url\":\"https:\/\/estrellagalicia.com\/mx\/\",\"name\":\"Estrella Galicia Mexico\",\"description\":\"\",\"potentialAction\":[{\"@type\":\"SearchAction\",\"target\":{\"@type\":\"EntryPoint\",\"urlTemplate\":\"https:\/\/estrellagalicia.com\/mx\/?s={search_term_string}\"},\"query-input\":\"required name=search_term_string\"}],\"inLanguage\":\"es\"}]}<\/script>\n<!-- \/ Yoast SEO plugin. -->","yoast_head_json":{"title":"Aviso legal - Estrella Galicia Mexico","robots":{"index":"index","follow":"follow","max-snippet":"max-snippet:-1","max-image-preview":"max-image-preview:large","max-video-preview":"max-video-preview:-1"},"canonical":"https:\/\/estrellagalicia.com\/mx\/aviso-legal\/","og_locale":"es_ES","og_type":"article","og_title":"Aviso legal - Estrella Galicia Mexico","og_description":"1. Datos t\u00e9cnicos de la empresa y de contacto Informaci\u00f3n sobre el titular del sitio web\u2022 Raz\u00f3n social: Cervezas Estrella Galicia Mexico, S. de R.L. de C.V.\u2022 N\u00ba de identificaci\u00f3n: CEG1912048X8\u2022 Domicilio social: Guanajuato 202, interior 105, Roma norte, 6700, Cuauhtemoc, Ciudad deM\u00e9xico\u2022 Tel\u00e9fono:\u2022 E-mail: protecciondedatos@hdriv.es 2. Objeto Las presentes condiciones regular\u00e1n el uso que [&hellip;]","og_url":"https:\/\/estrellagalicia.com\/mx\/aviso-legal\/","og_site_name":"Estrella Galicia Mexico","article_modified_time":"2022-06-13T07:21:22+00:00","twitter_card":"summary_large_image","twitter_misc":{"Tiempo de lectura":"3 minutos"},"schema":{"@context":"https:\/\/schema.org","@graph":[{"@type":"WebPage","@id":"https:\/\/estrellagalicia.com\/mx\/aviso-legal\/","url":"https:\/\/estrellagalicia.com\/mx\/aviso-legal\/","name":"Aviso legal - Estrella Galicia Mexico","isPartOf":{"@id":"https:\/\/estrellagalicia.com\/mx\/#website"},"datePublished":"2019-06-24T14:05:58+00:00","dateModified":"2022-06-13T07:21:22+00:00","breadcrumb":{"@id":"https:\/\/estrellagalicia.com\/mx\/aviso-legal\/#breadcrumb"},"inLanguage":"es","potentialAction":[{"@type":"ReadAction","target":["https:\/\/estrellagalicia.com\/mx\/aviso-legal\/"]}]},{"@type":"BreadcrumbList","@id":"https:\/\/estrellagalicia.com\/mx\/aviso-legal\/#breadcrumb","itemListElement":[{"@type":"ListItem","position":1,"name":"Home","item":"https:\/\/estrellagalicia.com\/mx\/"},{"@type":"ListItem","position":2,"name":"Aviso legal"}]},{"@type":"WebSite","@id":"https:\/\/estrellagalicia.com\/mx\/#website","url":"https:\/\/estrellagalicia.com\/mx\/","name":"Estrella Galicia Mexico","description":"","potentialAction":[{"@type":"SearchAction","target":{"@type":"EntryPoint","urlTemplate":"https:\/\/estrellagalicia.com\/mx\/?s={search_term_string}"},"query-input":"required name=search_term_string"}],"inLanguage":"es"}]}},"_links":{"self":[{"href":"https:\/\/estrellagalicia.com\/mx\/wp-json\/wp\/v2\/pages\/85"}],"collection":[{"href":"https:\/\/estrellagalicia.com\/mx\/wp-json\/wp\/v2\/pages"}],"about":[{"href":"https:\/\/estrellagalicia.com\/mx\/wp-json\/wp\/v2\/types\/page"}],"author":[{"embeddable":true,"href":"https:\/\/estrellagalicia.com\/mx\/wp-json\/wp\/v2\/users\/5"}],"replies":[{"embeddable":true,"href":"https:\/\/estrellagalicia.com\/mx\/wp-json\/wp\/v2\/comments?post=85"}],"version-history":[{"count":9,"href":"https:\/\/estrellagalicia.com\/mx\/wp-json\/wp\/v2\/pages\/85\/revisions"}],"predecessor-version":[{"id":8694,"href":"https:\/\/estrellagalicia.com\/mx\/wp-json\/wp\/v2\/pages\/85\/revisions\/8694"}],"wp:attachment":[{"href":"https:\/\/estrellagalicia.com\/mx\/wp-json\/wp\/v2\/media?parent=85"}],"curies":[{"name":"wp","href":"https:\/\/api.w.org\/{rel}","templated":true}]}}