{"id":357,"date":"2019-07-02T12:23:41","date_gmt":"2019-07-02T10:23:41","guid":{"rendered":"http:\/\/estrellagalicia.com\/mx\/?post_type=productos&#038;p=357"},"modified":"2022-06-13T09:23:16","modified_gmt":"2022-06-13T07:23:16","slug":"estrella-galicia-especial","status":"publish","type":"product","link":"https:\/\/estrellagalicia.com\/mx\/producto\/estrella-galicia-especial\/","title":{"rendered":"Estrella Galicia Especial"},"content":{"rendered":"\r\n<div class=\"tabs_info_producto \">\r\n\t<div class=\"container\">\r\n\t\t<h2 class=\"text-center text-uppercase\">\r\n\t\t\tCaracter\u00edsticas\t\t<\/h2>\r\n\t\t<div class=\"container-ul-nav-pills\">\r\n\t\t\t<ul class=\"nav nav-pills \" id=\"pills-tab\" role=\"tablist\">\r\n\t\t\t\t\t\t\t\t\t\t\t<li class=\"nav-item \">\r\n\t\t\t\t\t<a\r\n\t\t\t\t\t\trole=\"tab\"\r\n\t\t\t\t\t\tdata-toggle=\"pill\"\r\n\t\t\t\t\t\tclass=\"nav-link  show active\"\r\n\t\t\t\t\t\tid=\"pills-elaboracion_0-tab\"\r\n\t\t\t\t\t\thref=\"#elaboracion_0\"\r\n\t\t\t\t\t\taria-controls=\"elaboracion_0\"\r\n\t\t\t\t\t\taria-selected=\"true\"\r\n\t\t\t\t\t>\r\n\t\t\t\t\t\tElaboraci\u00f3n\t\t\t\t\t<\/a>\r\n\t\t\t\t<\/li>\r\n\t\t\t\t\t\t\t\t\t\t\t<li class=\"nav-item \">\r\n\t\t\t\t\t<a\r\n\t\t\t\t\t\trole=\"tab\"\r\n\t\t\t\t\t\tdata-toggle=\"pill\"\r\n\t\t\t\t\t\tclass=\"nav-link   \"\r\n\t\t\t\t\t\tid=\"pills-ficha_tecnica_1-tab\"\r\n\t\t\t\t\t\thref=\"#ficha_tecnica_1\"\r\n\t\t\t\t\t\taria-controls=\"ficha_tecnica_1\"\r\n\t\t\t\t\t\taria-selected=\"false\"\r\n\t\t\t\t\t>\r\n\t\t\t\t\t\tFicha t\u00e9cnica\t\t\t\t\t<\/a>\r\n\t\t\t\t<\/li>\r\n\t\t\t\t\t\t\t\t\t\t\t<li class=\"nav-item \">\r\n\t\t\t\t\t<a\r\n\t\t\t\t\t\trole=\"tab\"\r\n\t\t\t\t\t\tdata-toggle=\"pill\"\r\n\t\t\t\t\t\tclass=\"nav-link   \"\r\n\t\t\t\t\t\tid=\"pills-maridaje_2-tab\"\r\n\t\t\t\t\t\thref=\"#maridaje_2\"\r\n\t\t\t\t\t\taria-controls=\"maridaje_2\"\r\n\t\t\t\t\t\taria-selected=\"false\"\r\n\t\t\t\t\t>\r\n\t\t\t\t\t\tMaridaje\t\t\t\t\t<\/a>\r\n\t\t\t\t<\/li>\r\n\t\t\t\t<\/ul>\r\n\t<\/div>\r\n\t\t<div class=\"tab-content\" id=\"pills-tabContent\">\r\n\t\t\t\t\t\t\t\t\t\t\t<div\r\n\t\t\t\t\t\tid=\"elaboracion_0\"\r\n\t\t\t\t\t\tclass=\"tab-pane active in\"\r\n\t\t\t\t\t\trole=\"tabpanel\" aria-labelledby=\"elaboracion_0-tab\"\r\n\t\t\t\t>\r\n\t\t\t\t\t<div class=\"contenido_elaboracion\">\r\n    <div class=\"row align-items-center\">\r\n        <div class=\"col-8 col-sm texto_elaboracion\">\r\n            <h2>ELABORACI\u00d3N DE ESTRELLA GALICIA\u00a0 ESPECIAL<\/h2>\n<p>Cerveza de color dorado brillante que parte de una selecci\u00f3n de maltas y l\u00fapulo especialmente amargos y su proceso de cocci\u00f3n, fermentaci\u00f3n y maduraci\u00f3n transcurre a lo largo de m\u00e1s de 20 d\u00edas. Ello hace que la cerveza Estrella Galicia Especial en botella tenga un agradable y caracter\u00edstico sabor lupulado.<\/p>\n\r\n        <\/div>\r\n        <div class=\"col-4 col-md-4 col-lg-3 col_botella\">\r\n            <img loading=\"lazy\" decoding=\"async\" width=\"157\" height=\"578\" src=\"https:\/\/estrellagalicia.com\/mx\/wp-content\/uploads\/2019\/07\/botella_estrella_especial_mx-1.png\" class=\"attachment-large size-large\" alt=\"Cerveza Estrella Galicia Especial botella 33cl\" \/>        <\/div>\r\n        <div class=\"col arana_wrap\">\r\n            \r\n<div class=\"bloque_producto bloque_listado_iconos bloque_arana\" data-aos=\"fade-left\">\r\n\r\n    <div class=\"contenido_transparent\">\r\n        <img loading=\"lazy\" decoding=\"async\" width=\"540\" height=\"450\" src=\"https:\/\/estrellagalicia.com\/mx\/wp-content\/uploads\/2019\/07\/aranas-estrella-de-galicia-especial.png\" class=\"attachment-large size-large\" alt=\"Caracter\u00edsticas de la cata de la Cerveza Estrella Galicia Especial\" srcset=\"https:\/\/estrellagalicia.com\/mx\/wp-content\/uploads\/2019\/07\/aranas-estrella-de-galicia-especial.png 540w, https:\/\/estrellagalicia.com\/mx\/wp-content\/uploads\/2019\/07\/aranas-estrella-de-galicia-especial-300x250.png 300w\" sizes=\"(max-width: 540px) 100vw, 540px\" \/>    <\/div>\r\n<\/div>        <\/div>\r\n    <\/div>\r\n<\/div>\t\t\t\t<\/div>\r\n\t\t\t\t\t\t\t\t\t\t\t<div\r\n\t\t\t\t\t\tid=\"ficha_tecnica_1\"\r\n\t\t\t\t\t\tclass=\"tab-pane fade\"\r\n\t\t\t\t\t\trole=\"tabpanel\" aria-labelledby=\"ficha_tecnica_1-tab\"\r\n\t\t\t\t>\r\n\t\t\t\t\t<div class=\"bloque_producto bloque_descripion bloque_texto_producto\" data-aos=\"fade-right\" data-aos-duration=\"500\">\r\n        <div class=\"row\">\r\n            <div class=\"col-12 col-md col_izq\">\r\n                \r\n\r\n<div class=\"item-info\">\r\n<div class=\"titulo_nutri\"><strong>Valores nutricionales (por 100ml)<\/strong><\/div>\r\n    <div class=listado_nutri>\r\n    \r\n            <div class=\"item_nutri\">\r\n                <strong>Valor energ\u00e9tico  <\/strong>\r\n                <span>197kJ\/47Kcal<\/span>\r\n            <\/div>\r\n \r\n    \r\n            <div class=\"item_nutri\">\r\n                <strong>Grasas<\/strong>\r\n                <span> 0 g<\/span>\r\n\r\n            <\/div>\r\n        <div class=\"item_nutri sub_item_nutri\">\r\n                 <span>de las cuales \u00e1cidos grasos saturados\r\n<\/span>\r\n            <span> 0g<\/span>\r\n\r\n        <\/div>\r\n   \r\n            <div class=\"item_nutri\">\r\n                <strong>Hidratos de Carbono<\/strong>\r\n                <span>3,5 g <\/span>\r\n\r\n              \r\n            <\/div>\r\n        <div class=\"item_nutri sub_item_nutri\">\r\n\r\n            <span>de los cuales az\u00facares<\/span>\r\n            <span> 0g<\/span>\r\n\r\n        <\/div>\r\n       \r\n            <div class=\"item_nutri\">\r\n                <strong>Prote\u00ednas<\/strong>\r\n                <span>0 g<\/span>\r\n            <\/div>\r\n \r\n     \r\n            <div class=\"item_nutri\">\r\n                <strong>Sal<\/strong>\r\n                <span>0g<\/span>\r\n            <\/div>\r\n \r\n    <\/div>\r\n\r\n<\/div>\r\n\r\n\r\n    <div class=\"item-info  wow fadeInLeft\" data-wow-duration=\"100\" data-wow-delay=\"0\">\r\n        <div class=\"nombre-item-info\">\r\n            <strong>Clasificaci\u00f3n<\/strong>\r\n        <\/div>\r\n        <span class=\"gris\">\r\n          Lager Especial        <\/span>\r\n    <\/div>\r\n    <div class=\"item-info  wow fadeInLeft\" data-wow-duration=\"100\" data-wow-delay=\"5\">\r\n        <div class=\"nombre-item-info\">\r\n            <strong> Apariencia<\/strong>\r\n        <\/div>\r\n        <span class=\"gris\">\r\n                              Color dorado y brillante                    <\/span>\r\n    <\/div>\r\n    <div class=\"item-info  wow fadeInLeft\" data-wow-duration=\"100\" data-wow-delay=\"10\">\r\n        <div class=\"nombre-item-info\">\r\n            <strong> Sabor<\/strong>\r\n        <\/div>\r\n        <span class=\"gris\">\r\n                              En boca se presenta neutra y ligera, con un matiz muy marcado de sabor a l\u00fapulo                        <\/span>\r\n\r\n\r\n    <\/div>\r\n\r\n\r\n\r\n            <\/div>\r\n            <div class=\"col-12 col-sm-4 col-md-3 col-xs-4 col-xs-offset-4 col-md-offset-0 col-sm-offset-0 col-lg-offset-0 col_botella\">\r\n                <img loading=\"lazy\" decoding=\"async\" width=\"157\" height=\"578\" src=\"https:\/\/estrellagalicia.com\/mx\/wp-content\/uploads\/2019\/07\/botella_estrella_especial_mx-1.png\" class=\"attachment-large size-large\" alt=\"Cerveza Estrella Galicia Especial botella 33cl\" \/>            <\/div>\r\n            <div class=\"col-12 col-md\">\r\n                    <div class=\"item-info  wow fadeInLeft\" data-wow-duration=\"100\" data-wow-delay=\"25\">\r\n        <div class=\"nombre-item-info\">\r\n            <strong>   Aroma<\/strong>\r\n        <\/div>\r\n        <span class=\"gris\">\r\n             Recuerda a la cebada y la malta de la que proviene, con notas tostadas y evocaciones a frutos secos.          <\/span>\r\n    <\/div>\r\n    <div class=\"item-info  wow fadeInLeft\" data-wow-duration=\"100\" data-wow-delay=\"15\">\r\n        <div class=\"nombre-item-info\">\r\n            <strong>Temperatura de servicio<\/strong>\r\n        <\/div>\r\n        <span class=\"gris\">\r\n             4-5\u00baC        <\/span>\r\n    <\/div>\r\n    <div class=\"item-info  wow fadeInLeft\" data-wow-duration=\"100\" data-wow-delay=\"25\">\r\n        <div class=\"nombre-item-info\">\r\n            <strong>Alcohol<\/strong>\r\n        <\/div>\r\n        <span class=\"gris\">\r\n             5,5%          <\/span>\r\n    <\/div>\r\n    <div class=\"item-info  wow fadeInLeft\" data-wow-duration=\"100\" data-wow-delay=\"15\">\r\n        <div class=\"nombre-item-info\">\r\n            <strong>Amargor<\/strong>\r\n        <\/div>\r\n        <span class=\"gris\">\r\n             25 EBU        <\/span>\r\n    <\/div>\r\n\r\n\r\n    <div class=\"item-info  wow fadeInLeft\" data-wow-duration=\"100\" data-wow-delay=\"20\">\r\n        <div class=\"nombre-item-info\">\r\n            <strong>Color <\/strong>\r\n        <\/div>\r\n        <span class=\"gris\">\r\n            9 EBC        <\/span>\r\n    <\/div>\r\n\r\n\r\n            <\/div>\r\n        <\/div>\r\n\r\n\r\n\r\n<\/div>\t\t\t\t<\/div>\r\n\t\t\t\t\t\t\t\t\t\t\t<div\r\n\t\t\t\t\t\tid=\"maridaje_2\"\r\n\t\t\t\t\t\tclass=\"tab-pane fade\"\r\n\t\t\t\t\t\trole=\"tabpanel\" aria-labelledby=\"maridaje_2-tab\"\r\n\t\t\t\t>\r\n\t\t\t\t\t<div class=\"contenido_maridaje\">\r\n    <div class=\"row justify-content-between\">\r\n        <div class=\"col-12 col-sm-5 arana_wrap\">\r\n            \r\n<div class=\"bloque_producto bloque_listado_iconos bloque_arana\" data-aos=\"fade-left\">\r\n\r\n    <div class=\"contenido_transparent\">\r\n        <img loading=\"lazy\" decoding=\"async\" width=\"540\" height=\"450\" src=\"https:\/\/estrellagalicia.com\/mx\/wp-content\/uploads\/2019\/07\/aranas-estrella-de-galicia-especial.png\" class=\"attachment-large size-large\" alt=\"Caracter\u00edsticas de la cata de la Cerveza Estrella Galicia Especial\" srcset=\"https:\/\/estrellagalicia.com\/mx\/wp-content\/uploads\/2019\/07\/aranas-estrella-de-galicia-especial.png 540w, https:\/\/estrellagalicia.com\/mx\/wp-content\/uploads\/2019\/07\/aranas-estrella-de-galicia-especial-300x250.png 300w\" sizes=\"(max-width: 540px) 100vw, 540px\" \/>    <\/div>\r\n<\/div>        <\/div>\r\n        <div class=\"col-sm-6 col-md-5 cata_wrap\">\r\n            <div class=\"titulo_h3 mb-4\">Nota de Cata<\/div>\r\n            <div class=\"fases_cata\">\r\n                                <div class=\"fase_item\">\r\n                    <strong>Fase visual: <\/strong><span>De color dorado brillante.<\/span>\r\n                <\/div>\r\n                                                    <div class=\"fase_item\">\r\n                        <strong>Fase olfativa: <\/strong><span>Recuerda a la cebada y la malta de la que proviene, con notas tostadas y evocaciones a frutos secos.<\/span>\r\n                    <\/div>\r\n                                                    <div class=\"fase_item\">\r\n                        <strong>Fase gustativa: <\/strong><span>En boca se presenta neutra y ligera, con un matiz muy marcado de sabor a l\u00fapulo.<\/span>\r\n                    <\/div>\r\n                            <\/div>\r\n        <\/div>\r\n    <\/div>\r\n            <div class=\"maridaje_wrap no_carrusel_lg\">\r\n            <h3>Maridaje<\/h3>\r\n            <div class=\"cards_maridaje\">\r\n                        <div class=\"maridaje_item_wrap\">\r\n            <div class=\"maridaje_item\">\r\n                <div class=\"nombre_maridaje\">\r\n                    Quesos                <\/div>\r\n                <div class=\"desc_maridaje\">\r\n                    Amplio abanico. Desde los semicurados a los curados.                <\/div>\r\n            <\/div>\r\n            <\/div>\r\n                        <div class=\"maridaje_item_wrap\">\r\n            <div class=\"maridaje_item\">\r\n                <div class=\"nombre_maridaje\">\r\n                    Verduras y hortalizas                <\/div>\r\n                <div class=\"desc_maridaje\">\r\n                    Los platos en los que est\u00e1n presentes el ajo, el tomate y las verduras balancean de forma adecuada con esta cerveza. \u2022 Setas: Con la Estrella Galicia Especial se potenciar\u00e1n sus sabores dulces\/amargos que nos recuerdan al hongo y a los frutos secos.\r\n                <\/div>\r\n            <\/div>\r\n            <\/div>\r\n                        <div class=\"maridaje_item_wrap\">\r\n            <div class=\"maridaje_item\">\r\n                <div class=\"nombre_maridaje\">\r\n                    Pescados                <\/div>\r\n                <div class=\"desc_maridaje\">\r\n                    Cocinados en forma de guisos o zarzuelas (marmitakos, calderetas,\u2026).                <\/div>\r\n            <\/div>\r\n            <\/div>\r\n                        <div class=\"maridaje_item_wrap\">\r\n            <div class=\"maridaje_item\">\r\n                <div class=\"nombre_maridaje\">\r\n                    Carnes                <\/div>\r\n                <div class=\"desc_maridaje\">\r\n                    De pollo y conejo. El maridaje se ver\u00e1 reforzado mediante su paso por el horno y el empleo de aderezos arom\u00e1ticos y untuosos.                <\/div>\r\n            <\/div>\r\n            <\/div>\r\n                        <\/div>\r\n        <\/div>\r\n        <script type=\"text\/javascript\">\r\n            jQuery(document).ready(function ($) {\r\n                var slider = tns({\r\n                    \"container\": '.cards_maridaje',\r\n                    \"items\": 1.3,\r\n                    \"touch\": true,\r\n                    \"mouseDrag\": true,\r\n                    \"loop\": true,\r\n                    \"autoplayButtonOutput\": false,\r\n                    controls: false,\r\n                    nav: true,\r\n                    gutter: 10,\r\n                    responsive: {\r\n                        450: {\r\n                            \"items\": 2.5,\r\n                        },\r\n                        991: {\r\n                            \"items\": 3.3,\r\n                        },\r\n                        1200: {\r\n                            \"items\": 4.5,\r\n                            \"disable\": true,\r\n                        },\r\n                    }\r\n\r\n                });\r\n            });\r\n        <\/script>\r\n    <\/div>\r\n\t\t\t\t<\/div>\r\n\t\t\t\t\t<\/div>\r\n\t<\/div>\r\n<\/div>\r\n\n\n\n\n\n<p><\/p>\n","protected":false},"excerpt":{"rendered":"<p>https:\/\/estrellagalicia.com\/mx\/wp-admin\/post.php?post=357&#038;action=edit#<\/p>\n","protected":false},"author":5,"featured_media":662,"menu_order":2,"comment_status":"open","ping_status":"closed","template":"","meta":{"_acf_changed":false,"_coblocks_attr":"","_coblocks_dimensions":"","_coblocks_responsive_height":"","_coblocks_accordion_ie_support":"","footnotes":""},"acf":[],"yoast_head":"<!-- This site is optimized with the Yoast SEO plugin v22.8 - https:\/\/yoast.com\/wordpress\/plugins\/seo\/ -->\n<title>Estrella Galicia Especial - Estrella Galicia Mexico<\/title>\n<meta name=\"description\" content=\"Estrella Galicia Especial es una cerveza lager de color dorado brillante con un agradable y caracter\u00edstico sabor lupulado. Disfr\u00fatala ya en M\u00e9xico!\" \/>\n<meta name=\"robots\" content=\"index, follow, max-snippet:-1, max-image-preview:large, max-video-preview:-1\" \/>\n<link rel=\"canonical\" href=\"https:\/\/estrellagalicia.com\/mx\/producto\/estrella-galicia-especial\/\" \/>\n<meta property=\"og:locale\" content=\"es_ES\" \/>\n<meta property=\"og:type\" content=\"article\" \/>\n<meta property=\"og:title\" content=\"Estrella Galicia Especial - Estrella Galicia Mexico\" \/>\n<meta property=\"og:description\" content=\"Estrella Galicia Especial es una cerveza lager de color dorado brillante con un agradable y caracter\u00edstico sabor lupulado. Disfr\u00fatala ya en M\u00e9xico!\" \/>\n<meta property=\"og:url\" content=\"https:\/\/estrellagalicia.com\/mx\/producto\/estrella-galicia-especial\/\" \/>\n<meta property=\"og:site_name\" content=\"Estrella Galicia Mexico\" \/>\n<meta property=\"article:modified_time\" content=\"2022-06-13T07:23:16+00:00\" \/>\n<meta property=\"og:image\" content=\"https:\/\/estrellagalicia.com\/mx\/wp-content\/uploads\/2019\/07\/logomenu_estrella.png\" \/>\n\t<meta property=\"og:image:width\" content=\"184\" \/>\n\t<meta property=\"og:image:height\" content=\"184\" \/>\n\t<meta property=\"og:image:type\" content=\"image\/png\" \/>\n<meta name=\"twitter:card\" content=\"summary_large_image\" \/>\n<script type=\"application\/ld+json\" class=\"yoast-schema-graph\">{\"@context\":\"https:\/\/schema.org\",\"@graph\":[{\"@type\":\"WebPage\",\"@id\":\"https:\/\/estrellagalicia.com\/mx\/producto\/estrella-galicia-especial\/\",\"url\":\"https:\/\/estrellagalicia.com\/mx\/producto\/estrella-galicia-especial\/\",\"name\":\"Estrella Galicia Especial - Estrella Galicia Mexico\",\"isPartOf\":{\"@id\":\"https:\/\/estrellagalicia.com\/mx\/#website\"},\"primaryImageOfPage\":{\"@id\":\"https:\/\/estrellagalicia.com\/mx\/producto\/estrella-galicia-especial\/#primaryimage\"},\"image\":{\"@id\":\"https:\/\/estrellagalicia.com\/mx\/producto\/estrella-galicia-especial\/#primaryimage\"},\"thumbnailUrl\":\"https:\/\/estrellagalicia.com\/mx\/wp-content\/uploads\/2019\/07\/logomenu_estrella.png\",\"datePublished\":\"2019-07-02T10:23:41+00:00\",\"dateModified\":\"2022-06-13T07:23:16+00:00\",\"description\":\"Estrella Galicia Especial es una cerveza lager de color dorado brillante con un agradable y caracter\u00edstico sabor lupulado. Disfr\u00fatala ya en M\u00e9xico!\",\"breadcrumb\":{\"@id\":\"https:\/\/estrellagalicia.com\/mx\/producto\/estrella-galicia-especial\/#breadcrumb\"},\"inLanguage\":\"es\",\"potentialAction\":[{\"@type\":\"ReadAction\",\"target\":[\"https:\/\/estrellagalicia.com\/mx\/producto\/estrella-galicia-especial\/\"]}]},{\"@type\":\"ImageObject\",\"inLanguage\":\"es\",\"@id\":\"https:\/\/estrellagalicia.com\/mx\/producto\/estrella-galicia-especial\/#primaryimage\",\"url\":\"https:\/\/estrellagalicia.com\/mx\/wp-content\/uploads\/2019\/07\/logomenu_estrella.png\",\"contentUrl\":\"https:\/\/estrellagalicia.com\/mx\/wp-content\/uploads\/2019\/07\/logomenu_estrella.png\",\"width\":184,\"height\":184},{\"@type\":\"BreadcrumbList\",\"@id\":\"https:\/\/estrellagalicia.com\/mx\/producto\/estrella-galicia-especial\/#breadcrumb\",\"itemListElement\":[{\"@type\":\"ListItem\",\"position\":1,\"name\":\"Home\",\"item\":\"https:\/\/estrellagalicia.com\/mx\/\"},{\"@type\":\"ListItem\",\"position\":2,\"name\":\"Estrella Galicia Especial\"}]},{\"@type\":\"WebSite\",\"@id\":\"https:\/\/estrellagalicia.com\/mx\/#website\",\"url\":\"https:\/\/estrellagalicia.com\/mx\/\",\"name\":\"Estrella Galicia Mexico\",\"description\":\"\",\"potentialAction\":[{\"@type\":\"SearchAction\",\"target\":{\"@type\":\"EntryPoint\",\"urlTemplate\":\"https:\/\/estrellagalicia.com\/mx\/?s={search_term_string}\"},\"query-input\":\"required name=search_term_string\"}],\"inLanguage\":\"es\"}]}<\/script>\n<!-- \/ Yoast SEO plugin. -->","yoast_head_json":{"title":"Estrella Galicia Especial - Estrella Galicia Mexico","description":"Estrella Galicia Especial es una cerveza lager de color dorado brillante con un agradable y caracter\u00edstico sabor lupulado. Disfr\u00fatala ya en M\u00e9xico!","robots":{"index":"index","follow":"follow","max-snippet":"max-snippet:-1","max-image-preview":"max-image-preview:large","max-video-preview":"max-video-preview:-1"},"canonical":"https:\/\/estrellagalicia.com\/mx\/producto\/estrella-galicia-especial\/","og_locale":"es_ES","og_type":"article","og_title":"Estrella Galicia Especial - Estrella Galicia Mexico","og_description":"Estrella Galicia Especial es una cerveza lager de color dorado brillante con un agradable y caracter\u00edstico sabor lupulado. Disfr\u00fatala ya en M\u00e9xico!","og_url":"https:\/\/estrellagalicia.com\/mx\/producto\/estrella-galicia-especial\/","og_site_name":"Estrella Galicia Mexico","article_modified_time":"2022-06-13T07:23:16+00:00","og_image":[{"width":184,"height":184,"url":"https:\/\/estrellagalicia.com\/mx\/wp-content\/uploads\/2019\/07\/logomenu_estrella.png","type":"image\/png"}],"twitter_card":"summary_large_image","schema":{"@context":"https:\/\/schema.org","@graph":[{"@type":"WebPage","@id":"https:\/\/estrellagalicia.com\/mx\/producto\/estrella-galicia-especial\/","url":"https:\/\/estrellagalicia.com\/mx\/producto\/estrella-galicia-especial\/","name":"Estrella Galicia Especial - Estrella Galicia Mexico","isPartOf":{"@id":"https:\/\/estrellagalicia.com\/mx\/#website"},"primaryImageOfPage":{"@id":"https:\/\/estrellagalicia.com\/mx\/producto\/estrella-galicia-especial\/#primaryimage"},"image":{"@id":"https:\/\/estrellagalicia.com\/mx\/producto\/estrella-galicia-especial\/#primaryimage"},"thumbnailUrl":"https:\/\/estrellagalicia.com\/mx\/wp-content\/uploads\/2019\/07\/logomenu_estrella.png","datePublished":"2019-07-02T10:23:41+00:00","dateModified":"2022-06-13T07:23:16+00:00","description":"Estrella Galicia Especial es una cerveza lager de color dorado brillante con un agradable y caracter\u00edstico sabor lupulado. Disfr\u00fatala ya en M\u00e9xico!","breadcrumb":{"@id":"https:\/\/estrellagalicia.com\/mx\/producto\/estrella-galicia-especial\/#breadcrumb"},"inLanguage":"es","potentialAction":[{"@type":"ReadAction","target":["https:\/\/estrellagalicia.com\/mx\/producto\/estrella-galicia-especial\/"]}]},{"@type":"ImageObject","inLanguage":"es","@id":"https:\/\/estrellagalicia.com\/mx\/producto\/estrella-galicia-especial\/#primaryimage","url":"https:\/\/estrellagalicia.com\/mx\/wp-content\/uploads\/2019\/07\/logomenu_estrella.png","contentUrl":"https:\/\/estrellagalicia.com\/mx\/wp-content\/uploads\/2019\/07\/logomenu_estrella.png","width":184,"height":184},{"@type":"BreadcrumbList","@id":"https:\/\/estrellagalicia.com\/mx\/producto\/estrella-galicia-especial\/#breadcrumb","itemListElement":[{"@type":"ListItem","position":1,"name":"Home","item":"https:\/\/estrellagalicia.com\/mx\/"},{"@type":"ListItem","position":2,"name":"Estrella Galicia Especial"}]},{"@type":"WebSite","@id":"https:\/\/estrellagalicia.com\/mx\/#website","url":"https:\/\/estrellagalicia.com\/mx\/","name":"Estrella Galicia Mexico","description":"","potentialAction":[{"@type":"SearchAction","target":{"@type":"EntryPoint","urlTemplate":"https:\/\/estrellagalicia.com\/mx\/?s={search_term_string}"},"query-input":"required name=search_term_string"}],"inLanguage":"es"}]}},"_links":{"self":[{"href":"https:\/\/estrellagalicia.com\/mx\/wp-json\/wp\/v2\/product\/357"}],"collection":[{"href":"https:\/\/estrellagalicia.com\/mx\/wp-json\/wp\/v2\/product"}],"about":[{"href":"https:\/\/estrellagalicia.com\/mx\/wp-json\/wp\/v2\/types\/product"}],"author":[{"embeddable":true,"href":"https:\/\/estrellagalicia.com\/mx\/wp-json\/wp\/v2\/users\/5"}],"replies":[{"embeddable":true,"href":"https:\/\/estrellagalicia.com\/mx\/wp-json\/wp\/v2\/comments?post=357"}],"version-history":[{"count":82,"href":"https:\/\/estrellagalicia.com\/mx\/wp-json\/wp\/v2\/product\/357\/revisions"}],"predecessor-version":[{"id":8696,"href":"https:\/\/estrellagalicia.com\/mx\/wp-json\/wp\/v2\/product\/357\/revisions\/8696"}],"wp:featuredmedia":[{"embeddable":true,"href":"https:\/\/estrellagalicia.com\/mx\/wp-json\/wp\/v2\/media\/662"}],"wp:attachment":[{"href":"https:\/\/estrellagalicia.com\/mx\/wp-json\/wp\/v2\/media?parent=357"}],"curies":[{"name":"wp","href":"https:\/\/api.w.org\/{rel}","templated":true}]}}