{"id":83,"date":"2019-06-24T16:05:41","date_gmt":"2019-06-24T14:05:41","guid":{"rendered":"http:\/\/estrellagalicia.com\/nl\/?page_id=83"},"modified":"2024-03-13T11:56:34","modified_gmt":"2024-03-13T10:56:34","slug":"privacy-policy-and-cookies","status":"publish","type":"page","link":"https:\/\/estrellagalicia.com\/nl\/privacy-policy-and-cookies\/","title":{"rendered":"Privacy policy and cookies"},"content":{"rendered":"<h3>PRIVACY POLICY<\/h3>\n<p>&nbsp;<\/p>\n<p><b>Who is in charge of processing your data?<\/b><\/p>\n<p>The Data Controller is the owner of the website, whose complete identification data is Estrella Galicia Internacional, SLU, CIF B01606789 and address at c\/ Jos\u00e9 Mar\u00eda Rivera Corral, 6 15008, A Coru\u00f1a.<\/p>\n<p>&nbsp;<\/p>\n<p><b>What is the purpose of the processing of your personal data?<\/b><\/p>\n<p>We will process your personal information in order to respond to queries that may arise in relation to our products or services through the email or telephone number provided by you.<\/p>\n<p>&nbsp;<\/p>\n<p><b>How long will we keep your data?<\/b><\/p>\n<p>The data sent regarding a request for information will be kept as long as it is necessary to be able to respond to your query.<\/p>\n<p>&nbsp;<\/p>\n<p><b>What is the legal basis for the treatment of your data?<\/b><\/p>\n<p>If you send us a query, the legal basis of the treatment will be your consent.<\/p>\n<p>&nbsp;<\/p>\n<p><b>To which recipients will your data be communicated?<\/b><\/p>\n<p>Your data will not be communicated to any other third parties except in cases required by law, such as State Security Forces or Judges and Courts if required.<\/p>\n<p>&nbsp;<\/p>\n<p><b>What are your rights when you provide us with your data?<\/b><\/p>\n<p>You have the right to withdraw your consent to the processing of data, to obtain additional information, to access your data, to rectify your inaccurate data, or to request the limitation of the processing of your data or its elimination. In order to do this, you can send us an email to protecciondedatos@hriv.es or a letter to Jos\u00e9 Mar\u00eda Rivera Corral, 6 15008, A Coru\u00f1a, to the attention of the Data Protection Committee, including in both cases documentation or information that allows you to prove your identity. Any users who wish it, can file a claim with the Spanish Data Protection Agency, accessible from https:\/\/sedeagpd.gob.es .<\/p>\n<p>&nbsp;<\/p>\n<p>&nbsp;<\/p>\n<h3>COOKIES<\/h3>\n<p>&nbsp;<\/p>\n<p>A cookie is a file that is downloaded to the user\u2019s device when accessing certain websites to store and retrieve information about the navigation performed from such computer.<\/p>\n<p>On this website the following cookies as detailed below:<\/p>\n<div>\n<div class=\"CookieDeclaration\" dir=\"ltr\" lang=\"en\">\n<p class=\"CookieDeclarationDialogText\">This website uses cookies. We use cookies to personalise content and ads, to provide social media features and to analyse our traffic. We also share information about your use of our site with our social media, advertising and analytics partners who may combine it with other information that you\u2019ve provided to them or that they\u2019ve collected from your use of their services.<\/p>\n<p class=\"CookieDeclarationIntro\">Cookies are small text files that can be used by websites to make a user\u2019s experience more efficient.<\/p>\n<p>The law states that we can store cookies on your device if they are strictly necessary for the operation of this site. For all other types of cookies we need your permission.<\/p>\n<p>This site uses different types of cookies. Some cookies are placed by third party services that appear on our pages.<\/p>\n<p>You can at any time change or withdraw your consent from the Cookie Declaration on our website.<\/p>\n<p>Learn more about who we are, how you can contact us and how we process personal data in our Privacy Policy.<\/p>\n<p>Please state your consent ID and date when you contact us regarding your consent.<\/p>\n<p>Your consent applies to the following domains: estrellagalicia.com<\/p>\n<div>\n<div class=\"CookieDeclaration\" dir=\"ltr\" lang=\"en\">\n<p class=\"CookieDeclarationDialogText\">This website uses cookies. We use cookies to personalise content and ads, to provide social media features and to analyse our traffic. We also share information about your use of our site with our social media, advertising and analytics partners who may combine it with other information that you\u2019ve provided to them or that they\u2019ve collected from your use of their services.<\/p>\n<p class=\"CookieDeclarationIntro\">Cookies are small text files that can be used by websites to make a user&#8217;s experience more efficient.<\/p>\n<p>The law states that we can store cookies on your device if they are strictly necessary for the operation of this site. For all other types of cookies we need your permission.<\/p>\n<p>This site uses different types of cookies. Some cookies are placed by third party services that appear on our pages.<\/p>\n<p>You can at any time change or withdraw your consent from the Cookie Declaration on our website.<\/p>\n<p>Learn more about who we are, how you can contact us and how we process personal data in our Privacy Policy.<\/p>\n<p>Please state your consent ID and date when you contact us regarding your consent.<\/p>\n<\/div>\n<\/div>\n<\/div>\n<\/div>\n<p>&nbsp;<\/p>\n<p>&nbsp;<\/p>\n<p><script id=\"CookieDeclaration\" src=\"https:\/\/consent.cookiebot.com\/f3a02293-9cb1-45d0-a4bb-8c33a1ee902c\/cd.js\" type=\"text\/javascript\" async><\/script><\/p>\n","protected":false},"excerpt":{"rendered":"<p>PRIVACY POLICY &nbsp; Who is in charge of processing your data? The Data Controller is the owner of the website, whose complete identification data is Estrella Galicia Internacional, SLU, CIF B01606789 and address at c\/ Jos\u00e9 Mar\u00eda Rivera Corral, 6 15008, A Coru\u00f1a. &nbsp; What is the purpose of the processing of your personal data? [&hellip;]<\/p>\n","protected":false},"author":5,"featured_media":0,"parent":0,"menu_order":0,"comment_status":"closed","ping_status":"closed","template":"","meta":{"_acf_changed":false,"_coblocks_attr":"","_coblocks_dimensions":"","_coblocks_responsive_height":"","_coblocks_accordion_ie_support":"","inline_featured_image":false,"footnotes":""},"acf":[],"yoast_head":"<!-- This site is optimized with the Yoast SEO plugin v22.8 - https:\/\/yoast.com\/wordpress\/plugins\/seo\/ -->\n<title>Privacy policy and cookies - Estrella Galicia NL<\/title>\n<meta name=\"robots\" content=\"index, follow, max-snippet:-1, max-image-preview:large, max-video-preview:-1\" \/>\n<link rel=\"canonical\" href=\"https:\/\/estrellagalicia.com\/nl\/privacy-policy-and-cookies\/\" \/>\n<meta property=\"og:locale\" content=\"en_US\" \/>\n<meta property=\"og:type\" content=\"article\" \/>\n<meta property=\"og:title\" content=\"Privacy policy and cookies - Estrella Galicia NL\" \/>\n<meta property=\"og:description\" content=\"PRIVACY POLICY &nbsp; Who is in charge of processing your data? The Data Controller is the owner of the website, whose complete identification data is Estrella Galicia Internacional, SLU, CIF B01606789 and address at c\/ Jos\u00e9 Mar\u00eda Rivera Corral, 6 15008, A Coru\u00f1a. &nbsp; What is the purpose of the processing of your personal data? [&hellip;]\" \/>\n<meta property=\"og:url\" content=\"https:\/\/estrellagalicia.com\/nl\/privacy-policy-and-cookies\/\" \/>\n<meta property=\"og:site_name\" content=\"Estrella Galicia NL\" \/>\n<meta property=\"article:modified_time\" content=\"2024-03-13T10:56:34+00:00\" \/>\n<meta name=\"twitter:card\" content=\"summary_large_image\" \/>\n<meta name=\"twitter:label1\" content=\"Est. reading time\" \/>\n\t<meta name=\"twitter:data1\" content=\"4 minutes\" \/>\n<script type=\"application\/ld+json\" class=\"yoast-schema-graph\">{\"@context\":\"https:\/\/schema.org\",\"@graph\":[{\"@type\":\"WebPage\",\"@id\":\"https:\/\/estrellagalicia.com\/nl\/privacy-policy-and-cookies\/\",\"url\":\"https:\/\/estrellagalicia.com\/nl\/privacy-policy-and-cookies\/\",\"name\":\"Privacy policy and cookies - Estrella Galicia NL\",\"isPartOf\":{\"@id\":\"https:\/\/estrellagalicia.com\/gb\/#website\"},\"datePublished\":\"2019-06-24T14:05:41+00:00\",\"dateModified\":\"2024-03-13T10:56:34+00:00\",\"breadcrumb\":{\"@id\":\"https:\/\/estrellagalicia.com\/nl\/privacy-policy-and-cookies\/#breadcrumb\"},\"inLanguage\":\"en-US\",\"potentialAction\":[{\"@type\":\"ReadAction\",\"target\":[\"https:\/\/estrellagalicia.com\/nl\/privacy-policy-and-cookies\/\"]}]},{\"@type\":\"BreadcrumbList\",\"@id\":\"https:\/\/estrellagalicia.com\/nl\/privacy-policy-and-cookies\/#breadcrumb\",\"itemListElement\":[{\"@type\":\"ListItem\",\"position\":1,\"name\":\"Home\",\"item\":\"https:\/\/pre.estrellagalicia.com\/nl\/\"},{\"@type\":\"ListItem\",\"position\":2,\"name\":\"Privacy policy and cookies\"}]},{\"@type\":\"WebSite\",\"@id\":\"https:\/\/estrellagalicia.com\/gb\/#website\",\"url\":\"https:\/\/estrellagalicia.com\/gb\/\",\"name\":\"Estrella Galicia NL\",\"description\":\"\",\"potentialAction\":[{\"@type\":\"SearchAction\",\"target\":{\"@type\":\"EntryPoint\",\"urlTemplate\":\"https:\/\/estrellagalicia.com\/gb\/?s={search_term_string}\"},\"query-input\":\"required name=search_term_string\"}],\"inLanguage\":\"en-US\"}]}<\/script>\n<!-- \/ Yoast SEO plugin. -->","yoast_head_json":{"title":"Privacy policy and cookies - Estrella Galicia NL","robots":{"index":"index","follow":"follow","max-snippet":"max-snippet:-1","max-image-preview":"max-image-preview:large","max-video-preview":"max-video-preview:-1"},"canonical":"https:\/\/estrellagalicia.com\/nl\/privacy-policy-and-cookies\/","og_locale":"en_US","og_type":"article","og_title":"Privacy policy and cookies - Estrella Galicia NL","og_description":"PRIVACY POLICY &nbsp; Who is in charge of processing your data? The Data Controller is the owner of the website, whose complete identification data is Estrella Galicia Internacional, SLU, CIF B01606789 and address at c\/ Jos\u00e9 Mar\u00eda Rivera Corral, 6 15008, A Coru\u00f1a. &nbsp; What is the purpose of the processing of your personal data? [&hellip;]","og_url":"https:\/\/estrellagalicia.com\/nl\/privacy-policy-and-cookies\/","og_site_name":"Estrella Galicia NL","article_modified_time":"2024-03-13T10:56:34+00:00","twitter_card":"summary_large_image","twitter_misc":{"Est. reading time":"4 minutes"},"schema":{"@context":"https:\/\/schema.org","@graph":[{"@type":"WebPage","@id":"https:\/\/estrellagalicia.com\/nl\/privacy-policy-and-cookies\/","url":"https:\/\/estrellagalicia.com\/nl\/privacy-policy-and-cookies\/","name":"Privacy policy and cookies - Estrella Galicia NL","isPartOf":{"@id":"https:\/\/estrellagalicia.com\/gb\/#website"},"datePublished":"2019-06-24T14:05:41+00:00","dateModified":"2024-03-13T10:56:34+00:00","breadcrumb":{"@id":"https:\/\/estrellagalicia.com\/nl\/privacy-policy-and-cookies\/#breadcrumb"},"inLanguage":"en-US","potentialAction":[{"@type":"ReadAction","target":["https:\/\/estrellagalicia.com\/nl\/privacy-policy-and-cookies\/"]}]},{"@type":"BreadcrumbList","@id":"https:\/\/estrellagalicia.com\/nl\/privacy-policy-and-cookies\/#breadcrumb","itemListElement":[{"@type":"ListItem","position":1,"name":"Home","item":"https:\/\/pre.estrellagalicia.com\/nl\/"},{"@type":"ListItem","position":2,"name":"Privacy policy and cookies"}]},{"@type":"WebSite","@id":"https:\/\/estrellagalicia.com\/gb\/#website","url":"https:\/\/estrellagalicia.com\/gb\/","name":"Estrella Galicia NL","description":"","potentialAction":[{"@type":"SearchAction","target":{"@type":"EntryPoint","urlTemplate":"https:\/\/estrellagalicia.com\/gb\/?s={search_term_string}"},"query-input":"required name=search_term_string"}],"inLanguage":"en-US"}]}},"_links":{"self":[{"href":"https:\/\/estrellagalicia.com\/nl\/wp-json\/wp\/v2\/pages\/83"}],"collection":[{"href":"https:\/\/estrellagalicia.com\/nl\/wp-json\/wp\/v2\/pages"}],"about":[{"href":"https:\/\/estrellagalicia.com\/nl\/wp-json\/wp\/v2\/types\/page"}],"author":[{"embeddable":true,"href":"https:\/\/estrellagalicia.com\/nl\/wp-json\/wp\/v2\/users\/5"}],"replies":[{"embeddable":true,"href":"https:\/\/estrellagalicia.com\/nl\/wp-json\/wp\/v2\/comments?post=83"}],"version-history":[{"count":22,"href":"https:\/\/estrellagalicia.com\/nl\/wp-json\/wp\/v2\/pages\/83\/revisions"}],"predecessor-version":[{"id":48867,"href":"https:\/\/estrellagalicia.com\/nl\/wp-json\/wp\/v2\/pages\/83\/revisions\/48867"}],"wp:attachment":[{"href":"https:\/\/estrellagalicia.com\/nl\/wp-json\/wp\/v2\/media?parent=83"}],"curies":[{"name":"wp","href":"https:\/\/api.w.org\/{rel}","templated":true}]}}