{"id":35766,"date":"2022-05-18T13:40:28","date_gmt":"2022-05-18T11:40:28","guid":{"rendered":"https:\/\/estrellagalicia.com\/pt\/?page_id=35766"},"modified":"2022-05-20T17:42:40","modified_gmt":"2022-05-20T15:42:40","slug":"son-estrella-galicia","status":"publish","type":"page","link":"https:\/\/estrellagalicia.com\/pt\/son-estrella-galicia\/","title":{"rendered":"SON Estrella Galicia"},"content":{"rendered":"\n<div class=\"wp-block-hacce-wrapper titulo_lineas min100vh bg_cover p50 has-white-color\" style=\"background-image:url(https:\/\/estrellagalicia.com\/pt\/wp-content\/uploads\/2022\/05\/Grupo-2021.jpg)\"><div class=\"container\">\n<div class=\"wp-block-group grupo_lineas\"><div class=\"wp-block-group__inner-container is-layout-flow wp-block-group-is-layout-flow\">\n<figure class=\"wp-block-image size-full\"><img loading=\"lazy\" decoding=\"async\" width=\"192\" height=\"114\" src=\"https:\/\/estrellagalicia.com\/pt\/wp-content\/uploads\/2022\/05\/Grupo-2020.png\" alt=\"\" class=\"wp-image-35772\"\/><\/figure>\n\n\n\n<div class=\"wp-block-group\"><div class=\"wp-block-group__inner-container is-layout-flow wp-block-group-is-layout-flow\">\n<h1 class=\"titulo_linea has-dark-gray-color has-main-background-color has-text-color has-background wp-block-heading\">QUAL O SOM<br>DA TUA CERVEJA?<\/h1>\n\n\n\n<p class=\"parrafo_linea has-dark-gray-color has-main-background-color has-text-color has-background\">SON Estrella Galicia \u00e9 um projeto musical impulsionado pela marca ao longo dos \u00faltimos 13 anos que j\u00e1 se tornou numa das apostas de revela\u00e7\u00e3o de talentos mais consolidadas deste panorama<\/p>\n<\/div><\/div>\n<\/div><\/div>\n<\/div><\/div>\n\n\n\n<div class=\"wp-block-hacce-wrapper min100vh bg_cover p50 son_pt_intro has-white-color\" style=\"background-image:url(https:\/\/estrellagalicia.com\/pt\/wp-content\/uploads\/2022\/05\/Rectangulo-7.jpg)\"><div class=\"container\">\n<div class=\"wp-block-group max600\"><div class=\"wp-block-group__inner-container is-layout-flow wp-block-group-is-layout-flow\">\n<figure class=\"wp-block-image size-full\"><img loading=\"lazy\" decoding=\"async\" width=\"192\" height=\"114\" src=\"https:\/\/estrellagalicia.com\/pt\/wp-content\/uploads\/2022\/05\/Grupo-2020.png\" alt=\"\" class=\"wp-image-35772\"\/><\/figure>\n\n\n\n<p>H\u00e1 mais de uma d\u00e9cada que a iniciativa nos brinda com experi\u00eancias musicais atrav\u00e9s das quais foi poss\u00edvel descobrir o direto de artistas imprescind\u00edveis. Salas de refer\u00eancia, festivais e espa\u00e7os fora do comum convertem-se no cen\u00e1rio perfeito para usufruir da melhor m\u00fasica. <\/p>\n\n\n\n<p>Al\u00e9m do mais, nestes \u00faltimos anos reinventou-se para criar experi\u00eancias digitais disruptivas que oferecem uma vis\u00e3o mais inovadora e expandiu-se para novos pa\u00edses, propondo uma programa\u00e7\u00e3o com um car\u00e1ter internacional.\u00bb<\/p>\n<\/div><\/div>\n<\/div><\/div>\n\n\n\n<div class=\"wp-block-hacce-wrapper p50 mouco_wrap has-white-color\" style=\"background-color:#000000\"><div class=\"container\">\n<div class=\"wp-block-group mouco_texto\"><div class=\"wp-block-group__inner-container is-layout-flow wp-block-group-is-layout-flow\">\n<figure class=\"wp-block-image size-full\"><img loading=\"lazy\" decoding=\"async\" width=\"398\" height=\"102\" src=\"https:\/\/estrellagalicia.com\/pt\/wp-content\/uploads\/2022\/05\/Imagen-18.png\" alt=\"\" class=\"wp-image-35792\" srcset=\"https:\/\/estrellagalicia.com\/pt\/wp-content\/uploads\/2022\/05\/Imagen-18.png 398w, https:\/\/estrellagalicia.com\/pt\/wp-content\/uploads\/2022\/05\/Imagen-18-300x77.png 300w\" sizes=\"(max-width: 398px) 100vw, 398px\" \/><\/figure>\n\n\n\n<div class=\"ico\"><i class=\"fas fa-map-marker-alt\"><\/i> <span>R\u00faa de Frei Heitor Pinto, 67 4300-081 Porto<\/span><\/div>\n\n\n\n<div class=\"ico\"><i class=\"fas fa-envelope\"><\/i> <span>info@mouco.pt<\/span><\/div>\n\n\n\n<div class=\"ico\"><i class=\"fas fa-phone\"><\/i> <span>(+351) 227 667 790 \/ 910 294 352<\/span><\/div>\n<\/div><\/div>\n\n\n\n<figure class=\"wp-block-image size-full d-none d-md-block collage\"><img loading=\"lazy\" decoding=\"async\" width=\"809\" height=\"660\" src=\"https:\/\/estrellagalicia.com\/pt\/wp-content\/uploads\/2022\/05\/mosaico_2.png\" alt=\"\" class=\"wp-image-35833\" srcset=\"https:\/\/estrellagalicia.com\/pt\/wp-content\/uploads\/2022\/05\/mosaico_2.png 809w, https:\/\/estrellagalicia.com\/pt\/wp-content\/uploads\/2022\/05\/mosaico_2-300x245.png 300w, https:\/\/estrellagalicia.com\/pt\/wp-content\/uploads\/2022\/05\/mosaico_2-768x627.png 768w\" sizes=\"(max-width: 809px) 100vw, 809px\" \/><\/figure>\n\n\n\n<figure class=\"wp-block-image size-full d-md-none\"><img loading=\"lazy\" decoding=\"async\" width=\"355\" height=\"735\" src=\"https:\/\/estrellagalicia.com\/pt\/wp-content\/uploads\/2022\/05\/Grupo-2039.jpg\" alt=\"\" class=\"wp-image-35805\" srcset=\"https:\/\/estrellagalicia.com\/pt\/wp-content\/uploads\/2022\/05\/Grupo-2039.jpg 355w, https:\/\/estrellagalicia.com\/pt\/wp-content\/uploads\/2022\/05\/Grupo-2039-145x300.jpg 145w\" sizes=\"(max-width: 355px) 100vw, 355px\" \/><\/figure>\n<\/div><\/div>\n\n\n\n<div class=\"wp-block-hacce-wrapper p50 has-white-color\" style=\"background-color:#000000\"><div class=\"container\">\n<div class=\"wp-block-image\"><figure class=\"aligncenter size-full\"><img loading=\"lazy\" decoding=\"async\" width=\"495\" height=\"70\" src=\"https:\/\/estrellagalicia.com\/pt\/wp-content\/uploads\/2022\/05\/Trazado-3373.png\" alt=\"\" class=\"wp-image-35813\" srcset=\"https:\/\/estrellagalicia.com\/pt\/wp-content\/uploads\/2022\/05\/Trazado-3373.png 495w, https:\/\/estrellagalicia.com\/pt\/wp-content\/uploads\/2022\/05\/Trazado-3373-300x42.png 300w\" sizes=\"(max-width: 495px) 100vw, 495px\" \/><\/figure><\/div>\n\n\n<div class=\"bloque-video bloque-plyr  \">\n\t\t\t<div\n\t\t\tid=\"video-69de81dbe7ce99.68102109\"\n\t\t\tclass=\"plyr-player\"\n\t\t\tdata-poster=\"https:\/\/estrellagalicia.com\/pt\/wp-content\/uploads\/2022\/05\/Grupo-2024.jpg\"\n\t\t\tdata-plyr-provider=\"youtube\"\n\t\t\tdata-plyr-embed-id=\"https:\/\/www.youtube.com\/watch?v=CjYFrIYJGVk&#038;feature=youtu.be\"\n\t\t\tmuted=\"\"\n\t\t\tdata-muted=\"\"\n\t\t\tdata-autoplay=\"\"\n\t\t\tdata-volumed=\"\"\n\t\t\tdata-controls=\"show\"\n\t\t><\/div>\n\t\t<div class=\"button-group\">\n\t\t\t<\/div>\n<\/div>\n<\/div><\/div>\n","protected":false},"excerpt":{"rendered":"","protected":false},"author":7,"featured_media":0,"parent":0,"menu_order":0,"comment_status":"closed","ping_status":"closed","template":"templates\/template-vacio.php","meta":{"_acf_changed":false,"_coblocks_attr":"","_coblocks_dimensions":"","_coblocks_responsive_height":"","_coblocks_accordion_ie_support":"","inline_featured_image":false,"footnotes":""},"acf":[],"yoast_head":"<!-- This site is optimized with the Yoast SEO plugin v22.8 - https:\/\/yoast.com\/wordpress\/plugins\/seo\/ -->\n<title>SON Estrella Galicia - Estrella Galicia Portugal<\/title>\n<meta name=\"robots\" content=\"index, follow, max-snippet:-1, max-image-preview:large, max-video-preview:-1\" \/>\n<link rel=\"canonical\" href=\"https:\/\/estrellagalicia.com\/pt\/son-estrella-galicia\/\" \/>\n<meta property=\"og:locale\" content=\"es_ES\" \/>\n<meta property=\"og:type\" content=\"article\" \/>\n<meta property=\"og:title\" content=\"SON Estrella Galicia - Estrella Galicia Portugal\" \/>\n<meta property=\"og:url\" content=\"https:\/\/estrellagalicia.com\/pt\/son-estrella-galicia\/\" \/>\n<meta property=\"og:site_name\" content=\"Estrella Galicia Portugal\" \/>\n<meta property=\"article:modified_time\" content=\"2022-05-20T15:42:40+00:00\" \/>\n<meta property=\"og:image\" content=\"https:\/\/estrellagalicia.com\/pt\/wp-content\/uploads\/2022\/05\/Grupo-2020.png\" \/>\n<meta name=\"twitter:card\" content=\"summary_large_image\" \/>\n<meta name=\"twitter:label1\" content=\"Tiempo de lectura\" \/>\n\t<meta name=\"twitter:data1\" content=\"2 minutos\" \/>\n<script type=\"application\/ld+json\" class=\"yoast-schema-graph\">{\"@context\":\"https:\/\/schema.org\",\"@graph\":[{\"@type\":\"WebPage\",\"@id\":\"https:\/\/estrellagalicia.com\/pt\/son-estrella-galicia\/\",\"url\":\"https:\/\/estrellagalicia.com\/pt\/son-estrella-galicia\/\",\"name\":\"SON Estrella Galicia - Estrella Galicia Portugal\",\"isPartOf\":{\"@id\":\"https:\/\/estrellagalicia.com\/pt\/#website\"},\"primaryImageOfPage\":{\"@id\":\"https:\/\/estrellagalicia.com\/pt\/son-estrella-galicia\/#primaryimage\"},\"image\":{\"@id\":\"https:\/\/estrellagalicia.com\/pt\/son-estrella-galicia\/#primaryimage\"},\"thumbnailUrl\":\"https:\/\/estrellagalicia.com\/pt\/wp-content\/uploads\/2022\/05\/Grupo-2020.png\",\"datePublished\":\"2022-05-18T11:40:28+00:00\",\"dateModified\":\"2022-05-20T15:42:40+00:00\",\"breadcrumb\":{\"@id\":\"https:\/\/estrellagalicia.com\/pt\/son-estrella-galicia\/#breadcrumb\"},\"inLanguage\":\"es\",\"potentialAction\":[{\"@type\":\"ReadAction\",\"target\":[\"https:\/\/estrellagalicia.com\/pt\/son-estrella-galicia\/\"]}]},{\"@type\":\"ImageObject\",\"inLanguage\":\"es\",\"@id\":\"https:\/\/estrellagalicia.com\/pt\/son-estrella-galicia\/#primaryimage\",\"url\":\"https:\/\/estrellagalicia.com\/pt\/wp-content\/uploads\/2022\/05\/Grupo-2020.png\",\"contentUrl\":\"https:\/\/estrellagalicia.com\/pt\/wp-content\/uploads\/2022\/05\/Grupo-2020.png\",\"width\":192,\"height\":114},{\"@type\":\"BreadcrumbList\",\"@id\":\"https:\/\/estrellagalicia.com\/pt\/son-estrella-galicia\/#breadcrumb\",\"itemListElement\":[{\"@type\":\"ListItem\",\"position\":1,\"name\":\"Home\",\"item\":\"https:\/\/estrellagalicia.com\/pt\/\"},{\"@type\":\"ListItem\",\"position\":2,\"name\":\"SON Estrella Galicia\"}]},{\"@type\":\"WebSite\",\"@id\":\"https:\/\/estrellagalicia.com\/pt\/#website\",\"url\":\"https:\/\/estrellagalicia.com\/pt\/\",\"name\":\"Estrella Galicia Portugal\",\"description\":\"\",\"potentialAction\":[{\"@type\":\"SearchAction\",\"target\":{\"@type\":\"EntryPoint\",\"urlTemplate\":\"https:\/\/estrellagalicia.com\/pt\/?s={search_term_string}\"},\"query-input\":\"required name=search_term_string\"}],\"inLanguage\":\"es\"}]}<\/script>\n<!-- \/ Yoast SEO plugin. -->","yoast_head_json":{"title":"SON Estrella Galicia - Estrella Galicia Portugal","robots":{"index":"index","follow":"follow","max-snippet":"max-snippet:-1","max-image-preview":"max-image-preview:large","max-video-preview":"max-video-preview:-1"},"canonical":"https:\/\/estrellagalicia.com\/pt\/son-estrella-galicia\/","og_locale":"es_ES","og_type":"article","og_title":"SON Estrella Galicia - Estrella Galicia Portugal","og_url":"https:\/\/estrellagalicia.com\/pt\/son-estrella-galicia\/","og_site_name":"Estrella Galicia Portugal","article_modified_time":"2022-05-20T15:42:40+00:00","og_image":[{"url":"https:\/\/estrellagalicia.com\/pt\/wp-content\/uploads\/2022\/05\/Grupo-2020.png"}],"twitter_card":"summary_large_image","twitter_misc":{"Tiempo de lectura":"2 minutos"},"schema":{"@context":"https:\/\/schema.org","@graph":[{"@type":"WebPage","@id":"https:\/\/estrellagalicia.com\/pt\/son-estrella-galicia\/","url":"https:\/\/estrellagalicia.com\/pt\/son-estrella-galicia\/","name":"SON Estrella Galicia - Estrella Galicia Portugal","isPartOf":{"@id":"https:\/\/estrellagalicia.com\/pt\/#website"},"primaryImageOfPage":{"@id":"https:\/\/estrellagalicia.com\/pt\/son-estrella-galicia\/#primaryimage"},"image":{"@id":"https:\/\/estrellagalicia.com\/pt\/son-estrella-galicia\/#primaryimage"},"thumbnailUrl":"https:\/\/estrellagalicia.com\/pt\/wp-content\/uploads\/2022\/05\/Grupo-2020.png","datePublished":"2022-05-18T11:40:28+00:00","dateModified":"2022-05-20T15:42:40+00:00","breadcrumb":{"@id":"https:\/\/estrellagalicia.com\/pt\/son-estrella-galicia\/#breadcrumb"},"inLanguage":"es","potentialAction":[{"@type":"ReadAction","target":["https:\/\/estrellagalicia.com\/pt\/son-estrella-galicia\/"]}]},{"@type":"ImageObject","inLanguage":"es","@id":"https:\/\/estrellagalicia.com\/pt\/son-estrella-galicia\/#primaryimage","url":"https:\/\/estrellagalicia.com\/pt\/wp-content\/uploads\/2022\/05\/Grupo-2020.png","contentUrl":"https:\/\/estrellagalicia.com\/pt\/wp-content\/uploads\/2022\/05\/Grupo-2020.png","width":192,"height":114},{"@type":"BreadcrumbList","@id":"https:\/\/estrellagalicia.com\/pt\/son-estrella-galicia\/#breadcrumb","itemListElement":[{"@type":"ListItem","position":1,"name":"Home","item":"https:\/\/estrellagalicia.com\/pt\/"},{"@type":"ListItem","position":2,"name":"SON Estrella Galicia"}]},{"@type":"WebSite","@id":"https:\/\/estrellagalicia.com\/pt\/#website","url":"https:\/\/estrellagalicia.com\/pt\/","name":"Estrella Galicia Portugal","description":"","potentialAction":[{"@type":"SearchAction","target":{"@type":"EntryPoint","urlTemplate":"https:\/\/estrellagalicia.com\/pt\/?s={search_term_string}"},"query-input":"required name=search_term_string"}],"inLanguage":"es"}]}},"_links":{"self":[{"href":"https:\/\/estrellagalicia.com\/pt\/wp-json\/wp\/v2\/pages\/35766"}],"collection":[{"href":"https:\/\/estrellagalicia.com\/pt\/wp-json\/wp\/v2\/pages"}],"about":[{"href":"https:\/\/estrellagalicia.com\/pt\/wp-json\/wp\/v2\/types\/page"}],"author":[{"embeddable":true,"href":"https:\/\/estrellagalicia.com\/pt\/wp-json\/wp\/v2\/users\/7"}],"replies":[{"embeddable":true,"href":"https:\/\/estrellagalicia.com\/pt\/wp-json\/wp\/v2\/comments?post=35766"}],"version-history":[{"count":58,"href":"https:\/\/estrellagalicia.com\/pt\/wp-json\/wp\/v2\/pages\/35766\/revisions"}],"predecessor-version":[{"id":35866,"href":"https:\/\/estrellagalicia.com\/pt\/wp-json\/wp\/v2\/pages\/35766\/revisions\/35866"}],"wp:attachment":[{"href":"https:\/\/estrellagalicia.com\/pt\/wp-json\/wp\/v2\/media?parent=35766"}],"curies":[{"name":"wp","href":"https:\/\/api.w.org\/{rel}","templated":true}]}}