{"id":465,"date":"2019-07-18T08:09:54","date_gmt":"2019-07-18T06:09:54","guid":{"rendered":"https:\/\/estrellagalicia.com\/pt\/?page_id=465"},"modified":"2021-04-12T12:23:42","modified_gmt":"2021-04-12T10:23:42","slug":"historia","status":"publish","type":"page","link":"https:\/\/estrellagalicia.com\/pt\/historia\/","title":{"rendered":"Hist\u00f3ria"},"content":{"rendered":"\n<div class=\"wp-block-hacce-wrapper has-white-color\" style=\"background-image:url(https:\/\/estrellagalicia.com\/pt\/wp-content\/uploads\/2021\/04\/historia_bg.jpg)\">\n<div style=\"height:50px\" aria-hidden=\"true\" class=\"wp-block-spacer\"><\/div>\n\n\n\n<h1 class=\"has-text-align-center wp-block-heading\">Historia<\/h1>\n\n\n\n<div class=\"wp-block-hacce-wrapper\"><div class=\"container\">\n<p class=\"has-text-align-center\">Ap\u00f3s regressar do M\u00e9xico no final do s\u00e9culo XIX, D. Jose M\u00aa Rivera Corral funda em 1906 a f\u00e1brica \u201cLa Estrella de Galicia\u201d na cidade de A Corunha, dedicada ao fabrico de cervejas e gelo, nome que recorda o que foi o seu neg\u00f3cio em Veracruz \u201cLa Estrella de Oro\u201d, e o qual apostava num produto, naqueles tempos, de consumo muito reduzido.<\/p>\n<\/div><\/div>\n\n\n\n<div class=\"historia-bloque\">\n    <script type=\"text\/javascript\">\n    jQuery(document).ready(function($){\n        $('.decada-item').click(function(e){\n            e.preventDefault();\n            var slide = $(this).data('slide');\n            $('#slide-seleccionado').val(slide);\n            $('#form-decada').submit();\n        });\n    });\n<\/script>\n<form id=\"form-decada\" method=\"post\" action=\"https:\/\/estrellagalicia.com\/pt\/historia\/\">\n    <input type=\"hidden\" value=\"\" name=\"slide-seleccionado\" id=\"slide-seleccionado\">\n<\/form>\n<div class=\"container historia-previa\">\n    <div class=\"row\">\n                    <div class=\"col-6 col-sm-6 col-md-4 col-lg-2 historia-item-wrap\">\n                <div class=\"historia-item decada-item\" data-slide=\"0\">\n                    <div class=\"data-decada\">\n                        <div class=\"anho\">1906<\/div>\n                        <div class=\"separador\"><\/div>\n                        <div class=\"anho\">1920<\/div>\n                    <\/div>\n                                        <div class=\"foto-historia\"><img loading=\"lazy\" decoding=\"async\" width=\"177\" height=\"240\" src=\"https:\/\/estrellagalicia.com\/pt\/wp-content\/uploads\/2020\/01\/historia-1906-1920.png\" class=\"attachment-large size-large wp-post-image\" alt=\"\" \/><\/div>\n                <\/div>\n            <\/div>\n                    <div class=\"col-6 col-sm-6 col-md-4 col-lg-2 historia-item-wrap\">\n                <div class=\"historia-item decada-item\" data-slide=\"3\">\n                    <div class=\"data-decada\">\n                        <div class=\"anho\">1920<\/div>\n                        <div class=\"separador\"><\/div>\n                        <div class=\"anho\">1940<\/div>\n                    <\/div>\n                                        <div class=\"foto-historia\"><img loading=\"lazy\" decoding=\"async\" width=\"386\" height=\"298\" src=\"https:\/\/estrellagalicia.com\/pt\/wp-content\/uploads\/2020\/01\/1920-40.png\" class=\"attachment-large size-large wp-post-image\" alt=\"\" srcset=\"https:\/\/estrellagalicia.com\/pt\/wp-content\/uploads\/2020\/01\/1920-40.png 386w, https:\/\/estrellagalicia.com\/pt\/wp-content\/uploads\/2020\/01\/1920-40-300x232.png 300w\" sizes=\"(max-width: 386px) 100vw, 386px\" \/><\/div>\n                <\/div>\n            <\/div>\n                    <div class=\"col-6 col-sm-6 col-md-4 col-lg-2 historia-item-wrap\">\n                <div class=\"historia-item decada-item\" data-slide=\"7\">\n                    <div class=\"data-decada\">\n                        <div class=\"anho\">1940<\/div>\n                        <div class=\"separador\"><\/div>\n                        <div class=\"anho\">1960<\/div>\n                    <\/div>\n                                        <div class=\"foto-historia\"><img loading=\"lazy\" decoding=\"async\" width=\"386\" height=\"298\" src=\"https:\/\/estrellagalicia.com\/pt\/wp-content\/uploads\/2020\/01\/1940-60.png\" class=\"attachment-large size-large wp-post-image\" alt=\"\" srcset=\"https:\/\/estrellagalicia.com\/pt\/wp-content\/uploads\/2020\/01\/1940-60.png 386w, https:\/\/estrellagalicia.com\/pt\/wp-content\/uploads\/2020\/01\/1940-60-300x232.png 300w\" sizes=\"(max-width: 386px) 100vw, 386px\" \/><\/div>\n                <\/div>\n            <\/div>\n                    <div class=\"col-6 col-sm-6 col-md-4 col-lg-2 historia-item-wrap\">\n                <div class=\"historia-item decada-item\" data-slide=\"10\">\n                    <div class=\"data-decada\">\n                        <div class=\"anho\">1960<\/div>\n                        <div class=\"separador\"><\/div>\n                        <div class=\"anho\">1980<\/div>\n                    <\/div>\n                                        <div class=\"foto-historia\"><img loading=\"lazy\" decoding=\"async\" width=\"179\" height=\"233\" src=\"https:\/\/estrellagalicia.com\/pt\/wp-content\/uploads\/2020\/01\/historia-1960-1980.png\" class=\"attachment-large size-large wp-post-image\" alt=\"\" \/><\/div>\n                <\/div>\n            <\/div>\n                    <div class=\"col-6 col-sm-6 col-md-4 col-lg-2 historia-item-wrap\">\n                <div class=\"historia-item decada-item\" data-slide=\"16\">\n                    <div class=\"data-decada\">\n                        <div class=\"anho\">1980<\/div>\n                        <div class=\"separador\"><\/div>\n                        <div class=\"anho\">2000<\/div>\n                    <\/div>\n                                        <div class=\"foto-historia\"><img loading=\"lazy\" decoding=\"async\" width=\"153\" height=\"239\" src=\"https:\/\/estrellagalicia.com\/pt\/wp-content\/uploads\/2020\/01\/historia-1980-2000.png\" class=\"attachment-large size-large wp-post-image\" alt=\"\" \/><\/div>\n                <\/div>\n            <\/div>\n                    <div class=\"col-6 col-sm-6 col-md-4 col-lg-2 historia-item-wrap\">\n                <div class=\"historia-item decada-item\" data-slide=\"24\">\n                    <div class=\"data-decada\">\n                        <div class=\"anho\">2000<\/div>\n                        <div class=\"separador\"><\/div>\n                        <div class=\"anho\">2022<\/div>\n                    <\/div>\n                                        <div class=\"foto-historia\"><img loading=\"lazy\" decoding=\"async\" width=\"177\" height=\"248\" src=\"https:\/\/estrellagalicia.com\/pt\/wp-content\/uploads\/2020\/01\/historia-2000-2016.png\" class=\"attachment-large size-large wp-post-image\" alt=\"\" \/><\/div>\n                <\/div>\n            <\/div>\n            <\/div>\n<\/div>\n<\/div>\n\n\n\n<div style=\"height:50px\" aria-hidden=\"true\" class=\"wp-block-spacer\"><\/div>\n<\/div>\n","protected":false},"excerpt":{"rendered":"","protected":false},"author":7,"featured_media":0,"parent":0,"menu_order":0,"comment_status":"closed","ping_status":"closed","template":"templates\/template-vacio.php","meta":{"_acf_changed":false,"_coblocks_attr":"","_coblocks_dimensions":"","_coblocks_responsive_height":"","_coblocks_accordion_ie_support":"","inline_featured_image":false,"footnotes":""},"acf":[],"yoast_head":"<!-- This site is optimized with the Yoast SEO plugin v22.8 - https:\/\/yoast.com\/wordpress\/plugins\/seo\/ -->\n<title>Hist\u00f3ria - Estrella Galicia Portugal<\/title>\n<meta name=\"robots\" content=\"index, follow, max-snippet:-1, max-image-preview:large, max-video-preview:-1\" \/>\n<link rel=\"canonical\" href=\"https:\/\/estrellagalicia.com\/pt\/historia\/\" \/>\n<meta property=\"og:locale\" content=\"es_ES\" \/>\n<meta property=\"og:type\" content=\"article\" \/>\n<meta property=\"og:title\" content=\"Hist\u00f3ria - Estrella Galicia Portugal\" \/>\n<meta property=\"og:url\" content=\"https:\/\/estrellagalicia.com\/pt\/historia\/\" \/>\n<meta property=\"og:site_name\" content=\"Estrella Galicia Portugal\" \/>\n<meta property=\"article:modified_time\" content=\"2021-04-12T10:23:42+00:00\" \/>\n<meta property=\"og:image\" content=\"https:\/\/estrellagalicia.com\/pt\/wp-content\/uploads\/2019\/10\/compartir-redes_PORTUGAL.jpg\" \/>\n\t<meta property=\"og:image:width\" content=\"500\" \/>\n\t<meta property=\"og:image:height\" content=\"250\" \/>\n\t<meta property=\"og:image:type\" content=\"image\/jpeg\" \/>\n<meta name=\"twitter:card\" content=\"summary_large_image\" \/>\n<meta name=\"twitter:label1\" content=\"Tiempo de lectura\" \/>\n\t<meta name=\"twitter:data1\" content=\"1 minuto\" \/>\n<script type=\"application\/ld+json\" class=\"yoast-schema-graph\">{\"@context\":\"https:\/\/schema.org\",\"@graph\":[{\"@type\":\"WebPage\",\"@id\":\"https:\/\/estrellagalicia.com\/pt\/historia\/\",\"url\":\"https:\/\/estrellagalicia.com\/pt\/historia\/\",\"name\":\"Hist\u00f3ria - Estrella Galicia Portugal\",\"isPartOf\":{\"@id\":\"https:\/\/estrellagalicia.com\/pt\/#website\"},\"datePublished\":\"2019-07-18T06:09:54+00:00\",\"dateModified\":\"2021-04-12T10:23:42+00:00\",\"breadcrumb\":{\"@id\":\"https:\/\/estrellagalicia.com\/pt\/historia\/#breadcrumb\"},\"inLanguage\":\"es\",\"potentialAction\":[{\"@type\":\"ReadAction\",\"target\":[\"https:\/\/estrellagalicia.com\/pt\/historia\/\"]}]},{\"@type\":\"BreadcrumbList\",\"@id\":\"https:\/\/estrellagalicia.com\/pt\/historia\/#breadcrumb\",\"itemListElement\":[{\"@type\":\"ListItem\",\"position\":1,\"name\":\"Home\",\"item\":\"https:\/\/estrellagalicia.com\/pt\/\"},{\"@type\":\"ListItem\",\"position\":2,\"name\":\"Hist\u00f3ria\"}]},{\"@type\":\"WebSite\",\"@id\":\"https:\/\/estrellagalicia.com\/pt\/#website\",\"url\":\"https:\/\/estrellagalicia.com\/pt\/\",\"name\":\"Estrella Galicia Portugal\",\"description\":\"\",\"potentialAction\":[{\"@type\":\"SearchAction\",\"target\":{\"@type\":\"EntryPoint\",\"urlTemplate\":\"https:\/\/estrellagalicia.com\/pt\/?s={search_term_string}\"},\"query-input\":\"required name=search_term_string\"}],\"inLanguage\":\"es\"}]}<\/script>\n<!-- \/ Yoast SEO plugin. -->","yoast_head_json":{"title":"Hist\u00f3ria - Estrella Galicia Portugal","robots":{"index":"index","follow":"follow","max-snippet":"max-snippet:-1","max-image-preview":"max-image-preview:large","max-video-preview":"max-video-preview:-1"},"canonical":"https:\/\/estrellagalicia.com\/pt\/historia\/","og_locale":"es_ES","og_type":"article","og_title":"Hist\u00f3ria - Estrella Galicia Portugal","og_url":"https:\/\/estrellagalicia.com\/pt\/historia\/","og_site_name":"Estrella Galicia Portugal","article_modified_time":"2021-04-12T10:23:42+00:00","og_image":[{"width":500,"height":250,"url":"https:\/\/estrellagalicia.com\/pt\/wp-content\/uploads\/2019\/10\/compartir-redes_PORTUGAL.jpg","type":"image\/jpeg"}],"twitter_card":"summary_large_image","twitter_misc":{"Tiempo de lectura":"1 minuto"},"schema":{"@context":"https:\/\/schema.org","@graph":[{"@type":"WebPage","@id":"https:\/\/estrellagalicia.com\/pt\/historia\/","url":"https:\/\/estrellagalicia.com\/pt\/historia\/","name":"Hist\u00f3ria - Estrella Galicia Portugal","isPartOf":{"@id":"https:\/\/estrellagalicia.com\/pt\/#website"},"datePublished":"2019-07-18T06:09:54+00:00","dateModified":"2021-04-12T10:23:42+00:00","breadcrumb":{"@id":"https:\/\/estrellagalicia.com\/pt\/historia\/#breadcrumb"},"inLanguage":"es","potentialAction":[{"@type":"ReadAction","target":["https:\/\/estrellagalicia.com\/pt\/historia\/"]}]},{"@type":"BreadcrumbList","@id":"https:\/\/estrellagalicia.com\/pt\/historia\/#breadcrumb","itemListElement":[{"@type":"ListItem","position":1,"name":"Home","item":"https:\/\/estrellagalicia.com\/pt\/"},{"@type":"ListItem","position":2,"name":"Hist\u00f3ria"}]},{"@type":"WebSite","@id":"https:\/\/estrellagalicia.com\/pt\/#website","url":"https:\/\/estrellagalicia.com\/pt\/","name":"Estrella Galicia Portugal","description":"","potentialAction":[{"@type":"SearchAction","target":{"@type":"EntryPoint","urlTemplate":"https:\/\/estrellagalicia.com\/pt\/?s={search_term_string}"},"query-input":"required name=search_term_string"}],"inLanguage":"es"}]}},"_links":{"self":[{"href":"https:\/\/estrellagalicia.com\/pt\/wp-json\/wp\/v2\/pages\/465"}],"collection":[{"href":"https:\/\/estrellagalicia.com\/pt\/wp-json\/wp\/v2\/pages"}],"about":[{"href":"https:\/\/estrellagalicia.com\/pt\/wp-json\/wp\/v2\/types\/page"}],"author":[{"embeddable":true,"href":"https:\/\/estrellagalicia.com\/pt\/wp-json\/wp\/v2\/users\/7"}],"replies":[{"embeddable":true,"href":"https:\/\/estrellagalicia.com\/pt\/wp-json\/wp\/v2\/comments?post=465"}],"version-history":[{"count":18,"href":"https:\/\/estrellagalicia.com\/pt\/wp-json\/wp\/v2\/pages\/465\/revisions"}],"predecessor-version":[{"id":34821,"href":"https:\/\/estrellagalicia.com\/pt\/wp-json\/wp\/v2\/pages\/465\/revisions\/34821"}],"wp:attachment":[{"href":"https:\/\/estrellagalicia.com\/pt\/wp-json\/wp\/v2\/media?parent=465"}],"curies":[{"name":"wp","href":"https:\/\/api.w.org\/{rel}","templated":true}]}}