{"id":74,"date":"2019-06-24T15:38:36","date_gmt":"2019-06-24T13:38:36","guid":{"rendered":"https:\/\/estrellagalicia.com\/pt\/?page_id=74"},"modified":"2024-02-01T10:12:39","modified_gmt":"2024-02-01T09:12:39","slug":"home","status":"publish","type":"page","link":"https:\/\/estrellagalicia.com\/pt\/","title":{"rendered":"Home"},"content":{"rendered":"\n<div class=\"wp-block-hacce-wrapper has-white-background-color\">\n<figure class=\"wp-block-image alignfull size-full d-none d-sm-block\"><img loading=\"lazy\" decoding=\"async\" width=\"1920\" height=\"820\" src=\"https:\/\/estrellagalicia.com\/pt\/wp-content\/uploads\/2024\/01\/EG_BCorp.webp\" alt=\"\" class=\"wp-image-38635\" srcset=\"https:\/\/estrellagalicia.com\/pt\/wp-content\/uploads\/2024\/01\/EG_BCorp.webp 1920w, https:\/\/estrellagalicia.com\/pt\/wp-content\/uploads\/2024\/01\/EG_BCorp-300x128.webp 300w, https:\/\/estrellagalicia.com\/pt\/wp-content\/uploads\/2024\/01\/EG_BCorp-1024x437.webp 1024w, https:\/\/estrellagalicia.com\/pt\/wp-content\/uploads\/2024\/01\/EG_BCorp-768x328.webp 768w, https:\/\/estrellagalicia.com\/pt\/wp-content\/uploads\/2024\/01\/EG_BCorp-1536x656.webp 1536w, https:\/\/estrellagalicia.com\/pt\/wp-content\/uploads\/2024\/01\/EG_BCorp-1200x513.webp 1200w\" sizes=\"(max-width: 1920px) 100vw, 1920px\" \/><\/figure>\n\n\n\n<figure class=\"wp-block-image alignfull size-full d-block d-sm-none\"><img loading=\"lazy\" decoding=\"async\" width=\"720\" height=\"620\" src=\"https:\/\/estrellagalicia.com\/pt\/wp-content\/uploads\/2024\/01\/eg_bcorp_mobile.webp\" alt=\"\" class=\"wp-image-38638\" srcset=\"https:\/\/estrellagalicia.com\/pt\/wp-content\/uploads\/2024\/01\/eg_bcorp_mobile.webp 720w, https:\/\/estrellagalicia.com\/pt\/wp-content\/uploads\/2024\/01\/eg_bcorp_mobile-300x258.webp 300w\" sizes=\"(max-width: 720px) 100vw, 720px\" \/><\/figure>\n<\/div>\n\n\n<div class=\"n2-section-smartslider fitvidsignore \" data-ssid=\"2\" tabindex=\"0\" role=\"region\" aria-label=\"Slider\"><div id=\"n2-ss-2-align\" class=\"n2-ss-align\"><div class=\"n2-padding\"><div id=\"n2-ss-2\" data-creator=\"Smart Slider 3\" data-responsive=\"auto\" class=\"n2-ss-slider n2-ow n2-has-hover n2notransition  \">\n        <div class=\"n2-ss-slider-1 n2_ss__touch_element n2-ow\">\n            <div class=\"n2-ss-slider-2 n2-ow\">\n                                                    <div class=\"n2-ss-background-animation n2-ow\"><\/div>\n                                <div class=\"n2-ss-slider-3 n2-ow\">\n\n                    <div class=\"n2-ss-slide-backgrounds n2-ow-all\"><div class=\"n2-ss-slide-background\" data-public-id=\"1\" data-mode=\"fill\"><div class=\"n2-ss-slide-background-image\" data-blur=\"0\" data-opacity=\"100\" data-x=\"50\" data-y=\"50\" data-alt=\"\" data-title=\"\"><picture class=\"skip-lazy\" data-skip-lazy=\"1\"><img decoding=\"async\" src=\"\/\/estrellagalicia.com\/pt\/wp-content\/uploads\/2019\/07\/bg_slide.jpg\" alt=\"\" title=\"\" loading=\"lazy\" class=\"skip-lazy\" data-skip-lazy=\"1\"><\/picture><\/div><div data-color=\"RGBA(0,0,0,0)\" style=\"background-color: RGBA(0,0,0,0);\" class=\"n2-ss-slide-background-color\" data-overlay=\"1\"><\/div><\/div><\/div>                    <div class=\"n2-ss-slider-4 n2-ow\">\n                        <svg xmlns=\"http:\/\/www.w3.org\/2000\/svg\" viewBox=\"0 0 1300 600\" data-related-device=\"desktopPortrait\" class=\"n2-ow n2-ss-preserve-size n2-ss-preserve-size--slider n2-ss-slide-limiter\"><\/svg><div data-first=\"1\" data-slide-duration=\"0\" data-id=\"4\" data-slide-public-id=\"1\" data-title=\"Productos\" class=\"n2-ss-slide n2-ow  n2-ss-slide-4\"><div role=\"note\" class=\"n2-ss-slide--focus\" tabindex=\"-1\">Productos<\/div><div class=\"n2-ss-layers-container n2-ss-slide-limiter n2-ow\"><div class=\"n2-ss-layer n2-ow n-uc-OXZGzZgnLyhW\" data-sstype=\"slide\" data-pm=\"default\"><div class=\"n2-ss-layer n2-ow n-uc-1dadf23a18ec5\" data-pm=\"default\" data-sstype=\"content\" data-hasbackground=\"0\"><div class=\"n2-ss-section-main-content n2-ss-layer-with-background n2-ss-layer-content n2-ow n-uc-1dadf23a18ec5-inner\"><div class=\"n2-ss-layer n2-ow n2-ss-layer--block n2-ss-has-self-align n-uc-1715993d630cc\" data-pm=\"normal\" data-sstype=\"row\"><div class=\"n2-ss-layer-row n2-ss-layer-with-background n-uc-1715993d630cc-inner\"><div class=\"n2-ss-layer-row-inner \"><div class=\"n2-ss-layer n2-ow img_slide n-uc-173f3d0ca14f3\" data-pm=\"default\" data-sstype=\"col\"><div class=\"n2-ss-layer-col n2-ss-layer-with-background n2-ss-layer-content n-uc-173f3d0ca14f3-inner\"><div class=\"n2-ss-layer n2-ow n-uc-F2KBs2Z5yRAj\" data-pm=\"normal\" data-sstype=\"layer\"><div class=\" n2-ss-item-image-content n2-ss-item-content n2-ow-all\"><img loading=\"lazy\" decoding=\"async\" id=\"n2-ss-2item1\" alt=\"\" class=\"skip-lazy\" width=\"622\" height=\"487\" data-skip-lazy=\"1\" src=\"\/\/estrellagalicia.com\/pt\/wp-content\/uploads\/2024\/06\/botellas-2024.png\" \/><\/div><\/div><\/div><\/div><div class=\"n2-ss-layer n2-ow texto_slide n-uc-1e9b2686fb2fa\" data-pm=\"default\" data-sstype=\"col\"><div class=\"n2-ss-layer-col n2-ss-layer-with-background n2-ss-layer-content n-uc-1e9b2686fb2fa-inner\"><div class=\"n2-ss-layer n2-ow n-uc-YL7SSdD6Fyrr\" data-pm=\"normal\" data-sstype=\"layer\"><h2 id=\"n2-ss-2item2\" class=\"n2-font-9085eca2ea76c830f50c6f45e7c01da7-hover   n2-ss-item-content n2-ss-text n2-ow\" style=\"display:block;\">A Estrella Galicia \u00e9 o resultado da paix\u00e3o da fam\u00edlia Rivera pela cerveja desde 1906<\/h2><\/div><div class=\"n2-ss-layer n2-ow n-uc-fRRaCaJ5RUbQ\" data-pm=\"normal\" data-sstype=\"layer\"><div class=\"n2-ss-item-content n2-ss-text n2-ow-all\"><div class=\"\"><p class=\"n2-font-6e88fecf550de5d86b91588eb1c8a63a-paragraph   \">Uma tradi\u00e7\u00e3o que remonta a quatro gera\u00e7\u00f5es para produzir algo de extraordin\u00e1rio.<\/p>\n<\/div><\/div><\/div><\/div><\/div><\/div><\/div><\/div><\/div><\/div><\/div><\/div><\/div>                    <\/div>\n\n                                    <\/div>\n            <\/div>\n        <\/div>\n        <\/div><ss3-loader><\/ss3-loader><\/div><\/div><div class=\"n2_clear\"><\/div><\/div>\n\n\n<div class=\"wp-block-hacce-wrapper pt-5 pb-5 carrusel_productos has-white-color\" style=\"background-image:url(https:\/\/estrellagalicia.com\/pt\/wp-content\/uploads\/2019\/07\/fondo_presentacion.jpg)\">\n<h2 class=\"has-text-align-center has-text-color has-custom-transform wp-block-heading\" style=\"text-transform:uppercase;color:#FFF\"><strong>PRODUTOS<\/strong><\/h2>\n\n\n\n<div style=\"height:30px\" aria-hidden=\"true\" class=\"wp-block-spacer\"><\/div>\n\n\n<div class=\"bloque-home bloque-carrusel\" style=\"background-image:url('')\">\n    <div class=\"container\">\n\n            <div class=\"wrapper-coverflow ms-skin-default\">\n                <button class=\"ms-nav-prev\"><\/button>\n                <ul class=\"wrapper-productos\" ><\/ul>\n                <button class=\"ms-nav-next\"><\/button>\n            <\/div>\n    <\/div>\n    <\/div>\n\n\n<p><\/p>\n<\/div>\n\n\n\n<div class=\"wp-block-hacce-wrapper\" style=\"background-image:url(https:\/\/estrellagalicia.com\/pt\/wp-content\/uploads\/2019\/07\/historia_bg-2.jpg)\"><div class=\"container\">\n<div style=\"height:50px\" aria-hidden=\"true\" class=\"wp-block-spacer\"><\/div>\n\n\n\n<h2 class=\"has-text-align-center has-text-color wp-block-heading\" style=\"color:#FFF\">Desde 1906<\/h2>\n\n\n\n<p class=\"has-text-align-center has-white-color has-text-color\">Ap\u00f3s regressar do M\u00e9xico no final do s\u00e9culo XIX, D. Jose M\u00aa Rivera Corral funda em 1906 a f\u00e1brica \u201cLa Estrella de Galicia\u201d na cidade de A Corunha, dedicada ao fabrico de cervejas e gelo, nome que recorda o que foi o seu neg\u00f3cio em Veracruz, \u201cLa Estrella de Oro\u201d, e o qual apostava num produto que, naqueles tempos, era de consumo muito reduzido.<\/p>\n\n\n\n<div style=\"height:30px\" aria-hidden=\"true\" class=\"wp-block-spacer\"><\/div>\n\n\n\n<div class=\"historia-bloque\">\n    <script type=\"text\/javascript\">\n    jQuery(document).ready(function($){\n        $('.decada-item').click(function(e){\n            e.preventDefault();\n            var slide = $(this).data('slide');\n            $('#slide-seleccionado').val(slide);\n            $('#form-decada').submit();\n        });\n    });\n<\/script>\n<form id=\"form-decada\" method=\"post\" action=\"https:\/\/estrellagalicia.com\/pt\/historia\/\">\n    <input type=\"hidden\" value=\"\" name=\"slide-seleccionado\" id=\"slide-seleccionado\">\n<\/form>\n<div class=\"container historia-previa\">\n    <div class=\"row\">\n                    <div class=\"col-6 col-sm-6 col-md-4 col-lg-2 historia-item-wrap\">\n                <div class=\"historia-item decada-item\" data-slide=\"0\">\n                    <div class=\"data-decada\">\n                        <div class=\"anho\">1906<\/div>\n                        <div class=\"separador\"><\/div>\n                        <div class=\"anho\">1920<\/div>\n                    <\/div>\n                                        <div class=\"foto-historia\"><img loading=\"lazy\" decoding=\"async\" width=\"177\" height=\"240\" src=\"https:\/\/estrellagalicia.com\/pt\/wp-content\/uploads\/2020\/01\/historia-1906-1920.png\" class=\"attachment-large size-large wp-post-image\" alt=\"\" \/><\/div>\n                <\/div>\n            <\/div>\n                    <div class=\"col-6 col-sm-6 col-md-4 col-lg-2 historia-item-wrap\">\n                <div class=\"historia-item decada-item\" data-slide=\"3\">\n                    <div class=\"data-decada\">\n                        <div class=\"anho\">1920<\/div>\n                        <div class=\"separador\"><\/div>\n                        <div class=\"anho\">1940<\/div>\n                    <\/div>\n                                        <div class=\"foto-historia\"><img loading=\"lazy\" decoding=\"async\" width=\"386\" height=\"298\" src=\"https:\/\/estrellagalicia.com\/pt\/wp-content\/uploads\/2020\/01\/1920-40.png\" class=\"attachment-large size-large wp-post-image\" alt=\"\" srcset=\"https:\/\/estrellagalicia.com\/pt\/wp-content\/uploads\/2020\/01\/1920-40.png 386w, https:\/\/estrellagalicia.com\/pt\/wp-content\/uploads\/2020\/01\/1920-40-300x232.png 300w\" sizes=\"(max-width: 386px) 100vw, 386px\" \/><\/div>\n                <\/div>\n            <\/div>\n                    <div class=\"col-6 col-sm-6 col-md-4 col-lg-2 historia-item-wrap\">\n                <div class=\"historia-item decada-item\" data-slide=\"7\">\n                    <div class=\"data-decada\">\n                        <div class=\"anho\">1940<\/div>\n                        <div class=\"separador\"><\/div>\n                        <div class=\"anho\">1960<\/div>\n                    <\/div>\n                                        <div class=\"foto-historia\"><img loading=\"lazy\" decoding=\"async\" width=\"386\" height=\"298\" src=\"https:\/\/estrellagalicia.com\/pt\/wp-content\/uploads\/2020\/01\/1940-60.png\" class=\"attachment-large size-large wp-post-image\" alt=\"\" srcset=\"https:\/\/estrellagalicia.com\/pt\/wp-content\/uploads\/2020\/01\/1940-60.png 386w, https:\/\/estrellagalicia.com\/pt\/wp-content\/uploads\/2020\/01\/1940-60-300x232.png 300w\" sizes=\"(max-width: 386px) 100vw, 386px\" \/><\/div>\n                <\/div>\n            <\/div>\n                    <div class=\"col-6 col-sm-6 col-md-4 col-lg-2 historia-item-wrap\">\n                <div class=\"historia-item decada-item\" data-slide=\"10\">\n                    <div class=\"data-decada\">\n                        <div class=\"anho\">1960<\/div>\n                        <div class=\"separador\"><\/div>\n                        <div class=\"anho\">1980<\/div>\n                    <\/div>\n                                        <div class=\"foto-historia\"><img loading=\"lazy\" decoding=\"async\" width=\"179\" height=\"233\" src=\"https:\/\/estrellagalicia.com\/pt\/wp-content\/uploads\/2020\/01\/historia-1960-1980.png\" class=\"attachment-large size-large wp-post-image\" alt=\"\" \/><\/div>\n                <\/div>\n            <\/div>\n                    <div class=\"col-6 col-sm-6 col-md-4 col-lg-2 historia-item-wrap\">\n                <div class=\"historia-item decada-item\" data-slide=\"16\">\n                    <div class=\"data-decada\">\n                        <div class=\"anho\">1980<\/div>\n                        <div class=\"separador\"><\/div>\n                        <div class=\"anho\">2000<\/div>\n                    <\/div>\n                                        <div class=\"foto-historia\"><img loading=\"lazy\" decoding=\"async\" width=\"153\" height=\"239\" src=\"https:\/\/estrellagalicia.com\/pt\/wp-content\/uploads\/2020\/01\/historia-1980-2000.png\" class=\"attachment-large size-large wp-post-image\" alt=\"\" \/><\/div>\n                <\/div>\n            <\/div>\n                    <div class=\"col-6 col-sm-6 col-md-4 col-lg-2 historia-item-wrap\">\n                <div class=\"historia-item decada-item\" data-slide=\"24\">\n                    <div class=\"data-decada\">\n                        <div class=\"anho\">2000<\/div>\n                        <div class=\"separador\"><\/div>\n                        <div class=\"anho\">2022<\/div>\n                    <\/div>\n                                        <div class=\"foto-historia\"><img loading=\"lazy\" decoding=\"async\" width=\"177\" height=\"248\" src=\"https:\/\/estrellagalicia.com\/pt\/wp-content\/uploads\/2020\/01\/historia-2000-2016.png\" class=\"attachment-large size-large wp-post-image\" alt=\"\" \/><\/div>\n                <\/div>\n            <\/div>\n            <\/div>\n<\/div>\n<\/div>\n\n\n\n<div style=\"height:50px\" aria-hidden=\"true\" class=\"wp-block-spacer\"><\/div>\n<\/div><\/div>\n\n\n\n<div class=\"wp-block-hacce-wrapper\">\n<div class=\"container-fluid p-5 pagina-contacto\" style=\"background-image: url(https:\/\/estrellagalicia.com\/pt\/wp-content\/uploads\/2019\/07\/bg_contacto-1.jpg)\">\n    <div class=\"row m-0 fila_contacto\">\n\t<div class=\"col-md-6 d-flex justify-content-center justify-content-md-center\">\n\n\t\t<div class=\"datos_contacto_wrap\">\n\t\t\t<img loading=\"lazy\" decoding=\"async\" width=\"300\" height=\"235\" src=\"https:\/\/estrellagalicia.com\/pt\/wp-content\/uploads\/2024\/06\/botellas-2024-300x235.png\" class=\"attachment-medium size-medium\" alt=\"\" srcset=\"https:\/\/estrellagalicia.com\/pt\/wp-content\/uploads\/2024\/06\/botellas-2024-300x235.png 300w, https:\/\/estrellagalicia.com\/pt\/wp-content\/uploads\/2024\/06\/botellas-2024.png 622w\" sizes=\"(max-width: 300px) 100vw, 300px\" \/>\t\t\t<hr class=\"wp-block-coblocks-dynamic-separator has-text-color has-white-color is-style-fullwidth d-none d-md-block\" style=\"height:2px; margin-top: 5px;\">\n\t\t\t\t\t\t<div class=\"d-flex align-items-center datos_contacto\">\n\t\t\t\t<div class=\"icono_circulo mr-3\">\n\t\t\t\t\t<i class=\"fa fa-map-marker\" aria-hidden=\"true\"><\/i>\n\t\t\t\t<\/div>\n\t\t\t\t<span>Quatro Estradas Loul\u00e9, EN125, Armazem 1,2 e 3. Sitio Sel\u00f5es <br\/><br \/>\r\n8100-287 Loul\u00e9<br \/>\r\n<\/span>\n\n\t\t\t<\/div>\n            \t\t\t<div class=\"d-flex align-items-center datos_contacto\">\n\t\t\t\t<div class=\"icono_circulo mr-3\">\n\t\t\t\t\t<i class=\"fa fa-phone\" aria-hidden=\"true\"><\/i>\n\t\t\t\t<\/div>\n\t\t\t\t<span> (+351)  289393757 \/  (+351)  289393758 \/  (+351)  919724672<\/span>\n\n\t\t\t<\/div>\n            \t\t\t\t\t\t\t<div class=\"d-flex align-items-center datos_contacto\">\n\t\t\t\t\t<div class=\"icono_circulo mr-3\">\n\t\t\t\t\t\t<i class=\"fa fa-envelope\" aria-hidden=\"true\"><\/i>\n\t\t\t\t\t<\/div>\n\t\t\t\t\t<span>geral@justdrinks.pt<\/span>\n\n\n\t\t\t\t<\/div>\n\t\t\t\t\t<\/div>\n\n\t<\/div>\n\t<div class=\"col-md-6 formulario-contacto\">\n\t\t<div class=\"contacto_form_int\">\n\t\t\t\n<div class=\"wpcf7 no-js\" id=\"wpcf7-f6-o1\" lang=\"es-ES\" dir=\"ltr\">\n<div class=\"screen-reader-response\"><p role=\"status\" aria-live=\"polite\" aria-atomic=\"true\"><\/p> <ul><\/ul><\/div>\n<form action=\"\/pt\/wp-json\/wp\/v2\/pages\/74#wpcf7-f6-o1\" method=\"post\" class=\"wpcf7-form init wpcf7-acceptance-as-validation\" aria-label=\"Formulario de contacto\" novalidate=\"novalidate\" data-status=\"init\">\n<div style=\"display: none;\">\n<input type=\"hidden\" name=\"_wpcf7\" value=\"6\" \/>\n<input type=\"hidden\" name=\"_wpcf7_version\" value=\"5.9.5\" \/>\n<input type=\"hidden\" name=\"_wpcf7_locale\" value=\"es_ES\" \/>\n<input type=\"hidden\" name=\"_wpcf7_unit_tag\" value=\"wpcf7-f6-o1\" \/>\n<input type=\"hidden\" name=\"_wpcf7_container_post\" value=\"0\" \/>\n<input type=\"hidden\" name=\"_wpcf7_posted_data_hash\" value=\"\" \/>\n<input type=\"hidden\" name=\"_wpcf7_recaptcha_response\" value=\"\" \/>\n<\/div>\n<div class=\"md-form\"><span class=\"wpcf7-form-control-wrap\" data-name=\"your-name\"><input size=\"40\" class=\"wpcf7-form-control wpcf7-text wpcf7-validates-as-required form-control\" aria-required=\"true\" aria-invalid=\"false\" placeholder=\"Nome*\" value=\"\" type=\"text\" name=\"your-name\" \/><\/span><\/div>\n<div class=\"md-form\"><span class=\"wpcf7-form-control-wrap\" data-name=\"your-email\"><input size=\"40\" class=\"wpcf7-form-control wpcf7-email wpcf7-validates-as-required wpcf7-text wpcf7-validates-as-email form-control\" aria-required=\"true\" aria-invalid=\"false\" placeholder=\"Email*\" value=\"\" type=\"email\" name=\"your-email\" \/><\/span><\/div>\n<div class=\"md-form\"><span class=\"wpcf7-form-control-wrap\" data-name=\"your-subject\"><input size=\"40\" class=\"wpcf7-form-control wpcf7-text form-control\" aria-invalid=\"false\" placeholder=\"Assunto\" value=\"\" type=\"text\" name=\"your-subject\" \/><\/span><\/div>\n<div class=\"md-form\"><span class=\"wpcf7-form-control-wrap\" data-name=\"your-message\"><textarea cols=\"10\" rows=\"3\" class=\"wpcf7-form-control wpcf7-textarea md-textarea form-control\" aria-invalid=\"false\" placeholder=\"Mensagem\" name=\"your-message\"><\/textarea><\/span><\/div>\n<div class=\"clausula-rgpd\"><h5>Informa\u00e7\u00e3o b\u00e1sica privacidade<\/h5><p style=\"font-size:12px;\">Estrella Galicia ir\u00e1 utilizar a informa\u00e7\u00e3o facilitada para dar resposta \u00e0 sua consulta. Pode aceder, retificar e suprimir os dados, tamb\u00e9m como exercer outros direitos, tal como explicado na informa\u00e7\u00e3o adicional dispon\u00edvel na Pol\u00edtica de Privacidade.<\/p><\/div>\n<div class=\"check_aviso pb-2\" style=\"font-size:12px;\"><span class=\"wpcf7-form-control-wrap\" data-name=\"acceptance-124\"><span class=\"wpcf7-form-control wpcf7-acceptance\"><span class=\"wpcf7-list-item\"><input type=\"checkbox\" name=\"acceptance-124\" value=\"1\" aria-invalid=\"false\" \/><\/span><\/span><\/span> Aceito a  <a href=\"https:\/\/estrellagalicia.com\/pt\/informativa-su-privacy-e-cookie\/\">pol\u00edtica de privacidade e cookies<\/a><\/div>\n<br\/>\n\n<input class=\"wpcf7-form-control wpcf7-submit has-spinner btn\" type=\"submit\" value=\"Enviar\" \/><div class=\"wpcf7-response-output\" aria-hidden=\"true\"><\/div>\n<\/form>\n<\/div>\n\t\t<\/div>\n\t<\/div>\n<\/div> <!-- .row --><\/div>\n\n<\/div>\n","protected":false},"excerpt":{"rendered":"","protected":false},"author":7,"featured_media":0,"parent":0,"menu_order":0,"comment_status":"closed","ping_status":"closed","template":"","meta":{"_acf_changed":false,"_coblocks_attr":"","_coblocks_dimensions":"{\"coblocks-column-52591629144\":{\"padding\":{}},\"coblocks-column-6184059286\":{\"padding\":{}}}","_coblocks_responsive_height":"","_coblocks_accordion_ie_support":"","inline_featured_image":false,"footnotes":""},"acf":[],"yoast_head":"<!-- This site is optimized with the Yoast SEO plugin v22.8 - https:\/\/yoast.com\/wordpress\/plugins\/seo\/ -->\n<title>Estrella Galicia Portugal - Fabricada e engarrafada na Galiza, Espanha<\/title>\n<meta name=\"description\" content=\"A Estrella Galicia \u00e9 o resultado da paix\u00e3o da fam\u00edlia Rivera pela cerveja desde 1906, uma tradi\u00e7\u00e3o que remonta a quatro gera\u00e7\u00f5es.\" \/>\n<meta name=\"robots\" content=\"index, follow, max-snippet:-1, max-image-preview:large, max-video-preview:-1\" \/>\n<link rel=\"canonical\" href=\"https:\/\/estrellagalicia.com\/pt\/\" \/>\n<meta property=\"og:locale\" content=\"es_ES\" \/>\n<meta property=\"og:type\" content=\"article\" \/>\n<meta property=\"og:title\" content=\"Estrella Galicia Portugal - Fabricada e engarrafada na Galiza, Espanha\" \/>\n<meta property=\"og:description\" content=\"A Estrella Galicia \u00e9 o resultado da paix\u00e3o da fam\u00edlia Rivera pela cerveja desde 1906, uma tradi\u00e7\u00e3o que remonta a quatro gera\u00e7\u00f5es.\" \/>\n<meta property=\"og:url\" content=\"https:\/\/estrellagalicia.com\/pt\/\" \/>\n<meta property=\"og:site_name\" content=\"Estrella Galicia Portugal\" \/>\n<meta property=\"article:modified_time\" content=\"2024-02-01T09:12:39+00:00\" \/>\n<meta property=\"og:image\" content=\"https:\/\/estrellagalicia.com\/pt\/wp-content\/uploads\/2024\/01\/EG_BCorp.webp\" \/>\n<meta name=\"twitter:card\" content=\"summary_large_image\" \/>\n<meta name=\"twitter:label1\" content=\"Tiempo de lectura\" \/>\n\t<meta name=\"twitter:data1\" content=\"1 minuto\" \/>\n<script type=\"application\/ld+json\" class=\"yoast-schema-graph\">{\"@context\":\"https:\/\/schema.org\",\"@graph\":[{\"@type\":\"WebPage\",\"@id\":\"https:\/\/estrellagalicia.com\/pt\/\",\"url\":\"https:\/\/estrellagalicia.com\/pt\/\",\"name\":\"Estrella Galicia Portugal - Fabricada e engarrafada na Galiza, Espanha\",\"isPartOf\":{\"@id\":\"https:\/\/estrellagalicia.com\/pt\/#website\"},\"primaryImageOfPage\":{\"@id\":\"https:\/\/estrellagalicia.com\/pt\/#primaryimage\"},\"image\":{\"@id\":\"https:\/\/estrellagalicia.com\/pt\/#primaryimage\"},\"thumbnailUrl\":\"https:\/\/estrellagalicia.com\/pt\/wp-content\/uploads\/2024\/01\/EG_BCorp.webp\",\"datePublished\":\"2019-06-24T13:38:36+00:00\",\"dateModified\":\"2024-02-01T09:12:39+00:00\",\"description\":\"A Estrella Galicia \u00e9 o resultado da paix\u00e3o da fam\u00edlia Rivera pela cerveja desde 1906, uma tradi\u00e7\u00e3o que remonta a quatro gera\u00e7\u00f5es.\",\"breadcrumb\":{\"@id\":\"https:\/\/estrellagalicia.com\/pt\/#breadcrumb\"},\"inLanguage\":\"es\",\"potentialAction\":[{\"@type\":\"ReadAction\",\"target\":[\"https:\/\/estrellagalicia.com\/pt\/\"]}]},{\"@type\":\"ImageObject\",\"inLanguage\":\"es\",\"@id\":\"https:\/\/estrellagalicia.com\/pt\/#primaryimage\",\"url\":\"https:\/\/estrellagalicia.com\/pt\/wp-content\/uploads\/2024\/01\/EG_BCorp.webp\",\"contentUrl\":\"https:\/\/estrellagalicia.com\/pt\/wp-content\/uploads\/2024\/01\/EG_BCorp.webp\",\"width\":1920,\"height\":820},{\"@type\":\"BreadcrumbList\",\"@id\":\"https:\/\/estrellagalicia.com\/pt\/#breadcrumb\",\"itemListElement\":[{\"@type\":\"ListItem\",\"position\":1,\"name\":\"Home\",\"item\":\"https:\/\/estrellagalicia.com\/pt\/\"},{\"@type\":\"ListItem\",\"position\":2,\"name\":\"Home\"}]},{\"@type\":\"WebSite\",\"@id\":\"https:\/\/estrellagalicia.com\/pt\/#website\",\"url\":\"https:\/\/estrellagalicia.com\/pt\/\",\"name\":\"Estrella Galicia Portugal\",\"description\":\"\",\"potentialAction\":[{\"@type\":\"SearchAction\",\"target\":{\"@type\":\"EntryPoint\",\"urlTemplate\":\"https:\/\/estrellagalicia.com\/pt\/?s={search_term_string}\"},\"query-input\":\"required name=search_term_string\"}],\"inLanguage\":\"es\"}]}<\/script>\n<!-- \/ Yoast SEO plugin. -->","yoast_head_json":{"title":"Estrella Galicia Portugal - Fabricada e engarrafada na Galiza, Espanha","description":"A Estrella Galicia \u00e9 o resultado da paix\u00e3o da fam\u00edlia Rivera pela cerveja desde 1906, uma tradi\u00e7\u00e3o que remonta a quatro gera\u00e7\u00f5es.","robots":{"index":"index","follow":"follow","max-snippet":"max-snippet:-1","max-image-preview":"max-image-preview:large","max-video-preview":"max-video-preview:-1"},"canonical":"https:\/\/estrellagalicia.com\/pt\/","og_locale":"es_ES","og_type":"article","og_title":"Estrella Galicia Portugal - Fabricada e engarrafada na Galiza, Espanha","og_description":"A Estrella Galicia \u00e9 o resultado da paix\u00e3o da fam\u00edlia Rivera pela cerveja desde 1906, uma tradi\u00e7\u00e3o que remonta a quatro gera\u00e7\u00f5es.","og_url":"https:\/\/estrellagalicia.com\/pt\/","og_site_name":"Estrella Galicia Portugal","article_modified_time":"2024-02-01T09:12:39+00:00","og_image":[{"url":"https:\/\/estrellagalicia.com\/pt\/wp-content\/uploads\/2024\/01\/EG_BCorp.webp"}],"twitter_card":"summary_large_image","twitter_misc":{"Tiempo de lectura":"1 minuto"},"schema":{"@context":"https:\/\/schema.org","@graph":[{"@type":"WebPage","@id":"https:\/\/estrellagalicia.com\/pt\/","url":"https:\/\/estrellagalicia.com\/pt\/","name":"Estrella Galicia Portugal - Fabricada e engarrafada na Galiza, Espanha","isPartOf":{"@id":"https:\/\/estrellagalicia.com\/pt\/#website"},"primaryImageOfPage":{"@id":"https:\/\/estrellagalicia.com\/pt\/#primaryimage"},"image":{"@id":"https:\/\/estrellagalicia.com\/pt\/#primaryimage"},"thumbnailUrl":"https:\/\/estrellagalicia.com\/pt\/wp-content\/uploads\/2024\/01\/EG_BCorp.webp","datePublished":"2019-06-24T13:38:36+00:00","dateModified":"2024-02-01T09:12:39+00:00","description":"A Estrella Galicia \u00e9 o resultado da paix\u00e3o da fam\u00edlia Rivera pela cerveja desde 1906, uma tradi\u00e7\u00e3o que remonta a quatro gera\u00e7\u00f5es.","breadcrumb":{"@id":"https:\/\/estrellagalicia.com\/pt\/#breadcrumb"},"inLanguage":"es","potentialAction":[{"@type":"ReadAction","target":["https:\/\/estrellagalicia.com\/pt\/"]}]},{"@type":"ImageObject","inLanguage":"es","@id":"https:\/\/estrellagalicia.com\/pt\/#primaryimage","url":"https:\/\/estrellagalicia.com\/pt\/wp-content\/uploads\/2024\/01\/EG_BCorp.webp","contentUrl":"https:\/\/estrellagalicia.com\/pt\/wp-content\/uploads\/2024\/01\/EG_BCorp.webp","width":1920,"height":820},{"@type":"BreadcrumbList","@id":"https:\/\/estrellagalicia.com\/pt\/#breadcrumb","itemListElement":[{"@type":"ListItem","position":1,"name":"Home","item":"https:\/\/estrellagalicia.com\/pt\/"},{"@type":"ListItem","position":2,"name":"Home"}]},{"@type":"WebSite","@id":"https:\/\/estrellagalicia.com\/pt\/#website","url":"https:\/\/estrellagalicia.com\/pt\/","name":"Estrella Galicia Portugal","description":"","potentialAction":[{"@type":"SearchAction","target":{"@type":"EntryPoint","urlTemplate":"https:\/\/estrellagalicia.com\/pt\/?s={search_term_string}"},"query-input":"required name=search_term_string"}],"inLanguage":"es"}]}},"_links":{"self":[{"href":"https:\/\/estrellagalicia.com\/pt\/wp-json\/wp\/v2\/pages\/74"}],"collection":[{"href":"https:\/\/estrellagalicia.com\/pt\/wp-json\/wp\/v2\/pages"}],"about":[{"href":"https:\/\/estrellagalicia.com\/pt\/wp-json\/wp\/v2\/types\/page"}],"author":[{"embeddable":true,"href":"https:\/\/estrellagalicia.com\/pt\/wp-json\/wp\/v2\/users\/7"}],"replies":[{"embeddable":true,"href":"https:\/\/estrellagalicia.com\/pt\/wp-json\/wp\/v2\/comments?post=74"}],"version-history":[{"count":221,"href":"https:\/\/estrellagalicia.com\/pt\/wp-json\/wp\/v2\/pages\/74\/revisions"}],"predecessor-version":[{"id":38647,"href":"https:\/\/estrellagalicia.com\/pt\/wp-json\/wp\/v2\/pages\/74\/revisions\/38647"}],"wp:attachment":[{"href":"https:\/\/estrellagalicia.com\/pt\/wp-json\/wp\/v2\/media?parent=74"}],"curies":[{"name":"wp","href":"https:\/\/api.w.org\/{rel}","templated":true}]}}