{"id":83,"date":"2019-06-24T16:05:41","date_gmt":"2019-06-24T14:05:41","guid":{"rendered":"https:\/\/estrellagalicia.com\/pt\/?page_id=83"},"modified":"2022-11-16T11:51:18","modified_gmt":"2022-11-16T10:51:18","slug":"informativa-su-privacy-e-cookie","status":"publish","type":"page","link":"https:\/\/estrellagalicia.com\/pt\/informativa-su-privacy-e-cookie\/","title":{"rendered":"Informativa su privacy e cookie"},"content":{"rendered":"\n<h2 class=\"wp-block-heading\">POL\u00cdTICA DE PRIVACIDADE<\/h2>\n\n\n\n<div style=\"height:30px\" aria-hidden=\"true\" class=\"wp-block-spacer\"><\/div>\n\n\n\n<p><strong>Quem \u00e9 Respons\u00e1vel do tratamento dos seus dados?<\/strong><\/p>\n\n\n\n<p>O Respons\u00e1vel do Tratamento corresponde-se com o do titular do website, cujos dados identificativos completos s\u00e3o: HIJOS DE RIVERA, S.A.U., com CIF A15002637 e sede em c\/ Jos\u00e9 Mar\u00eda Rivera Corral, 6 15008 A Coru\u00f1a.<\/p>\n\n\n\n<div style=\"height:20px\" aria-hidden=\"true\" class=\"wp-block-spacer\"><\/div>\n\n\n\n<p><strong>Com que finalidade iremos tratar os seus dados pessoais?<\/strong><\/p>\n\n\n\n<p>As finalidades ser\u00e3o as seguintes:<\/p>\n\n\n\n<ol><li>Contato: O utilizador poder\u00e1 empregar os n\u00fameros de telefone e os formul\u00e1rios postos \u00e0 sua disposi\u00e7\u00e3o para formular solicitudes, queixas ou sugest\u00f5es e manter contacto com os Respons\u00e1veis.<br><\/li><li>Envio de comunica\u00e7\u00f5es e newsletter: O usu\u00e1rio poder\u00e1 solicitar o envio de comunica\u00e7\u00f5es atrav\u00e9s do meio escolhido pelo utilizador, seja correio eletr\u00f3nico, servi\u00e7o de mensagens, sistemas de notifica\u00e7\u00f5es ou outros.<\/li><\/ol>\n\n\n\n<div style=\"height:20px\" aria-hidden=\"true\" class=\"wp-block-spacer\"><\/div>\n\n\n\n<p><strong>Durante quanto tempo iremos conservar os seus dados?<\/strong><\/p>\n\n\n\n<p>O prazo de conserva\u00e7\u00e3o ser\u00e1 o seguinte:<\/p>\n\n\n\n<ol><li>Contacto: Conservar-se-\u00e3o os dados sempre que forem necess\u00e1rios para cumprir com a finalidade perseguida. Ser\u00e3o eliminados ap\u00f3s um prazo razo\u00e1vel de inatividade por parte do utilizador.<\/li><li>Envio de comunica\u00e7\u00f5es e newsletter: Os dados ser\u00e3o tratados, a partir do momento em que o utilizador prestar o seu consentimento e at\u00e9 a sua retirada, o qual poder\u00e1 ser outorgado quantas vezes quiser.<\/li><\/ol>\n\n\n\n<div style=\"height:20px\" aria-hidden=\"true\" class=\"wp-block-spacer\"><\/div>\n\n\n\n<p><strong>Qual a legitima\u00e7\u00e3o para o tratamento dos seus dados?<\/strong><\/p>\n\n\n\n<p>Nas solicitudes de contacto ou o envio de comunica\u00e7\u00f5es e newsletter, a base legal do tratamento \u00e9 o consentimento do utilizador livremente outorgado.<\/p>\n\n\n\n<div style=\"height:20px\" aria-hidden=\"true\" class=\"wp-block-spacer\"><\/div>\n\n\n\n<p><strong>Quais os destinat\u00e1rios aos que ser\u00e3o comunicados os seus dados?<\/strong><\/p>\n\n\n\n<p>Os dados n\u00e3o ser\u00e3o comunicados a terceiros exceto nos supostos legalmente exig\u00edveis, como aos Corpos e For\u00e7as de Seguran\u00e7a do Estado ou Ju\u00edzes e Tribunais sempre que forem requeridos.<\/p>\n\n\n\n<div style=\"height:20px\" aria-hidden=\"true\" class=\"wp-block-spacer\"><\/div>\n\n\n\n<p><strong>Quais os seus direitos ao facilitar-nos os seus dados?<\/strong><\/p>\n\n\n\n<p>O Grupo Hijos de Rivera Adecuaci\u00f3n Permanente RGPD 27 de outubro de 2022 Cl\u00e1usulas Web Ativos Internacionais D-HRIVE-1003-CLA v. 1.1 P\u00e1gina 12. Tem direito a retirar o seu consentimento ao tratamento de dados, obter informa\u00e7\u00e3o adicional, aceder aos seus dados, retificar os seus dados inexatos, ou solicitar a limita\u00e7\u00e3o do tratamento dos seus dados ou a sua elimina\u00e7\u00e3o.<\/p>\n\n\n\n<p>Para isso, poder\u00e1 enviar-nos um correio eletr\u00f3nico a protecciondedatos@hriv.es ou uma carta a c\/ Jos\u00e9 Mar\u00eda Rivera Corral, 6 15008, A Coru\u00f1a, \u00e0 aten\u00e7\u00e3o do Comit\u00e9 de Prote\u00e7\u00e3o de Dados, a incluir em ambos os casos documenta\u00e7\u00e3o ou informa\u00e7\u00e3o que permitir acreditar a sua identidade.<\/p>\n\n\n\n<p>Aqueles utilizadores que assim o desejarem podem apresentar uma reclama\u00e7\u00e3o perante a Agencia Espanhola de Prote\u00e7\u00e3o de Dados, acess\u00edvel na https:\/\/sedeagpd.gob.es.<\/p>\n\n\n\n<div style=\"height:40px\" aria-hidden=\"true\" class=\"wp-block-spacer\"><\/div>\n\n\n\n<h2 class=\"wp-block-heading\">POL\u00cdTICA DE COOKIES<\/h2>\n\n\n\n<div style=\"height:30px\" aria-hidden=\"true\" class=\"wp-block-spacer\"><\/div>\n\n\n\n<p>Uma cookie \u00e9 um arquivo que \u00e9 descarregado\nno dispositivo do utilizador ao aceder a determinadas p\u00e1ginas web para\narmazenar e recuperar informa\u00e7\u00e3o sobre a navega\u00e7\u00e3o efetuada a partir desse\nmesmo aparelho.<\/p>\n\n\n\n<p>Neste site web s\u00e3o utilizadas as cookies detalhadas a seguir:<\/p>\n\n\n\n<script id=\"CookieDeclaration\" src=\"https:\/\/consent.cookiebot.com\/3853477c-b372-4692-af4c-222d1fe1f58d\/cd.js\" type=\"text\/javascript\" async=\"\"><\/script>\n\n\n\n<p>Para desativar a utiliza\u00e7\u00e3o das cookies ou\nmodificar a sua configura\u00e7\u00e3o deve aceder \u00e0 configura\u00e7\u00e3o do seu navegador web. Anexamos,\na modo informativo, o link \u00e0 documenta\u00e7\u00e3o dos navegadores mais frequentemente\nutilizados. Os dados de navega\u00e7\u00e3o de Google Analytics ser\u00e3o conservados a\nmanter o hist\u00f3rico.<\/p>\n\n\n\n<p>Internet Explorer: a clicar <a href=\"https:\/\/support.microsoft.com\/es-es\/hub\/4338813\/windows-help?os=windows-10\">aqui<\/a><\/p>\n\n\n\n<p>Chrome: a clicar <a href=\"https:\/\/support.google.com\/accounts\/answer\/61416?co=GENIE.Platform%3DDesktop&amp;hl=es\">aqui<\/a><\/p>\n\n\n\n<p>Mozilla Firefox: a clicar <a href=\"https:\/\/support.mozilla.org\/es\/kb\/habilitar-y-deshabilitar-cookies-sitios-web-rastrear-preferencias?e=es&amp;redirectlocale=es&amp;as=s7&amp;s=cookie&amp;r=1&amp;redirectslug=habilitar-y-deshabilitar-cookies-que-los-sitios-we\">aqui<\/a><\/p>\n\n\n\n<p>Apple Safari: a clicar <a href=\"https:\/\/support.apple.com\/es-es\/guide\/safari\/sfri11471\/mac\">aqui<\/a><\/p>\n\n\n\n<div style=\"height:50px\" aria-hidden=\"true\" class=\"wp-block-spacer\"><\/div>\n","protected":false},"excerpt":{"rendered":"<p>POL\u00cdTICA DE PRIVACIDADE Quem \u00e9 Respons\u00e1vel do tratamento dos seus dados? O Respons\u00e1vel do Tratamento corresponde-se com o do titular do website, cujos dados identificativos completos s\u00e3o: HIJOS DE RIVERA, S.A.U., com CIF A15002637 e sede em c\/ Jos\u00e9 Mar\u00eda Rivera Corral, 6 15008 A Coru\u00f1a. Com que finalidade iremos tratar os seus dados pessoais? [&hellip;]<\/p>\n","protected":false},"author":7,"featured_media":0,"parent":0,"menu_order":0,"comment_status":"closed","ping_status":"closed","template":"","meta":{"_acf_changed":false,"_coblocks_attr":"","_coblocks_dimensions":"","_coblocks_responsive_height":"","_coblocks_accordion_ie_support":"","inline_featured_image":false,"footnotes":""},"acf":[],"yoast_head":"<!-- This site is optimized with the Yoast SEO plugin v22.8 - https:\/\/yoast.com\/wordpress\/plugins\/seo\/ -->\n<title>Informativa su privacy e cookie - Estrella Galicia Portugal<\/title>\n<meta name=\"robots\" content=\"index, follow, max-snippet:-1, max-image-preview:large, max-video-preview:-1\" \/>\n<link rel=\"canonical\" href=\"https:\/\/estrellagalicia.com\/pt\/informativa-su-privacy-e-cookie\/\" \/>\n<meta property=\"og:locale\" content=\"es_ES\" \/>\n<meta property=\"og:type\" content=\"article\" \/>\n<meta property=\"og:title\" content=\"Informativa su privacy e cookie - Estrella Galicia Portugal\" \/>\n<meta property=\"og:description\" content=\"POL\u00cdTICA DE PRIVACIDADE Quem \u00e9 Respons\u00e1vel do tratamento dos seus dados? O Respons\u00e1vel do Tratamento corresponde-se com o do titular do website, cujos dados identificativos completos s\u00e3o: HIJOS DE RIVERA, S.A.U., com CIF A15002637 e sede em c\/ Jos\u00e9 Mar\u00eda Rivera Corral, 6 15008 A Coru\u00f1a. Com que finalidade iremos tratar os seus dados pessoais? [&hellip;]\" \/>\n<meta property=\"og:url\" content=\"https:\/\/estrellagalicia.com\/pt\/informativa-su-privacy-e-cookie\/\" \/>\n<meta property=\"og:site_name\" content=\"Estrella Galicia Portugal\" \/>\n<meta property=\"article:modified_time\" content=\"2022-11-16T10:51:18+00:00\" \/>\n<meta property=\"og:image\" content=\"https:\/\/estrellagalicia.com\/pt\/wp-content\/uploads\/2019\/10\/compartir-redes_PORTUGAL.jpg\" \/>\n\t<meta property=\"og:image:width\" content=\"500\" \/>\n\t<meta property=\"og:image:height\" content=\"250\" \/>\n\t<meta property=\"og:image:type\" content=\"image\/jpeg\" \/>\n<meta name=\"twitter:card\" content=\"summary_large_image\" \/>\n<meta name=\"twitter:label1\" content=\"Tiempo de lectura\" \/>\n\t<meta name=\"twitter:data1\" content=\"3 minutos\" \/>\n<script type=\"application\/ld+json\" class=\"yoast-schema-graph\">{\"@context\":\"https:\/\/schema.org\",\"@graph\":[{\"@type\":\"WebPage\",\"@id\":\"https:\/\/estrellagalicia.com\/pt\/informativa-su-privacy-e-cookie\/\",\"url\":\"https:\/\/estrellagalicia.com\/pt\/informativa-su-privacy-e-cookie\/\",\"name\":\"Informativa su privacy e cookie - Estrella Galicia Portugal\",\"isPartOf\":{\"@id\":\"https:\/\/estrellagalicia.com\/pt\/#website\"},\"datePublished\":\"2019-06-24T14:05:41+00:00\",\"dateModified\":\"2022-11-16T10:51:18+00:00\",\"breadcrumb\":{\"@id\":\"https:\/\/estrellagalicia.com\/pt\/informativa-su-privacy-e-cookie\/#breadcrumb\"},\"inLanguage\":\"es\",\"potentialAction\":[{\"@type\":\"ReadAction\",\"target\":[\"https:\/\/estrellagalicia.com\/pt\/informativa-su-privacy-e-cookie\/\"]}]},{\"@type\":\"BreadcrumbList\",\"@id\":\"https:\/\/estrellagalicia.com\/pt\/informativa-su-privacy-e-cookie\/#breadcrumb\",\"itemListElement\":[{\"@type\":\"ListItem\",\"position\":1,\"name\":\"Home\",\"item\":\"https:\/\/estrellagalicia.com\/pt\/\"},{\"@type\":\"ListItem\",\"position\":2,\"name\":\"Informativa su privacy e cookie\"}]},{\"@type\":\"WebSite\",\"@id\":\"https:\/\/estrellagalicia.com\/pt\/#website\",\"url\":\"https:\/\/estrellagalicia.com\/pt\/\",\"name\":\"Estrella Galicia Portugal\",\"description\":\"\",\"potentialAction\":[{\"@type\":\"SearchAction\",\"target\":{\"@type\":\"EntryPoint\",\"urlTemplate\":\"https:\/\/estrellagalicia.com\/pt\/?s={search_term_string}\"},\"query-input\":\"required name=search_term_string\"}],\"inLanguage\":\"es\"}]}<\/script>\n<!-- \/ Yoast SEO plugin. -->","yoast_head_json":{"title":"Informativa su privacy e cookie - Estrella Galicia Portugal","robots":{"index":"index","follow":"follow","max-snippet":"max-snippet:-1","max-image-preview":"max-image-preview:large","max-video-preview":"max-video-preview:-1"},"canonical":"https:\/\/estrellagalicia.com\/pt\/informativa-su-privacy-e-cookie\/","og_locale":"es_ES","og_type":"article","og_title":"Informativa su privacy e cookie - Estrella Galicia Portugal","og_description":"POL\u00cdTICA DE PRIVACIDADE Quem \u00e9 Respons\u00e1vel do tratamento dos seus dados? O Respons\u00e1vel do Tratamento corresponde-se com o do titular do website, cujos dados identificativos completos s\u00e3o: HIJOS DE RIVERA, S.A.U., com CIF A15002637 e sede em c\/ Jos\u00e9 Mar\u00eda Rivera Corral, 6 15008 A Coru\u00f1a. Com que finalidade iremos tratar os seus dados pessoais? [&hellip;]","og_url":"https:\/\/estrellagalicia.com\/pt\/informativa-su-privacy-e-cookie\/","og_site_name":"Estrella Galicia Portugal","article_modified_time":"2022-11-16T10:51:18+00:00","og_image":[{"width":500,"height":250,"url":"https:\/\/estrellagalicia.com\/pt\/wp-content\/uploads\/2019\/10\/compartir-redes_PORTUGAL.jpg","type":"image\/jpeg"}],"twitter_card":"summary_large_image","twitter_misc":{"Tiempo de lectura":"3 minutos"},"schema":{"@context":"https:\/\/schema.org","@graph":[{"@type":"WebPage","@id":"https:\/\/estrellagalicia.com\/pt\/informativa-su-privacy-e-cookie\/","url":"https:\/\/estrellagalicia.com\/pt\/informativa-su-privacy-e-cookie\/","name":"Informativa su privacy e cookie - Estrella Galicia Portugal","isPartOf":{"@id":"https:\/\/estrellagalicia.com\/pt\/#website"},"datePublished":"2019-06-24T14:05:41+00:00","dateModified":"2022-11-16T10:51:18+00:00","breadcrumb":{"@id":"https:\/\/estrellagalicia.com\/pt\/informativa-su-privacy-e-cookie\/#breadcrumb"},"inLanguage":"es","potentialAction":[{"@type":"ReadAction","target":["https:\/\/estrellagalicia.com\/pt\/informativa-su-privacy-e-cookie\/"]}]},{"@type":"BreadcrumbList","@id":"https:\/\/estrellagalicia.com\/pt\/informativa-su-privacy-e-cookie\/#breadcrumb","itemListElement":[{"@type":"ListItem","position":1,"name":"Home","item":"https:\/\/estrellagalicia.com\/pt\/"},{"@type":"ListItem","position":2,"name":"Informativa su privacy e cookie"}]},{"@type":"WebSite","@id":"https:\/\/estrellagalicia.com\/pt\/#website","url":"https:\/\/estrellagalicia.com\/pt\/","name":"Estrella Galicia Portugal","description":"","potentialAction":[{"@type":"SearchAction","target":{"@type":"EntryPoint","urlTemplate":"https:\/\/estrellagalicia.com\/pt\/?s={search_term_string}"},"query-input":"required name=search_term_string"}],"inLanguage":"es"}]}},"_links":{"self":[{"href":"https:\/\/estrellagalicia.com\/pt\/wp-json\/wp\/v2\/pages\/83"}],"collection":[{"href":"https:\/\/estrellagalicia.com\/pt\/wp-json\/wp\/v2\/pages"}],"about":[{"href":"https:\/\/estrellagalicia.com\/pt\/wp-json\/wp\/v2\/types\/page"}],"author":[{"embeddable":true,"href":"https:\/\/estrellagalicia.com\/pt\/wp-json\/wp\/v2\/users\/7"}],"replies":[{"embeddable":true,"href":"https:\/\/estrellagalicia.com\/pt\/wp-json\/wp\/v2\/comments?post=83"}],"version-history":[{"count":14,"href":"https:\/\/estrellagalicia.com\/pt\/wp-json\/wp\/v2\/pages\/83\/revisions"}],"predecessor-version":[{"id":38390,"href":"https:\/\/estrellagalicia.com\/pt\/wp-json\/wp\/v2\/pages\/83\/revisions\/38390"}],"wp:attachment":[{"href":"https:\/\/estrellagalicia.com\/pt\/wp-json\/wp\/v2\/media?parent=83"}],"curies":[{"name":"wp","href":"https:\/\/api.w.org\/{rel}","templated":true}]}}