{"id":85,"date":"2019-06-24T16:05:58","date_gmt":"2019-06-24T14:05:58","guid":{"rendered":"https:\/\/estrellagalicia.com\/pt\/?page_id=85"},"modified":"2022-11-16T11:53:08","modified_gmt":"2022-11-16T10:53:08","slug":"aviso-legal","status":"publish","type":"page","link":"https:\/\/estrellagalicia.com\/pt\/aviso-legal\/","title":{"rendered":"Aviso legal"},"content":{"rendered":"<p><b>1. Dados t\u00e9cnicos da empresa e do contacto<\/b><\/p>\n<p>Informa\u00e7\u00e3o sobre o titular do website<\/p>\n<p>\u2022 Raz\u00e3o social: HIJOS DE RIVERA, S.A.U.<br \/>\n\u2022 CIF\/NIF: A15002637<br \/>\n\u2022 Sede social: c\/ Jos\u00e9 Mar\u00eda Rivera Corral, 6 15008 A Coru\u00f1a<br \/>\n\u2022 Telefone: 981901906<br \/>\n\u2022 E-mail: contacto@estrellagalicia.com<br \/>\n\u2022 Dados de inscri\u00e7\u00e3o no Registo Comercial: Coru\u00f1a T 268 F 107. Hoja 1313<\/p>\n<p>&nbsp;<\/p>\n<p><b>2. Objeto<\/b><\/p>\n<p>As presentes condi\u00e7\u00f5es ir\u00e3o regular a utiliza\u00e7\u00e3o que o Titular p\u00f5e a disposi\u00e7\u00e3o dos utilizadores do website, as quais poder\u00e3o ser modificadas sem aviso pr\u00e9vio, de modo que \u00e9 recomend\u00e1vel a sua consulta peri\u00f3dica, mais ainda quando fizer uma utiliza\u00e7\u00e3o efetiva dos produtos e\/ou servi\u00e7os.<\/p>\n<p>&nbsp;<\/p>\n<p><b>3. Condi\u00e7\u00f5es de acesso e utiliza\u00e7\u00e3o<\/b><\/p>\n<p>O acesso ao website \u00e9 livre e atribui a quem o realiza a condi\u00e7\u00e3o de Utilizador, quem poder\u00e1 aceder aos conte\u00fados e mesmo entrar em contacto com os seus administradores.<\/p>\n<p>O Utilizador dever\u00e1 ler, entender e aceitar as presentes condi\u00e7\u00f5es de utiliza\u00e7\u00e3o antes de proceder \u00e0 navega\u00e7\u00e3o e\/ou utiliza\u00e7\u00e3o dos servi\u00e7os, o qual ir\u00e1 supor a sua expressa aceita\u00e7\u00e3o e ades\u00e3o nos termos e condi\u00e7\u00f5es apresentadas a seguir:<\/p>\n<p>i) Compromisso de utiliza\u00e7\u00e3o diligente dos recursos, com estrito cumprimento da legisla\u00e7\u00e3o vigente, respeito dos bons h\u00e1bitos e \u00e0 \u00abnetiqueta\u00bb, isto \u00e9, ao conjunto de normas de comportamento geral na Internet;<br \/>\nii) O Utilizador ir\u00e1 aceitar os termos e condi\u00e7\u00f5es ou bases de participa\u00e7\u00e3o de um servi\u00e7o ou recurso espec\u00edfico quando elas forem necess\u00e1rias, o qual ser\u00e1 explicitamente requerido no seu caso e;<br \/>\niii) N\u00e3o poder\u00e1 utilizar do website fora dos termos aceitados pelas presentes condi\u00e7\u00f5es de utiliza\u00e7\u00e3o, nomeadamente para fins il\u00edcitos, contr\u00e1rios \u00e0 moral ou \u00e0 ordem p\u00fablica em qualquer uma das suas express\u00f5es, ou constitutivas de delito.<\/p>\n<p>Do mesmo modo, caso forem permitidos coment\u00e1rios ou entradas de opini\u00f5es, o Titular n\u00e3o ir\u00e1 responsabilizar-se em caso algum das opini\u00f5es formuladas por terceiros, se bem reserva-se o direito de retirar ou mesmo n\u00e3o publicar aqueles que resultarem ofensivos ou inapropriados ou, no seu defeito, quando tiver conhecimento efetivo do conte\u00fado do publicado.<\/p>\n<p>&nbsp;<\/p>\n<p><b>4. Propriedade Intelectual e Industrial.<\/b><\/p>\n<p>O Titular possui todos os direitos sobre o website, os seus log\u00f3tipos, estrutura, imagens e elementos constitutivos do c\u00f3digo objeto, tamb\u00e9m como a programa\u00e7\u00e3o e engenharia do c\u00f3digo fonte. Todos estes elementos, para al\u00e9m das publica\u00e7\u00f5es inclu\u00eddas, est\u00e3o protegidos pela normativa espanhola e europeia sobre propriedade intelectual e industrial. Ser\u00e1 proibida qualquer reprodu\u00e7\u00e3o, adapta\u00e7\u00e3o, modifica\u00e7\u00e3o ou comunica\u00e7\u00e3o p\u00fablica da totalidade ou parte dos conte\u00fados do website, efetuada de qualquer forma ou por qualquer meio, mec\u00e2nico, manual ou outro, sem a autoriza\u00e7\u00e3o expressa do Titular. Qualquer link realizado no website dever\u00e1 dirigir-se \u00e0 \u00abhome\u00bb ou p\u00e1gina de in\u00edcio, sendo proibida a realiza\u00e7\u00e3o de links profundos ou dirigidos a outros conte\u00fados distintos do referido. De igual modo ser\u00e1 proibida a pr\u00e1tica de navega\u00e7\u00e3o sobre marcos ou \u00abframes\u00bb.<\/p>\n<p>&nbsp;<\/p>\n<p><b>5. Prote\u00e7\u00e3o de dados de car\u00e1cter pessoal.<\/b><\/p>\n<p>O Titular tem adotado todas as medidas de seguran\u00e7a, t\u00e9cnicas e organizativas, exigidas pela normativa em prote\u00e7\u00e3o de dados, nomeadamente de acordo com a Lei Org\u00e2nica 3\/2018 de Prote\u00e7\u00e3o de Dados Pessoais e garantia dos direitos digitais e o Regulamento 2016\/679 Europeu de Prote\u00e7\u00e3o de Dados.<\/p>\n<p>Poder\u00e1 encontrar-se toda a informa\u00e7\u00e3o a este respeito na sec\u00e7\u00e3o denominada Pol\u00edtica de Privacidade.<\/p>\n<p>&nbsp;<\/p>\n<p><b>6. Legisla\u00e7\u00e3o e jurisdi\u00e7\u00e3o aplic\u00e1vel.<\/b><\/p>\n<p>As presentes Condi\u00e7\u00f5es Gerais ficam sujeitas ao ordenamento jur\u00eddico espanhol, submetendo qualquer controv\u00e9rsia aos julgados e tribunais da cidade de A Coru\u00f1a, com renuncia a qualquer outro foro geral ou especial que puder corresponder.<\/p>\n<p>&nbsp;<\/p>\n<p>&nbsp;<\/p>\n","protected":false},"excerpt":{"rendered":"<p>1. Dados t\u00e9cnicos da empresa e do contacto Informa\u00e7\u00e3o sobre o titular do website \u2022 Raz\u00e3o social: HIJOS DE RIVERA, S.A.U. \u2022 CIF\/NIF: A15002637 \u2022 Sede social: c\/ Jos\u00e9 Mar\u00eda Rivera Corral, 6 15008 A Coru\u00f1a \u2022 Telefone: 981901906 \u2022 E-mail: contacto@estrellagalicia.com \u2022 Dados de inscri\u00e7\u00e3o no Registo Comercial: Coru\u00f1a T 268 F 107. Hoja [&hellip;]<\/p>\n","protected":false},"author":1,"featured_media":0,"parent":0,"menu_order":0,"comment_status":"closed","ping_status":"closed","template":"","meta":{"_acf_changed":false,"_coblocks_attr":"","_coblocks_dimensions":"","_coblocks_responsive_height":"","_coblocks_accordion_ie_support":"","inline_featured_image":false,"footnotes":""},"acf":[],"yoast_head":"<!-- This site is optimized with the Yoast SEO plugin v22.8 - https:\/\/yoast.com\/wordpress\/plugins\/seo\/ -->\n<title>Aviso legal - Estrella Galicia Portugal<\/title>\n<meta name=\"robots\" content=\"index, follow, max-snippet:-1, max-image-preview:large, max-video-preview:-1\" \/>\n<link rel=\"canonical\" href=\"https:\/\/estrellagalicia.com\/pt\/aviso-legal\/\" \/>\n<meta property=\"og:locale\" content=\"es_ES\" \/>\n<meta property=\"og:type\" content=\"article\" \/>\n<meta property=\"og:title\" content=\"Aviso legal - Estrella Galicia Portugal\" \/>\n<meta property=\"og:description\" content=\"1. Dados t\u00e9cnicos da empresa e do contacto Informa\u00e7\u00e3o sobre o titular do website \u2022 Raz\u00e3o social: HIJOS DE RIVERA, S.A.U. \u2022 CIF\/NIF: A15002637 \u2022 Sede social: c\/ Jos\u00e9 Mar\u00eda Rivera Corral, 6 15008 A Coru\u00f1a \u2022 Telefone: 981901906 \u2022 E-mail: contacto@estrellagalicia.com \u2022 Dados de inscri\u00e7\u00e3o no Registo Comercial: Coru\u00f1a T 268 F 107. Hoja [&hellip;]\" \/>\n<meta property=\"og:url\" content=\"https:\/\/estrellagalicia.com\/pt\/aviso-legal\/\" \/>\n<meta property=\"og:site_name\" content=\"Estrella Galicia Portugal\" \/>\n<meta property=\"article:modified_time\" content=\"2022-11-16T10:53:08+00:00\" \/>\n<meta property=\"og:image\" content=\"https:\/\/estrellagalicia.com\/pt\/wp-content\/uploads\/2019\/10\/compartir-redes_PORTUGAL.jpg\" \/>\n\t<meta property=\"og:image:width\" content=\"500\" \/>\n\t<meta property=\"og:image:height\" content=\"250\" \/>\n\t<meta property=\"og:image:type\" content=\"image\/jpeg\" \/>\n<meta name=\"twitter:card\" content=\"summary_large_image\" \/>\n<meta name=\"twitter:label1\" content=\"Tiempo de lectura\" \/>\n\t<meta name=\"twitter:data1\" content=\"3 minutos\" \/>\n<script type=\"application\/ld+json\" class=\"yoast-schema-graph\">{\"@context\":\"https:\/\/schema.org\",\"@graph\":[{\"@type\":\"WebPage\",\"@id\":\"https:\/\/estrellagalicia.com\/pt\/aviso-legal\/\",\"url\":\"https:\/\/estrellagalicia.com\/pt\/aviso-legal\/\",\"name\":\"Aviso legal - Estrella Galicia Portugal\",\"isPartOf\":{\"@id\":\"https:\/\/estrellagalicia.com\/pt\/#website\"},\"datePublished\":\"2019-06-24T14:05:58+00:00\",\"dateModified\":\"2022-11-16T10:53:08+00:00\",\"breadcrumb\":{\"@id\":\"https:\/\/estrellagalicia.com\/pt\/aviso-legal\/#breadcrumb\"},\"inLanguage\":\"es\",\"potentialAction\":[{\"@type\":\"ReadAction\",\"target\":[\"https:\/\/estrellagalicia.com\/pt\/aviso-legal\/\"]}]},{\"@type\":\"BreadcrumbList\",\"@id\":\"https:\/\/estrellagalicia.com\/pt\/aviso-legal\/#breadcrumb\",\"itemListElement\":[{\"@type\":\"ListItem\",\"position\":1,\"name\":\"Home\",\"item\":\"https:\/\/estrellagalicia.com\/pt\/\"},{\"@type\":\"ListItem\",\"position\":2,\"name\":\"Aviso legal\"}]},{\"@type\":\"WebSite\",\"@id\":\"https:\/\/estrellagalicia.com\/pt\/#website\",\"url\":\"https:\/\/estrellagalicia.com\/pt\/\",\"name\":\"Estrella Galicia Portugal\",\"description\":\"\",\"potentialAction\":[{\"@type\":\"SearchAction\",\"target\":{\"@type\":\"EntryPoint\",\"urlTemplate\":\"https:\/\/estrellagalicia.com\/pt\/?s={search_term_string}\"},\"query-input\":\"required name=search_term_string\"}],\"inLanguage\":\"es\"}]}<\/script>\n<!-- \/ Yoast SEO plugin. -->","yoast_head_json":{"title":"Aviso legal - Estrella Galicia Portugal","robots":{"index":"index","follow":"follow","max-snippet":"max-snippet:-1","max-image-preview":"max-image-preview:large","max-video-preview":"max-video-preview:-1"},"canonical":"https:\/\/estrellagalicia.com\/pt\/aviso-legal\/","og_locale":"es_ES","og_type":"article","og_title":"Aviso legal - Estrella Galicia Portugal","og_description":"1. Dados t\u00e9cnicos da empresa e do contacto Informa\u00e7\u00e3o sobre o titular do website \u2022 Raz\u00e3o social: HIJOS DE RIVERA, S.A.U. \u2022 CIF\/NIF: A15002637 \u2022 Sede social: c\/ Jos\u00e9 Mar\u00eda Rivera Corral, 6 15008 A Coru\u00f1a \u2022 Telefone: 981901906 \u2022 E-mail: contacto@estrellagalicia.com \u2022 Dados de inscri\u00e7\u00e3o no Registo Comercial: Coru\u00f1a T 268 F 107. Hoja [&hellip;]","og_url":"https:\/\/estrellagalicia.com\/pt\/aviso-legal\/","og_site_name":"Estrella Galicia Portugal","article_modified_time":"2022-11-16T10:53:08+00:00","og_image":[{"width":500,"height":250,"url":"https:\/\/estrellagalicia.com\/pt\/wp-content\/uploads\/2019\/10\/compartir-redes_PORTUGAL.jpg","type":"image\/jpeg"}],"twitter_card":"summary_large_image","twitter_misc":{"Tiempo de lectura":"3 minutos"},"schema":{"@context":"https:\/\/schema.org","@graph":[{"@type":"WebPage","@id":"https:\/\/estrellagalicia.com\/pt\/aviso-legal\/","url":"https:\/\/estrellagalicia.com\/pt\/aviso-legal\/","name":"Aviso legal - Estrella Galicia Portugal","isPartOf":{"@id":"https:\/\/estrellagalicia.com\/pt\/#website"},"datePublished":"2019-06-24T14:05:58+00:00","dateModified":"2022-11-16T10:53:08+00:00","breadcrumb":{"@id":"https:\/\/estrellagalicia.com\/pt\/aviso-legal\/#breadcrumb"},"inLanguage":"es","potentialAction":[{"@type":"ReadAction","target":["https:\/\/estrellagalicia.com\/pt\/aviso-legal\/"]}]},{"@type":"BreadcrumbList","@id":"https:\/\/estrellagalicia.com\/pt\/aviso-legal\/#breadcrumb","itemListElement":[{"@type":"ListItem","position":1,"name":"Home","item":"https:\/\/estrellagalicia.com\/pt\/"},{"@type":"ListItem","position":2,"name":"Aviso legal"}]},{"@type":"WebSite","@id":"https:\/\/estrellagalicia.com\/pt\/#website","url":"https:\/\/estrellagalicia.com\/pt\/","name":"Estrella Galicia Portugal","description":"","potentialAction":[{"@type":"SearchAction","target":{"@type":"EntryPoint","urlTemplate":"https:\/\/estrellagalicia.com\/pt\/?s={search_term_string}"},"query-input":"required name=search_term_string"}],"inLanguage":"es"}]}},"_links":{"self":[{"href":"https:\/\/estrellagalicia.com\/pt\/wp-json\/wp\/v2\/pages\/85"}],"collection":[{"href":"https:\/\/estrellagalicia.com\/pt\/wp-json\/wp\/v2\/pages"}],"about":[{"href":"https:\/\/estrellagalicia.com\/pt\/wp-json\/wp\/v2\/types\/page"}],"author":[{"embeddable":true,"href":"https:\/\/estrellagalicia.com\/pt\/wp-json\/wp\/v2\/users\/1"}],"replies":[{"embeddable":true,"href":"https:\/\/estrellagalicia.com\/pt\/wp-json\/wp\/v2\/comments?post=85"}],"version-history":[{"count":7,"href":"https:\/\/estrellagalicia.com\/pt\/wp-json\/wp\/v2\/pages\/85\/revisions"}],"predecessor-version":[{"id":37416,"href":"https:\/\/estrellagalicia.com\/pt\/wp-json\/wp\/v2\/pages\/85\/revisions\/37416"}],"wp:attachment":[{"href":"https:\/\/estrellagalicia.com\/pt\/wp-json\/wp\/v2\/media?parent=85"}],"curies":[{"name":"wp","href":"https:\/\/api.w.org\/{rel}","templated":true}]}}